{"id":2740,"date":"2018-10-18T16:21:18","date_gmt":"2018-10-18T16:21:18","guid":{"rendered":"http:\/\/www.europaforum2019.ee\/?page_id=2740"},"modified":"2019-09-21T09:37:16","modified_gmt":"2019-09-21T09:37:16","slug":"how-to-come","status":"publish","type":"page","link":"https:\/\/www.europaforum2019.ee\/fi\/how-to-come\/","title":{"rendered":"How to Come"},"content":{"rendered":"<p>[vc_row css=&#8221;.vc_custom_1528960138284{background-image: url(https:\/\/www.europaforum2019.ee\/wp-content\/uploads\/2018\/06\/lennujaam.jpg?id=120) !important;background-position: center !important;background-repeat: no-repeat !important;background-size: cover !important;}&#8221;][vc_column][vc_single_image image=&#8221;3415&#8243; img_size=&#8221;full&#8221; alignment=&#8221;right&#8221; el_class=&#8221;header-pilt&#8221;][\/vc_column][\/vc_row][vc_row css=&#8221;.vc_custom_1528724670702{background-color: #f5f3f2 !important;}&#8221;][vc_column][vc_row_inner type=&#8221;boxed&#8221; css=&#8221;.vc_custom_1528962681509{margin-bottom: 1em !important;}&#8221;][vc_column_inner width=&#8221;1\/2&#8243;][vc_column_text]<\/p>\n<p style=\"text-align: left;\"><strong><span style=\"color: #3c64a4;\"><img loading=\"lazy\" class=\"alignnone size-full wp-image-129\" src=\"https:\/\/www.europaforum2019.ee\/wp-content\/uploads\/2018\/06\/airplane-icon.png\" alt=\"\" width=\"49\" height=\"49\" \/>\u00a0 \u00a0 \u00a0LENTOKENTT\u00c4<\/span><\/strong><\/p>\n<p>[\/vc_column_text][vc_column_text]Olemme eritt\u00e4in ylpeit\u00e4 siit\u00e4 ett\u00e4 Airports International Council palkitsi Tallinnan Lentokent\u00e4n <a href=\"https:\/\/www.tallinn-airport.ee\/en\/news\/tallinn-airport-is-the-best-small-airport-in-europe\/\">Best European Airport 2018 award:<\/a>illa.<\/p>\n<p>Korkea-arvoinen palkinto saavutettiin kilpailussa 5 miljoonan matkustajan kenttien kilpailussa, p\u00e4ihitt\u00e4en Corkin, Lontoon, Torinon, Kosovon ja Chisnaun kent\u00e4t.<\/p>\n<p>Ja enemm\u00e4n: maailmasta ei l\u00f6ydy toista kaupunkia jossa raitiovaunukyyti l\u00e4htee lentokent\u00e4lt\u00e4 ja vie suoraan virallisen Forum Hotellin eteen ilmaiseksi! Saadaksesi ilmaisen lipun Etsi Europa Forum 2019 tervetulop\u00f6yt\u00e4 lentokent\u00e4lt\u00e4!<\/p>\n<p>Lis\u00e4tietoa kent\u00e4lt\u00e4 l\u00e4htevist\u00e4 kyydeist\u00e4 <a href=\"https:\/\/www.tallinn-airport.ee\/en\/transport\/leaving-the-airport\/\">Lentoaseman sivulla!<\/a>[\/vc_column_text][vc_column_text]<\/p>\n<p style=\"text-align: left;\"><strong><span style=\"color: #3c64a4;\"><img loading=\"lazy\" class=\"alignnone size-full wp-image-130\" src=\"https:\/\/www.europaforum2019.ee\/wp-content\/uploads\/2018\/06\/ship-icon.png\" alt=\"\" width=\"49\" height=\"49\" \/>\u00a0 \u00a0 \u00a0SATAMA<\/span><\/strong><\/p>\n<p>[\/vc_column_text][vc_column_text]Vanhan Kaupungin Satama on yksi suurimmista ja vilkkaimmista satama-alueista Baltian alueella ja se on vain 15 minuutin k\u00e4velymatkan p\u00e4\u00e4ss\u00e4 Forum Official Hotelliltamme Viru:lta.<\/p>\n<p>Tallink, Ecker\u00f6 line ja Viking line lautat l\u00e4htev\u00e4t Vanhan Kaupungin satamasta Helsinkiin, kuten my\u00f6s Tallinna-Tukholma reitill\u00e4 kulkevat Tallink alukset ja Moby SPL alus Tallinna-Pietari reitill\u00e4. Katso Laivayhti\u00f6t\u00a0\u00a0<a href=\"http:\/\/www.portoftallinn.com\/shipping-companies\">t\u00e4\u00e4lt\u00e4<\/a>.<\/p>\n<p>[\/vc_column_text][vc_column_text]<\/p>\n<p style=\"text-align: left;\"><strong><span style=\"color: #3c64a4;\"><img loading=\"lazy\" class=\"alignnone size-full wp-image-131\" src=\"https:\/\/www.europaforum2019.ee\/wp-content\/uploads\/2018\/06\/buss-icon.png\" alt=\"\" width=\"49\" height=\"49\" \/>\u00a0 \u00a0 KYYDIT TALLINNASSA\u00a0<img loading=\"lazy\" class=\"size-thumbnail wp-image-8172 alignright\" src=\"https:\/\/www.europaforum2019.ee\/wp-content\/uploads\/2019\/09\/free-transport-150x150.png\" alt=\"\" width=\"150\" height=\"150\" srcset=\"https:\/\/www.europaforum2019.ee\/wp-content\/uploads\/2019\/09\/free-transport-150x150.png 150w, https:\/\/www.europaforum2019.ee\/wp-content\/uploads\/2019\/09\/free-transport-100x100.png 100w\" sizes=\"(max-width: 150px) 100vw, 150px\" \/><\/span><\/strong><\/p>\n<p>Julkinen kyyditys Tallinnassa on ilmaista, EF tunnusta k\u00e4ytt\u00e4m\u00e4ll\u00e4! Ensimm\u00e4iset Ilmeinen kyyti liput l\u00f6yd\u00e4t Lentokent\u00e4n tai sataman tervetulop\u00f6yd\u00e4st\u00e4.<\/p>\n<p>Huonon s\u00e4\u00e4tilanteen vuoksi tai joille, jotka mieluummin k\u00e4ytt\u00e4v\u00e4t linja-autoa, EF tarjoaa bussikuljetuksen seuraavina aikoina:<\/p>\n<ul>\n<li>3 lokakuuta illalla Warm-Up Juhlaan: 19:00-23:00 Sokos Hotel Viru -&gt;\u00a0 Tallinn Creative Hub:illa, puolen tunnin v\u00e4lein<\/li>\n<li>4 lokakuuta Alexela Concert Hallille: 14:30-16:00 Sokos Hotel Viru -&gt; Alexela Concert Hall, joka 15. minuuttii;<br \/>\n18:30-21:00 Alexela Concert Hall -&gt; Sokos Hotel Viru, joka 15. minuuttii)<\/li>\n<li>5 lokakuuta: 8:00-10:30 Sokos Hotel Viru -&gt; Alexela Concert Hall, joka 15. minuuttii<br \/>\n10:30-13:00 Alexela Concert Hall -&gt; Sokos Hotel Viru, joka 15. minuuttii<br \/>\n18:00-19:00 Sokos Hotel Viru -&gt; Gala Iltaan (Vesilentokone Satama), joka 15. minuuttii<br \/>\n21:30-23:00 Vesilentokone Satama -&gt; Sokos Hotel Viru, joka 15. minuuttii<\/li>\n<li>6 lokakuuta: 8:30-10:00 Sokos Hotel Viru -&gt; Alexela Concert Hall, joka 20 minuuttii<br \/>\n13:00-14:00 Sokos Hotel Viru -&gt; P\u00e4\u00e4t\u00f6sseremonia Alexela Concert Hall, joka 10 minuutti<br \/>\n15:30 from Alexela through Viru and Harbour to Airport<br \/>\n16:30; 17:30, 18:30 Viru -&gt; Satama ja Lentokentt\u00e4\u00e4<\/li>\n<\/ul>\n<p>EF Viralliset Hotellit sijaitsevat suoraan keskell\u00e4 kaupunkia, vain 100 metri\u00e4 Vanhasta Kaupungistamme. K\u00e4vely Alexela Concert Hallille Tammsaare Puiston l\u00e4pi kest\u00e4\u00e4 5-10 min.[\/vc_column_text][vc_column_text]<\/p>\n<p style=\"text-align: left;\"><strong><span style=\"color: #3c64a4;\"><img loading=\"lazy\" class=\"alignnone size-full wp-image-131\" src=\"https:\/\/www.europaforum2019.ee\/wp-content\/uploads\/2018\/06\/buss-icon.png\" alt=\"\" width=\"49\" height=\"49\" \/>\u00a0 \u00a0 \u00a0ERITYIS KYYDITYS TIETOA<\/span><\/strong><\/p>\n<p>[\/vc_column_text][vc_column_text]Voit Tilata kyydin lentokent\u00e4lt\u00e4 tai satamasta Forum Official Hotellille EF rekister\u00f6innin aikana 20\u20ac kahdelle.<\/p>\n<p>Jos sinulla on erityiskyydityksen tarvetta ota yhteytt\u00e4 Meid\u00e4n EF Kuljetus tiimiimme\u00a0 <a href=\"mailto:transport@europaforum2019.ee\">transport@europaforum2019.ee<\/a>.<\/p>\n<p>Foorumimme virallinen autonvuokrausyhti\u00f6 on AVIS. Jos haluat vuokrata auton Viron vierailusi aikana, k\u00e4yt\u00e4 seuraavaa erityist\u00e4\u00a0\u00a0<a href=\"https:\/\/eixnbeweb02.rent-at-avis.com\/avisonline\/ee-et\/IBE.nsf\/ReservationStep1!OpenForm&amp;SessionID=34ED9F27EAFC4116C1258301002C8919&amp;MST=3C72C33700FF3816C1258300002E5660&amp;IBEOwner=EE&amp;LNG=ET&amp;KS=Y&amp;RLS=LNG&amp;RAN=,9157906\">varauslinkki\u00e4<\/a>\u00a0saadaksesi EF2019 vieraan alennuksen vuokrallesi. Jos tarvitset apua varaamisessa, ota yhteytt\u00e4 Avis Estonian asiakaspalveluun s\u00e4hk\u00f6postilla <a href=\"mailto:customerservice@avis.ee\">customerservice@avis.ee<\/a>.[\/vc_column_text][\/vc_column_inner][vc_column_inner width=&#8221;1\/2&#8243;][vc_single_image image=&#8221;8165&#8243; img_size=&#8221;full&#8221;][vc_gmaps link=&#8221;#E-8_JTNDaWZyYW1lJTIwc3JjJTNEJTIyaHR0cHMlM0ElMkYlMkZ3d3cuZ29vZ2xlLmNvbSUyRm1hcHMlMkZkJTJGdSUyRjAlMkZlbWJlZCUzRm1pZCUzRDFralhsOS1YNnE0cDd4aVJ4N09Lb2Y2bEJFMjdHN1FjXyUyMiUyMHdpZHRoJTNEJTIyNjQwJTIyJTIwaGVpZ2h0JTNEJTIyNDgwJTIyJTNFJTNDJTJGaWZyYW1lJTNF&#8221;][vc_separator][vc_single_image image=&#8221;336&#8243; img_size=&#8221;full&#8221; onclick=&#8221;custom_link&#8221; link=&#8221;https:\/\/www.tallinn-airport.ee\/en\/flight-info\/destinations\/&#8221;][\/vc_column_inner][\/vc_row_inner][\/vc_column][\/vc_row][vc_row css=&#8221;.vc_custom_1528789133475{background-color: #fdc924 !important;}&#8221;][vc_column][\/vc_column][\/vc_row][vc_row css=&#8221;.vc_custom_1528724670702{background-color: #f5f3f2 !important;}&#8221;][vc_column][vc_row_inner type=&#8221;boxed&#8221;][vc_column_inner width=&#8221;1\/4&#8243;][vc_single_image image=&#8221;77&#8243; img_size=&#8221;full&#8221; alignment=&#8221;center&#8221;][\/vc_column_inner][vc_column_inner width=&#8221;1\/4&#8243;][vc_single_image image=&#8221;4969&#8243; img_size=&#8221;full&#8221; alignment=&#8221;center&#8221;][\/vc_column_inner][vc_column_inner width=&#8221;1\/4&#8243;][vc_single_image image=&#8221;4985&#8243; img_size=&#8221;full&#8221; alignment=&#8221;center&#8221;][\/vc_column_inner][vc_column_inner width=&#8221;1\/4&#8243;][vc_single_image image=&#8221;8155&#8243;][\/vc_column_inner][\/vc_row_inner][\/vc_column][\/vc_row]<\/p>\n","protected":false},"excerpt":{"rendered":"<p>[vc_row css=&#8221;.vc_custom_1528960138284{background-image: url(https:\/\/www.europaforum2019.ee\/wp-content\/uploads\/2018\/06\/lennujaam.jpg?id=120) !important;background-position: center !important;background-repeat: no-repeat !important;background-size: cover !important;}&#8221;][vc_column][vc_single_image image=&#8221;3415&#8243; img_size=&#8221;full&#8221; alignment=&#8221;right&#8221; el_class=&#8221;header-pilt&#8221;][\/vc_column][\/vc_row][vc_row css=&#8221;.vc_custom_1528724670702{background-color: #f5f3f2 !important;}&#8221;][vc_column][vc_row_inner type=&#8221;boxed&#8221; css=&#8221;.vc_custom_1528962681509{margin-bottom: 1em !important;}&#8221;][vc_column_inner width=&#8221;1\/2&#8243;][vc_column_text] \u00a0 \u00a0 \u00a0LENTOKENTT\u00c4 [\/vc_column_text][vc_column_text]Olemme eritt\u00e4in ylpeit\u00e4 siit\u00e4 ett\u00e4 Airports International Council palkitsi Tallinnan Lentokent\u00e4n Best European Airport 2018 award:illa. Korkea-arvoinen palkinto saavutettiin kilpailussa 5 miljoonan matkustajan kenttien kilpailussa, p\u00e4ihitt\u00e4en Corkin, Lontoon, Torinon, Kosovon [&hellip;]<\/p>\n","protected":false},"author":5,"featured_media":0,"parent":0,"menu_order":0,"comment_status":"closed","ping_status":"closed","template":"page-full-width.php","meta":[],"categories":[],"tags":[],"_links":{"self":[{"href":"https:\/\/www.europaforum2019.ee\/fi\/wp-json\/wp\/v2\/pages\/2740"}],"collection":[{"href":"https:\/\/www.europaforum2019.ee\/fi\/wp-json\/wp\/v2\/pages"}],"about":[{"href":"https:\/\/www.europaforum2019.ee\/fi\/wp-json\/wp\/v2\/types\/page"}],"author":[{"embeddable":true,"href":"https:\/\/www.europaforum2019.ee\/fi\/wp-json\/wp\/v2\/users\/5"}],"replies":[{"embeddable":true,"href":"https:\/\/www.europaforum2019.ee\/fi\/wp-json\/wp\/v2\/comments?post=2740"}],"version-history":[{"count":26,"href":"https:\/\/www.europaforum2019.ee\/fi\/wp-json\/wp\/v2\/pages\/2740\/revisions"}],"predecessor-version":[{"id":8191,"href":"https:\/\/www.europaforum2019.ee\/fi\/wp-json\/wp\/v2\/pages\/2740\/revisions\/8191"}],"wp:attachment":[{"href":"https:\/\/www.europaforum2019.ee\/fi\/wp-json\/wp\/v2\/media?parent=2740"}],"wp:term":[{"taxonomy":"category","embeddable":true,"href":"https:\/\/www.europaforum2019.ee\/fi\/wp-json\/wp\/v2\/categories?post=2740"},{"taxonomy":"post_tag","embeddable":true,"href":"https:\/\/www.europaforum2019.ee\/fi\/wp-json\/wp\/v2\/tags?post=2740"}],"curies":[{"name":"wp","href":"https:\/\/api.w.org\/{rel}","templated":true}]}}