{"id":2735,"date":"2018-10-18T16:10:32","date_gmt":"2018-10-18T16:10:32","guid":{"rendered":"http:\/\/www.europaforum2019.ee\/?page_id=2735"},"modified":"2019-09-21T16:29:20","modified_gmt":"2019-09-21T16:29:20","slug":"useful","status":"publish","type":"page","link":"https:\/\/www.europaforum2019.ee\/fi\/useful\/","title":{"rendered":"Useful"},"content":{"rendered":"<p>[vc_row css=&#8221;.vc_custom_1528972718435{background-image: url(https:\/\/www.europaforum2019.ee\/wp-content\/uploads\/2018\/06\/inimesed2.jpg?id=134) !important;background-position: center !important;background-repeat: no-repeat !important;background-size: cover !important;}&#8221;][vc_column][vc_single_image image=&#8221;4325&#8243; img_size=&#8221;full&#8221; alignment=&#8221;right&#8221; el_class=&#8221;header-pilt&#8221;][\/vc_column][\/vc_row][vc_row css=&#8221;.vc_custom_1528724670702{background-color: #f5f3f2 !important;}&#8221;][vc_column][vc_row_inner type=&#8221;boxed&#8221;][vc_column_inner][vc_column_text]<strong><span style=\"color: #3c64a4;\">LIONS CLUBS INTERNATIONAL (LCI)<\/span><\/strong><\/p>\n<p>Maailman suurin palveluklubij\u00e4rjest\u00f6.<br \/>\nMeid\u00e4n 48,000 klubia ja 1.5 miljoonaa j\u00e4sent\u00e4 tekev\u00e4t meist\u00e4 maailman suurimman palveluklubij\u00e4rjest\u00f6n. Olemme my\u00f6s yksi tehokkaimmista.<\/p>\n<p><span style=\"color: #3c64a4; font-size: 12pt;\"><strong>MEID\u00c4N KANSAINV\u00c4LINEN PRESIDENTTIMME<\/strong><\/span><\/p>\n<div class=\"tile-body\">\n<div>\n<p><span style=\"font-size: 12pt;\">Kansainv\u00e4linen presidentti <strong><span style=\"color: #3c64a4;\">Dr. Jung-Yul Choi<\/span> <\/strong>on ollut lion jo yli 40 vuoden ajan ja h\u00e4n johtaa esimerkin kautta. H\u00e4nen uraansa ja el\u00e4m\u00e4\u00e4ns\u00e4 on m\u00e4\u00e4ritt\u00e4nyt intohimoinen ty\u00f6etiikka ja halu yhdist\u00e4\u00e4 ihmisi\u00e4, luoda yhteyksi\u00e4 heid\u00e4n v\u00e4lilleen ja kannustaa moninaisuuden hyv\u00e4ksymist\u00e4 harmonian luomiseksi kaikille.<\/span><\/p>\n<div class=\"block-wrapper col-md-12 col-lg-4 offset-lg-1\">\n<p><strong><span style=\"color: #3c64a4; font-size: 12pt;\">Enemm\u00e4n palvelua moninaisuuden kautta<\/span><\/strong><\/p>\n<div class=\"tile-body\">\n<div>\n<p><span style=\"font-size: 12pt;\">Lionit eiv\u00e4t vain palvele maailmaa. Me edustamme sit\u00e4. Presidentti Choin vuoden aikana me tulemme yhdist\u00e4m\u00e4\u00e4n maailman klubit ja yhteis\u00f6t, koska pystymme toteuttamaan enemm\u00e4n palvelua kun toimimme yhdess\u00e4.<\/span><\/p>\n<\/div>\n<p><strong><span style=\"color: #3c64a4; font-size: 12pt;\">Me palvelemme monin eri tavoin<\/span><\/strong><\/p>\n<div class=\"tile-body\">\n<div>\n<p><span style=\"font-size: 12pt;\">Kansainv\u00e4lisen presidentin Choin ohjelmat ja aloitteet keskittyv\u00e4t Lions Clubs Internationalin nelj\u00e4\u00e4n avainalueeseen, jotka ovat palvelumme keskipisteess\u00e4.<\/span><\/p>\n<ul>\n<li><span style=\"font-size: 12pt;\">J\u00e4senyyden vahvistaminen moninaisuuden kautta<\/span><\/li>\n<li><span style=\"font-size: 12pt;\">Palvelun vaikutuksen kasvattaminen maailmanlaajuisesti<\/span><\/li>\n<li><span style=\"font-size: 12pt;\">Maailmanlaajuisen s\u00e4\u00e4ti\u00f6mme LCIF:n tukeminen<\/span><\/li>\n<li><span style=\"font-size: 12pt;\">Tuemme jokaista lionia, jotta he voivat kasvaa johtajina<\/span><\/li>\n<\/ul>\n<p><a href=\"https:\/\/www.lionsclubs.org\/fi\/discover-our-clubs\/presidential-theme\" target=\"_blank\" rel=\"noopener\"><span style=\"color: #3c64a4;\"><span style=\"font-size: 12pt;\">Lue lis\u00e4\u00e4&#8230;<\/span><\/span><\/a><\/p>\n<p>&nbsp;<\/p>\n<\/div>\n<\/div>\n<\/div>\n<\/div>\n<\/div>\n<\/div>\n<p><strong><span style=\"color: #3c64a4;\">LIONS CLUBS INTERNATIONAL FOUNDATION (LCIF)<\/span><\/strong><\/p>\n<p>Joka p\u00e4iv\u00e4, LCIF toimii T\u00e4ytt\u00e4\u00e4kseen missiomme: <strong>\u201cLions klubien ja partnereiden toiminnan tukeminen paikallisesti ja maailmanlaajuisesti, antaen toivoa ja vaikuttaen el\u00e4m\u00e4\u00e4n humanitaaristen projektien ja avustusten kautta\u201d.<\/strong><\/p>\n<p>Perustamisestamme 1968 l\u00e4htien olemme pyrkineet saavuttamaan Lions:n humanitaarisen avustuksen tavoitteet ymp\u00e4ri maailman, my\u00f6nt\u00e4en yli 13,000 avustusta yhteisarvoltaan yli US$1 miljardin , n\u00e4\u00f6n nelj\u00e4\u00e4n avainalueeseen, nuorille, h\u00e4t\u00e4apuun ja muihin humanit\u00e4\u00e4risiin tarkoituksiin.<\/p>\n<p><span style=\"color: #3c64a4;\"><strong><a style=\"color: #3c64a4;\" href=\"http:\/\/www.lcif.org\/EN\/our-work\/sight\/index.php\">Annamme n\u00e4on<\/a><\/strong><strong>.<\/strong><\/span> LCIF antaa n\u00e4\u00f6n tarvitseville ymp\u00e4ri maailman n\u00e4k\u00f6sairauksia vastaan taistelemalla, silm\u00e4nhoitoa parantavan infastruktuurin luomisella, lis\u00e4ten koulutettujen silm\u00e4ammattilaisten m\u00e4\u00e4r\u00e4\u00e4 ja tehden silm\u00e4hoidosta tasavertaisempaa ja jatkuvampaa.<\/p>\n<p><strong><a href=\"http:\/\/www.lcif.org\/EN\/our-work\/youth\/index.php\"><span style=\"color: #3c64a4;\">Tuemme nuoria<\/span>.<\/a><\/strong><strong>\u00a0<\/strong>Kaikilla nuorilla on oikeus koulutukseen, tuntea olevansa huolehdittu ja kokea terve kehitys jotta heill\u00e4 on mahdollisuus toteuttaa unelmansa.\u00a0<u><a href=\"http:\/\/www.lcif.org\/EN\/our-work\/youth\/index.php\">Positive youth development program<\/a><\/u>:in kautta\u00a0Lions Quest, LCIF auttaa lapsia oppimaan yhteistoimintaa, tekem\u00e4\u00e4n positiivisia p\u00e4\u00e4t\u00f6ksi\u00e4 ja palvelemaan yhteis\u00f6j\u00e4\u00e4n. J\u00e4rjest\u00f6 tukee nuoria my\u00f6s rakentamalla kouluja, nuorisokeskuksia ja ammattikouluja.<\/p>\n<p><strong><a href=\"http:\/\/www.lcif.org\/EN\/our-work\/disaster-relief\/index.php\"><span style=\"color: #3c64a4;\">Annamme h\u00e4t\u00e4apua.<\/span><\/a>\u00a0 <\/strong>Lions:it ovat usein ensimm\u00e4isten joukossa onnettomuuspaikalla antamassa apua ja J\u00e4rjest\u00f6n tuki on juuri siell\u00e4 heid\u00e4n kanssaan. Me autamme tuhoutuneita yhteis\u00f6j\u00e4 selviytym\u00e4\u00e4n tuhojen j\u00e4lkeen ja tuomme toivoa pitk\u00e4aikaisissa kotien ja el\u00e4mien j\u00e4lleenrakennust\u00f6iss\u00e4.<\/p>\n<p><span style=\"color: #3c64a4;\"><strong><a style=\"color: #3c64a4;\" href=\"http:\/\/www.lcif.org\/EN\/our-work\/humanitarian-efforts\/index.php\">Me annamme humanit\u00e4\u00e4rist\u00e4 apua<\/a><\/strong><\/span><strong>.\u00a0<\/strong>Ty\u00f6skentelyst\u00e4\u00a0 maailmanlaajuisia terveysongelmia kuten tuhkarokkoa ja diabetesta vastaan\u00a0 liikuntarajoitteisten itsen\u00e4isemm\u00e4n ja t\u00e4ydemm\u00e4n el\u00e4m\u00e4n tukemiseen, LCIF on omistautunut moneen humanit\u00e4\u00e4riseen palvelusprojektiin. J\u00e4rjest\u00f6 jatkaa maailmanlaajuisesti tarpeellisten ohjelmien kehitt\u00e4mist\u00e4 ja laajentamista.<\/p>\n<p><strong>\u00a0<\/strong>Lis\u00e4tietoa saat allaolevista linkeist\u00e4:<\/p>\n<ul>\n<li><span style=\"color: #3c64a4;\"><a style=\"color: #3c64a4;\" href=\"http:\/\/www.lionsclubs.org\/EN\/index.php\">Lions Clubs International<\/a><\/span><\/li>\n<li><span style=\"color: #3c64a4;\"><a style=\"color: #3c64a4;\" href=\"http:\/\/www.lcif.org\/EN\/index.php\">Lions Clubs International Foundation<\/a><\/span><\/li>\n<li><span style=\"color: #3c64a4;\"><a style=\"color: #3c64a4;\" href=\"http:\/\/lions100.lionsclubs.org\/EN\/\">Lions 100<\/a><\/span><\/li>\n<li><span style=\"color: #3c64a4;\"><a style=\"color: #3c64a4;\" href=\"https:\/\/www.europaforum2019.ee\/wp-content\/uploads\/2019\/02\/Rules-of-procedures-EF.pdf\">Rules of procedures Europa Forum <span style=\"font-size: 10pt;\">2019 version<\/span><\/a><\/span><\/li>\n<li><span style=\"color: #3c64a4;\"><a style=\"color: #3c64a4;\" href=\"https:\/\/www.europaforum2019.ee\/wp-content\/uploads\/2018\/09\/List-of-Europa-Forums.pdf\">List of Europa Forums<\/a><\/span><\/li>\n<li><a href=\"https:\/\/www.europaforum2019.ee\/wp-content\/uploads\/2018\/06\/History-of-the-Europa-Forum.pdf\"><span style=\"color: #3c64a4;\">History of the Europa Forum<\/span><\/a><\/li>\n<\/ul>\n<p>[\/vc_column_text][\/vc_column_inner][\/vc_row_inner][\/vc_column][\/vc_row]<\/p>\n","protected":false},"excerpt":{"rendered":"<p>[vc_row css=&#8221;.vc_custom_1528972718435{background-image: url(https:\/\/www.europaforum2019.ee\/wp-content\/uploads\/2018\/06\/inimesed2.jpg?id=134) !important;background-position: center !important;background-repeat: no-repeat !important;background-size: cover !important;}&#8221;][vc_column][vc_single_image image=&#8221;4325&#8243; img_size=&#8221;full&#8221; alignment=&#8221;right&#8221; el_class=&#8221;header-pilt&#8221;][\/vc_column][\/vc_row][vc_row css=&#8221;.vc_custom_1528724670702{background-color: #f5f3f2 !important;}&#8221;][vc_column][vc_row_inner type=&#8221;boxed&#8221;][vc_column_inner][vc_column_text]LIONS CLUBS INTERNATIONAL (LCI) Maailman suurin palveluklubij\u00e4rjest\u00f6. Meid\u00e4n 48,000 klubia ja 1.5 miljoonaa j\u00e4sent\u00e4 tekev\u00e4t meist\u00e4 maailman suurimman palveluklubij\u00e4rjest\u00f6n. Olemme my\u00f6s yksi tehokkaimmista. MEID\u00c4N KANSAINV\u00c4LINEN PRESIDENTTIMME Kansainv\u00e4linen presidentti Dr. Jung-Yul Choi on ollut lion jo yli 40 vuoden [&hellip;]<\/p>\n","protected":false},"author":5,"featured_media":0,"parent":0,"menu_order":0,"comment_status":"closed","ping_status":"closed","template":"page-full-width.php","meta":[],"categories":[],"tags":[],"_links":{"self":[{"href":"https:\/\/www.europaforum2019.ee\/fi\/wp-json\/wp\/v2\/pages\/2735"}],"collection":[{"href":"https:\/\/www.europaforum2019.ee\/fi\/wp-json\/wp\/v2\/pages"}],"about":[{"href":"https:\/\/www.europaforum2019.ee\/fi\/wp-json\/wp\/v2\/types\/page"}],"author":[{"embeddable":true,"href":"https:\/\/www.europaforum2019.ee\/fi\/wp-json\/wp\/v2\/users\/5"}],"replies":[{"embeddable":true,"href":"https:\/\/www.europaforum2019.ee\/fi\/wp-json\/wp\/v2\/comments?post=2735"}],"version-history":[{"count":23,"href":"https:\/\/www.europaforum2019.ee\/fi\/wp-json\/wp\/v2\/pages\/2735\/revisions"}],"predecessor-version":[{"id":8331,"href":"https:\/\/www.europaforum2019.ee\/fi\/wp-json\/wp\/v2\/pages\/2735\/revisions\/8331"}],"wp:attachment":[{"href":"https:\/\/www.europaforum2019.ee\/fi\/wp-json\/wp\/v2\/media?parent=2735"}],"wp:term":[{"taxonomy":"category","embeddable":true,"href":"https:\/\/www.europaforum2019.ee\/fi\/wp-json\/wp\/v2\/categories?post=2735"},{"taxonomy":"post_tag","embeddable":true,"href":"https:\/\/www.europaforum2019.ee\/fi\/wp-json\/wp\/v2\/tags?post=2735"}],"curies":[{"name":"wp","href":"https:\/\/api.w.org\/{rel}","templated":true}]}}