{"id":2725,"date":"2018-10-18T15:39:05","date_gmt":"2018-10-18T15:39:05","guid":{"rendered":"http:\/\/www.europaforum2019.ee\/?page_id=2725"},"modified":"2019-10-02T18:34:17","modified_gmt":"2019-10-02T18:34:17","slug":"whats-up","status":"publish","type":"page","link":"https:\/\/www.europaforum2019.ee\/fi\/whats-up\/","title":{"rendered":"What&#8217;s Up"},"content":{"rendered":"<p>[vc_row css=&#8221;.vc_custom_1528958667784{background-image: url(https:\/\/www.europaforum2019.ee\/wp-content\/uploads\/2018\/06\/inimesed.jpg?id=114) !important;background-position: center !important;background-repeat: no-repeat !important;background-size: cover !important;}&#8221;][vc_column][vc_single_image image=&#8221;8510&#8243; img_size=&#8221;full&#8221; alignment=&#8221;right&#8221; onclick=&#8221;custom_link&#8221; el_class=&#8221;header-pilt&#8221; link=&#8221;https:\/\/www.europaforum2019.ee\/fi\/general_program_and_premises\/&#8221;][\/vc_column][\/vc_row][vc_row css=&#8221;.vc_custom_1528724670702{background-color: #f5f3f2 !important;}&#8221;][vc_column][vc_row_inner type=&#8221;boxed&#8221;][vc_column_inner width=&#8221;1\/3&#8243;][vc_single_image image=&#8221;400&#8243; img_size=&#8221;full&#8221; onclick=&#8221;custom_link&#8221; link=&#8221;https:\/\/www.europaforum2019.ee\/general_program_and_premises\/&#8221;][vc_column_text]<\/p>\n<p style=\"text-align: center;\"><span style=\"text-decoration: underline;\"><a href=\"https:\/\/www.europaforum2019.ee\/fi\/program\"><span style=\"color: #3c64a4; text-decoration: underline;\"><strong>MARKET OF IDEAS<\/strong><\/span><\/a><\/span><\/p>\n<p>[\/vc_column_text][vc_column_text]<strong>Luovat ideat avaavat innovaatiota<\/strong>, sanoo lahjoittajamme Mrs <a href=\"https:\/\/www.europaforum2019.ee\/wp-content\/uploads\/2018\/10\/Signe-Ratso.pdf\">Signe Ratso.<\/a>\u00a0 Sinulla on paljon mahdollisuuksia mietti\u00e4 ja esitell\u00e4 ideoitasi \u2013 siit\u00e4 tulee oikea neronleimaus. Yhdess\u00e4 teemme ty\u00f6kalut European Lions:in piristykseksi. Ty\u00f6huoneen p\u00e4\u00e4aiheet ovat:<\/p>\n<p><strong>\u2022\u00a0<\/strong><strong>Kest\u00e4v\u00e4 kiert\u00e4v\u00e4 talous<\/strong><br \/>\n<strong>\u2022 Terve Nuoriso &#8211; euroopan yhteiskunnan perusta<\/strong><br \/>\n<strong>\u2022 E-Lion &#8211; Lions verkkoratkaisut<\/strong><\/p>\n<p>Menn\u00e4ksemme puhetta pidemm\u00e4lle Hyv\u00e4ntekev\u00e4isyys foorumissamme olemme p\u00e4\u00e4tt\u00e4neet rahoittaa 12 diebetespalvelukoiran koulutuksen nuoria 1 tyypin diabetespotilaita varten. Voit olla osa t\u00e4t\u00e4 hanketta rahoittamalla EF:lle rekister\u00f6innin aikana. N\u00e4m\u00e4 koulutetut koirat luovutetaan meid\u00e4n kaikkien toimesta\u00a0 nuorille Sulkemis seremoniassa Sunnuntaina 6\u00a0 lokakuuta.<\/p>\n<p><strong><a href=\"https:\/\/www.europaforum2019.ee\/general_program_and_premises\/\">Ohjelman<\/a><\/strong>\u00a0 kehittyess\u00e4 sinulla tulee olemaan paljon syit\u00e4 tulla kurkistamaan t\u00e4lle sivulle![\/vc_column_text][\/vc_column_inner][vc_column_inner width=&#8221;1\/3&#8243;][vc_single_image image=&#8221;254&#8243; img_size=&#8221;full&#8221; onclick=&#8221;custom_link&#8221; link=&#8221;https:\/\/www.europaforum2019.ee\/fun_program&#8221;][vc_column_text]<\/p>\n<p style=\"text-align: center;\"><a href=\"https:\/\/www.europaforum2019.ee\/fun_program\/\"><strong><span style=\"color: #3c64a4;\"><span style=\"text-decoration: underline;\">FUN<\/span><\/span><\/strong><\/a><\/p>\n<p>[\/vc_column_text][vc_column_text]Aloitamme FUN ohjelmamme lokakuun 3. p\u00e4iv\u00e4 <strong>Hyv\u00e4ntekev\u00e4isyys l\u00e4mmittely juhlalla\u00a0<\/strong> \u201dKeeping\u00a0 Watch!\u201d\u00a0 <a href=\"https:\/\/kultuurikatel.ee\/virtuaaltuur\/en.html\" target=\"_blank\" rel=\"noopener\"><strong><span style=\"color: #3c64a4;\">Tallinn\u00a0 Creative\u00a0 Hub:issa<\/span><\/strong><\/a> L\u00e4mmitell\u00e4ksemme luovuuttamme ja inspiraatiotamme tulevaksi kolmeksi p\u00e4iv\u00e4ksi.<\/p>\n<p>Toivomme ett\u00e4 kaikki Lion yst\u00e4v\u00e4mme ovat perjantaina Tallinnassa voimistamassa foorumiamme\u00a0 <strong>Kansojen paraatilla<\/strong> Virallisilta Forum hotelleilta Viru ja Forum\u00a0 <a href=\"http:\/\/kontserdimaja.ee\/en\/galerii\/\" target=\"_blank\" rel=\"noopener\"><strong><span style=\"color: #3c64a4;\">Alexela Concert Hall<\/span><\/strong><\/a><span style=\"color: #3c64a4;\"><span style=\"color: #000000;\">:ille<\/span><\/span><span style=\"color: #000000;\">,<\/span> miss\u00e4 <strong>Kokoontuminenet &amp; Is\u00e4nt\u00e4 ilta<\/strong> Tapahtuvat.<br \/>\nSunnuntai 5 lokakuuta, <strong>Gaala ilta<\/strong>\u00a0 <span style=\"text-decoration: underline;\"><a href=\"http:\/\/meremuuseum.ee\/lennusadam\/fi\/\" target=\"_blank\" rel=\"noopener\"><strong><span style=\"color: #3c64a4; text-decoration: underline;\">Vesilentokone satamassa<\/span><\/strong><\/a><\/span> on kuumin tapahtuma johon osallistua koska t\u00e4m\u00e4 on maailman ainoa paikka miss\u00e4 voit kokea herkkuillallisen ja j\u00e4nnitt\u00e4v\u00e4n shown parhaiden lion yst\u00e4vien kanssa oikean sukellusveneen vieress\u00e4.<\/p>\n<p>Sunnuntaina virallinen Forum ohjelma Tallinnassa sulkeutuu mutta se on hyv\u00e4 aika ottaa osaa kiertoajeluihin jotka yhteisty\u00f6kumppanimme ovat teille valmistelleet. Olkaa paikalla![\/vc_column_text][\/vc_column_inner][vc_column_inner width=&#8221;1\/3&#8243;][vc_single_image image=&#8221;271&#8243; img_size=&#8221;full&#8221; onclick=&#8221;custom_link&#8221; link=&#8221;https:\/\/www.europaforum2019.ee\/young_ambassador_competition\/&#8221;][vc_single_image image=&#8221;394&#8243; img_size=&#8221;full&#8221; onclick=&#8221;custom_link&#8221; link=&#8221;https:\/\/www.europaforum2019.ee\/european_council\/&#8221;][vc_column_text]<\/p>\n<p style=\"text-align: center;\"><span style=\"text-decoration: underline;\"><a href=\"https:\/\/www.europaforum2019.ee\/european_council\/\"><strong><span style=\"color: #3c64a4; text-decoration: underline;\">EUROOPAN NEUVOSTO<\/span><\/strong><\/a><\/span><\/p>\n<p>[\/vc_column_text][vc_column_text]Europa Forumin Ty\u00f6j\u00e4rjestyksen mukaan Euroopan Neuvosto on Foorumin muodostusta ja hallintoa s\u00e4\u00e4telev\u00e4 elin.<\/p>\n<p>Neuvoston Tapaamisten asialistan p\u00e4\u00e4tt\u00e4\u00e4 Foorumin Presidentti, perustuen J\u00e4senilt\u00e4 ja helmikuun Valvontakomission tapaamisessa tehtyihin p\u00e4\u00e4t\u00f6slauselmiin.<\/p>\n<ul>\n<li>P\u00e4\u00e4t\u00f6slauselmat tulisi l\u00e4hett\u00e4\u00e4 englanniksi 15. kes\u00e4kuuta 2019 menness\u00e4<\/li>\n<li>Foorumin Presidentti julkaisee viimeisimm\u00e4t p\u00e4\u00e4t\u00f6slauselmat 31. kes\u00e4kuuta, 2019.<\/li>\n<\/ul>\n<p>T\u00e4t\u00e4 osiota tullaan siksi p\u00e4ivitt\u00e4m\u00e4\u00e4n viimeisimm\u00e4ll\u00e4 asialistalla kes\u00e4kuussa 2019[\/vc_column_text][\/vc_column_inner][\/vc_row_inner][vc_row_inner type=&#8221;boxed&#8221;][vc_column_inner width=&#8221;1\/3&#8243;][vc_single_image image=&#8221;402&#8243; img_size=&#8221;full&#8221; onclick=&#8221;custom_link&#8221; link=&#8221;https:\/\/www.europaforum2019.ee\/music-competition-2\/&#8221;][vc_column_text]<\/p>\n<p style=\"text-align: center;\"><span style=\"text-decoration: underline;\"><a href=\"https:\/\/www.europaforum2019.ee\/music-competition-2\/\"><strong><span style=\"color: #3c64a4; text-decoration: underline;\">MUSIC COMPETITION<\/span><\/strong><\/a><\/span><\/p>\n<p>[\/vc_column_text][vc_column_text]Lions European Music Competition (LEMC) perustettiin 1980 Ranskalaisen Lion j\u00e4senen Thomas Kutin aloitteesta. Tapahtuma j\u00e4rjestet\u00e4\u00e4n joka vuosi Europa Foorumin yhteydess\u00e4. Joka vuosi eri Instrumentti palkitaan. 28 LEMC Tallinnassa omistetaan KLASSISELLE KITARALLE.[\/vc_column_text][\/vc_column_inner][vc_column_inner width=&#8221;1\/3&#8243;][vc_column_text]<\/p>\n<p style=\"text-align: center;\"><a href=\"https:\/\/www.europaforum2019.ee\/young_ambassador_competition\/\"><span style=\"color: #3c64a4;\"><strong><u>NUORI L\u00c4HETTIL\u00c4S-KILPAILU<\/u><\/strong><\/span><\/a><\/p>\n<p>[\/vc_column_text][vc_column_text]Nuori L\u00e4hettil\u00e4s kilpailulla on kaksi p\u00e4\u00e4tavoitetta:<\/p>\n<ul>\n<li>Antaa tunnustusta, kannustaa ja tukea nuoria jotka ovat aktiivisesti mukana hyvinvointiyhteiskunnassa<\/li>\n<li>Nostaa Lion:in profiilia ja lis\u00e4t\u00e4 omia palveluaktiviteettejamme<\/li>\n<\/ul>\n<p>[\/vc_column_text][\/vc_column_inner][vc_column_inner width=&#8221;1\/3&#8243;][vc_single_image image=&#8221;109&#8243; img_size=&#8221;full&#8221; onclick=&#8221;custom_link&#8221; link=&#8221;https:\/\/www.europaforum2019.ee\/tours\/&#8221;][vc_column_text]<\/p>\n<p style=\"text-align: center;\"><span style=\"text-decoration: underline;\"><a href=\"https:\/\/www.europaforum2019.ee\/tours\/\"><strong><span style=\"color: #3c64a4; text-decoration: underline;\">TOURS<\/span><\/strong><\/a><\/span><\/p>\n<p>[\/vc_column_text][vc_column_text]<\/p>\n<p>Olemme valinneet sinulle parhaat palat jotta saat nopean yleiskatsauksen pienest\u00e4 ihanasta valtiostamme ja jopa kurkistuksen naapureihimme. Voit valita lyhyet ja j\u00e4nnitt\u00e4v\u00e4t kierrokset Vanhassa Kaupungissamme, k\u00e4yd\u00e4 parhaimpien suunnittelijoidemme studioilla, aloittaa Foorumin matkalla Virosta Tarttoon tai p\u00e4\u00e4tt\u00e4\u00e4 Foorumin Pietariin, Riikaan tai Vilnaan. Joten tutustu hetki <a href=\"https:\/\/www.europaforum2019.ee\/tours\/\">\u00a0tarjouksiimme!<\/a>[\/vc_column_text][\/vc_column_inner][\/vc_row_inner][\/vc_column][\/vc_row][vc_row css=&#8221;.vc_custom_1528789133475{background-color: #fdc924 !important;}&#8221;][vc_column][\/vc_column][\/vc_row][vc_row css=&#8221;.vc_custom_1528724670702{background-color: #f5f3f2 !important;}&#8221;][vc_column][vc_row_inner type=&#8221;boxed&#8221;][vc_column_inner][vc_column_text]<strong><span style=\"color: #3c64a4;\">SPONSORIT<\/span><\/strong>[\/vc_column_text][\/vc_column_inner][\/vc_row_inner][vc_row_inner type=&#8221;boxed&#8221;][vc_column_inner width=&#8221;1\/4&#8243;][vc_single_image image=&#8221;77&#8243; img_size=&#8221;full&#8221; alignment=&#8221;center&#8221;][\/vc_column_inner][vc_column_inner width=&#8221;1\/4&#8243;][vc_single_image image=&#8221;4969&#8243; img_size=&#8221;full&#8221; alignment=&#8221;center&#8221;][\/vc_column_inner][vc_column_inner width=&#8221;1\/4&#8243;][vc_single_image image=&#8221;4985&#8243; img_size=&#8221;full&#8221; alignment=&#8221;center&#8221;][\/vc_column_inner][vc_column_inner width=&#8221;1\/4&#8243;][\/vc_column_inner][\/vc_row_inner][\/vc_column][\/vc_row]<\/p>\n","protected":false},"excerpt":{"rendered":"<p>[vc_row css=&#8221;.vc_custom_1528958667784{background-image: url(https:\/\/www.europaforum2019.ee\/wp-content\/uploads\/2018\/06\/inimesed.jpg?id=114) !important;background-position: center !important;background-repeat: no-repeat !important;background-size: cover !important;}&#8221;][vc_column][vc_single_image image=&#8221;8510&#8243; img_size=&#8221;full&#8221; alignment=&#8221;right&#8221; onclick=&#8221;custom_link&#8221; el_class=&#8221;header-pilt&#8221; link=&#8221;https:\/\/www.europaforum2019.ee\/fi\/general_program_and_premises\/&#8221;][\/vc_column][\/vc_row][vc_row css=&#8221;.vc_custom_1528724670702{background-color: #f5f3f2 !important;}&#8221;][vc_column][vc_row_inner type=&#8221;boxed&#8221;][vc_column_inner width=&#8221;1\/3&#8243;][vc_single_image image=&#8221;400&#8243; img_size=&#8221;full&#8221; onclick=&#8221;custom_link&#8221; link=&#8221;https:\/\/www.europaforum2019.ee\/general_program_and_premises\/&#8221;][vc_column_text] MARKET OF IDEAS [\/vc_column_text][vc_column_text]Luovat ideat avaavat innovaatiota, sanoo lahjoittajamme Mrs Signe Ratso.\u00a0 Sinulla on paljon mahdollisuuksia mietti\u00e4 ja esitell\u00e4 ideoitasi \u2013 siit\u00e4 tulee oikea neronleimaus. Yhdess\u00e4 teemme ty\u00f6kalut European Lions:in [&hellip;]<\/p>\n","protected":false},"author":5,"featured_media":0,"parent":0,"menu_order":0,"comment_status":"closed","ping_status":"closed","template":"page-full-width.php","meta":[],"categories":[35],"tags":[],"_links":{"self":[{"href":"https:\/\/www.europaforum2019.ee\/fi\/wp-json\/wp\/v2\/pages\/2725"}],"collection":[{"href":"https:\/\/www.europaforum2019.ee\/fi\/wp-json\/wp\/v2\/pages"}],"about":[{"href":"https:\/\/www.europaforum2019.ee\/fi\/wp-json\/wp\/v2\/types\/page"}],"author":[{"embeddable":true,"href":"https:\/\/www.europaforum2019.ee\/fi\/wp-json\/wp\/v2\/users\/5"}],"replies":[{"embeddable":true,"href":"https:\/\/www.europaforum2019.ee\/fi\/wp-json\/wp\/v2\/comments?post=2725"}],"version-history":[{"count":21,"href":"https:\/\/www.europaforum2019.ee\/fi\/wp-json\/wp\/v2\/pages\/2725\/revisions"}],"predecessor-version":[{"id":8589,"href":"https:\/\/www.europaforum2019.ee\/fi\/wp-json\/wp\/v2\/pages\/2725\/revisions\/8589"}],"wp:attachment":[{"href":"https:\/\/www.europaforum2019.ee\/fi\/wp-json\/wp\/v2\/media?parent=2725"}],"wp:term":[{"taxonomy":"category","embeddable":true,"href":"https:\/\/www.europaforum2019.ee\/fi\/wp-json\/wp\/v2\/categories?post=2725"},{"taxonomy":"post_tag","embeddable":true,"href":"https:\/\/www.europaforum2019.ee\/fi\/wp-json\/wp\/v2\/tags?post=2725"}],"curies":[{"name":"wp","href":"https:\/\/api.w.org\/{rel}","templated":true}]}}