{"id":1687,"date":"2018-10-04T12:08:10","date_gmt":"2018-10-04T12:08:10","guid":{"rendered":"http:\/\/www.europaforum2019.ee\/arendamisel\/?page_id=1687"},"modified":"2019-09-24T12:52:39","modified_gmt":"2019-09-24T12:52:39","slug":"forum-2019","status":"publish","type":"page","link":"https:\/\/www.europaforum2019.ee\/fi\/","title":{"rendered":"Forum 2019"},"content":{"rendered":"<p>[vc_row css=&#8221;.vc_custom_1534252423179{background-image: url(https:\/\/www.europaforum2019.ee\/wp-content\/uploads\/2018\/08\/Vanalinn.jpg?id=445) !important;background-position: center !important;background-repeat: no-repeat !important;background-size: cover !important;}&#8221;][vc_column][vc_single_image image=&#8221;8510&#8243; img_size=&#8221;full&#8221; alignment=&#8221;right&#8221; onclick=&#8221;custom_link&#8221; el_class=&#8221;header-pilt&#8221; link=&#8221;https:\/\/www.europaforum2019.ee\/fi\/program\/&#8221;][\/vc_column][\/vc_row][vc_row css=&#8221;.vc_custom_1528978886787{padding-bottom: 2em !important;}&#8221;][vc_column width=&#8221;1\/2&#8243;][vc_video link=&#8221;https:\/\/www.youtube.com\/watch?v=YrFj24Y7VgU&#8221; align=&#8221;right&#8221;][\/vc_column][vc_column width=&#8221;1\/2&#8243;][vc_video link=&#8221;https:\/\/www.youtube.com\/watch?v=FgEEH02B8kg&#8221;][\/vc_column][\/vc_row][vc_row css=&#8221;.vc_custom_1528978886787{padding-bottom: 2em !important;}&#8221;][vc_column][vc_row_inner type=&#8221;boxed&#8221;][vc_column_inner width=&#8221;1\/3&#8243;][vc_images_carousel images=&#8221;403,389,397,250,108&#8243; img_size=&#8221;full&#8221; onclick=&#8221;link_no&#8221; autoplay=&#8221;yes&#8221; hide_pagination_control=&#8221;yes&#8221; hide_prev_next_buttons=&#8221;yes&#8221; wrap=&#8221;yes&#8221; css_animation=&#8221;zoomIn&#8221; el_class=&#8221;slider&#8221;][vc_column_text]<\/p>\n<p style=\"text-align: center;\"><span style=\"text-decoration: underline;\"><a href=\"https:\/\/www.visitestonia.com\/fi\" target=\"_blank\" rel=\"noopener\"><strong><span style=\"color: #3c64a4; text-decoration: underline;\">TERVETULOA VIROON<\/span><\/strong><\/a><\/span><\/p>\n<p>[\/vc_column_text][vc_column_text]Vuosi ennen Foorumiamme, Viro juhlii 100 vuotista itsen\u00e4isyytt\u00e4\u00e4n. Vaikka olemme olleet itsen\u00e4isi\u00e4\u00a0 vasta 100 vuotta, me virolaiset olemme el\u00e4neet t\u00e4\u00e4ll\u00e4 noin 10 000 vuotta. Historiamme ja perinteet voi tuntea k\u00e4velless\u00e4 Tallinan Vanhassa Kaupungissa tai matkustellen ymp\u00e4ri pient\u00e4 valtiota. Saadaksesi paremman k\u00e4sityksen siit\u00e4 mit\u00e4 haluaisit n\u00e4hd\u00e4 eniten, k\u00e4yt\u00e4 apuna virtuaalimatkailua <strong><span style=\"text-decoration: underline; color: #3c64a4;\"><a style=\"color: #3c64a4; text-decoration: underline;\" href=\"https:\/\/toolbox.estonia.ee\/media\/366\" target=\"_blank\" rel=\"noopener\">Viron<\/a><\/span><\/strong> ja <span style=\"text-decoration: underline;\"><strong><span style=\"color: #3c64a4;\"><a style=\"color: #3c64a4; text-decoration: underline;\" href=\"https:\/\/www.youtube.com\/watch?time_continue=3&amp;v=jcc_6xDrVmc\" target=\"_blank\" rel=\"noopener\">Tallinnan<\/a><\/span><\/strong><\/span> videoiden avustuksella tai l\u00f6yd\u00e4 viel\u00e4 enemm\u00e4n tietoa verkkosivuilta\u00a0 \u00a0\u00a0<strong><a href=\"https:\/\/www.visitestonia.com\/fi\" target=\"_blank\" rel=\"noopener\">Visit Estonia<\/a><\/strong>\u00a0 ja\u00a0 \u00a0<a href=\"https:\/\/www.visittallinn.ee\/fin\" target=\"_blank\" rel=\"noopener\"><strong>Visit Tallinn<\/strong><\/a>.<\/p>\n<p>Erilaisissa matkoissa yhteisty\u00f6kumppanimme tarjoaa sinulle mahdollisuuden matkustaa ymp\u00e4ri maatamme ja jopa vierailla naapurimaissamme. Lue Lis\u00e4\u00e4 \u00a0<strong><a href=\"https:\/\/www.europaforum2019.ee\/tours\/\">tour<\/a><\/strong> sivultamme!<\/p>\n<p>Ei h\u00e4t\u00e4\u00e4! Varmistaaksemme Foorumin helpon ymm\u00e4rrett\u00e4vyyden kaikille j\u00e4rjest\u00e4mme kaikista Alexela konsertti hallin tapahtumista synkronisoidun k\u00e4\u00e4nn\u00f6ksen saksaksi, italiaksi, ranskaksi, ruotsiksi, suomeksi, viroksi ja englanniksi.[\/vc_column_text][\/vc_column_inner][vc_column_inner width=&#8221;1\/3&#8243;][vc_images_carousel images=&#8221;7396&#8243; img_size=&#8221;full&#8221; onclick=&#8221;custom_link&#8221; custom_links_target=&#8221;_blank&#8221; autoplay=&#8221;yes&#8221; hide_pagination_control=&#8221;yes&#8221; hide_prev_next_buttons=&#8221;yes&#8221; wrap=&#8221;yes&#8221; css_animation=&#8221;zoomIn&#8221; el_class=&#8221;slider&#8221; custom_links=&#8221;#E-8_aHR0cHMlM0ElMkYlMkZ3d3cubGlvbnNjbHVicy5vcmclMkZmaSUyRmRpc2NvdmVyLW91ci1jbHVicyUyRnByZXNpZGVudGlhbC10aGVtZQ==&#8221;][vc_column_text]<\/p>\n<p style=\"text-align: center;\"><span style=\"text-decoration: underline;\"><a href=\"https:\/\/www.europaforum2019.ee\/fi\/program\/\"><span style=\"color: #3c64a4; text-decoration: underline;\"><strong>MARKET <span style=\"color: #3c64a4;\">OF<\/span> IDEAS<\/strong><\/span><\/a><\/span><\/p>\n<p>[\/vc_column_text][vc_column_text]<em>&#8220;Jokainen 1,4 miljoonasta j\u00e4senest\u00e4 on erilainen. Nimenomaan n\u00e4m\u00e4 erot tekev\u00e4t meist\u00e4 vahvan. Ne tekev\u00e4t meist\u00e4 ainutlaatuisia. Ne tekev\u00e4t meist\u00e4 lioneita.&#8221;<\/em> Kansainv\u00e4linen presidentti, Dr. Jung-Yul Choi. <a href=\"https:\/\/www.lionsclubs.org\/fi\/discover-our-clubs\/presidential-theme\" target=\"_blank\" rel=\"noopener\"><span style=\"color: #3c64a4;\">Lue Lis\u00e4\u00e4.<\/span><\/a><\/p>\n<p><strong>Luovat ideat avaavat tien innovaatiolle<\/strong>, sanoo Forumin tukija Virosta, Euroopan komission apulaisjohtaja <strong><span style=\"color: #3c64a4;\"><a style=\"color: #3c64a4;\" href=\"https:\/\/www.europaforum2019.ee\/wp-content\/uploads\/2018\/11\/Signe-Ratso-FIN.pdf\">Signe<span style=\"color: #3c64a4;\"> Rat<\/span>so<\/a>.<\/span><\/strong>\u00a0 Sinulla on paljon mahdollisuuksia mietti\u00e4 ja esitell\u00e4 ideoitasi \u2013 siit\u00e4 tulee oikea neronleimaus. Yhdess\u00e4 teemme ty\u00f6kalut European Lions:in piristykseksi. Ty\u00f6huoneen p\u00e4\u00e4aiheet ovat:<\/p>\n<p><strong>\u2022\u00a0<\/strong><strong>Kest\u00e4v\u00e4 kiert\u00e4v\u00e4 talous<\/strong><br \/>\n<strong>\u2022 Terve Nuoriso &#8211; euroopan yhteiskunnan perusta<\/strong><br \/>\n<strong>\u2022 E-Lion &#8211; Lions verkkoratkaisut<\/strong><\/p>\n<p>Menn\u00e4ksemme puhetta pidemm\u00e4lle Hyv\u00e4ntekev\u00e4isyys foorumissamme olemme p\u00e4\u00e4tt\u00e4neet rahoittaa 12 diebetespalvelukoiran koulutuksen nuoria 1 tyypin diabetespotilaita varten. Voit olla osa t\u00e4t\u00e4 hanketta rahoittamalla EF:lle rekister\u00f6innin aikana. N\u00e4m\u00e4 koulutetut koirat luovutetaan meid\u00e4n kaikkien toimesta\u00a0 nuorille Sulkemis seremoniassa Sunnuntaina 6\u00a0 lokakuuta.<\/p>\n<p><strong><a href=\"https:\/\/www.europaforum2019.ee\/fi\/program\/\" target=\"_blank\" rel=\"noopener\">Ohjelman<\/a><\/strong>\u00a0 kehittyess\u00e4 sinulla tulee olemaan paljon syit\u00e4 tulla kurkistamaan t\u00e4lle sivulle![\/vc_column_text][\/vc_column_inner][vc_column_inner width=&#8221;1\/3&#8243;][vc_images_carousel images=&#8221;254,416,392,391,574&#8243; img_size=&#8221;full&#8221; onclick=&#8221;link_no&#8221; autoplay=&#8221;yes&#8221; hide_pagination_control=&#8221;yes&#8221; hide_prev_next_buttons=&#8221;yes&#8221; wrap=&#8221;yes&#8221; css_animation=&#8221;zoomIn&#8221; el_class=&#8221;slider&#8221;][vc_column_text]<\/p>\n<p style=\"text-align: center;\"><a href=\"https:\/\/www.europaforum2019.ee\/fi\/fun_program\"><strong><span style=\"color: #3c64a4;\"><span style=\"text-decoration: underline;\">FUN<\/span><\/span><\/strong><\/a><\/p>\n<p>[\/vc_column_text][vc_column_text]Aloitamme FUN ohjelmamme lokakuun 3. p\u00e4iv\u00e4 <strong>Hyv\u00e4ntekev\u00e4isyys l\u00e4mmittely juhlalla\u00a0<\/strong> \u201dKeeping\u00a0 Watch!\u201d\u00a0 <a href=\"https:\/\/kultuurikatel.ee\/virtuaaltuur\/en.html\" target=\"_blank\" rel=\"noopener\"><strong><span style=\"color: #3c64a4;\">Tallinn\u00a0 Creative\u00a0 Hub:issa<\/span><\/strong><\/a> L\u00e4mmitell\u00e4ksemme luovuuttamme ja inspiraatiotamme tulevaksi kolmeksi p\u00e4iv\u00e4ksi.<\/p>\n<p>Toivomme ett\u00e4 kaikki Lion yst\u00e4v\u00e4mme ovat perjantaina Tallinnassa voimistamassa foorumiamme\u00a0 <strong>Kansojen paraatilla<\/strong> Virallisilta Forum hotelleilta Viru ja Forum\u00a0 <a href=\"http:\/\/kontserdimaja.ee\/en\/galerii\/\" target=\"_blank\" rel=\"noopener\"><strong><span style=\"color: #3c64a4;\">Alexela Concert Hall<\/span><\/strong><\/a><span style=\"color: #3c64a4;\"><span style=\"color: #000000;\">:ille<\/span><\/span><span style=\"color: #000000;\">,<\/span> miss\u00e4 <strong>Kokoontuminenet &amp; Is\u00e4nt\u00e4 ilta<\/strong> Tapahtuvat.<br \/>\nSunnuntai 5 lokakuuta, <strong>Gaala ilta<\/strong>\u00a0 <span style=\"text-decoration: underline;\"><a href=\"http:\/\/meremuuseum.ee\/lennusadam\/fi\/\" target=\"_blank\" rel=\"noopener\"><strong><span style=\"color: #3c64a4; text-decoration: underline;\">Vesilentokone satamassa<\/span><\/strong><\/a><\/span> on kuumin tapahtuma johon osallistua koska t\u00e4m\u00e4 on maailman ainoa paikka miss\u00e4 voit kokea herkkuillallisen ja j\u00e4nnitt\u00e4v\u00e4n shown parhaiden lion yst\u00e4vien kanssa oikean sukellusveneen vieress\u00e4.<\/p>\n<p>Sunnuntaina virallinen Forum ohjelma Tallinnassa sulkeutuu mutta se on hyv\u00e4 aika ottaa osaa kiertoajeluihin jotka yhteisty\u00f6kumppanimme ovat teille valmistelleet. Olkaa paikalla![\/vc_column_text][\/vc_column_inner][\/vc_row_inner][\/vc_column][\/vc_row][vc_row css=&#8221;.vc_custom_1528978919574{padding-bottom: 2em !important;background-color: #f5f3f2 !important;}&#8221;][vc_column][vc_row_inner type=&#8221;boxed&#8221;][vc_column_inner width=&#8221;1\/6&#8243;][vc_single_image image=&#8221;861&#8243; img_size=&#8221;full&#8221; alignment=&#8221;center&#8221;][\/vc_column_inner][vc_column_inner width=&#8221;2\/3&#8243;][vc_column_text]<span style=\"color: #3c64a4;\"><strong>HYV\u00c4T YST\u00c4V\u00c4T<\/strong>!<\/span><\/p>\n<p>Estonian Lions and Leos:in, Lions Europa Forum 2019 J\u00e4rjest\u00e4jien puolesta haluaisimme kutsua teid\u00e4t ottamaan osaa <strong>Ideatorille Tallinnaan! <\/strong><\/p>\n<p>Liity meihin sosiaalisen media, kotisivujemme kautta ja ottamalla suoraan yhteytt\u00e4 Estonian Lions and Leos:iin. Ota yst\u00e4v\u00e4si mukaan kerholtasi ja kauempaa varmistaaksesi ett\u00e4 he eiv\u00e4t missaa t\u00e4t\u00e4 tapahtumaa! ! Yhdess\u00e4 saamme yhteydet toimimaan.<\/p>\n<p>K\u00e4tell\u00e4\u00e4n yst\u00e4vyydellemme!\u00a0 <a href=\"https:\/\/www.europaforum2019.ee\/fi\/pid-appeal\/\"><span style=\"text-decoration: underline;\"><span style=\"font-size: 12pt;\">Lue Lis\u00e4\u00e4\u00a0<\/span><\/span><\/a>[\/vc_column_text][\/vc_column_inner][vc_column_inner width=&#8221;1\/6&#8243;][vc_single_image image=&#8221;6931&#8243; img_size=&#8221;full&#8221;][\/vc_column_inner][\/vc_row_inner][\/vc_column][\/vc_row][vc_row css=&#8221;.vc_custom_1528724670702{background-color: #f5f3f2 !important;}&#8221;][vc_column][vc_row_inner type=&#8221;boxed&#8221;][vc_column_inner][vc_column_text]<strong><span style=\"color: #3c64a4;\">SPONSORIT<\/span><\/strong>[\/vc_column_text][\/vc_column_inner][\/vc_row_inner][vc_row_inner type=&#8221;boxed&#8221;][vc_column_inner width=&#8221;1\/4&#8243;][vc_single_image image=&#8221;77&#8243; img_size=&#8221;full&#8221; alignment=&#8221;center&#8221;][\/vc_column_inner][vc_column_inner width=&#8221;1\/4&#8243;][vc_single_image image=&#8221;4970&#8243; img_size=&#8221;full&#8221;][\/vc_column_inner][vc_column_inner width=&#8221;1\/4&#8243;][vc_single_image image=&#8221;4987&#8243; img_size=&#8221;full&#8221; alignment=&#8221;center&#8221;][\/vc_column_inner][vc_column_inner width=&#8221;1\/4&#8243;][vc_single_image image=&#8221;8155&#8243;][\/vc_column_inner][\/vc_row_inner][\/vc_column][\/vc_row]<\/p>\n","protected":false},"excerpt":{"rendered":"<p>[vc_row css=&#8221;.vc_custom_1534252423179{background-image: url(https:\/\/www.europaforum2019.ee\/wp-content\/uploads\/2018\/08\/Vanalinn.jpg?id=445) !important;background-position: center !important;background-repeat: no-repeat !important;background-size: cover !important;}&#8221;][vc_column][vc_single_image image=&#8221;8510&#8243; img_size=&#8221;full&#8221; alignment=&#8221;right&#8221; onclick=&#8221;custom_link&#8221; el_class=&#8221;header-pilt&#8221; link=&#8221;https:\/\/www.europaforum2019.ee\/fi\/program\/&#8221;][\/vc_column][\/vc_row][vc_row css=&#8221;.vc_custom_1528978886787{padding-bottom: 2em !important;}&#8221;][vc_column width=&#8221;1\/2&#8243;][vc_video link=&#8221;https:\/\/www.youtube.com\/watch?v=YrFj24Y7VgU&#8221; align=&#8221;right&#8221;][\/vc_column][vc_column width=&#8221;1\/2&#8243;][vc_video link=&#8221;https:\/\/www.youtube.com\/watch?v=FgEEH02B8kg&#8221;][\/vc_column][\/vc_row][vc_row css=&#8221;.vc_custom_1528978886787{padding-bottom: 2em !important;}&#8221;][vc_column][vc_row_inner type=&#8221;boxed&#8221;][vc_column_inner width=&#8221;1\/3&#8243;][vc_images_carousel images=&#8221;403,389,397,250,108&#8243; img_size=&#8221;full&#8221; onclick=&#8221;link_no&#8221; autoplay=&#8221;yes&#8221; hide_pagination_control=&#8221;yes&#8221; hide_prev_next_buttons=&#8221;yes&#8221; wrap=&#8221;yes&#8221; css_animation=&#8221;zoomIn&#8221; el_class=&#8221;slider&#8221;][vc_column_text] TERVETULOA VIROON [\/vc_column_text][vc_column_text]Vuosi ennen Foorumiamme, Viro juhlii 100 vuotista itsen\u00e4isyytt\u00e4\u00e4n. Vaikka olemme olleet itsen\u00e4isi\u00e4\u00a0 vasta 100 vuotta, [&hellip;]<\/p>\n","protected":false},"author":1,"featured_media":0,"parent":0,"menu_order":0,"comment_status":"closed","ping_status":"closed","template":"page-full-width.php","meta":[],"categories":[35],"tags":[],"_links":{"self":[{"href":"https:\/\/www.europaforum2019.ee\/fi\/wp-json\/wp\/v2\/pages\/1687"}],"collection":[{"href":"https:\/\/www.europaforum2019.ee\/fi\/wp-json\/wp\/v2\/pages"}],"about":[{"href":"https:\/\/www.europaforum2019.ee\/fi\/wp-json\/wp\/v2\/types\/page"}],"author":[{"embeddable":true,"href":"https:\/\/www.europaforum2019.ee\/fi\/wp-json\/wp\/v2\/users\/1"}],"replies":[{"embeddable":true,"href":"https:\/\/www.europaforum2019.ee\/fi\/wp-json\/wp\/v2\/comments?post=1687"}],"version-history":[{"count":42,"href":"https:\/\/www.europaforum2019.ee\/fi\/wp-json\/wp\/v2\/pages\/1687\/revisions"}],"predecessor-version":[{"id":8517,"href":"https:\/\/www.europaforum2019.ee\/fi\/wp-json\/wp\/v2\/pages\/1687\/revisions\/8517"}],"wp:attachment":[{"href":"https:\/\/www.europaforum2019.ee\/fi\/wp-json\/wp\/v2\/media?parent=1687"}],"wp:term":[{"taxonomy":"category","embeddable":true,"href":"https:\/\/www.europaforum2019.ee\/fi\/wp-json\/wp\/v2\/categories?post=1687"},{"taxonomy":"post_tag","embeddable":true,"href":"https:\/\/www.europaforum2019.ee\/fi\/wp-json\/wp\/v2\/tags?post=1687"}],"curies":[{"name":"wp","href":"https:\/\/api.w.org\/{rel}","templated":true}]}}