{"id":8567,"date":"2019-10-01T06:18:22","date_gmt":"2019-10-01T06:18:22","guid":{"rendered":"https:\/\/www.europaforum2019.ee\/?page_id=8567"},"modified":"2019-10-01T06:29:26","modified_gmt":"2019-10-01T06:29:26","slug":"sponsors","status":"publish","type":"page","link":"https:\/\/www.europaforum2019.ee\/et\/sponsors\/","title":{"rendered":"Sponsors"},"content":{"rendered":"<p>[vc_row type=&#8221;boxed&#8221;][vc_column width=&#8221;1\/6&#8243;][\/vc_column][vc_column width=&#8221;2\/3&#8243;][vc_single_image image=&#8221;8570&#8243; img_size=&#8221;500&#215;149&#8243; alignment=&#8221;center&#8221;][vc_empty_space height=&#8221;16px&#8221;][vc_column_text]<\/p>\n<h4><strong>Projekti nimi:<\/strong><\/h4>\n<p>Lions Europa Forum 2019<\/p>\n<h4><strong>Eesm\u00e4rgid ja oodatavad tulemused:<\/strong><\/h4>\n<p>Lions Euroopa foorumi eesm\u00e4rk on kokku tuua lionid k\u00f5ikidest Euroopa riikidest. Foorumil arutakse ja otsustatakse \u00fcleeuroopalisi heategevusega seotud lionsk\u00fcsimusi, peetakse plenaaristungeid, seminare, erinevaid t\u00f6\u00f6tubasid ja n\u00f5upidamisi, kohtutakse Lions maailma juhatusega, s.h. presidendiga. Foorumi raames toimub noortele suunatud Thomas Kuti muusikakonkurss, kus osalevad kuni 23 aastased noored \u00fcle Euroopa.<\/p>\n<p>Konverentsi korraldamiseks taotlesime EAS-i kaudu Rahvusvalise s\u00fcndmuste ja konverentside toetust, mis sai positiivse vastuse<\/p>\n<p>Konverentsi toetakse Euroopa Liidu Euroopa Regionaalarengu Fondist <strong>30 000 euroga<\/strong>[\/vc_column_text][\/vc_column][vc_column width=&#8221;1\/6&#8243;][\/vc_column][\/vc_row]<\/p>\n","protected":false},"excerpt":{"rendered":"<p>[vc_row type=&#8221;boxed&#8221;][vc_column width=&#8221;1\/6&#8243;][\/vc_column][vc_column width=&#8221;2\/3&#8243;][vc_single_image image=&#8221;8570&#8243; img_size=&#8221;500&#215;149&#8243; alignment=&#8221;center&#8221;][vc_empty_space height=&#8221;16px&#8221;][vc_column_text] Projekti nimi: Lions Europa Forum 2019 Eesm\u00e4rgid ja oodatavad tulemused: Lions Euroopa foorumi eesm\u00e4rk on kokku tuua lionid k\u00f5ikidest Euroopa riikidest. Foorumil arutakse ja otsustatakse \u00fcleeuroopalisi heategevusega seotud lionsk\u00fcsimusi, peetakse plenaaristungeid, seminare, erinevaid t\u00f6\u00f6tubasid ja n\u00f5upidamisi, kohtutakse Lions maailma juhatusega, s.h. presidendiga. Foorumi raames toimub noortele suunatud [&hellip;]<\/p>\n","protected":false},"author":1,"featured_media":0,"parent":0,"menu_order":0,"comment_status":"closed","ping_status":"closed","template":"","meta":[],"categories":[],"tags":[],"_links":{"self":[{"href":"https:\/\/www.europaforum2019.ee\/et\/wp-json\/wp\/v2\/pages\/8567"}],"collection":[{"href":"https:\/\/www.europaforum2019.ee\/et\/wp-json\/wp\/v2\/pages"}],"about":[{"href":"https:\/\/www.europaforum2019.ee\/et\/wp-json\/wp\/v2\/types\/page"}],"author":[{"embeddable":true,"href":"https:\/\/www.europaforum2019.ee\/et\/wp-json\/wp\/v2\/users\/1"}],"replies":[{"embeddable":true,"href":"https:\/\/www.europaforum2019.ee\/et\/wp-json\/wp\/v2\/comments?post=8567"}],"version-history":[{"count":3,"href":"https:\/\/www.europaforum2019.ee\/et\/wp-json\/wp\/v2\/pages\/8567\/revisions"}],"predecessor-version":[{"id":8577,"href":"https:\/\/www.europaforum2019.ee\/et\/wp-json\/wp\/v2\/pages\/8567\/revisions\/8577"}],"wp:attachment":[{"href":"https:\/\/www.europaforum2019.ee\/et\/wp-json\/wp\/v2\/media?parent=8567"}],"wp:term":[{"taxonomy":"category","embeddable":true,"href":"https:\/\/www.europaforum2019.ee\/et\/wp-json\/wp\/v2\/categories?post=8567"},{"taxonomy":"post_tag","embeddable":true,"href":"https:\/\/www.europaforum2019.ee\/et\/wp-json\/wp\/v2\/tags?post=8567"}],"curies":[{"name":"wp","href":"https:\/\/api.w.org\/{rel}","templated":true}]}}