{"id":7478,"date":"2019-09-09T19:34:40","date_gmt":"2019-09-09T19:34:40","guid":{"rendered":"https:\/\/www.europaforum2019.ee\/?page_id=7478"},"modified":"2019-09-21T11:57:06","modified_gmt":"2019-09-21T11:57:06","slug":"social_events","status":"publish","type":"page","link":"https:\/\/www.europaforum2019.ee\/et\/social_events\/","title":{"rendered":"\u00dcritused"},"content":{"rendered":"<p>[vc_row css=&#8221;.vc_custom_1528724670702{background-color: #f5f3f2 !important;}&#8221;][vc_column][vc_row_inner type=&#8221;boxed&#8221;][vc_column_inner][vc_column_text]<\/p>\n<h2 style=\"text-align: center;\"><strong><span style=\"color: #3c64a4;\">\u00dcRITUSED<\/span><\/strong><\/h2>\n<p><span style=\"font-size: 14pt;\"><strong><span style=\"color: #3c64a4;\">Heategevuslik Warm-up Pidu,<\/span> <\/strong><\/span>Neljap\u00e4eval, 3. oktoobril<a href=\"https:\/\/kultuurikatel.ee\/virtuaaltuur\/en.html\"><img loading=\"lazy\" class=\"alignright wp-image-7485 size-full\" src=\"https:\/\/www.europaforum2019.ee\/wp-content\/uploads\/2019\/08\/kultuurikatel-seest-v\u00e4ike.jpg\" alt=\"\" width=\"340\" height=\"230\" srcset=\"https:\/\/www.europaforum2019.ee\/wp-content\/uploads\/2019\/08\/kultuurikatel-seest-v\u00e4ike.jpg 340w, https:\/\/www.europaforum2019.ee\/wp-content\/uploads\/2019\/08\/kultuurikatel-seest-v\u00e4ike-300x203.jpg 300w\" sizes=\"(max-width: 340px) 100vw, 340px\" \/><\/a><\/p>\n<p><strong>Kultuurikatel<\/strong>, P\u00f5hja puiestee 27a, Tallinn<\/p>\n<p>19:00-22:00<\/p>\n<p>Esimest korda Euroopa Foorumi ajaloos korraldame foorumi eel\u00f5htul peo. See on hea v\u00f5imalus tutvuda erinevatest maadest kohale j\u00f5udnud lionitega vabas \u00f5hkkonnas. Tavap\u00e4raselt on Foorumi eelne\u00a0 pidulik kogunemine vaid liikumise juhtkonnale, Seekord on juhtkond t\u00e4histamas Foorumi algust koos meiega ja meil k\u00f5igil v\u00f5imalus neilt k\u00fcsida k\u00f5ike mis meid v\u00f5iks huvitada. Meie saatjaks\/suunajaks nii sel peol, kui k\u00f5igil j\u00e4rgmistel on armastatud saate- ja \u00f5htujuht Anu V\u00e4lba. Muusikat m\u00e4ngivad DJ ja ansambel Funkifize. Kel pakutavatest suupistetest v\u00e4heks j\u00e4\u00e4b, saab kell 20.00 avatavas restoranis lisa tellida.<\/p>\n<p><strong>Riietus:<\/strong> Casual<\/p>\n<p>&nbsp;<\/p>\n<p><span style=\"color: #3c64a4; font-size: 14pt;\"><strong>Lions Paraad, <\/strong><\/span>Reede 4. oktoober<img loading=\"lazy\" class=\"size-full wp-image-416 alignleft\" src=\"https:\/\/www.europaforum2019.ee\/wp-content\/uploads\/2018\/07\/paraad-v\u00e4ike.png\" alt=\"\" width=\"340\" height=\"230\" srcset=\"https:\/\/www.europaforum2019.ee\/wp-content\/uploads\/2018\/07\/paraad-v\u00e4ike.png 340w, https:\/\/www.europaforum2019.ee\/wp-content\/uploads\/2018\/07\/paraad-v\u00e4ike-300x203.png 300w\" sizes=\"(max-width: 340px) 100vw, 340px\" \/><\/p>\n<p><strong>Sokos Hotel Virust Alexela Kontserdimajja<\/strong><\/p>\n<p>14:15-15:15<\/p>\n<p>Koguneme Viru Hotelli juures kell 14:15, et \u00fchiselt liikuda\u00a0 \u00a0<strong>Euroopa Foorumi Rahvaste Paraad<\/strong>ina Alexela Kontserdimajja Foorumi Avatseremooniale. Paneme selga rahvariided ja v\u00f5tame kaasa lipud ja j\u00e4tame Lionite Foorumist v\u00e4ikese j\u00e4lje ka linlaste m\u00e4llu!<\/p>\n<p><strong>Riietus:<\/strong>\u00a0 Rahvariided v\u00f5i Business<\/p>\n<p>&nbsp;<\/p>\n<p><span style=\"font-size: 14pt; color: #3c64a4;\"><strong>Ava Tseremoonia ja Rahvus\u00f5htu,<\/strong>\u00a0<\/span><strong>Reede 4. oktoober<\/strong><\/p>\n<p><strong>Alexela Kontserdimaja, <\/strong>Estonia pst 9, Tallinn<\/p>\n<p>16:00-20:30<\/p>\n<div dir=\"ltr\">\n<div class=\"input-box\" spellcheck=\"false\">\n<div id=\"waffle-rich-text-editor\" class=\"cell-input editable\" dir=\"ltr\" tabindex=\"0\" role=\"combobox\" contenteditable=\"true\" aria-autocomplete=\"list\" aria-label=\"E160\">\n<p>Lions Euroopa foorumi ava- ja l\u00f5putseremoonia ideeks on tutvustada eurooplastele lionite tegevust Eestis ja seotust Euroopaga. Muusikaline programm koosneb tuntud Euroopa heliloojate kompositsioonidest kombineerituna Eesti folkmuusika ja \u00fcrgsete r\u00fctmidega. Sellest on tingitud ka artistide valik: Estonian Voices, Veljo Tormis, Arvo P\u00e4rt ja Rein Rannap. Valitud artistid pakuvad mitmek\u00fclgset muusikalist elamust: Estonian Voices &#8211; kaasaegne muusika segatuna\u00a0\u00fcrgsete r\u00fctmidega, v\u00e4ga eestimaine ja v\u00f5imas Veljo Tormis, kaunis kammermuusika Arvo P\u00e4rdilt, Rock\u2019n\u2019roll ja eepiline: Rein Rannap. Muusikaline kava Sander M\u00f6lderi poolt.<\/p>\n<\/div>\n<\/div>\n<\/div>\n<p><strong>Programm:<\/strong><\/p>\n<p><strong><img loading=\"lazy\" class=\"alignright wp-image-396 size-full\" src=\"https:\/\/www.europaforum2019.ee\/wp-content\/uploads\/2018\/07\/Nordea-saal.png\" alt=\"\" width=\"340\" height=\"230\" srcset=\"https:\/\/www.europaforum2019.ee\/wp-content\/uploads\/2018\/07\/Nordea-saal.png 340w, https:\/\/www.europaforum2019.ee\/wp-content\/uploads\/2018\/07\/Nordea-saal-300x203.png 300w\" sizes=\"(max-width: 340px) 100vw, 340px\" \/><\/strong><\/p>\n<ul>\n<li><span style=\"font-size: 10pt;\"><strong>Elina Nechajeva \u201cKiara\u201d \u2013 Lipu tseremoonia<\/strong><\/span><\/li>\n<li><span style=\"font-size: 10pt;\">Eesti DG M\u00e4rt Viilebergi tervituss\u00f5nad<\/span><\/li>\n<li><span style=\"font-size: 10pt;\"><strong>Eesti h\u00fcmn Elina Nechajeva esituses<\/strong><\/span><\/li>\n<li><span style=\"font-size: 10pt;\">Peaminister J\u00fcri Ratase tervituss\u00f5nad<\/span><\/li>\n<li><span style=\"font-size: 10pt;\"><strong>Korea Rahvavabariigi h\u00fcmn &#8211; koor<\/strong><\/span><\/li>\n<li><span style=\"font-size: 10pt;\">IP Dr. Jung-Yul Choi<\/span><\/li>\n<li><span style=\"font-size: 10pt;\"><strong>Arvo P\u00e4rt &#8211; Vater Unser \u2013 Tallinna poistekoor Lydia Rahula juhtimisel<\/strong><\/span><\/li>\n<li><span style=\"font-size: 10pt;\"><strong>Arvo P\u00e4rt\/Torupill &#8211; Ukuaru valss \u2013 Ratastooli valss<\/strong><\/span><\/li>\n<li><span style=\"font-size: 10pt;\">Foorumi President PID Kalle Elster<\/span><\/li>\n<li><span style=\"font-size: 10pt;\"><strong>Rein Rannap\/Kosmikud\/koor \u2013 Rock-kantaat \u201cIlus maa\u201d- \u201cMe liigume\u201d<\/strong><\/span><\/li>\n<li><span style=\"font-size: 10pt;\"><strong>Rein Rannap\/Kosmikud\/koor \u2013 Rock-kantaat \u201cIlus maa\u201d &#8211; \u201cP\u00e4ike on k\u00f5ikide p\u00e4ralt\u201d<\/strong><\/span><\/li>\n<li><span style=\"font-size: 10pt;\"><strong>Rein Rannap\/Kosmikud\/koor &#8211; Rock-kantaat \u201cIlus maa\u201d- \u201cMe liigume 2\u201d\u00a0<\/strong><\/span><\/li>\n<\/ul>\n<p>Avatseremooniale j\u00e4rgneb Eesti teemaline Rahvus\u00f5htu, mille muusikalise osa t\u00e4idab ansambel Untsakad.<\/p>\n<p>NB! Oma istekoha Aleksela kontserdisaalis leiad kaelakaardilt!<\/p>\n<p><strong>Riietus:<\/strong> Rahvariided v\u00f5i Business<\/p>\n<p><span style=\"color: #3c64a4; font-size: 14pt;\"><strong><a href=\"http:\/\/meremuuseum.ee\/lennusadam\/en\/gallery\/videos\/events-in-seaplane-harbour\/\"><img loading=\"lazy\" class=\"alignleft wp-image-254 size-full\" src=\"https:\/\/www.europaforum2019.ee\/wp-content\/uploads\/2018\/07\/lennusadam-pisike2.png\" alt=\"\" width=\"340\" height=\"230\" srcset=\"https:\/\/www.europaforum2019.ee\/wp-content\/uploads\/2018\/07\/lennusadam-pisike2.png 340w, https:\/\/www.europaforum2019.ee\/wp-content\/uploads\/2018\/07\/lennusadam-pisike2-300x203.png 300w\" sizes=\"(max-width: 340px) 100vw, 340px\" \/><\/a>Gala \u00d5htu,<\/strong>\u00a0<\/span>Laup\u00e4ev 5. oktoober<\/p>\n<p><strong>Lennusadam <\/strong>Vesilennuki 6, Tallinn<\/p>\n<p>19:00-23:00<\/p>\n<div dir=\"ltr\">\n<div class=\"input-box\" spellcheck=\"false\">\n<div id=\"waffle-rich-text-editor\" class=\"cell-input editable\" dir=\"ltr\" tabindex=\"0\" role=\"combobox\" contenteditable=\"true\" aria-autocomplete=\"list\" aria-label=\"E264\">P\u00e4eva v\u00f5tab kokku elegantne \u00f5htu &#8211; Gala\u00f5htu Lennusadamas. Lubame, et veedate siin maagilise \u00f5htu koos hea muusika, maitsva toidu ning unustamatu seltskonnaga. Kui te ei ole varem tantsinud p\u00e4ris allveelaeva all, siis n\u00fc\u00fcd on teil\u00a0see v\u00f5imalus! Muusikat m\u00e4ngivad DJ, Swingers ja Elena Nechayeva.<\/div>\n<\/div>\n<\/div>\n<p><strong>Riietus:<\/strong> White dinner jacket, Black tie v\u00f5i Business suit<\/p>\n<p>&nbsp;<\/p>\n<p><span style=\"font-size: 14pt; color: #3c64a4;\"><strong>L\u00f5putseremoonia,<\/strong> <\/span>P\u00fchap\u00e4ev 6. oktoober<\/p>\n<p><strong>Alexela Kontserdimaja, <\/strong>Estonia pst 9, Tallinn<\/p>\n<p>13:30-15:00<\/p>\n<div id=\"docs-chrome\" class=\"docs-material companion-enabled\" tabindex=\"0\" role=\"group\">\n<div id=\"docs-additional-bars\">\n<div id=\"waffle-editorsized-bar\">\n<div id=\"formula-bar\">\n<div id=\"t-formula-bar-input-container\">\n<div dir=\"ltr\">\n<div id=\"t-formula-bar-input\" spellcheck=\"false\">\n<div class=\"cell-input\" dir=\"ltr\" tabindex=\"0\" role=\"combobox\" contenteditable=\"true\" aria-autocomplete=\"list\" aria-label=\"E149\">Muusikaline programm koosneb Euroopa heliloojate koorekihist: Beethoven, Mozart ja Bachi, mida on\u00a0 komponeerinud ja ajakohastanud Eesti t\u00e4nap\u00e4eva\u00a0 heliloojad Tiit Kikas, Rasmus Puur ja Sander M\u00f6lder.\u00a0 Tulemuseks on innovaatiliste tehnoloogiliste lahendustega t\u00e4nap\u00e4evaseks muudetud\u00a0 klassika \u2013 t\u00e4pselt seda teevad eestlased Euroopas.\u00a0 Kujundus on inspireeritud tehnoloogiast ning e-Eesti saavutustest.<\/div>\n<\/div>\n<\/div>\n<\/div>\n<\/div>\n<\/div>\n<\/div>\n<\/div>\n<p><span style=\"font-size: 10pt;\"><strong>Programm:<\/strong><\/span><\/p>\n<ul>\n<li><span style=\"font-size: 10pt;\"><strong> J.S. Bach erinevad kompositsioonid \u2013 Henrik Kaljuj\u00e4rv remix. Esimene osa<\/strong><\/span><\/li>\n<li><span style=\"font-size: 10pt;\">Rahvusvahelise Lions organisatsiooni esindaja kokkuv\u00f5te Foorumist\u00a0<\/span><span style=\"font-size: 10pt;\">ID Heimo Potinkara, M\u00e4\u00e4ratud Rahvusvaheline Direktor<\/span><\/li>\n<li><span style=\"font-size: 10pt;\"><strong> J.S. Bach erinevad kompositisoonid \u2013 Henrik Kaljuj\u00e4rv remix. Teine osa<\/strong><\/span><\/li>\n<li><span style=\"font-size: 10pt;\">Thomas Kuti Musika Konkursi v\u00f5itjate v\u00e4ljakuulutamine. Ingo Brookmann, LEMC Esimees<\/span><\/li>\n<li><span style=\"font-size: 10pt;\">Thomas Kuti Muusika Konkursi v\u00f5itja ettekanne<\/span><\/li>\n<li><span style=\"font-size: 10pt;\">Noore Heatahtesaadiku Konkursi v\u00f5itja v\u00e4ljakuulutamine. Pompilia Szellner, YA Esimees\u00a0 \u00a0<\/span><\/li>\n<li><span style=\"font-size: 10pt;\"><strong> W.A. Mozart erinevad kompositsioonid- Sander M\u00f6lder remix erinevate elektrooniliste instrumentidega ja koor<\/strong><\/span><\/li>\n<li><span style=\"font-size: 10pt;\">Lions Euroopa Foorum President PID Kalle Elster k\u00f5ne<\/span><\/li>\n<li><span style=\"font-size: 10pt;\">Hypokoerad laval, annetuse \u00fcleandmis-tseremoonia<\/span><\/li>\n<li><span style=\"font-size: 10pt;\">Lipu \u00fcleandmis-tseremoonia j\u00e4rgmisele Foorumi korraldaja maale<\/span><\/li>\n<li><span style=\"font-size: 10pt;\">EF2020 tutvustus. PID George Papas, EF2020 President<\/span><\/li>\n<li><span style=\"font-size: 10pt;\"><strong> Tiit Kikas &#8211;\u00a0 L.V. Beethoveni 9th s\u00fcmfoonia &#8211; \u201cOod r\u00f5\u00f5mule\u201d Esimene osa<\/strong><\/span><\/li>\n<li><span style=\"font-size: 10pt;\">T\u00e4nuk\u00f5ne korraldustiimile, Foorum President PID Kalle Elster. T\u00e4namine. IPIP Gudrun Yngvadottir<\/span><\/li>\n<li><span style=\"font-size: 10pt;\"><strong>Tiit Kikas &#8211;\u00a0 L.V. Beethoveni 9th s\u00fcmfoonia &#8211; \u201cOod r\u00f5\u00f5mule\u201d Teine osa kooriga<\/strong><\/span><\/li>\n<\/ul>\n<p>NB! Oma istekoha Aleksela kontserdisaalis leiad kaelakaardilt!<\/p>\n<p><strong>Riietus:<\/strong> Business Attire<\/p>\n<p>&nbsp;<\/p>\n<p><span style=\"color: #3c64a4; font-size: 14pt;\"><strong><a href=\"https:\/\/amigo.ee\/en\/gallery\/\"><img loading=\"lazy\" class=\"alignleft wp-image-7492 size-full\" src=\"https:\/\/www.europaforum2019.ee\/wp-content\/uploads\/2019\/08\/amigo.png\" alt=\"\" width=\"340\" height=\"230\" srcset=\"https:\/\/www.europaforum2019.ee\/wp-content\/uploads\/2019\/08\/amigo.png 340w, https:\/\/www.europaforum2019.ee\/wp-content\/uploads\/2019\/08\/amigo-300x203.png 300w\" sizes=\"(max-width: 340px) 100vw, 340px\" \/><\/a>Afterparty<\/strong><\/span><\/p>\n<p><strong>Nightclub Amigo, <\/strong>Viru v\u00e4ljak 4, Tallinn<\/p>\n<p>Reede 4. oktoober 21:00-\u2026<\/p>\n<p>Laup\u00e4ev, 5. oktoober 22:00-&#8230;<\/p>\n<p>Ametlik afterpary koht on klubi Amigo. Foorumi kaelakaardiga on sissep\u00e4\u00e4s tasuta! Reede \u00f5htul laval\u00a0 <span style=\"color: #000000;\"><a style=\"color: #000000;\" href=\"https:\/\/www.youtube.com\/watch?v=Lm1vaCUYIPE&amp;list=RDLm1vaCUYIPE&amp;start_radio=1#t=0\"><strong>Koit Toome<\/strong><\/a>, laup\u00e4eva \u00f5htul\u00a0 <strong><a style=\"color: #000000;\" href=\"https:\/\/www.youtube.com\/watch?v=J5ta2hzCsTE&amp;list=PLycUhkgJI2XNJl2Lx5oi1BS2Iv8LBSSUZ\">2Quick Start<\/a><\/strong>!<\/span><\/p>\n<p><strong>Riietus: <\/strong>Casual<\/p>\n<p>[\/vc_column_text][\/vc_column_inner][\/vc_row_inner][\/vc_column][\/vc_row][vc_row css=&#8221;.vc_custom_1528789133475{background-color: #fdc924 !important;}&#8221;][vc_column][\/vc_column][\/vc_row]<\/p>\n","protected":false},"excerpt":{"rendered":"<p>[vc_row css=&#8221;.vc_custom_1528724670702{background-color: #f5f3f2 !important;}&#8221;][vc_column][vc_row_inner type=&#8221;boxed&#8221;][vc_column_inner][vc_column_text] \u00dcRITUSED Heategevuslik Warm-up Pidu, Neljap\u00e4eval, 3. oktoobril Kultuurikatel, P\u00f5hja puiestee 27a, Tallinn 19:00-22:00 Esimest korda Euroopa Foorumi ajaloos korraldame foorumi eel\u00f5htul peo. See on hea v\u00f5imalus tutvuda erinevatest maadest kohale j\u00f5udnud lionitega vabas \u00f5hkkonnas. Tavap\u00e4raselt on Foorumi eelne\u00a0 pidulik kogunemine vaid liikumise juhtkonnale, Seekord on juhtkond t\u00e4histamas Foorumi algust koos [&hellip;]<\/p>\n","protected":false},"author":2,"featured_media":0,"parent":0,"menu_order":0,"comment_status":"closed","ping_status":"closed","template":"page-full-width.php","meta":[],"categories":[34],"tags":[],"_links":{"self":[{"href":"https:\/\/www.europaforum2019.ee\/et\/wp-json\/wp\/v2\/pages\/7478"}],"collection":[{"href":"https:\/\/www.europaforum2019.ee\/et\/wp-json\/wp\/v2\/pages"}],"about":[{"href":"https:\/\/www.europaforum2019.ee\/et\/wp-json\/wp\/v2\/types\/page"}],"author":[{"embeddable":true,"href":"https:\/\/www.europaforum2019.ee\/et\/wp-json\/wp\/v2\/users\/2"}],"replies":[{"embeddable":true,"href":"https:\/\/www.europaforum2019.ee\/et\/wp-json\/wp\/v2\/comments?post=7478"}],"version-history":[{"count":18,"href":"https:\/\/www.europaforum2019.ee\/et\/wp-json\/wp\/v2\/pages\/7478\/revisions"}],"predecessor-version":[{"id":8205,"href":"https:\/\/www.europaforum2019.ee\/et\/wp-json\/wp\/v2\/pages\/7478\/revisions\/8205"}],"wp:attachment":[{"href":"https:\/\/www.europaforum2019.ee\/et\/wp-json\/wp\/v2\/media?parent=7478"}],"wp:term":[{"taxonomy":"category","embeddable":true,"href":"https:\/\/www.europaforum2019.ee\/et\/wp-json\/wp\/v2\/categories?post=7478"},{"taxonomy":"post_tag","embeddable":true,"href":"https:\/\/www.europaforum2019.ee\/et\/wp-json\/wp\/v2\/tags?post=7478"}],"curies":[{"name":"wp","href":"https:\/\/api.w.org\/{rel}","templated":true}]}}