{"id":7334,"date":"2019-03-20T10:08:57","date_gmt":"2019-03-20T10:08:57","guid":{"rendered":"https:\/\/www.europaforum2019.ee\/thursday\/"},"modified":"2019-09-15T07:10:23","modified_gmt":"2019-09-15T07:10:23","slug":"thursday","status":"publish","type":"page","link":"https:\/\/www.europaforum2019.ee\/et\/thursday\/","title":{"rendered":"Neljap\u00e4ev"},"content":{"rendered":"<p>[vc_row][vc_column][\/vc_column][\/vc_row][vc_row][vc_column width=&#8221;3\/4&#8243;][vc_column_text css=&#8221;.vc_custom_1557582256848{padding-top: 20px !important;padding-bottom: 20px !important;}&#8221;]<\/p>\n<div class=\"twelve columns add-bottom\">\n<h2><span style=\"color: #3c64a4;\">Neljap\u00e4ev 10\/03\/2019<\/span><\/h2>\n<div class=\"frame\">\n<div class=\"page tlid-homepage homepage translate-text\">\n<div class=\"homepage-content-wrap\">\n<div class=\"tlid-source-target main-header\">\n<div class=\"source-target-row\">\n<div class=\"tlid-results-container results-container\">\n<div class=\"tlid-result result-dict-wrapper\">\n<div class=\"result tlid-copy-target\">\n<div class=\"text-wrap tlid-copy-target\">\n<div class=\"result-shield-container tlid-copy-target\" tabindex=\"0\"><span class=\"tlid-translation translation\" lang=\"et\" tabindex=\"-1\"><span title=\"\">Erinevate konverentsikeskuste ruume t\u00e4histavad j\u00e4rgmised nimed:<\/span><\/span><\/div>\n<\/div>\n<\/div>\n<\/div>\n<\/div>\n<\/div>\n<\/div>\n<\/div>\n<\/div>\n<\/div>\n<p><span style=\"color: #3c64a4;\"><strong><a href=\"https:\/\/www.sokoshotels.fi\/en\/tallinn\/sokos-hotel-viru\">Sokos Hotel Viru\u00a0<\/a><\/strong> <span style=\"color: #000000;\">Allegro, Andante 1, Andante 2, Bolero, Duetto, Forte, Grande, Grande 1, Grande 1+2, Grande 2, Grande 3, Semi<\/span><\/span><\/p>\n<p><span style=\"color: #3c64a4;\"><a style=\"color: #3c64a4;\" href=\"https:\/\/www.europaforum2019.ee\/wp-content\/uploads\/2019\/06\/Nordic-Hotel-Forum-conference-centre-floor-plan.png\"><strong>Nordic Hotel Forum<\/strong><\/a> <span style=\"color: #000000;\">Sirius, Capella, Arcturus, Vega, Altair, Miitsar <\/span><\/span><\/p>\n<\/div>\n<p>[\/vc_column_text][vc_column_text]<span style=\"font-size: 18pt;\">08:o0-09:00<\/span>[\/vc_column_text][vc_tta_accordion active_section=&#8221;&#8221; collapsible_all=&#8221;true&#8221;][vc_tta_section title=&#8221;EF2019 j\u00e4relevalvekomitee koosolek (kinnine istung) | Vega | Nordic Hotel Forum&#8221; tab_id=&#8221;1564488059074-431f4da7-0f06&#8243; el_class=&#8221;thematicmeetings&#8221;][vc_column_text]<\/p>\n<table width=\"624\">\n<tbody>\n<tr>\n<td width=\"102\">Kuup\u00e4ev<\/td>\n<td width=\"522\">Thursday, October 3<\/td>\n<\/tr>\n<tr>\n<td>Aeg<\/td>\n<td width=\"522\">8:00 &#8211; 9:00<\/td>\n<\/tr>\n<tr>\n<td>Pealkiri<\/td>\n<td width=\"522\">EF2019 j\u00e4relevalvekomitee koosolek (kinnine istung)<\/td>\n<\/tr>\n<tr>\n<td>Asukoht<\/td>\n<td width=\"522\">Nordic Hotel Forum &#8211; Vega<\/td>\n<\/tr>\n<tr>\n<td>Sihtpublik<\/td>\n<td width=\"522\">EF2019 Korralduskomitee, J\u00e4relevalvekomitee liikmed<\/td>\n<\/tr>\n<tr>\n<td>Esimees<\/td>\n<td width=\"522\">ID Heimo Potinkara, Rahvusvaheline direktor<\/td>\n<\/tr>\n<tr>\n<td>Eesistuja aset\u00e4itja<\/td>\n<td width=\"522\">PID Kalle Elster, Foorumi president<\/td>\n<\/tr>\n<tr>\n<td>Esinejad<\/td>\n<td width=\"522\">ID Heimo Potinkara, Rahvusvaheline direktor<br \/>\nPID Kalle Elster, Foorumi president EF2019<br \/>\nDG M\u00e4rt Viileberg, Programmi direktor EF2019<br \/>\nPID George Papas, Foorumi asepresident<br \/>\nPDG George Savvides, Programmi direktor EF2020<br \/>\nPID Phil Nathan, arhivaar ja n\u00f5ustaja<br \/>\nPCC Peter Brandenburg, Foorumi raamatupidaja<br \/>\nTeised EF2019 Korralduskomitee liikmed<\/td>\n<\/tr>\n<tr>\n<td>Sekret\u00e4r<\/td>\n<td width=\"522\">Lion Madis Sinij\u00e4rv, EF2019 Peasekret\u00e4r<\/td>\n<\/tr>\n<tr>\n<td>Kirjeldus<\/td>\n<td width=\"522\">Vastavalt komitee ajakavale<\/td>\n<\/tr>\n<\/tbody>\n<\/table>\n<p>[\/vc_column_text][\/vc_tta_section][\/vc_tta_accordion][vc_column_text]<span style=\"font-size: 18pt;\">08:30-16:45<\/span>[\/vc_column_text][vc_tta_accordion style=&#8221;modern&#8221; shape=&#8221;square&#8221; active_section=&#8221;&#8221; collapsible_all=&#8221;true&#8221;][vc_tta_section title=&#8221;GAT | Sirius | Nordic Hotel Forum&#8221; tab_id=&#8221;1564488001392-343c98a1-5317&#8243; el_class=&#8221;leo-lions&#8221;][vc_column_text]<\/p>\n<table style=\"height: 312px;\" width=\"624\">\n<tbody>\n<tr style=\"height: 24px;\">\n<td style=\"height: 24px; width: 100px;\">Kuup\u00e4ev<\/td>\n<td style=\"height: 24px; width: 508px;\">Thursday, October 3<\/td>\n<\/tr>\n<tr style=\"height: 24px;\">\n<td style=\"height: 24px; width: 100px;\">Aeg<\/td>\n<td style=\"height: 24px; width: 508px;\">8:00 &#8211; 18:00<\/td>\n<\/tr>\n<tr style=\"height: 24px;\">\n<td style=\"height: 24px; width: 100px;\">Pealkiri<\/td>\n<td style=\"height: 24px; width: 508px;\">GAT<\/td>\n<\/tr>\n<tr style=\"height: 24px;\">\n<td style=\"height: 24px; width: 100px;\">Asukoht<\/td>\n<td style=\"height: 24px; width: 508px;\">Nordic Hotel Forum &#8211; Sirius<\/td>\n<\/tr>\n<tr style=\"height: 48px;\">\n<td style=\"height: 48px; width: 100px;\">Sihtpublik<\/td>\n<td style=\"height: 48px; width: 508px;\">N\u00f5ukogu esiistuja, piirkondade kubernerid, MD ja D koordinaatorid, New Voices, Specialty Clubs koordinaatorid, Leod<\/td>\n<\/tr>\n<tr style=\"height: 24px;\">\n<td style=\"height: 24px; width: 100px;\">Esimees<\/td>\n<td style=\"height: 24px; width: 508px;\">PID Robert Rettby<\/td>\n<\/tr>\n<tr style=\"height: 48px;\">\n<td style=\"height: 48px; width: 100px;\">Eesistuja aset\u00e4itja<\/td>\n<td style=\"height: 48px; width: 508px;\">PID Miklos Horvath<\/td>\n<\/tr>\n<tr style=\"height: 48px;\">\n<td style=\"height: 48px; width: 100px;\">Esinejad<\/td>\n<td style=\"height: 48px; width: 508px;\">PID Robert Rettby, PID Elisabeth Haderer, PID Sanjay Kethan, A4 GAT piirkonna juhid, \u00fcllatusk\u00fclalised<\/td>\n<\/tr>\n<tr style=\"height: 48px;\">\n<td style=\"height: 48px; width: 100px;\">Kirjeldus<\/td>\n<td style=\"height: 48px; width: 508px;\">GAT, GMT, GLT ja GST, LCI vahendid, Specialty clubs, New Voices, Leod<\/td>\n<\/tr>\n<\/tbody>\n<\/table>\n<p>[\/vc_column_text][\/vc_tta_section][vc_tta_section title=&#8221;GAT | Arcturus | Nordic Hotel Forum&#8221; tab_id=&#8221;1564488001431-db51e3fe-9ef0&#8243; el_class=&#8221;leo-lions&#8221;][vc_column_text]<\/p>\n<table width=\"624\">\n<tbody>\n<tr>\n<td width=\"102\">Kuup\u00e4ev<\/td>\n<td width=\"522\">Thursday, October 3<\/td>\n<\/tr>\n<tr>\n<td>Aeg<\/td>\n<td width=\"522\">8:00 &#8211; 18:00<\/td>\n<\/tr>\n<tr>\n<td>Pealkiri<\/td>\n<td width=\"522\">GAT<\/td>\n<\/tr>\n<tr>\n<td>Asukoht<\/td>\n<td width=\"522\">Nordic Hotel Forum &#8211; Arcturus<\/td>\n<\/tr>\n<tr>\n<td>Sihtpublik<\/td>\n<td>N\u00f5ukogu esiistuja, piirkondade kubernerid, MD ja D koordinaatorid, New Voices, Specialty Clubs koordinaatorid, Leod<\/td>\n<\/tr>\n<tr>\n<td>Esimees<\/td>\n<td width=\"522\">PID Robert Rettby<\/td>\n<\/tr>\n<tr>\n<td>Eesistuja aset\u00e4itja<\/td>\n<td width=\"522\">PID Miklos Horvath<\/td>\n<\/tr>\n<tr>\n<td>Esinejad<\/td>\n<td width=\"522\">PID Robert Rettby, PID Elisabeth Haderer, PID Sanjay Kethan, A4 GAT piirkonna juhid, \u00fcllatusk\u00fclalised<\/td>\n<\/tr>\n<tr>\n<td>Kirjeldus<\/td>\n<td width=\"522\">GAT, GMT, GLT ja GST, LCI vahendid, Specialty clubs, New Voices, Leod<\/td>\n<\/tr>\n<\/tbody>\n<\/table>\n<p>[\/vc_column_text][\/vc_tta_section][vc_tta_section title=&#8221;GAT | Duetto | Sokos Hotel Viru&#8221; tab_id=&#8221;1564488001360-bae68343-6fd6&#8243; el_class=&#8221;leo-lions&#8221;][vc_column_text]<\/p>\n<table width=\"624\">\n<tbody>\n<tr>\n<td width=\"102\">Kuup\u00e4ev<\/td>\n<td width=\"522\">Thursday, October 3<\/td>\n<\/tr>\n<tr>\n<td>Aeg<\/td>\n<td width=\"522\">8:00 &#8211; 18:00<\/td>\n<\/tr>\n<tr>\n<td>Pealkiri<\/td>\n<td width=\"522\">GAT<\/td>\n<\/tr>\n<tr>\n<td>Asukoht<\/td>\n<td width=\"522\">Sokos Hotel Viru &#8211; Duetto<\/td>\n<\/tr>\n<tr>\n<td>Sihtpublik<\/td>\n<td>N\u00f5ukogu esiistuja, piirkondade kubernerid, MD ja D koordinaatorid, New Voices, Specialty Clubs koordinaatorid, Leod<\/td>\n<\/tr>\n<tr>\n<td>Esimees<\/td>\n<td width=\"522\">PID Robert Rettby<\/td>\n<\/tr>\n<tr>\n<td>Eesistuja aset\u00e4itja<\/td>\n<td width=\"522\">PID Miklos Horvath<\/td>\n<\/tr>\n<tr>\n<td>Esinejad<\/td>\n<td width=\"522\">PID Robert Rettby, PID Elisabeth Haderer, PID Sanjay Kethan, A4 GAT piirkonna juhid, \u00fcllatusk\u00fclalised<\/td>\n<\/tr>\n<tr>\n<td>Kirjeldus<\/td>\n<td width=\"522\">GAT, GMT, GLT ja GST, LCI vahendid, Specialty clubs, New Voices, Leod<\/td>\n<\/tr>\n<\/tbody>\n<\/table>\n<p>[\/vc_column_text][\/vc_tta_section][\/vc_tta_accordion][vc_column_text]<span style=\"font-size: 18pt;\">09:00-12:00<\/span>[\/vc_column_text][vc_tta_accordion active_section=&#8221;&#8221; collapsible_all=&#8221;true&#8221;][vc_tta_section title=&#8221;Euroopa kaugplaneerimise komitee (kinnine istung) | Vega | Nordic Hotel Forum&#8221; tab_id=&#8221;1564489512764-51a18113-278c&#8221; el_class=&#8221;thematicmeetings&#8221;][vc_column_text]<\/p>\n<table width=\"624\">\n<tbody>\n<tr>\n<td width=\"102\">Kuup\u00e4ev<\/td>\n<td width=\"522\">Thursday, October 3<\/td>\n<\/tr>\n<tr>\n<td>Aeg<\/td>\n<td width=\"522\">09:00-12:00<\/td>\n<\/tr>\n<tr>\n<td>Pealkiri<\/td>\n<td width=\"522\">Euroopa kaugplaneerimise komitee (kinnine istung)<\/td>\n<\/tr>\n<tr>\n<td>Asukoht<\/td>\n<td width=\"522\">Nordic Hotel Forum &#8211; Vega<\/td>\n<\/tr>\n<tr>\n<td>Sihtpublik<\/td>\n<td width=\"522\">Ainult Euroopa kaugplaneerimise komitee liikmetele<\/td>\n<\/tr>\n<tr>\n<td>Esimees<\/td>\n<td width=\"522\">IPIP Gudrun Bj\u00f6rt Yngvadottir<\/td>\n<\/tr>\n<tr>\n<td>Esinejad<\/td>\n<td width=\"522\">Avas\u00f5nad IPIP Gudrun B. Yngvadottir poolt<br \/>\nK\u00f5ik LRPCE liikmed<\/td>\n<\/tr>\n<tr>\n<td>Sekret\u00e4r<\/td>\n<td width=\"522\">PID Phil Nathan, arhivaar ja n\u00f5ustaja<\/td>\n<\/tr>\n<tr>\n<td>Kirjeldus<\/td>\n<td width=\"522\">Vastavalt komitee ajakavale<\/td>\n<\/tr>\n<\/tbody>\n<\/table>\n<p>[\/vc_column_text][\/vc_tta_section][\/vc_tta_accordion][vc_column_text]<span style=\"font-size: 18pt;\">09:00-17:15<\/span>[\/vc_column_text][vc_tta_accordion active_section=&#8221;&#8221; collapsible_all=&#8221;true&#8221;][vc_tta_section title=&#8221;Noorte Laagri &amp; Noortevahetuste esimeeste koosolek | Capella | Nordic Hotel Forum&#8221; tab_id=&#8221;hallikasroheline1&#8243; el_class=&#8221;youth&#8221;][vc_column_text]<\/p>\n<table width=\"624\">\n<tbody>\n<tr>\n<td width=\"102\">Kuup\u00e4ev<\/td>\n<td width=\"522\">Thursday, October 3<\/td>\n<\/tr>\n<tr>\n<td>Aeg<\/td>\n<td width=\"522\">9:00 &#8211; 17:15<\/td>\n<\/tr>\n<tr>\n<td>Pealkiri<\/td>\n<td width=\"522\">Noorte Laagri &amp; Noortevahetuste esimeeste koosolek<\/td>\n<\/tr>\n<tr>\n<td>Asukoht<\/td>\n<td width=\"522\">Nordic Hotel Forum &#8211; Capella<\/td>\n<\/tr>\n<tr>\n<td>Sihtpublik<\/td>\n<td width=\"522\">K\u00f5ikidele kuulajatele avatud<\/td>\n<\/tr>\n<tr>\n<td>Esimees<\/td>\n<td width=\"522\">YCEC Margus Malla<\/td>\n<\/tr>\n<tr>\n<td>Eesistuja aset\u00e4itja<\/td>\n<td width=\"522\">YCEC Jovan Gavrilovski<\/td>\n<\/tr>\n<tr>\n<td>Esinejad<\/td>\n<td width=\"522\">Noortevahetuste eesistujad<\/td>\n<\/tr>\n<tr>\n<td>Sekret\u00e4r<\/td>\n<td width=\"522\">YCEC Paul Vanderhaegen, YCE Euroopa sekret\u00e4r<\/td>\n<\/tr>\n<tr>\n<td>Kirjeldus<\/td>\n<td width=\"522\">Noortevaetuste arutelu, taotlusvorm, ELi andmekaitse eeskirjad, uudised Oak Brookilt, EF202 Thessaloniki tutvustus<\/td>\n<\/tr>\n<\/tbody>\n<\/table>\n<p>[\/vc_column_text][\/vc_tta_section][\/vc_tta_accordion][vc_column_text]<span style=\"font-size: 18pt;\">14:00-18:00<\/span>[\/vc_column_text][vc_tta_accordion active_section=&#8221;&#8221; collapsible_all=&#8221;true&#8221;][vc_tta_section title=&#8221;L\u00e4\u00e4nemere Lionid (BSL) | Altair | Nordic Hotel Forum&#8221; tab_id=&#8221;1564489904253-0b9245ef-c14c&#8221; el_class=&#8221;leo-lions&#8221;][vc_column_text]<\/p>\n<table width=\"624\">\n<tbody>\n<tr>\n<td width=\"102\">Kuup\u00e4ev<\/td>\n<td width=\"522\">Thursday, October 3<\/td>\n<\/tr>\n<tr>\n<td>Aeg<\/td>\n<td width=\"522\">14:00 &#8211; 18:00<\/td>\n<\/tr>\n<tr>\n<td>Pealkiri<\/td>\n<td width=\"522\">L\u00e4\u00e4nemere Lionid (BSL)<\/td>\n<\/tr>\n<tr>\n<td>Asukoht<\/td>\n<td width=\"522\">Nordic Hotel Forum &#8211; Altair<\/td>\n<\/tr>\n<tr>\n<td>Sihtpublik<\/td>\n<td width=\"522\">L\u00e4\u00e4nemere Lionite esindajad ja kutsutud k\u00fclalised<\/td>\n<\/tr>\n<tr>\n<td>Esimees<\/td>\n<td width=\"522\">BSL president, PDG Sanna Siissalo<\/td>\n<\/tr>\n<tr>\n<td>Eesistuja aset\u00e4itja<\/td>\n<td width=\"522\">BSL asepresident Virginijus Jasaitis<\/td>\n<\/tr>\n<tr>\n<td>Esinejad<\/td>\n<td width=\"522\">BSL esindajad<\/td>\n<\/tr>\n<tr>\n<td>Kirjeldus<\/td>\n<td width=\"522\">L\u00e4\u00e4nemere Lionid on LCIde koost\u00f6\u00f6v\u00f5rgustik, mis tegutseb L\u00e4\u00e4nemere piirkonnas Selle v\u00f5rgustiku eesm\u00e4rgiks on \u00fchiste projektide h\u00f5lbustamine ja piiri\u00fclese s\u00f5pruse tugevdamine. Viimastel aastatel on L\u00e4\u00e4nemere vee kaitsmine olnud v\u00f5rgustiku \u00fcheks peamiseks huviks.<\/td>\n<\/tr>\n<\/tbody>\n<\/table>\n<p>[\/vc_column_text][\/vc_tta_section][\/vc_tta_accordion][vc_column_text]<span style=\"font-size: 18pt;\">15:00-17:00<\/span>[\/vc_column_text][vc_tta_accordion active_section=&#8221;&#8221; collapsible_all=&#8221;true&#8221;][vc_tta_section title=&#8221;Esinejad &amp; delegaatide suunamine | Vega | Nordic Hotel Forum&#8221; tab_id=&#8221;kollane3&#8243; el_class=&#8221;thematicmeetings&#8221;][vc_column_text]<\/p>\n<table width=\"624\">\n<tbody>\n<tr>\n<td width=\"102\">Kuup\u00e4ev<\/td>\n<td width=\"522\">Thursday, October 3<\/td>\n<\/tr>\n<tr>\n<td>Aeg<\/td>\n<td width=\"522\">15:00 &#8211; 17:00<\/td>\n<\/tr>\n<tr>\n<td>Pealkiri<\/td>\n<td width=\"522\">Esinejad &amp; delegaatide suunamine<\/td>\n<\/tr>\n<tr>\n<td>Asukoht<\/td>\n<td width=\"522\">Nordic Hotel Forum &#8211; Vega<\/td>\n<\/tr>\n<tr>\n<td>Sihtpublik<\/td>\n<td width=\"522\">K\u00f5ik t\u00f6\u00f6tubades esinejad<\/td>\n<\/tr>\n<tr>\n<td>Esimees<\/td>\n<td width=\"522\">DG M\u00e4rt Viileberg<\/td>\n<\/tr>\n<tr>\n<td>Eesistuja aset\u00e4itja<\/td>\n<td width=\"522\">Leo Karin K\u00fcnnapas<\/td>\n<\/tr>\n<tr>\n<td>Esinejad<\/td>\n<td width=\"522\">DG M\u00e4rt Viileberg, Leo Karin K\u00fcnnapas<\/td>\n<\/tr>\n<tr>\n<td>Kirjeldus<\/td>\n<td width=\"522\">\u00dchine kohtumine Lions EF 2019 t\u00f6\u00f6tubades ja seminaridel esinejatele. K\u00e4esolev sessioon tutvustab Maailma kohviku kontseptsiooni, k\u00f5iki tehnilisi detaile ja praktilisi aspekte.<\/td>\n<\/tr>\n<\/tbody>\n<\/table>\n<p>[\/vc_column_text][\/vc_tta_section][\/vc_tta_accordion][vc_column_text]<span style=\"font-size: 18pt;\">15:00-19:00<\/span>[\/vc_column_text][vc_tta_accordion active_section=&#8221;&#8221; collapsible_all=&#8221;true&#8221;][vc_tta_section title=&#8221;MD111 N\u00f5ukogu koosolek (kinnine istung) | Allegro | Sokos Hotel Viru&#8221; tab_id=&#8221;1564489999082-b78e3d3c-a0f3&#8243; el_class=&#8221;thematicmeetings&#8221;][vc_column_text]<\/p>\n<table width=\"624\">\n<tbody>\n<tr>\n<td width=\"102\">Kuup\u00e4ev<\/td>\n<td width=\"522\">Thursday, October 3<\/td>\n<\/tr>\n<tr>\n<td>Aeg<\/td>\n<td width=\"522\">15:00 &#8211; 19:00<\/td>\n<\/tr>\n<tr>\n<td>Pealkiri<\/td>\n<td width=\"522\">MD111 N\u00f5ukogu koosolek (kinnine istung)<\/td>\n<\/tr>\n<tr>\n<td>Asukoht<\/td>\n<td width=\"522\">Sokos Hotel Viru &#8211; Allegro<\/td>\n<\/tr>\n<tr>\n<td>Sihtpublik<\/td>\n<td width=\"522\">MD111 N\u00f5ukogu liikmed<\/td>\n<\/tr>\n<tr>\n<td>Esimees<\/td>\n<td width=\"522\">Lion Maximilian Schneider<\/td>\n<\/tr>\n<tr>\n<td>Esinejad<\/td>\n<td width=\"522\">Saksa piirkondikest juhtidest koosnev n\u00f5ukogu<\/td>\n<\/tr>\n<tr>\n<td>Kirjeldus<\/td>\n<td width=\"522\">Vastavalt n\u00f5ukogu ajakavale<\/td>\n<\/tr>\n<\/tbody>\n<\/table>\n<p>[\/vc_column_text][\/vc_tta_section][\/vc_tta_accordion][vc_column_text]<span style=\"font-size: 18pt;\">17:15-18:45<\/span>[\/vc_column_text][vc_tta_accordion active_section=&#8221;&#8221; collapsible_all=&#8221;true&#8221;][vc_tta_section title=&#8221;NSR CC juhatuse istung (kinnine istung) | Vega | Nordic Hotel Forum&#8221; tab_id=&#8221;kollane3&#8243; el_class=&#8221;internationalrelations&#8221;][vc_column_text]<\/p>\n<table style=\"height: 272px;\" width=\"624\">\n<tbody>\n<tr style=\"height: 24px;\">\n<td style=\"height: 24px; width: 101px;\">Kuup\u00e4ev<\/td>\n<td style=\"height: 24px; width: 507px;\">Thursday, October 3<\/td>\n<\/tr>\n<tr style=\"height: 24px;\">\n<td style=\"height: 24px; width: 101px;\">Aeg<\/td>\n<td style=\"height: 24px; width: 507px;\">17:15 &#8211; 18:45<\/td>\n<\/tr>\n<tr style=\"height: 24px;\">\n<td style=\"height: 24px; width: 101px;\">Pealkiri<\/td>\n<td style=\"height: 24px; width: 507px;\">NSR CC juhatuse istung (kinnine istung)<\/td>\n<\/tr>\n<tr style=\"height: 24px;\">\n<td style=\"height: 24px; width: 101px;\">Asukoht<\/td>\n<td style=\"height: 24px; width: 507px;\">Nordic Hotel Forum &#8211; Vega<\/td>\n<\/tr>\n<tr style=\"height: 48px;\">\n<td style=\"height: 48px; width: 101px;\">Sihtpublik<\/td>\n<td style=\"height: 48px; width: 507px;\">CCs, P\u00f5hjamaade IP, ID, ID kandidaadid, PIP, PID, GS, VCC ja NSR-OC (ja teised juhatuse poolt kutsutud k\u00fclalised)<\/td>\n<\/tr>\n<tr style=\"height: 24px;\">\n<td style=\"height: 24px; width: 101px;\"><\/td>\n<td style=\"height: 24px; width: 507px;\">CC Lisbeth Andreasen<\/td>\n<\/tr>\n<tr style=\"height: 48px;\">\n<td style=\"height: 48px; width: 101px;\">Eesistuja aset\u00e4itja<\/td>\n<td style=\"height: 48px; width: 507px;\">CC Aarne Kivioja<\/td>\n<\/tr>\n<tr style=\"height: 24px;\">\n<td style=\"height: 24px; width: 101px;\">Esinejad<\/td>\n<td style=\"height: 24px; width: 507px;\">CC members<\/td>\n<\/tr>\n<tr style=\"height: 48px;\">\n<td style=\"height: 32px; width: 101px;\">Kirjeldus<\/td>\n<td style=\"height: 32px; width: 507px;\">Vastavalt n\u00f5ukogu p\u00e4evaplaanile<\/td>\n<\/tr>\n<\/tbody>\n<\/table>\n<p>[\/vc_column_text][\/vc_tta_section][\/vc_tta_accordion][vc_column_text]<span style=\"font-size: 18pt;\">19:00-22:00<\/span>[\/vc_column_text][vc_tta_accordion active_section=&#8221;&#8221; collapsible_all=&#8221;true&#8221;][vc_tta_section title=&#8221;Heategevuslik<em> warm-up<\/em> pidu | Kultuurikatel&#8221; tab_id=&#8221;oranz2&#8243; el_class=&#8221;gat&#8221;][vc_column_text]<\/p>\n<table width=\"624\">\n<tbody>\n<tr>\n<td width=\"102\">Kuup\u00e4ev<\/td>\n<td width=\"522\">Thursday, October 3<\/td>\n<\/tr>\n<tr>\n<td>Aeg<\/td>\n<td width=\"522\">19:00-22:00<\/td>\n<\/tr>\n<tr>\n<td>Pealkiri<\/td>\n<td width=\"522\">Heategevuslik <em>warm-up<\/em> pidu<\/td>\n<\/tr>\n<tr>\n<td>Asukoht<\/td>\n<td width=\"522\">Kultuurikatel<\/td>\n<\/tr>\n<tr>\n<td>Sihtpublik<\/td>\n<td width=\"522\">Lionid, Leod, k\u00fclalised ja nende kaaslased<\/td>\n<\/tr>\n<tr>\n<td>V\u00f5\u00f5rustaja<\/td>\n<td width=\"522\">Lion Raivo Vilbaste<\/td>\n<\/tr>\n<tr>\n<td>\u00dcrituse juht<\/td>\n<td width=\"522\">Janek Reimal<\/td>\n<\/tr>\n<tr>\n<td>Tseremoonia juht<\/td>\n<td width=\"522\">Anu V\u00e4lba<\/td>\n<\/tr>\n<tr>\n<td>Kirjeldus<\/td>\n<td width=\"522\">Foorum algab neljap\u00e4eva, 3. oktoobri \u00f5htul heategevusliku warm-up peoga Tallinna Kultuurikatlas. Foorumil toimub selline s\u00fcndmus esimest korda. See on suurep\u00e4rane v\u00f5imalus kohtuda teiste lionite ja leodega vabas \u00f5hkkonnas ja veeta koos head aega. Lionite rahvusvaheline n\u00f5ukogu on ka kohal. Meie juht \u00f5htujuht kogu foorumi ajal on Anu V\u00e4lba. DJ ja b\u00e4nd Funkifize koos k\u00fclalislauljaga pakuvad teile meelelahutust ja panevad meid tantsima.<\/td>\n<\/tr>\n<\/tbody>\n<\/table>\n<p>[\/vc_column_text][\/vc_tta_section][\/vc_tta_accordion][\/vc_column][vc_column width=&#8221;1\/4&#8243;][vc_column_text css=&#8221;.vc_custom_1553070636392{padding-left: 15px !important;background-color: #d8d8d8 !important;border-radius: 1px !important;}&#8221;]<\/p>\n<h4><a href=\"https:\/\/www.europaforum2019.ee\/et\/thursday\/\"><span style=\"font-size: 10pt;\">Neljap\u00e4ev 10\/03\/2019<\/span><\/a><\/h4>\n<p>[\/vc_column_text][vc_column_text css=&#8221;.vc_custom_1553070683358{padding-left: 15px !important;background-color: #d8d8d8 !important;border-radius: 1px !important;}&#8221;]<\/p>\n<h4><a href=\"https:\/\/www.europaforum2019.ee\/et\/friday\/\"><span style=\"font-size: 10pt;\">Reede 10\/04\/2019<\/span><\/a><\/h4>\n<p>[\/vc_column_text][vc_column_text css=&#8221;.vc_custom_1553070710426{padding-left: 15px !important;background-color: #d8d8d8 !important;border-radius: 1px !important;}&#8221;]<\/p>\n<h4><a href=\"https:\/\/www.europaforum2019.ee\/et\/saturday\/\"><span style=\"font-size: 10pt;\">Laup\u00e4ev 10\/05\/2019<\/span><\/a><\/h4>\n<p>[\/vc_column_text][vc_column_text css=&#8221;.vc_custom_1553070732524{padding-left: 15px !important;background-color: #d8d8d8 !important;border-radius: 1px !important;}&#8221;]<\/p>\n<h4><a href=\"https:\/\/www.europaforum2019.ee\/et\/sunday\/\"><span style=\"font-size: 10pt;\">P\u00fchap\u00e4ev 10\/06\/2019<\/span><\/a><\/h4>\n<p>[\/vc_column_text][vc_empty_space][\/vc_column][\/vc_row][vc_row][vc_column width=&#8221;3\/4&#8243;][vc_empty_space height=&#8221;20px&#8221;][vc_column_text el_class=&#8221;colorcodes&#8221;]<\/p>\n<table style=\"height: 153px; width: 87.4909%; border-collapse: collapse;\" border=\"0\" cellpadding=\"5\">\n<tbody>\n<tr style=\"height: 25px; border: 0;\">\n<td style=\"width: 3.85714%; background-color: #00b0f0; height: 38px; border: 0px none;\"><\/td>\n<td style=\"width: 31.1886%; height: 38px; border: 0px none; padding-left: 5px;\"><span style=\"font-size: 10pt;\">Social &amp; Agora<\/span><\/td>\n<td style=\"width: 3.86685%; background-color: #ffff00; height: 38px; border: 0px none;\"><\/td>\n<td style=\"width: 33.6587%; height: 38px; border: 0px none; padding-left: 5px;\"><span style=\"font-size: 10pt;\">Translated Main Meetings<\/span><\/td>\n<\/tr>\n<tr style=\"height: 37px;\">\n<td style=\"width: 3.85714%; height: 39px; border: 0px none; background-color: #0070c0;\"><\/td>\n<td style=\"width: 31.1886%; height: 39px; border: 0px none; padding-left: 5px;\"><span style=\"font-size: 10pt;\">International Relations Mediterranean, Euro-Africa, Euro-Asia, UNO, EU Parliament, UN-EU and Lions\u2026, etc<\/span><\/td>\n<td style=\"width: 3.86685%; background-color: #ffc000; height: 39px; border: 0px none;\"><\/td>\n<td style=\"width: 33.6587%; height: 39px; border: 0px none; padding-left: 5px;\"><span style=\"font-size: 10pt;\">Activities Service &amp; humanitarian projects, fundraisers, LCIF, etc.<\/span><\/td>\n<\/tr>\n<tr style=\"height: 32px; border: 0;\">\n<td style=\"width: 3.85714%; background-color: #92d050; height: 39px; border: 0px none;\"><\/td>\n<td style=\"width: 31.1886%; height: 39px; border: 0px none; padding-left: 5px;\"><span style=\"font-size: 10pt;\">Youth &amp; YEC<\/span><\/td>\n<td style=\"width: 3.86685%; background-color: #c00000; height: 39px; border: 0px none;\"><\/td>\n<td style=\"width: 33.6587%; height: 39px; border: 0px none; padding-left: 5px;\"><span style=\"font-size: 10pt;\">Thomas Kuti Contest (Music Contest)<\/span><\/td>\n<\/tr>\n<tr style=\"height: 34px; border: 0;\">\n<td style=\"width: 3.85714%; background-color: #a6a6a6; height: 37px; border: 0px none;\"><\/td>\n<td style=\"width: 31.1886%; height: 37px; border: 0px none; padding-left: 5px;\"><span style=\"font-size: 10pt;\">Thematic meetings, including PR &amp; Communication<\/span><\/td>\n<\/tr>\n<\/tbody>\n<\/table>\n<p>[\/vc_column_text][vc_empty_space height=&#8221;20px&#8221;][\/vc_column][vc_column width=&#8221;1\/4&#8243; offset=&#8221;vc_hidden-xs&#8221;][\/vc_column][\/vc_row][vc_row][vc_column width=&#8221;3\/4&#8243; offset=&#8221;vc_hidden-lg vc_hidden-md vc_hidden-sm&#8221;][\/vc_column][vc_column width=&#8221;1\/4&#8243; offset=&#8221;vc_hidden-lg vc_hidden-md vc_hidden-sm&#8221;][\/vc_column][\/vc_row]<\/p>\n","protected":false},"excerpt":{"rendered":"<p>[vc_row][vc_column][\/vc_column][\/vc_row][vc_row][vc_column width=&#8221;3\/4&#8243;][vc_column_text css=&#8221;.vc_custom_1557582256848{padding-top: 20px !important;padding-bottom: 20px !important;}&#8221;] Neljap\u00e4ev 10\/03\/2019 Erinevate konverentsikeskuste ruume t\u00e4histavad j\u00e4rgmised nimed: Sokos Hotel Viru\u00a0 Allegro, Andante 1, Andante 2, Bolero, Duetto, Forte, Grande, Grande 1, Grande 1+2, Grande 2, Grande 3, Semi Nordic Hotel Forum Sirius, Capella, Arcturus, Vega, Altair, Miitsar [\/vc_column_text][vc_column_text]08:o0-09:00[\/vc_column_text][vc_tta_accordion active_section=&#8221;&#8221; collapsible_all=&#8221;true&#8221;][vc_tta_section title=&#8221;EF2019 j\u00e4relevalvekomitee koosolek (kinnine istung) | Vega [&hellip;]<\/p>\n","protected":false},"author":1,"featured_media":0,"parent":0,"menu_order":0,"comment_status":"closed","ping_status":"closed","template":"page-boxed.php","meta":[],"categories":[],"tags":[],"_links":{"self":[{"href":"https:\/\/www.europaforum2019.ee\/et\/wp-json\/wp\/v2\/pages\/7334"}],"collection":[{"href":"https:\/\/www.europaforum2019.ee\/et\/wp-json\/wp\/v2\/pages"}],"about":[{"href":"https:\/\/www.europaforum2019.ee\/et\/wp-json\/wp\/v2\/types\/page"}],"author":[{"embeddable":true,"href":"https:\/\/www.europaforum2019.ee\/et\/wp-json\/wp\/v2\/users\/1"}],"replies":[{"embeddable":true,"href":"https:\/\/www.europaforum2019.ee\/et\/wp-json\/wp\/v2\/comments?post=7334"}],"version-history":[{"count":12,"href":"https:\/\/www.europaforum2019.ee\/et\/wp-json\/wp\/v2\/pages\/7334\/revisions"}],"predecessor-version":[{"id":8090,"href":"https:\/\/www.europaforum2019.ee\/et\/wp-json\/wp\/v2\/pages\/7334\/revisions\/8090"}],"wp:attachment":[{"href":"https:\/\/www.europaforum2019.ee\/et\/wp-json\/wp\/v2\/media?parent=7334"}],"wp:term":[{"taxonomy":"category","embeddable":true,"href":"https:\/\/www.europaforum2019.ee\/et\/wp-json\/wp\/v2\/categories?post=7334"},{"taxonomy":"post_tag","embeddable":true,"href":"https:\/\/www.europaforum2019.ee\/et\/wp-json\/wp\/v2\/tags?post=7334"}],"curies":[{"name":"wp","href":"https:\/\/api.w.org\/{rel}","templated":true}]}}