{"id":6557,"date":"2019-06-12T20:26:46","date_gmt":"2019-06-12T20:26:46","guid":{"rendered":"https:\/\/www.europaforum2019.ee\/?page_id=6557"},"modified":"2019-07-30T16:39:48","modified_gmt":"2019-07-30T16:39:48","slug":"efpresidendi-poordumine","status":"publish","type":"page","link":"https:\/\/www.europaforum2019.ee\/et\/efpresidendi-poordumine\/","title":{"rendered":"EF presidendi p\u00f6\u00f6rdumine"},"content":{"rendered":"<p>[vc_row css=&#8221;.vc_custom_1528724670702{background-color: #f5f3f2 !important;}&#8221;][vc_column][vc_row_inner type=&#8221;boxed&#8221;][vc_column_inner][vc_column_text]<\/p>\n<h2><strong><span style=\"color: #3c64a4;\"><span style=\"font-size: 14pt;\">Hea Lion, Leo!<\/span><br \/>\n<\/span><\/strong><\/h2>\n<p><strong>Sellel s\u00fcgisel k\u00fclastab Eestit ligikaudu 1000 &#8211; 1200 Lions klubide liiget \u00fcle maailma. Nii suurt meie organisatsiooni \u00fcritust ei ole Eestis kunagi toimunud ja suure t\u00f5en\u00e4osusega ei toimu ka l\u00e4hiajal. Lions Euroopa Foorumile on v\u00e4ga oodatud k\u00f5ik Lionid, Leod ja kaaslased, sest programm on v\u00e4ga tiheda \u00fclesehitusega ja pakub midagi huvitavat iga\u00fchele. <\/strong><\/p>\n<p>Foorum algab <strong>neljap\u00e4eval, 3. oktoobri \u00f5htul<\/strong> soojenduspeoga Kultuurikatlas. Selline \u00f5htu toimub foorumil esmakordselt. See on hea v\u00f5imalus mitteametlikus \u00f5hkkonnas kohtuda teiste foorumist osav\u00f5tjatega ja veeta koos \u00fcks l\u00f5bus \u00f5htu. Kohal ka lions rahvusvaheline juhtkond.<\/p>\n<p><strong>Reedel, 4. oktoobril <\/strong>algab p\u00f5hiprogramm, mis sisaldab endas ettekandeid, arutelusid ja kohtumisi. Mida sellel p\u00e4eval oodata? Esmalt teeb ettekande tulevikutehnoloogiate valdkonna ekspert <strong>Kristjan Lepik<\/strong>, kes on \u00fcks \u00a0e-residentsuse projekti n\u00f5ustajatest ja talentide globaalse liikumise korraldaja. Esinemine toimub kell 9:00 &#8211; 9:30. Seej\u00e4rel on aeg asuda p\u00f5hiprogrammi kallale. Kogu foorumi programm koondub kolme peamise teema \u00fcmber. Esimeseks neist on <strong>keskkonnahoidlik ringmajandus <\/strong>ja sellele teeb sissejuhatuse Eesti Teaduste Akadeemia president <strong>professor Tarmo Soomere.<\/strong> Esinemine toimub kell 9:00 &#8211; 9:30.<\/p>\n<p>Eesti foorumil tahame v\u00f5imalikult palju soodustada <strong>omavahelisi m\u00f5ttevahetusi<\/strong>, seep\u00e4rast ei ole programmis v\u00e4ga palju ettekandeid vaid hoopis <strong><em>world cafe <\/em>laadseid arutelusid<\/strong>, kus k\u00f5ik osalejad saavad s\u00f5na sekka \u00f6elda. Teemasid t\u00e4psemalt tutvustatakse l\u00fchidalt iga sissejuhatava ettekande l\u00f5pus ja k\u00f5ik osalejad saavad seej\u00e4rel endale k\u00f5ige huvitavama t\u00f6\u00f6toa valida. N\u00e4iteks on ringmajanduse teemal arutelud <strong>Balti mere puhastusprojekt, maailmakoristus p\u00e4eva ja kliima kompensatsiooni teemadel<\/strong>. Arutelusid juhivad kas Lionid ja Leod v\u00f5i siis selle valdkonna eksperdid. Arutelud toimuvad laudkonniti ja eesm\u00e4rk on, et iga arutelu l\u00f5pus tehakse kokkuv\u00f5te peamistest m\u00f5tetest ja v\u00f5imalikest tegevustest, mille k\u00f5ik osalejad saavad endaga kaasa v\u00f5tta ja rakendada. Arutelud toimuvad kell 10:30 &#8211; 13:00.<\/p>\n<p>Samuti toimub uue osana programmis esmakordselt <strong>uustulijate t\u00f6\u00f6tuba.<\/strong> Selle eesm\u00e4rk on, et k\u00f5ik foorumil esmakordselt osalevad Lionid ja Leod kogunevad ja saavad rohkem teada foorumist, j\u00e4rgnevate p\u00e4evade kavadest ja l\u00f5busal viisil hakkavad omavahel suhtlema. T\u00f6\u00f6tuba toimub kell 10:30 &#8211; 13:00.<\/p>\n<p>Lisaks sellele saame k\u00f5ik osaleda l\u00e4bi Tallinna s\u00fcdalinna kulgevas<strong> Lions paraadil<\/strong> ja suursugusel <strong>avatseremoonial <\/strong>Alexela kontserdimajas. Muusikaline valik teemal Eesti Euroopas, meie tuntud heliloojate looming:: Arvo P\u00e4rt &#8211; Ukuaru Valss, Veljo Tormis &#8211; Eesti Ballaadid, Rein Rannap &#8211; Rockkantaat \u201cIlus maa\u201d \u00d5htujuhid Anu V\u00e4lba ja Urmas Vaino. Paraad algab kell 14:00 ja sellele j\u00e4rgnev avatseremoonia kell 16:00.<\/p>\n<p>\u00d5htul toimub Alexela kontserdimajas <strong>Eesti teemaline pidu<\/strong>, kus tutvustame k\u00f5igile kaugelt tulnud k\u00fclalistele mida head, maitsvat ja kaunist on meie riigil pakkuda. Muusika folkansamblilt Untsakad.<\/p>\n<p><strong>Laup\u00e4eval, 5. oktoobril <\/strong>alustame hommikut oma <strong>rahvusvahelise presidendiga kohtumisega.<\/strong> See on kell 9:00 &#8211; 10:30. Seej\u00e4rel j\u00e4tkame teise p\u00f5hiteemaga, milleks on <strong>Terve Noorsugu &#8211; Euroopa \u00fchiskonna alus<\/strong>. Esinemine toimub kell 11:00 &#8211; 11:30. Antud teema juhib sisse <strong>Dr Ott P\u00e4rna<\/strong>, kes on mitmek\u00fclgne \u00fchiskondlike algatuste eestvedaja ning samas ka tervisliku eluviisi harrastaja ja populariseerija. Arutelude teemadeks on \u00a0v\u00e4ga aktuaalsed t\u00f6\u00f6j\u00f5u tulevikutrendid ja noorte tervis, samuti diabeedikoerte projektid. Arutelud toimuvad kell 11:30 &#8211; 13:00.<\/p>\n<p>P\u00e4eva teises pooles liigume kolmanda p\u00f5hiteema juurde &#8211; <strong>E-Lion &#8211; Lions k\u00fcberlahendused<\/strong>. Antud teema eesm\u00e4rgiks on \u00f5ppida kuidas kiiresti muutuv tehnoloogiline maailm m\u00f5jutab meie igap\u00e4evast nii era- kui ka klubielu ning kuidas nende arengutega kaasa minna ja toime tulla. See teema algab sissejuhatava esinemisega e-Estonia ja k\u00fcberlahenduste teemal kell 14:00 &#8211; 14:30. J\u00e4rgnevad arutelud kell 14:30 &#8211; 16:00.<\/p>\n<p>Lisaks sellele toimuvad sel p\u00e4eval ka<strong> kogemuste jagamise seminarid<\/strong>, kus erinevate riikide Lionid ja Leod tutvustavad oma <strong>erinevaid heategevusprojekte<\/strong>. Nende ettekannetega antakse l\u00fchidalt \u00fclevaade kuidas toimus projektiks ettevalmistus, milliseid abivahendeid l\u00e4ks vaja ja kuidas projekt ellu viidi. Eesm\u00e4rgiks on, et projekti tutvustuse j\u00e4rel saavad osalejad kergesti teiste \u00f5nnestumisi \u00a0oma \u201ct\u00f6\u00f6riistakasti\u201d t\u00e4iendades kodus kopeerida. Seminarid toimuvad laup\u00e4eval, 5. oktoobril kell 16:00 &#8211; 17:00 ja p\u00fchap\u00e4eval, 6. oktoobril kell 9:30 &#8211; 10:30 ja 11:00 &#8211; 12:00.<\/p>\n<p>Sel \u00f5htul ootab meid foorumi k\u00f5ige pidulikum \u00f5htu &#8211; <strong>gala\u00f5htus\u00f6\u00f6k Lennusadamas<\/strong>. V\u00f5ime juba lubada, et see on \u00fcks maagiline \u00f5htu hea muusika, suurep\u00e4rase toidu ja unustamatu seltskonnaga. Ja kui sa ei ole veel kunagi allveelaev Lembitu all tantsinud, siis n\u00fc\u00fcd on see v\u00f5imalus. Tantsuks ansambel Swingers. Gala algab kell 19:00.<\/p>\n<p><strong>P\u00fchap\u00e4eval, 6. oktoobril <\/strong>j\u00e4tkub programm<strong> E-Lioni<\/strong> ja k\u00fcber teemadel. Hommikut alustavad Leod ettekandega \u00fcle-Euroopalisest keskkonna teemalisest projektist <strong>Leo4Green<\/strong>, et \u00f5petada kuidas on v\u00f5imalik korraldada suurt projekti \u00fcle Euroopa virtuaalse suhtluse abil. Ettekanne toimub kell 9:00 &#8211; 9:30. Seej\u00e4rel toimuvad praktilised t\u00f6\u00f6toad, kus saab \u00f5ppida kuidas Lions peamajast ja Euroopa Liidu fondidest saada toetust kohalike projektide l\u00e4biviimiseks, milliseid virtuaalseid t\u00f6\u00f6riistu kasutada klubielus ja projektide l\u00e4biviimiseks. Rahvusvahelised Leod tutvustavad, kuidas nad tegutsevad ning mida on teistel Leodel ja Lionitel neilt \u00f5ppida. Samuti toimuvad j\u00e4llegi ka kogemuste jagamise seminarid, et oma klubi tegevustesse uusi projektide ideid saada. T\u00f6\u00f6toad toimuvad kell 9:30 &#8211; 10:30 ja 11:00 &#8211; 12:00.<\/p>\n<p>P\u00e4eva l\u00f5petame foorumi <strong>l\u00f5putseremooniaga Alexela kontserdimajas<\/strong>. Anname \u00fcle kuni 12 diabeedikoerte koolituseks kogutud annetused. Muusikaline valik teemal Euroopa Eestis, tuntud heliloojate looming: J.S.Bach &#8211; Rasmus Puuri remix \u00dcENSO orkestriga, W.A.Mozart &#8211; Sander M\u00f6lderi remix, L.V.Beethoven &#8211; Tiit Kikas \u201cOod R\u00f5\u00f5mule\u201d. L\u00f5putseremoonia algab kell 14:00.<\/p>\n<p>Terve foorumi programm koos kellaaegadega on kodulehel k\u00e4ttesaadav juuli l\u00f5pus.<\/p>\n<p>Kokkuv\u00f5tteks, siin on <strong>viis peamist p\u00f5hjust <\/strong>miks k\u00f5ik Eesti Lionid ja Leod peaksid osalema Lions Euroopa Foorumil Tallinnas:<\/p>\n<ol>\n<li>Nii suurt rahvusvahelist Lions s\u00fcndmust ei ole kunagi Eestis toimunud<\/li>\n<li>V\u00f5imalus suhelda Lionite ja Leodega nii Eestist kui ka \u00fcle maailma<\/li>\n<li>\u00d5ppimisv\u00f5imalused ja kogemuste jagamine<\/li>\n<li>Uued ideed oma klubitegevusele<\/li>\n<li>L\u00f5busad peod huvitavates asukohtades<\/li>\n<\/ol>\n<p><strong>Rohkem infot leiad <\/strong><span style=\"color: #3c64a4;\"><strong><a style=\"color: #3c64a4;\" href=\"http:\/\/www.europaforum2019.ee\/\">www.europaforum2019.ee<\/a><\/strong><\/span><\/p>\n<p><span style=\"color: #3c64a4;\"><strong>Tule, l\u00f6\u00f6 kaasa nii abilisena, \u00fcritustel osalejana, toetajana!<\/strong><\/span><\/p>\n<p><span style=\"color: #3c64a4;\"><strong>BRONEERI JUBA T\u00c4NA oma kalendris 4-6. Oktoober 2019.<\/strong><\/span><\/p>\n<p><span style=\"color: #3c64a4;\"><strong>Kordumatu rahvusvaheline lionskogemus on meie oma \u00f5uel!<\/strong><\/span><\/p>\n<p>&nbsp;<\/p>\n<p style=\"text-align: left;\">PID Kalle Elster<span style=\"color: #f0f0f0;\">\u00a0 \u00a0 \u00a0 \u00a0 \u00a0 \u00a0 \u00a0 \u00a0 \u00a0 \u00a0 \u00a0 \u00a0 \u00a0 \u00a0 \u00a0 \u00a0 \u00a0 \u00a0 \u00a0 \u00a0 \u00a0 \u00a0 \u00a0 \u00a0 \u00a0 \u00a0 \u00a0 \u00a0 \u00a0 \u00a0 \u00a0 \u00a0 \u00a0 \u00a0 \u00a0 \u00a0 \u00a0 \u00a0 \u00a0 \u00a0 \u00a0 \u00a0 \u00a0 \u00a0 \u00a0 \u00a0 \u00a0 \u00a0 \u00a0 \u00a0 \u00a0 \u00a0 \u00a0 \u00a0 \u00a0 \u00a0 \u00a0 \u00a0<\/span>DG M\u00e4rt Viileberg<\/p>\n<p style=\"text-align: left;\">EF2019 President\u00a0 \u00a0 \u00a0 \u00a0 \u00a0 \u00a0 \u00a0 \u00a0 \u00a0 \u00a0 \u00a0 \u00a0 \u00a0 \u00a0 \u00a0 \u00a0 \u00a0 \u00a0 \u00a0 \u00a0 \u00a0 \u00a0 \u00a0 \u00a0 \u00a0 \u00a0 \u00a0 \u00a0 \u00a0 \u00a0 \u00a0 \u00a0 \u00a0 \u00a0 \u00a0 \u00a0 \u00a0 \u00a0 \u00a0 \u00a0 \u00a0 \u00a0 \u00a0 \u00a0 \u00a0 \u00a0 \u00a0 \u00a0 \u00a0 \u00a0 \u00a0 \u00a0 \u00a0 \u00a0 \u00a0EF2019 Programmi Direktor<\/p>\n<p style=\"text-align: left;\">LC Keila \u2013 SD120\u00a0 \u00a0 \u00a0 \u00a0 \u00a0 \u00a0 \u00a0 \u00a0 \u00a0 \u00a0 \u00a0 \u00a0 \u00a0 \u00a0 \u00a0 \u00a0 \u00a0 \u00a0 \u00a0 \u00a0 \u00a0 \u00a0 \u00a0 \u00a0 \u00a0 \u00a0 \u00a0 \u00a0 \u00a0 \u00a0 \u00a0 \u00a0 \u00a0 \u00a0 \u00a0 \u00a0 \u00a0 \u00a0 \u00a0 \u00a0 \u00a0 \u00a0 \u00a0 \u00a0 \u00a0 \u00a0 \u00a0 \u00a0 \u00a0 \u00a0 \u00a0 \u00a0 \u00a0 \u00a0 \u00a0 LC Tallinn RaM, SD120<\/p>\n<p>[\/vc_column_text][\/vc_column_inner][\/vc_row_inner][\/vc_column][\/vc_row][vc_row css=&#8221;.vc_custom_1528789133475{background-color: #fdc924 !important;}&#8221;][vc_column width=&#8221;1\/2&#8243;][\/vc_column][vc_column width=&#8221;1\/2&#8243;][\/vc_column][\/vc_row]<\/p>\n","protected":false},"excerpt":{"rendered":"<p>[vc_row css=&#8221;.vc_custom_1528724670702{background-color: #f5f3f2 !important;}&#8221;][vc_column][vc_row_inner type=&#8221;boxed&#8221;][vc_column_inner][vc_column_text] Hea Lion, Leo! Sellel s\u00fcgisel k\u00fclastab Eestit ligikaudu 1000 &#8211; 1200 Lions klubide liiget \u00fcle maailma. Nii suurt meie organisatsiooni \u00fcritust ei ole Eestis kunagi toimunud ja suure t\u00f5en\u00e4osusega ei toimu ka l\u00e4hiajal. Lions Euroopa Foorumile on v\u00e4ga oodatud k\u00f5ik Lionid, Leod ja kaaslased, sest programm on v\u00e4ga tiheda \u00fclesehitusega [&hellip;]<\/p>\n","protected":false},"author":2,"featured_media":0,"parent":0,"menu_order":0,"comment_status":"closed","ping_status":"closed","template":"page-full-width.php","meta":[],"categories":[],"tags":[],"_links":{"self":[{"href":"https:\/\/www.europaforum2019.ee\/et\/wp-json\/wp\/v2\/pages\/6557"}],"collection":[{"href":"https:\/\/www.europaforum2019.ee\/et\/wp-json\/wp\/v2\/pages"}],"about":[{"href":"https:\/\/www.europaforum2019.ee\/et\/wp-json\/wp\/v2\/types\/page"}],"author":[{"embeddable":true,"href":"https:\/\/www.europaforum2019.ee\/et\/wp-json\/wp\/v2\/users\/2"}],"replies":[{"embeddable":true,"href":"https:\/\/www.europaforum2019.ee\/et\/wp-json\/wp\/v2\/comments?post=6557"}],"version-history":[{"count":19,"href":"https:\/\/www.europaforum2019.ee\/et\/wp-json\/wp\/v2\/pages\/6557\/revisions"}],"predecessor-version":[{"id":6943,"href":"https:\/\/www.europaforum2019.ee\/et\/wp-json\/wp\/v2\/pages\/6557\/revisions\/6943"}],"wp:attachment":[{"href":"https:\/\/www.europaforum2019.ee\/et\/wp-json\/wp\/v2\/media?parent=6557"}],"wp:term":[{"taxonomy":"category","embeddable":true,"href":"https:\/\/www.europaforum2019.ee\/et\/wp-json\/wp\/v2\/categories?post=6557"},{"taxonomy":"post_tag","embeddable":true,"href":"https:\/\/www.europaforum2019.ee\/et\/wp-json\/wp\/v2\/tags?post=6557"}],"curies":[{"name":"wp","href":"https:\/\/api.w.org\/{rel}","templated":true}]}}