{"id":4575,"date":"2018-12-02T10:24:38","date_gmt":"2018-12-02T10:24:38","guid":{"rendered":"http:\/\/www.europaforum2019.ee\/?page_id=4575"},"modified":"2019-05-10T18:09:39","modified_gmt":"2019-05-10T18:09:39","slug":"kes-on-hupokoer","status":"publish","type":"page","link":"https:\/\/www.europaforum2019.ee\/et\/kes-on-hupokoer\/","title":{"rendered":"Kes on h\u00fcpokoer?"},"content":{"rendered":"<p><span style=\"font-size: 14pt;\"><strong><span style=\"color: #3c64a4;\">KES ON H\u00dcPOKOER?<\/span><\/strong><\/span><\/p>\n<p><img loading=\"lazy\" class=\"size-full wp-image-4541 alignright\" src=\"https:\/\/www.europaforum2019.ee\/wp-content\/uploads\/2018\/12\/koer-pisike.png\" alt=\"\" width=\"340\" height=\"230\" srcset=\"https:\/\/www.europaforum2019.ee\/wp-content\/uploads\/2018\/12\/koer-pisike.png 340w, https:\/\/www.europaforum2019.ee\/wp-content\/uploads\/2018\/12\/koer-pisike-300x203.png 300w\" sizes=\"(max-width: 340px) 100vw, 340px\" \/><\/p>\n<p>H\u00fcpokoer on spetsiaalse v\u00e4lja\u00f5ppe saanud koer, kes tunneb haistmismeele abil \u00e4ra inimese madala veresuhkru (h\u00fcpogl\u00fckeemia) ning annab talle sellest m\u00e4rku (markeerib). Selle, kuidas koer m\u00e4rku annab, valib omanik ise, kuid enamasti kasutatakse ninaga tonksamist v\u00f5i k\u00e4paga kraapimist. Kuna k\u00f5rge veresuhkur (h\u00fcpergl\u00fckeemia) ei ole nii ohtlik, kui madal, siis seda \u00e4ra tundma koera eraldi ei \u00f5petata. Hoolimata sellest hakkab enamus h\u00fcpokoeri ikkagi ka h\u00fcpergl\u00fckeemiat markeerima, kuna l\u00f5hn, mis organismis tekib nii \u00fche kui teise puhul, on sarnane. Hetkel teadaolevalt tunneb koer m\u00fcrkainete ehk ketokehade l\u00f5hna, mis h\u00fcpo- v\u00f5i h\u00fcpergl\u00fckeemiaga kaasnevad.<\/p>\n<p>Koerad on \u00f5petatud markeerima nii kaua, kuni inimene oma veresuhkruga midagi ette v\u00f5tab ja palub koeral t\u00f6\u00f6 l\u00f5petada. Vajalik on see selleks, et ei tekiks olukorda, kus h\u00fcpogl\u00fckeemiast n\u00f5rk ja segaduses olev inimene koera \u00e4ra saadab ning siis koomasse langeb. Kui selline asi peaks siiski juhtuma, on hea koer nii iseseisvaks probleemide lahendajaks treenitud, et ta l\u00e4heb teistelt pereliikmetelt v\u00f5i vajadusel ka mujalt abi otsima.<\/p>\n<p>Lisaks markeerimisele \u00f5petatakse h\u00fcpokoertele ka omanikule suhkrut sisaldava toidu v\u00f5i joogi toomist, et inimene saaks kiiresti veresuhkrut t\u00f5sta.<\/p>\n<p>&nbsp;<\/p>\n<p><strong><span style=\"color: #3c64a4; font-size: 14pt;\">MIS ON DIABEET?<\/span><br \/>\n<\/strong><\/p>\n<p>Diabeet ehk suhkruhaigus on krooniline ainevahetushaigus, mille puhul k\u00f5hun\u00e4\u00e4re ei tooda insuliini piisavalt v\u00f5i on selle m\u00f5ju puudulik v\u00f5i on insuliini tootmine organismis sootuks l\u00f5ppenud. Insuliin on aga vajalik organismi loomulikuks ainevahetuseks- selleks, et gl\u00fckoos saaks imenduda rakkudesse.<\/p>\n<p>Eestis on ligikaudu 4200\u00a01 t\u00fc\u00fcbi diabeeti p\u00f5devat inimest. (I + II t\u00fc\u00fcpi kokku on ca 70\u00a0000).<\/p>\n<p>Selleks, et diabeeti p\u00f5dev inimene saaks elada t\u00e4isv\u00e4\u00e4rtuslikku elu ning v\u00e4ltida veresuhkru k\u00f5ikumisega kaasnevaid t\u00fcsistusi, on vaja suhkrutase hoida v\u00f5imalikult stabiilsena.<\/p>\n<p>\u00dcheks heaks v\u00f5imaluseks veresuhkrutaset normis hoida on insuliinipumbaga integreeritud gl\u00fckoosij\u00e4lgimise s\u00fcsteem. Paraku on aga selliste seadmete ekraanile kuvatav veresuhkrn\u00e4it m\u00f5\u00f5detud nahaalusest koevedelikust ning seet\u00f5ttu v\u00e4ikese viibega, n\u00e4idates seda gl\u00fckoosisisaldust, mis oli veres 10-15 minutit tagasi. Hetkel teadaolev kiireim abiline veresuhkru taseme muutusest m\u00e4rku andma, on h\u00fcpokoer.<\/p>\n<p><strong><span style=\"color: #3c64a4;\">Tahad rohkem teada? Loe lisa:\u00a0 <a style=\"color: #3c64a4;\" href=\"https:\/\/www.europaforum2019.ee\/wp-content\/uploads\/2019\/05\/\u00c4rip\u00e4ev-29.04.2019-H\u00fcpokoer-aitab-diabeediga-toime-tulla.pdf\">\u00c4rip\u00e4ev 29.04.2019 H\u00fcpokoer aitab diabeediga toime tulla<\/a><\/span><\/strong><\/p>\n","protected":false},"excerpt":{"rendered":"<p>KES ON H\u00dcPOKOER? H\u00fcpokoer on spetsiaalse v\u00e4lja\u00f5ppe saanud koer, kes tunneb haistmismeele abil \u00e4ra inimese madala veresuhkru (h\u00fcpogl\u00fckeemia) ning annab talle sellest m\u00e4rku (markeerib). Selle, kuidas koer m\u00e4rku annab, valib omanik ise, kuid enamasti kasutatakse ninaga tonksamist v\u00f5i k\u00e4paga kraapimist. Kuna k\u00f5rge veresuhkur (h\u00fcpergl\u00fckeemia) ei ole nii ohtlik, kui madal, siis seda \u00e4ra tundma koera [&hellip;]<\/p>\n","protected":false},"author":2,"featured_media":0,"parent":0,"menu_order":0,"comment_status":"closed","ping_status":"closed","template":"","meta":[],"categories":[],"tags":[],"_links":{"self":[{"href":"https:\/\/www.europaforum2019.ee\/et\/wp-json\/wp\/v2\/pages\/4575"}],"collection":[{"href":"https:\/\/www.europaforum2019.ee\/et\/wp-json\/wp\/v2\/pages"}],"about":[{"href":"https:\/\/www.europaforum2019.ee\/et\/wp-json\/wp\/v2\/types\/page"}],"author":[{"embeddable":true,"href":"https:\/\/www.europaforum2019.ee\/et\/wp-json\/wp\/v2\/users\/2"}],"replies":[{"embeddable":true,"href":"https:\/\/www.europaforum2019.ee\/et\/wp-json\/wp\/v2\/comments?post=4575"}],"version-history":[{"count":4,"href":"https:\/\/www.europaforum2019.ee\/et\/wp-json\/wp\/v2\/pages\/4575\/revisions"}],"predecessor-version":[{"id":6280,"href":"https:\/\/www.europaforum2019.ee\/et\/wp-json\/wp\/v2\/pages\/4575\/revisions\/6280"}],"wp:attachment":[{"href":"https:\/\/www.europaforum2019.ee\/et\/wp-json\/wp\/v2\/media?parent=4575"}],"wp:term":[{"taxonomy":"category","embeddable":true,"href":"https:\/\/www.europaforum2019.ee\/et\/wp-json\/wp\/v2\/categories?post=4575"},{"taxonomy":"post_tag","embeddable":true,"href":"https:\/\/www.europaforum2019.ee\/et\/wp-json\/wp\/v2\/tags?post=4575"}],"curies":[{"name":"wp","href":"https:\/\/api.w.org\/{rel}","templated":true}]}}