{"id":4558,"date":"2018-12-02T09:39:19","date_gmt":"2018-12-02T09:39:19","guid":{"rendered":"http:\/\/www.europaforum2019.ee\/?page_id=4558"},"modified":"2019-08-04T07:40:38","modified_gmt":"2019-08-04T07:40:38","slug":"how_are_hypo_alert_-dogs_trained","status":"publish","type":"page","link":"https:\/\/www.europaforum2019.ee\/et\/how_are_hypo_alert_-dogs_trained\/","title":{"rendered":"Kuidas treenitakse h\u00fcpokoeri?"},"content":{"rendered":"<p>[vc_row][vc_column width=&#8221;1\/2&#8243;][vc_column_text]<span style=\"color: #3c64a4; font-size: 14pt;\"><strong>KUIDAS <span style=\"color: #3c64a4;\">TREENITAKSE<\/span> H\u00dcPOKOERI<span style=\"color: #3c64a4;\">?<\/span><\/strong><\/span><\/p>\n<p>Eestis korraldab h\u00fcpokoerte koolitust Eesti Laste ja Noorte Diabeedi \u00dching (www.lastediabeet.ee) . Koolitus toimub \u00fche aasta v\u00e4ltel moodulitena n\u00e4dalavahetustel umbes 2-kuuliste vahedega. Koos olles jagatakse kogemusi ning omandatakse vajalikud teoreetilised ning praktilised oskused kodus harjutamiseks. Moodulite vahepeal on \u00f5pilased pidevas \u00fchenduses koolitajatega.<\/p>\n<p>Koolitus koosneb laias laastus kolmest osast: baaskuulekus, et koer \u00fchiskonnas h\u00e4sti hakkama saaks ning omanikule keskenduks, teooria, et koeraomanik omandaks vajalikud teadmised oma koera parimaks pidamiseks ja sujuvaks kooseluks ning l\u00f5hnatreening spetsiifiliseks h\u00fcpokoera t\u00f6\u00f6ks.<\/p>\n<p>[\/vc_column_text][\/vc_column][vc_column width=&#8221;1\/2&#8243;][vc_video link=&#8221;https:\/\/www.youtube.com\/watch?v=NbtYBzKmhZI&#8221; align=&#8221;center&#8221;][\/vc_column][\/vc_row][vc_column][\/vc_column][vc_row][vc_column][vc_column_text]L\u00f5hna \u00f5petamiseks v\u00f5etakse diabeeti p\u00f5devalt inimeselt l\u00f5hnaproovid, mida tuleb steriilselt puhastes anumates s\u00fcgavk\u00fclmas s\u00e4ilitada. Kuna h\u00fcpol\u00f5hn ei ole koerale loomulik l\u00f5hn nagu n\u00e4iteks saaklooma l\u00f5hn, siis peab koolituse k\u00e4igus muutma selle l\u00f5hna preemiate abil maailma k\u00f5ige paremaks l\u00f5hnaks, et koer selle nimel n\u00f6 kasv\u00f5i l\u00e4bi seinte l\u00e4heks. Kui koerale on spetsiaalse treeninglaua abil \u00f5ige l\u00f5hn selgeks \u00f5petatud ning ta oskab ka juba markeerida, siis seotakse need kaks tegevust kokku ja peidetakse h\u00fcpol\u00f5hna proov diabeeti p\u00f5deva inimese riiete vahele.<\/p>\n<p>Kui koer h\u00fcpol\u00f5hna markeerib, saab ta suure kiituse ja preemia osaliseks. Enamasti premeeritakse h\u00fcpokoeri nende lemmikmaiustega ja suures koguses.<\/p>\n<p>Eestis on hetkel 4 atesteeritud ja t\u00f6\u00f6tavat h\u00fcpokoera. 6 koeral on k\u00f5ik t\u00f6\u00f6koera n\u00f5uded t\u00e4idetud ning piduliku vestide \u00fcleandmise ootel.<\/p>\n<p><span style=\"color: #3c64a4;\"><em>Videos toimub lapitreening. Madala veresuhkru ehk h\u00fcpol\u00f5hnaga marlilapp on peidetud omaniku riiete sisse ja koer tundes l\u00f5hna tuleb omanikku markeerima. Videos osalev ameerika staffordshire terjer Aiki on nii tubli, et hakkas oma omaniku heaks t\u00f6\u00f6le juba pool aastat peale treeningu alustamist.<\/em><\/span>[\/vc_column_text][\/vc_column][\/vc_row][vc_row][vc_column width=&#8221;1\/2&#8243;][vc_column_text]<\/p>\n<p><span style=\"color: #3c64a4;\"><strong>Enne t\u00f6\u00f6, siis l\u00f5bu!<\/strong><\/span><\/p>\n<p>H\u00e4sti koolitatud h\u00fcpokoer oskab tuua veresuhkrut t\u00f5stva toiduaine. Enamasti toovad koerad omanikule v\u00e4ikse mahlapaki. Vaata videost Austraalia lambakoer Yamba treeningut. Koer j\u00e4tkab mahlapaki toomist hoolimata teisest koerast.[\/vc_column_text][\/vc_column][vc_column width=&#8221;1\/2&#8243;][vc_video link=&#8221;https:\/\/www.youtube.com\/watch?v=MHb3INsqX14&#8243; align=&#8221;right&#8221;][\/vc_column][\/vc_row][vc_row][vc_column width=&#8221;1\/2&#8243;][vc_column_text]Juuli keskel toimus <strong><span style=\"color: #3c64a4;\">Eesti h\u00fcpokoerte suvelaager<\/span><\/strong>. R\u00e4\u00e4giti inimese ja koera motivatsioonist, tehti l\u00f5hnatrenni ning harjutati koera juhtimist ja kontrollimist h\u00e4irijatega olukorras.<\/p>\n<p>R\u00f5\u00f5m oli t\u00f5deda, et meie toetusel atesteeritud koerad n\u00e4itasid j\u00e4tkuvalt k\u00f5rget taset. Koerad suutsid markeerida v\u00e4ga keerulises olukorras, \u00fcks koer markeeris ka v\u00f5\u00f5rast inimest.<\/p>\n<p>Video baaskuulekuse harjutustest:[\/vc_column_text][vc_column width=&#8221;1\/2&#8243;][\/vc_column][vc_column width=&#8221;1\/2&#8243;][vc_video link=&#8221;https:\/\/www.youtube.com\/watch?v=IU3SJcFgcp4&amp;fbclid=IwAR0QqqG2HelwyjE5moVP2q56Q5kGNsH_SZOoLzKCsuz1V3VeQZkvLaWYvm4&#8243; align=&#8221;center&#8221;][\/vc_column][\/vc_row]<\/p>\n","protected":false},"excerpt":{"rendered":"<p>[vc_row][vc_column width=&#8221;1\/2&#8243;][vc_column_text]KUIDAS TREENITAKSE H\u00dcPOKOERI? Eestis korraldab h\u00fcpokoerte koolitust Eesti Laste ja Noorte Diabeedi \u00dching (www.lastediabeet.ee) . Koolitus toimub \u00fche aasta v\u00e4ltel moodulitena n\u00e4dalavahetustel umbes 2-kuuliste vahedega. Koos olles jagatakse kogemusi ning omandatakse vajalikud teoreetilised ning praktilised oskused kodus harjutamiseks. Moodulite vahepeal on \u00f5pilased pidevas \u00fchenduses koolitajatega. Koolitus koosneb laias laastus kolmest osast: baaskuulekus, et koer [&hellip;]<\/p>\n","protected":false},"author":2,"featured_media":0,"parent":0,"menu_order":0,"comment_status":"closed","ping_status":"closed","template":"","meta":[],"categories":[],"tags":[],"_links":{"self":[{"href":"https:\/\/www.europaforum2019.ee\/et\/wp-json\/wp\/v2\/pages\/4558"}],"collection":[{"href":"https:\/\/www.europaforum2019.ee\/et\/wp-json\/wp\/v2\/pages"}],"about":[{"href":"https:\/\/www.europaforum2019.ee\/et\/wp-json\/wp\/v2\/types\/page"}],"author":[{"embeddable":true,"href":"https:\/\/www.europaforum2019.ee\/et\/wp-json\/wp\/v2\/users\/2"}],"replies":[{"embeddable":true,"href":"https:\/\/www.europaforum2019.ee\/et\/wp-json\/wp\/v2\/comments?post=4558"}],"version-history":[{"count":23,"href":"https:\/\/www.europaforum2019.ee\/et\/wp-json\/wp\/v2\/pages\/4558\/revisions"}],"predecessor-version":[{"id":7157,"href":"https:\/\/www.europaforum2019.ee\/et\/wp-json\/wp\/v2\/pages\/4558\/revisions\/7157"}],"wp:attachment":[{"href":"https:\/\/www.europaforum2019.ee\/et\/wp-json\/wp\/v2\/media?parent=4558"}],"wp:term":[{"taxonomy":"category","embeddable":true,"href":"https:\/\/www.europaforum2019.ee\/et\/wp-json\/wp\/v2\/categories?post=4558"},{"taxonomy":"post_tag","embeddable":true,"href":"https:\/\/www.europaforum2019.ee\/et\/wp-json\/wp\/v2\/tags?post=4558"}],"curies":[{"name":"wp","href":"https:\/\/api.w.org\/{rel}","templated":true}]}}