{"id":4409,"date":"2018-11-27T19:57:42","date_gmt":"2018-11-27T19:57:42","guid":{"rendered":"http:\/\/www.europaforum2019.ee\/?page_id=4409"},"modified":"2019-09-27T14:17:59","modified_gmt":"2019-09-27T14:17:59","slug":"vabatahtlikud","status":"publish","type":"page","link":"https:\/\/www.europaforum2019.ee\/et\/vabatahtlikud\/","title":{"rendered":"Vabatahtlikud"},"content":{"rendered":"<p>[vc_row][vc_column][\/vc_column][vc_column_text]<\/p>\n<h2 style=\"text-align: center;\"><span style=\"color: #3c64a4;\"><strong>SUUR T\u00c4NU <span style=\"color: #3c64a4;\">HEA INIMENE<\/span>, ET TULED MEILE VABATAHTLIKUNA APPI!<\/strong><\/span><\/h2>\n<p>[\/vc_column_text][vc_row css=&#8221;.vc_custom_1535095671911{background-image: url(https:\/\/www.europaforum2019.ee\/wp-content\/uploads\/2018\/08\/people-taust.jpg?id=470) !important;background-position: center !important;background-repeat: no-repeat !important;background-size: cover !important;}&#8221;][\/vc_row][vc_column][\/vc_column][vc_row el_class=&#8221;laius-people&#8221;][vc_column][vc_row_inner type=&#8221;boxed&#8221;][vc_column_inner][vc_column_text] Et aidata sul infomassis orienteeruda, koondame siia olulisima info sulle, kui oled v\u00f5tnud vabatahtliku abilise rolli:<\/p>\n<h2><span style=\"color: #3c64a4;\">Objektid ja sealse rolli ootused:<\/span><\/h2>\n<ul>\n<li><b><strong><span style=\"color: #3c64a4;\">TALLINNA LENNUJAAM\u00a0\u00a0\u00a0\u00a0\u00a0<\/span>\u00a0\u00a0\u00a0\u00a0\u00a0\u00a0\u00a0\u00a0\u00a0 <\/strong><\/b><\/li>\n<\/ul>\n<p><strong>Peamine funktsioon:<\/strong> Tallinna Lennujaamas saabuvate reisijate alas olevas EF2019 infolauas tervitada Tallinnasse saabuvaid Foorumi k\u00fclastajaid. Infolauad varustatakse ka infovoldikutega, mida k\u00fclalistele jagada. Muu info hulgas on selles voldikus ka QR-kood, millega on v\u00f5imalik foorumi v\u00e4ltel tasuta kasutada Tallinna \u00fchistransporti. Eesk\u00e4tt Viru hotellis ja Nordic Hotel Forum hotellis majutuvatele k\u00fclastajatele on hea soovitada lennujaamast hotelli j\u00f5udmiseks trammi. Tramm nr 4 v\u00e4ljub lennujaama \u00fchistranspordi terminali k\u00f5rvalt ning k\u00fclalistele v\u00f5ib \u00f6elda, et nad v\u00f5ivad minna \u00fcksk\u00f5ik millise trammi peale ning see liigub Hobujaama peatusesse, seal tuleb v\u00e4ljuda ning m\u00f5lemad hotellid on kohe n\u00e4htavad. Trammi tuleb siseneda esimesest (trammijuhi poolsest) uksest ning seal on vaja valideerida QR-kood.<\/p>\n<p>Muudes hotellides majutuvate k\u00fclaliste jaoks on m\u00f5istlik l\u00e4htuvalt hotelli asukohast soovitada ka taksot.<\/p>\n<p>K\u00fclalised, kes on tellinud transfeeri, tuleb suunata samuti lennujaamast v\u00e4ljuma l\u00e4bi \u00fchistranspordi terminali ning \u00f6elda, et transfeeri bussid v\u00e4ljuvad \u00fcle trammitee asuvast bussiparklast.<\/p>\n<p>Lisaks transpordile levitada ka infot, et alates 03.10 kell 9:00st on v\u00f5imalik Viru Hotelli II korruse konverentsikeskuses asuvas Foorumi registreerimislauas teha \u201ccheck-in\u201d Foorumile ning osaleja saab vastavalt tellitud paketile oma kaelakaardi ja v\u00f5i k\u00e4epaelad.<\/p>\n<ul>\n<li><span style=\"color: #3c64a4;\"><b><strong>TALLINNA SADAMA A JA D TERMINAL<\/strong><\/b><\/span><\/li>\n<\/ul>\n<p><strong>Peamine funktsioon:<\/strong> A terminalis terminalihoones ning D terminalis terminali k\u00f5rval \u00f5ues tervitada laevaga Tallinnasse saabuvaid Foorumi k\u00fclastajaid. Lisaks anda ka juhiseid, kuidas k\u00fclalised leiavad tee Viru ja Nordic Hotel Forum hotelli.<\/p>\n<p>Lisaks transpordile levitada ka infot, et alates 03.10 kell 9:00st on v\u00f5imalik Viru Hotelli II korruse konverentsikeskuses asuvas Foorumi registreerimislauas teha \u201ccheck-in\u201d Foorumile ning osaleja saab vastavalt tellitud paketile oma kaelakaardi ja v\u00f5i k\u00e4epaelad.<\/p>\n<ul>\n<li><span style=\"color: #3c64a4;\"><b><strong>NORDIC HOTEL FORUM<\/strong><\/b><\/span><\/li>\n<\/ul>\n<p><strong>Peamine funktsioon:<\/strong> Tervitada hotelli saabuvaid Foorumi k\u00fclastajaid ning jagada infot, et Foorumile \u201echeck-in\u201c saab teha alates 03.10 kell 09:00 Viru hotelli II korruse konverentsikeskuses asuvas registreerimislauas. Muuhulgas lisaks ka suunata inimesi II korrusele konverentsikeskusesse, kus toimuvad seminarid. Heaks abimeheks v\u00f5imalikele k\u00fcsimustele vastamisel on kindlasti <a href=\"https:\/\/www.europaforum2019.ee\/et\/program\/\">https:\/\/www.europaforum2019.ee\/et\/program\/<\/a> kus saab p\u00e4evade kaupa n\u00e4ha k\u00f5iki toimuvaid seminare ja sessioone ning iga sessiooni avades on n\u00e4ha ka toimumiskoht ja ruumi nimi. Teine hea abimees k\u00fcsimustele vastamisel on <a href=\"https:\/\/www.europaforum2019.ee\/et\/info2\/\">https:\/\/www.europaforum2019.ee\/et\/info2\/<\/a> kus on v\u00e4lja toodud peamine oluline informatsioon Foorumil osalejatele. Foorumi v\u00e4ltel avatud olev Agora ehk Exhibition area asub Viru Hotelli II korruse konverentsikeskuse fuajees.<\/p>\n<ul>\n<li><strong><span style=\"color: #3c64a4;\">L\u00d5UNAS\u00d6\u00d6GID<\/span><\/strong><\/li>\n<\/ul>\n<p><strong>Peamine funktsioon: <\/strong>Kontrollida l\u00f5unas\u00f6\u00f6gile minevate isikute \u00f5igust l\u00f5unas\u00f6\u00f6gile. Juhised kontrollimiseks on j\u00e4rgmised:<\/p>\n<p><strong>Nordic Hotel Forum:<\/strong><\/p>\n<ul>\n<li>03.10 \u2013 punane k\u00e4epael<\/li>\n<li>03.10-06.10 \u2013 valge kaelakaart<\/li>\n<\/ul>\n<p><strong>Viru Hotell:<\/strong><\/p>\n<ul>\n<li>04.10-06.10 \u2013 kollane kaelakaart<\/li>\n<li>04.10 \u2013 kollane k\u00e4epael<\/li>\n<li>05.10 \u2013 roheline k\u00e4epael<\/li>\n<li>06.10 \u2013 sinine k\u00e4epael<\/li>\n<\/ul>\n<p>Viru hotelli v\u00f5ib sattuda ka \u00fcksikuid valge kaelakaardiga osalejaid, nemad v\u00f5ib ka lubada Virusse l\u00f5unale<\/p>\n<ul>\n<li><span style=\"color: #3c64a4;\"><b><strong>ALEXELA KONTSERDIMAJA<\/strong><\/b><\/span><\/li>\n<\/ul>\n<p><strong>Peamine funktsioon: <\/strong><\/p>\n<ul>\n<li><strong>04.10<\/strong> Paraadilt saabuvad k\u00fclalised Alexela kontserdimajja ning sisenevad peasissep\u00e4\u00e4sust garderoobi. Treppidel tuleb kontrollida k\u00fclastajate kaelakaarte ja k\u00e4epaela veendumaks, et k\u00fclastajal on \u00f5igus minna kontserdisaali avatseremooniale ja sellele j\u00e4rgnevale <em>Host Night<\/em> peole. Sissep\u00e4\u00e4s on lubatud k\u00f5iki v\u00e4rvi kaelakaardi omanikel ning ilma kaelakaardita k\u00fclalistel, kellel on pruun k\u00e4epael<\/li>\n<li><strong>05.10<\/strong> Sissep\u00e4\u00e4s on lubatud k\u00f5iki v\u00e4rvi kaelakaardi omanikel ning ilma kaelakaardita k\u00fclalistel, kellel on hall k\u00e4epael<\/li>\n<li><strong>06.10<\/strong> Sissep\u00e4\u00e4s on lubatud k\u00f5iki v\u00e4rvi kaelakaardi omanikel ning ilma kaelakaardita k\u00fclalistel, kellel on roosa k\u00e4epael<\/li>\n<\/ul>\n<p><strong>Lisainfo kontserdisaalis istekohtade osas:<\/strong> kaelakaardi omanikel on istekohad kirjeldatud kaelakaardil. K\u00e4epaelaga \u00fche p\u00e4eva p\u00e4\u00e4sme soetanud k\u00fclastajatele saab infoks \u00f6elda, et nemad peavad endale ise istekoha valida esimesel r\u00f5dul<\/p>\n<ul>\n<li><span style=\"color: #3c64a4;\"><b><strong>RAEKODA<\/strong><\/b><\/span><\/li>\n<\/ul>\n<p><strong>Peamine funktsioon: <\/strong>tervitada Raekotta saabuvaid erik\u00fclalisi ning suunata neid sissep\u00e4\u00e4su juures \u00f5igesse kohta edasi liikuma. Peale vastuv\u00f5ttu kaasa v\u00f5tta roll-up banner ja liikuda Kultuurikatlasse<\/p>\n<ul>\n<li><span style=\"color: #3c64a4;\"><b><strong>KULTUURIKATEL<\/strong><\/b><\/span><\/li>\n<\/ul>\n<p><strong>Peamine funktsioon: <\/strong>tervitada <em>Warm-Up PArtyle<\/em> saabuvaid k\u00fclalisi ning kontrollida nende \u00f5igust osaleda antud \u00fcritusel. Sissep\u00e4\u00e4s on lubatud valge, kollase ja rohelise kaelakaardiga k\u00fclastajatel ja ilma kaelakaardita k\u00fclastajatel, kellel on oran\u017e k\u00e4epael.<\/p>\n<p>Kohapeal on v\u00f5imalik suunata ka ilma sissep\u00e4\u00e4su \u00f5iguseta k\u00fclastajad infolauda, kus nad saavad nii sularahas kui kaardimaksega osta endale peo pileti.<\/p>\n<ul>\n<li><span style=\"color: #3c64a4;\"><b><strong>PARAAD JA TRANSFEERID<\/strong><\/b><\/span><\/li>\n<\/ul>\n<p>Paraadi kogunemispunkt on Viru Hotelli Tammsaare pargi poolses servas, kus on \u00fcles pandud ka meie Piirkonna telk.<\/p>\n<p>T\u00e4psemad juhised vabatahtlikele paraadi osas korraldab PDG Vello Tamm, transfeeride osas Heiti Elster<\/p>\n<ul>\n<li><span style=\"color: #3c64a4;\"><b><strong>LENNUSADAM<\/strong><\/b><\/span><\/li>\n<\/ul>\n<p>Peamine funktsioon: tervitada Gala \u00f5htule saabuvaid k\u00fclalisi ning suunata neid sisenedes garderoobi ning sealt edasi. Lisaks kontrollida ka k\u00fclastajate \u00f5igust osaleda Galal. Sissep\u00e4\u00e4su \u00f5igus on valge, kollase ja rohelise kaelakaardiga k\u00fclastajatel ning ilma kaelakaardita k\u00fclastajatel, kellel on valge k\u00e4epael.<\/p>\n<ul>\n<li><span style=\"color: #3c64a4;\"><b><strong>VIRU HOTELL<\/strong><\/b><\/span><\/li>\n<\/ul>\n<p><strong>Peamine funktsioon: <\/strong>Viru hotelli esimesel korrusel olevas infoletis on peamine \u00fclesanne tervitada foorumile saabujaid ning jagada infot, et II korruse konverentsikeskuses olevas registreerimislauas saab alates 03.10 kell 09:00st teha \u201echeck-in\u201c foorumile ning sealt saab k\u00e4tte kogu materjalid. Lisaks foorumi v\u00e4ltel olla abiks inimeste transfeeridele suunamisel.<\/p>\n<p>3.10 ja 04.10 kuni 13:00ni palume vastavalt vajadusele vabatahtlikke appi ka II korruse konverentsikeskuses asuvasse registreerimislauda. Neljap\u00e4ev terve p\u00e4ev ja reede ennel\u00f5unane aeg on k\u00f5ige kiirem aeg k\u00fclaliste \u201echeck-in\u201c tegemisel ning sel ajal on abilisi tarvis registreerimislauda. T\u00e4psemad juhised seal toimetamisel antakse teile registreerimislauas staabivanemate Kaisa Jette S\u00e4rekanno ja Egert Klaas poolt.<\/p>\n<p>&nbsp;<\/p>\n<h2><span style=\"color: #3c64a4;\"><strong>Olulised \u00fcritused ja nende toimumisajad ning kohad:<\/strong><\/span><\/h2>\n<p><span style=\"color: #3c64a4;\"><strong>03.10<\/strong><\/span><\/p>\n<ul>\n<li><b><strong>Nordic Hotel Forum \u2013 Global Action Team seminar \/ terve p\u00e4eva v\u00e4ltel<\/strong><\/b><\/li>\n<\/ul>\n<ul>\n<li><b><strong>LRPC (Long Range Planning Committee) meeting 09:00-12:00 \/ NHF room VEGA<\/strong><\/b><\/li>\n<\/ul>\n<ul>\n<li><strong>Youth Exchange terve p\u00e4eva v\u00e4ltel \/ NHF room Capella<\/strong><\/li>\n<\/ul>\n<ul>\n<li><strong>Warm-Up Party \/ 19:00-22:00 Kultuurikatel<\/strong><\/li>\n<\/ul>\n<p><span style=\"color: #3c64a4;\"><strong>04.10<\/strong><\/span><\/p>\n<ul>\n<li><b><strong>Thomas Kuti Music Competition terve p\u00e4eva v\u00e4ltel \/ Eesti Muusika ja Teatri akadeemia<\/strong><\/b><\/li>\n<\/ul>\n<ul>\n<li><b><strong>Parade of Nations \/ algus 14:00 Viru hotelli k\u00f5rval Tammsaare pargis<\/strong><\/b><\/li>\n<\/ul>\n<ul>\n<li><strong>Opening Ceremony \/ 16:00-17:30 Alexela kontserdimaja<\/strong><\/li>\n<\/ul>\n<ul>\n<li><strong>Host Night \/ 17:30-20:30 Alexela kontserdimaja<\/strong><\/li>\n<\/ul>\n<p><span style=\"color: #3c64a4;\"><strong>05.10<\/strong><\/span><\/p>\n<ul>\n<li><b><strong>Meet your International President \/ 09:00-10:30 Alexela kontserdimaja<\/strong><\/b><\/li>\n<\/ul>\n<ul>\n<li><b><strong>European Council meeting I \/ 11:00-12:30 Alexela kontserdimaja<\/strong><\/b><\/li>\n<\/ul>\n<ul>\n<li><strong>European Council discussions \/ 16:00-17:00 \/ NHF room Arcturus<\/strong><\/li>\n<\/ul>\n<ul>\n<li><strong>Gala Night \/ 19:00-23:00 Lennusadam<\/strong><\/li>\n<\/ul>\n<p><span style=\"color: #3c64a4;\"><strong>06.10<\/strong><\/span><\/p>\n<ul>\n<li><b><strong>Meet your International Directors \/ 09:00-10:00 Alexela kontserdimaja<\/strong><\/b><\/li>\n<\/ul>\n<ul>\n<li><b><strong>European Council meeting II \/ 10:30-12:00 Alexela kontserdimaja<\/strong><\/b><\/li>\n<\/ul>\n<ul>\n<li><strong>Closing Ceremony \/ 13:30-15:00 Alexela kontserdimaja<\/strong><\/li>\n<\/ul>\n<p><strong>\u00a0<span style=\"color: #3c64a4;\">Veel olulisi infokilde, millele vastuseid l\u00e4heb sul kindlasti vaja leiad<span style=\"text-decoration: underline;\"> <a style=\"color: #3c64a4; text-decoration: underline;\" href=\"https:\/\/www.europaforum2019.ee\/et\/info2\/\">info lehelt!<\/a><\/span><\/span><\/strong><\/p>\n<p>[\/vc_column_text][\/vc_column_inner][\/vc_row_inner][\/vc_column][\/vc_row][vc_row css=&#8221;.vc_custom_1528789133475{background-color: #fdc924 !important;}&#8221;][vc_column][vc_row_inner type=&#8221;boxed&#8221; css=&#8221;.vc_custom_1535101334199{padding-bottom: 1em !important;}&#8221;][vc_column_inner][vc_column_text][\/vc_column_text][\/vc_column_inner][\/vc_row_inner][\/vc_column][\/vc_row]<\/p>\n","protected":false},"excerpt":{"rendered":"<p>[vc_row][vc_column][\/vc_column][vc_column_text] SUUR T\u00c4NU HEA INIMENE, ET TULED MEILE VABATAHTLIKUNA APPI! [\/vc_column_text][vc_row css=&#8221;.vc_custom_1535095671911{background-image: url(https:\/\/www.europaforum2019.ee\/wp-content\/uploads\/2018\/08\/people-taust.jpg?id=470) !important;background-position: center !important;background-repeat: no-repeat !important;background-size: cover !important;}&#8221;][\/vc_row][vc_column][\/vc_column][vc_row el_class=&#8221;laius-people&#8221;][vc_column][vc_row_inner type=&#8221;boxed&#8221;][vc_column_inner][vc_column_text] Et aidata sul infomassis orienteeruda, koondame siia olulisima info sulle, kui oled v\u00f5tnud vabatahtliku abilise rolli: Objektid ja sealse rolli ootused: TALLINNA LENNUJAAM\u00a0\u00a0\u00a0\u00a0\u00a0\u00a0\u00a0\u00a0\u00a0\u00a0\u00a0\u00a0\u00a0\u00a0 Peamine funktsioon: Tallinna Lennujaamas saabuvate reisijate alas olevas EF2019 infolauas [&hellip;]<\/p>\n","protected":false},"author":2,"featured_media":0,"parent":0,"menu_order":0,"comment_status":"closed","ping_status":"closed","template":"page-full-width.php","meta":[],"categories":[],"tags":[],"_links":{"self":[{"href":"https:\/\/www.europaforum2019.ee\/et\/wp-json\/wp\/v2\/pages\/4409"}],"collection":[{"href":"https:\/\/www.europaforum2019.ee\/et\/wp-json\/wp\/v2\/pages"}],"about":[{"href":"https:\/\/www.europaforum2019.ee\/et\/wp-json\/wp\/v2\/types\/page"}],"author":[{"embeddable":true,"href":"https:\/\/www.europaforum2019.ee\/et\/wp-json\/wp\/v2\/users\/2"}],"replies":[{"embeddable":true,"href":"https:\/\/www.europaforum2019.ee\/et\/wp-json\/wp\/v2\/comments?post=4409"}],"version-history":[{"count":32,"href":"https:\/\/www.europaforum2019.ee\/et\/wp-json\/wp\/v2\/pages\/4409\/revisions"}],"predecessor-version":[{"id":8563,"href":"https:\/\/www.europaforum2019.ee\/et\/wp-json\/wp\/v2\/pages\/4409\/revisions\/8563"}],"wp:attachment":[{"href":"https:\/\/www.europaforum2019.ee\/et\/wp-json\/wp\/v2\/media?parent=4409"}],"wp:term":[{"taxonomy":"category","embeddable":true,"href":"https:\/\/www.europaforum2019.ee\/et\/wp-json\/wp\/v2\/categories?post=4409"},{"taxonomy":"post_tag","embeddable":true,"href":"https:\/\/www.europaforum2019.ee\/et\/wp-json\/wp\/v2\/tags?post=4409"}],"curies":[{"name":"wp","href":"https:\/\/api.w.org\/{rel}","templated":true}]}}