{"id":4055,"date":"2018-11-10T11:23:21","date_gmt":"2018-11-10T11:23:21","guid":{"rendered":"http:\/\/www.europaforum2019.ee\/?page_id=4055"},"modified":"2019-04-06T20:53:40","modified_gmt":"2019-04-06T20:53:40","slug":"tule_toetajaks","status":"publish","type":"page","link":"https:\/\/www.europaforum2019.ee\/et\/tule_toetajaks\/","title":{"rendered":"Tule toetajaks!"},"content":{"rendered":"<p>[vc_row][vc_column][\/vc_column][vc_column_text]<\/p>\n<h2 style=\"text-align: center;\"><span style=\"color: #3c64a4;\"><strong>TULE PANE \u00d5LG ALLA!<\/strong><\/span><\/h2>\n<p>[\/vc_column_text][vc_row css=&#8221;.vc_custom_1535095671911{background-image: url(https:\/\/www.europaforum2019.ee\/wp-content\/uploads\/2018\/08\/people-taust.jpg?id=470) !important;background-position: center !important;background-repeat: no-repeat !important;background-size: cover !important;}&#8221;][\/vc_row][vc_column][\/vc_column][vc_row el_class=&#8221;laius-people&#8221;][vc_column][vc_row_inner type=&#8221;boxed&#8221;][vc_column_inner][vc_column_text]<span style=\"color: #3c64a4;\"><strong>2019 oktoobris Tallinnas peetaval Lions Europa Foorumil on korraldajatel kaks\u00a0 eesm\u00e4rki: <\/strong><\/span><\/p>\n<ol>\n<li>kutsuda Tallinna v\u00f5imalikult suur lionite kogukond\u00a0 (rohkem kui\u00a01 000), tutvustada neile\u00a0Tallinna ja leida \u00fcheskoos v\u00e4rskeid ideid kuidas\u00a0 viia lionite liikumine Euroopas uuele tasemele.<\/li>\n<li>levitada Eestis s\u00f5numit: heategu algab v\u00e4ikestest asjadest, iga\u00fcks saab panustada!<\/li>\n<\/ol>\n<p><span style=\"text-decoration: underline;\"><span style=\"color: #3c64a4; text-decoration: underline;\"><a style=\"color: #3c64a4; text-decoration: underline;\" href=\"https:\/\/www.europaforum2019.ee\/et\/general-program-and-premises\/\">\u00dcldisema plaani<\/a><\/span><\/span> ja <span style=\"text-decoration: underline;\"><span style=\"color: #3c64a4; text-decoration: underline;\"><a style=\"color: #3c64a4; text-decoration: underline;\" href=\"https:\/\/www.europaforum2019.ee\/et\/tapne-ajakava\/\">t\u00e4psema ajakava<\/a><\/span><\/span> leiad siitsamast veebist alajaotusest &#8220;<span style=\"text-decoration: underline;\"><span style=\"color: #3c64a4; text-decoration: underline;\"><a style=\"color: #3c64a4; text-decoration: underline;\" href=\"https:\/\/www.europaforum2019.ee\/et\/whats-up\/\">mis toimub<\/a><\/span><\/span>&#8221; ja foorumi toetatava heoteoprojekti info alajaotusest &#8220;<a href=\"https:\/\/www.europaforum2019.ee\/et\/we-serve\/\"><span style=\"text-decoration: underline;\">abistame<\/span><\/a>&#8220;. Ametliku p\u00f6\u00f6rdumise toetajatele leiad siit: <span style=\"text-decoration: underline;\"><a href=\"https:\/\/www.europaforum2019.ee\/wp-content\/uploads\/2019\/01\/Lions-EF-2019-p\u00f6\u00f6rdumine-toetajatele.pdf\">Lions EF 2019 p\u00f6\u00f6rdumine toetajatele<\/a>.<\/span><\/p>\n<p>Kui eesm\u00e4rk k\u00f5netab ka Sind, siis tule kampa ja pane \u00f5lg alla\u00a0 l\u00e4bi aegade parima Lions foorumi\u00a0 \u00f5nnestumisele!<\/p>\n<p>Vali endale sobiv pakett:<\/p>\n<p>1.\u00a0<span style=\"color: #3c64a4;\"><strong>Toetajal\u00f5vi (Supporter Lion) &#8211; alates 500\u20ac<\/strong><\/span><br \/>\nVaba p\u00e4\u00e4se 1-le inimesele foorumile koos l\u00f5unas\u00f6\u00f6kidega 4-6. okt. Sokos Hotel Virus<br \/>\nWarm-up \u00f5htule\u00a0 Kultuurikatlasse 3. okt.<\/p>\n<p>2.\u00a0<span style=\"color: #3c64a4;\"><strong>H\u00f5bel\u00f5vi (Silver Lion) \u2013\u00a0 alates 1 000\u20ac<\/strong><\/span><br \/>\nVaba p\u00e4\u00e4se\u00a0 1-le inimesele foorumile koos l\u00f5unas\u00f6\u00f6kidega 4-6. okt. Sokos Hotel Virus<br \/>\nWarm-up \u00f5htule\u00a0 Kultuurikatlasse 3. okt<br \/>\nKutse 2-le Gala \u00f5htule Lennusadamasse 5. okt.<br \/>\nN\u00e4htav foorumi kodulehel (kokkuleppel)<\/p>\n<p>3.\u00a0<strong><span style=\"color: #3c64a4;\">Kuldl\u00f5vi (Gold Lion) \u2013 alates 5 000\u20ac<\/span><\/strong><br \/>\nkutse 2le inimesele erik\u00fclaliste vastuv\u00f5tule 3. okt (Raekoda, restoran Korsten)<br \/>\nkutse 2le Gala \u00f5htule Lennusadamasse 5. okt.<br \/>\nVaba p\u00e4\u00e4se 2le inimesele foorumile koos l\u00f5unas\u00f6\u00f6kidega 4-6. okt.Nordic Hotel Forumis<br \/>\nVIP istekohad avamisel, l\u00f5petamisel, kutsetega s\u00fcndmustel<br \/>\nGalal v\u00f5i l\u00f5petamisel tunnustamine (kokkuleppel)<br \/>\nN\u00e4htav tr\u00fckistel ja kodulehel (kokkuleppel)<\/p>\n<p>4.\u00a0 <strong><span style=\"color: #3c64a4;\">Plaatinal\u00f5vi (Platinum Lion) \u2013\u00a0 alates 10 000\u20ac<\/span><\/strong><br \/>\nKutse 2le inimesele erik\u00fclaliste vastuv\u00f5tule 3. okt (Raekoda, restoran Korsten)<br \/>\nKutse 2le Gala \u00f5htule Lennusadamasse 5. okt.<br \/>\nVaba p\u00e4\u00e4se 2le inimesele\u00a0foorumile koos l\u00f5unas\u00f6\u00f6kidega 4-6. okt. Nordic Hotel Forumis<br \/>\nVIP istekohad 2le avamisel, l\u00f5petamisel, kutsetega s\u00fcndmustel<br \/>\nGalal v\u00f5i l\u00f5petamisel\u00a0 tunnustamine (kokkuleppel)<br \/>\nN\u00e4htav tr\u00fckistel, kodulehel (kokkuleppel)<br \/>\nV\u00f5imalus oma toodangu tutvustamiseks (Agora, lingid kodulehel, foorumi \u00a0ruumides)<br \/>\nLisakokkulepped vastavalt v\u00f5imalustele<\/p>\n<p>Avalik tunnustamine kokkuleppel toetajaga.<br \/>\nJuriidilisel isikule pakume reklaamilepingut. Teenusele lisandub k\u00e4ibemaks<br \/>\nF\u00fc\u00fcsilise isikuna annetades on tulumaksusoodustus.<\/p>\n<p><strong><span style=\"color: #3c64a4;\">Kui kaalud v\u00f5imalust toetada, v\u00f5ta \u00fchendust <a href=\"mailto:kalle.elster@lions.ee\">kalle.elster@lions.ee<\/a>\u00a0v\u00f5i telefonil <a href=\"telto:+372 504 8865\">+372 504 8865<\/a>,\u00a0lepime kokku Sulle k\u00f5ige sobimava lahenduse!<\/span><\/strong><\/p>\n<p>V\u00e4ljaprintimiseks sobilikul kujul toetuspaketid on siin: <span style=\"text-decoration: underline;\"><a href=\"https:\/\/www.europaforum2019.ee\/wp-content\/uploads\/2019\/01\/Lions-Euroopa-Foorum-2019-toetuspaketid.pdf\">Lions Euroopa Foorum 2019 toetuspaketid<\/a>.<\/span><\/p>\n<p><span style=\"color: #3c64a4;\">Toetamiseks arvelduskonto<\/span>: Lions EF2019 MT\u00dc, EE721010220255293225[\/vc_column_text][\/vc_column_inner][\/vc_row_inner][\/vc_column][\/vc_row][vc_row css=&#8221;.vc_custom_1528789133475{background-color: #fdc924 !important;}&#8221;][vc_column][\/vc_column][\/vc_row]<\/p>\n","protected":false},"excerpt":{"rendered":"<p>[vc_row][vc_column][\/vc_column][vc_column_text] TULE PANE \u00d5LG ALLA! [\/vc_column_text][vc_row css=&#8221;.vc_custom_1535095671911{background-image: url(https:\/\/www.europaforum2019.ee\/wp-content\/uploads\/2018\/08\/people-taust.jpg?id=470) !important;background-position: center !important;background-repeat: no-repeat !important;background-size: cover !important;}&#8221;][\/vc_row][vc_column][\/vc_column][vc_row el_class=&#8221;laius-people&#8221;][vc_column][vc_row_inner type=&#8221;boxed&#8221;][vc_column_inner][vc_column_text]2019 oktoobris Tallinnas peetaval Lions Europa Foorumil on korraldajatel kaks\u00a0 eesm\u00e4rki: kutsuda Tallinna v\u00f5imalikult suur lionite kogukond\u00a0 (rohkem kui\u00a01 000), tutvustada neile\u00a0Tallinna ja leida \u00fcheskoos v\u00e4rskeid ideid kuidas\u00a0 viia lionite liikumine Euroopas uuele tasemele. levitada Eestis s\u00f5numit: heategu algab [&hellip;]<\/p>\n","protected":false},"author":2,"featured_media":0,"parent":0,"menu_order":0,"comment_status":"closed","ping_status":"closed","template":"page-full-width.php","meta":[],"categories":[],"tags":[],"_links":{"self":[{"href":"https:\/\/www.europaforum2019.ee\/et\/wp-json\/wp\/v2\/pages\/4055"}],"collection":[{"href":"https:\/\/www.europaforum2019.ee\/et\/wp-json\/wp\/v2\/pages"}],"about":[{"href":"https:\/\/www.europaforum2019.ee\/et\/wp-json\/wp\/v2\/types\/page"}],"author":[{"embeddable":true,"href":"https:\/\/www.europaforum2019.ee\/et\/wp-json\/wp\/v2\/users\/2"}],"replies":[{"embeddable":true,"href":"https:\/\/www.europaforum2019.ee\/et\/wp-json\/wp\/v2\/comments?post=4055"}],"version-history":[{"count":20,"href":"https:\/\/www.europaforum2019.ee\/et\/wp-json\/wp\/v2\/pages\/4055\/revisions"}],"predecessor-version":[{"id":5687,"href":"https:\/\/www.europaforum2019.ee\/et\/wp-json\/wp\/v2\/pages\/4055\/revisions\/5687"}],"wp:attachment":[{"href":"https:\/\/www.europaforum2019.ee\/et\/wp-json\/wp\/v2\/media?parent=4055"}],"wp:term":[{"taxonomy":"category","embeddable":true,"href":"https:\/\/www.europaforum2019.ee\/et\/wp-json\/wp\/v2\/categories?post=4055"},{"taxonomy":"post_tag","embeddable":true,"href":"https:\/\/www.europaforum2019.ee\/et\/wp-json\/wp\/v2\/tags?post=4055"}],"curies":[{"name":"wp","href":"https:\/\/api.w.org\/{rel}","templated":true}]}}