{"id":3403,"date":"2018-10-21T19:47:07","date_gmt":"2018-10-21T19:47:07","guid":{"rendered":"http:\/\/www.europaforum2019.ee\/?page_id=3403"},"modified":"2019-09-21T16:28:59","modified_gmt":"2019-09-21T16:28:59","slug":"info","status":"publish","type":"page","link":"https:\/\/www.europaforum2019.ee\/et\/info\/","title":{"rendered":"Info"},"content":{"rendered":"<p>[vc_row css=&#8221;.vc_custom_1528972718435{background-image: url(https:\/\/www.europaforum2019.ee\/wp-content\/uploads\/2018\/06\/inimesed2.jpg?id=134) !important;background-position: center !important;background-repeat: no-repeat !important;background-size: cover !important;}&#8221;][vc_column][vc_single_image image=&#8221;4316&#8243; img_size=&#8221;full&#8221; alignment=&#8221;right&#8221; el_class=&#8221;header-pilt&#8221;][\/vc_column][\/vc_row][vc_row css=&#8221;.vc_custom_1528724670702{background-color: #f5f3f2 !important;}&#8221;][vc_column][vc_row_inner type=&#8221;boxed&#8221;][vc_column_inner][vc_column_text]<strong><span style=\"color: #3c64a4;\">RAHVUSVAHELINE LIONS KLUBI\u00a0(LCI)<\/span><\/strong><\/p>\n<p>LCI on maailma suurim heategevusorganisatsioon.<br \/>\nMeil on 48 000 klubi ja 1.5 miljonit liiget.<\/p>\n<p><strong><span style=\"color: #3c64a4;\">LIONITE RAHVUSVAHELINE PRESIDENT ON DR JUNG-YUL CHOI<\/span><\/strong><\/p>\n<p>tema iseloomustab lioneid nii: &#8220;<span class=\"tlid-translation translation\" lang=\"et\"><span title=\"\">Iga\u00fcks meie 1,4 miljonist liikmest on erinev.<\/span> <span title=\"\">Just mitmekesisus muudab meid tugevaks. Meie mitmekesisus muudab<\/span><span title=\"\"> meid suurep\u00e4raseks.<\/span> Mitmekesisus<span class=\"\" title=\"\"> teeb meist Lionid.&#8221;<\/span><\/span><\/p>\n<p>Pikemalt Dr Choi aasta eesm\u00e4rkidest ja teemadest saab lugeda <span style=\"color: #3c64a4;\"><a style=\"color: #3c64a4;\" href=\"https:\/\/www.lionsclubs.org\/en\/discover-our-clubs\/presidential-theme\">siit.<\/a><\/span><\/p>\n<p><strong><span style=\"color: #3c64a4;\">LIONSKLUBIDE RAHVUSVAHELINE FOND (LCIF)<\/span> <\/strong><\/p>\n<p>Iga p\u00e4ev LCIF toimib, et t\u00e4ita oma missiooni: \u201cToetada lionsklubide ja partnerite pingutusi kogukondade\u00a0abistamisel nii lokaalselt kui globaalselt, pakkudes toetust ja m\u00f5jutades elusid l\u00e4bi heategevusprojektide ning grantide.\u201d<\/p>\n<p>Alates fondi loomisest 1968 aastal, on see p\u00fc\u00fcelnud lionite heategevuseesm\u00e4rkide hoidmisele \u00fcle terve maailma, pakkudes 13\u00a0000 granti, enam kui 1 miljardi USD eest neljas valdkonnas: silman\u00e4gemine, noored, abi katastroofide korral ja teiste heategevusettev\u00f5tmiste vallas.<\/p>\n<p><strong><span style=\"color: #3c64a4;\">N\u00e4gemine.\u00a0<\/span><\/strong>LCIF pakub\u00a0toetuss\u00fcsteemi neile, kes v\u00f5itlevad silmahaigustega, loovad infrastruktuure, et parandada silmahaiguste avastamist, edendada silman\u00e4gemise kontrolli, t\u00e4iendkoolitades silmaarste ning muutes silman\u00e4gemise eest hoolitsemise \u00f5iglasemaks ja j\u00e4tkusuutlikumaks.<\/p>\n<p><span style=\"color: #3c64a4;\"><strong>Toetame noori.<\/strong><\/span> K\u00f5ik noored inimesed v\u00e4\u00e4rivad haridust, v\u00e4\u00e4rivad hoituse tunnet ning tervet arengut nii, et neil oleks v\u00f5imalik oma unistusi teostada. L\u00e4bi meie positiivse noorte arenguprogrammi &#8211; Lions Quest, aitab LCIF lastel \u00f5ppida koost\u00f6\u00f6d, vastu v\u00f5tta positiivseid otsuseid ning teenida oma kogukondi. Fond toetab ka noori l\u00e4bi koolide, noortekeskuste ja huvihariduskeskuste.<\/p>\n<p><strong><span style=\"color: #3c64a4;\">Abi katastroofi kolletes.\u00a0<\/span><\/strong>Lionid on v\u00e4ga sageli esimesed, kes saabuvad katastroofi kohta, et pakkuda abi ja Fondi toetus on see, mis neid omakorda selles aitab. Me aitame laastatud kogukondadel ellu j\u00e4\u00e4da ning sisendame neile lootust, assisteerides nende pika-ajalisi pingutusi oma kodu ja elude taas \u00fclesehitusel.<\/p>\n<p>Me toetame humaanseid vajadusi. Tegutseme tervise teemadega nagu sarlakid ja diabeet, et j\u00f5ustada neid, kel on m\u00f5ni puue, nii et nad saaksid elada s\u00f5ltumatumat ja rahuldustpakkuvamat elu. LCIF on p\u00fchendunud paljudele heategevusprojektidele. Fond j\u00e4tkab programmide arendamist ja laiendamist, mis vastavad \u00fcleskerkivatele \u00fclemaailmsetele vajadustele.<\/p>\n<p>T\u00e4psemalt allj\u00e4rgnevatel linkidel:<\/p>\n<ul>\n<li><span style=\"color: #3c64a4;\"><a style=\"color: #3c64a4;\" href=\"http:\/\/www.lions.ee\">Lions.ee<\/a><\/span><\/li>\n<li><span style=\"color: #3c64a4;\"><a style=\"color: #3c64a4;\" href=\"http:\/\/www.lionsclubs.org\/EN\/index.php\">Lions Clubs International<\/a><\/span><\/li>\n<li><span style=\"color: #3c64a4;\"><a style=\"color: #3c64a4;\" href=\"http:\/\/www.lcif.org\/EN\/index.php\">Lions Clubs International Foundation<\/a><\/span><\/li>\n<li><span style=\"color: #3c64a4;\"><a style=\"color: #3c64a4;\" href=\"http:\/\/lions100.lionsclubs.org\/EN\/\">Lions 100<\/a><\/span><\/li>\n<li><span style=\"color: #3c64a4;\"><a style=\"color: #3c64a4;\" href=\"https:\/\/www.europaforum2019.ee\/wp-content\/uploads\/2019\/02\/Rules-of-procedures-EF.pdf\">Rules of procedures Europa Forum <span style=\"font-size: 10pt;\">2019 version<\/span><\/a><\/span><\/li>\n<li><span style=\"color: #3c64a4;\"><a style=\"color: #3c64a4;\" href=\"https:\/\/www.europaforum2019.ee\/wp-content\/uploads\/2018\/09\/List-of-Europa-Forums.pdf\">List of Europa Forums<\/a><\/span><\/li>\n<li><a href=\"https:\/\/www.europaforum2019.ee\/wp-content\/uploads\/2018\/06\/History-of-the-Europa-Forum.pdf\"><span style=\"color: #3c64a4;\">History of the Europa Forum<\/span><\/a><\/li>\n<\/ul>\n<p>[\/vc_column_text][\/vc_column_inner][\/vc_row_inner][\/vc_column][\/vc_row]<\/p>\n","protected":false},"excerpt":{"rendered":"<p>[vc_row css=&#8221;.vc_custom_1528972718435{background-image: url(https:\/\/www.europaforum2019.ee\/wp-content\/uploads\/2018\/06\/inimesed2.jpg?id=134) !important;background-position: center !important;background-repeat: no-repeat !important;background-size: cover !important;}&#8221;][vc_column][vc_single_image image=&#8221;4316&#8243; img_size=&#8221;full&#8221; alignment=&#8221;right&#8221; el_class=&#8221;header-pilt&#8221;][\/vc_column][\/vc_row][vc_row css=&#8221;.vc_custom_1528724670702{background-color: #f5f3f2 !important;}&#8221;][vc_column][vc_row_inner type=&#8221;boxed&#8221;][vc_column_inner][vc_column_text]RAHVUSVAHELINE LIONS KLUBI\u00a0(LCI) LCI on maailma suurim heategevusorganisatsioon. Meil on 48 000 klubi ja 1.5 miljonit liiget. LIONITE RAHVUSVAHELINE PRESIDENT ON DR JUNG-YUL CHOI tema iseloomustab lioneid nii: &#8220;Iga\u00fcks meie 1,4 miljonist liikmest on erinev. Just mitmekesisus muudab [&hellip;]<\/p>\n","protected":false},"author":2,"featured_media":0,"parent":0,"menu_order":0,"comment_status":"closed","ping_status":"closed","template":"page-full-width.php","meta":[],"categories":[],"tags":[],"_links":{"self":[{"href":"https:\/\/www.europaforum2019.ee\/et\/wp-json\/wp\/v2\/pages\/3403"}],"collection":[{"href":"https:\/\/www.europaforum2019.ee\/et\/wp-json\/wp\/v2\/pages"}],"about":[{"href":"https:\/\/www.europaforum2019.ee\/et\/wp-json\/wp\/v2\/types\/page"}],"author":[{"embeddable":true,"href":"https:\/\/www.europaforum2019.ee\/et\/wp-json\/wp\/v2\/users\/2"}],"replies":[{"embeddable":true,"href":"https:\/\/www.europaforum2019.ee\/et\/wp-json\/wp\/v2\/comments?post=3403"}],"version-history":[{"count":18,"href":"https:\/\/www.europaforum2019.ee\/et\/wp-json\/wp\/v2\/pages\/3403\/revisions"}],"predecessor-version":[{"id":8330,"href":"https:\/\/www.europaforum2019.ee\/et\/wp-json\/wp\/v2\/pages\/3403\/revisions\/8330"}],"wp:attachment":[{"href":"https:\/\/www.europaforum2019.ee\/et\/wp-json\/wp\/v2\/media?parent=3403"}],"wp:term":[{"taxonomy":"category","embeddable":true,"href":"https:\/\/www.europaforum2019.ee\/et\/wp-json\/wp\/v2\/categories?post=3403"},{"taxonomy":"post_tag","embeddable":true,"href":"https:\/\/www.europaforum2019.ee\/et\/wp-json\/wp\/v2\/tags?post=3403"}],"curies":[{"name":"wp","href":"https:\/\/api.w.org\/{rel}","templated":true}]}}