{"id":3397,"date":"2018-10-21T19:35:32","date_gmt":"2018-10-21T19:35:32","guid":{"rendered":"http:\/\/www.europaforum2019.ee\/?page_id=3397"},"modified":"2019-09-21T16:21:25","modified_gmt":"2019-09-21T16:21:25","slug":"reisid-ja-ekskursioonid","status":"publish","type":"page","link":"https:\/\/www.europaforum2019.ee\/et\/reisid-ja-ekskursioonid\/","title":{"rendered":"Reisid ja Ekskursioonid"},"content":{"rendered":"<p>[vc_row css=&#8221;.vc_custom_1530193633877{background-color: #ffffff !important;}&#8221;][vc_column][vc_column_text]<\/p>\n<p style=\"text-align: center;\"><span style=\"color: #3c64a4;\"><strong>Hea lion!<\/strong><\/span><\/p>\n<p style=\"text-align: center;\">Korraldame oma lionss\u00f5pradele Euroopast ja kaugemalt meeldej\u00e4\u00e4va reisi.<\/p>\n<p style=\"text-align: center;\">Pakume neile v\u00f5imalust, lisaks foorumile,\u00a0teha Eestis ringreise, k\u00fclastada enne foorumit Tartut ja peale foorumit Baltikumi eredamaid vaatamisv\u00e4\u00e4rsusi.<\/p>\n<p style=\"text-align: center;\">Lisaks on valikus terve rida toredaid v\u00e4ljas\u00f5ite Tallinnas. On imeline, kui ka Sul on v\u00f5imalus nende reisidega \u00fchineda ja kaugematele k\u00fclalistele seltsi pakkuda!<\/p>\n<p style=\"text-align: center;\">K\u00f5nealused reisid ja ekskursioonid on inglise keeles, seet\u00f5ttu j\u00e4\u00e4vad siin all ka k\u00f5ik pakutava kirjeldused inglise keelseks!<\/p>\n<p>[\/vc_column_text][vc_row_inner type=&#8221;boxed&#8221;][vc_column_inner width=&#8221;1\/2&#8243;][vc_single_image image=&#8221;1413&#8243; img_size=&#8221;full&#8221;][vc_column_text]<\/p>\n<p style=\"text-align: center;\"><strong><span style=\"color: #3c64a4;\">LEO BIRGITH IS INVITING YOU TO A<\/span><\/strong><br \/>\n<strong><span style=\"color: #3c64a4;\">3 DAY PRE-FORUM TOUR TO<\/span><\/strong><br \/>\n<span style=\"font-size: 14pt;\"><strong><span style=\"color: #3c64a4;\">UNIVERSITY CITY TARTU!<\/span><\/strong><\/span><\/p>\n<p style=\"text-align: center;\"><strong>1-3 October 2019<\/strong><\/p>\n<p>&nbsp;<\/p>\n<p><img loading=\"lazy\" class=\"aligncenter wp-image-591 size-full\" src=\"https:\/\/www.europaforum2019.ee\/wp-content\/uploads\/2018\/09\/birgith.png\" alt=\"\" width=\"345\" height=\"195\" srcset=\"https:\/\/www.europaforum2019.ee\/wp-content\/uploads\/2018\/09\/birgith.png 345w, https:\/\/www.europaforum2019.ee\/wp-content\/uploads\/2018\/09\/birgith-300x170.png 300w\" sizes=\"(max-width: 345px) 100vw, 345px\" \/><\/p>\n<p>On the way to Tartu we will visit Lahemaa National Park, which serves as an authentic taster of natural and cultural landscapes in Estonia, Rakvere with its impressive 13th century castle ruins, Peipsi Old Believers villages, Alatskivi Castle. On the way back to Tallinn you can get familiar with different workshops and activities in them: smithery, handicraft, linen and patchwork.<\/p>\n<p>Birgith and her LEO frends invite you to enjoy relaxing sail on river Emaj\u00f5gi on Hanseatic timber vessel J\u00f5mmu together with national songs and delicious home made cookies made by Leos.<\/p>\n<p>This trip will be unforgettable \u2013 don`t miss it!<\/p>\n<p><strong><span style=\"color: #3c64a4;\">PACKAGE PRICE\u00a0 FOR 1 PERSON IN TWIN\/DOUBLE ROOM 385\u20ac.<\/span><\/strong><br \/>\nSingle supplement 90 EUR<\/p>\n<p><span style=\"color: #3c64a4; font-size: 10pt;\"><span style=\"font-size: 12pt;\"><span style=\"color: #3c64a4;\">Price includes<\/span>:<\/span> <\/span><\/p>\n<ul>\n<li><span style=\"font-size: 10pt;\">2 nights accommodation in Tartu 4* hotel <\/span><\/li>\n<li><span style=\"font-size: 10pt;\">full-board (breakfast, lunch and dinner included)<\/span><\/li>\n<li><span style=\"font-size: 10pt;\">guided tours<\/span><\/li>\n<li><span style=\"font-size: 10pt;\">entrance to Estonian National Museum<\/span><\/li>\n<li><span style=\"font-size: 10pt;\">sail on the river Emaj\u00f5gi<\/span><\/li>\n<li><span style=\"font-size: 10pt;\">Olustvere Manor workshop<\/span><\/li>\n<li><span style=\"font-size: 10pt;\">coach services through journey<\/span><\/li>\n<\/ul>\n<p><span style=\"color: #3c64a4;\">Tartu is 190 km from Tallinn to South-East and the trip is planned for 3 days.<\/span><\/p>\n<p>Need some more information? <a href=\"https:\/\/www.europaforum2019.ee\/wp-content\/uploads\/2018\/08\/Tartu.pdf\" target=\"_blank\" rel=\"noopener\"><span style=\"color: #3c64a4;\"><strong>Read here!<\/strong><\/span><\/a>[\/vc_column_text][vc_btn title=&#8221;Click here for registration!&#8221; color=&#8221;orange&#8221; size=&#8221;lg&#8221; align=&#8221;center&#8221; el_class=&#8221;tours-button&#8221; link=&#8221;url:https%3A%2F%2Fwww.conference-expert.eu%2Fen%2Flef2019en%2Fen%2Fconferences%2Fs2%2F481-lions-2019-europaforum||target:%20_blank|&#8221;][\/vc_column_inner][vc_column_inner width=&#8221;1\/2&#8243;][vc_single_image image=&#8221;557&#8243; img_size=&#8221;full&#8221; alignment=&#8221;center&#8221;][vc_column_text]<\/p>\n<p style=\"text-align: center;\"><strong><span style=\"color: #3c64a4;\">LION PRIIT INVITES YOU TO<\/span><\/strong><br \/>\n<strong><span style=\"color: #3c64a4;\">DISCOVER THE BALTIC PEARLS \u2013<\/span><\/strong><br \/>\n<span style=\"font-size: 14pt;\"><strong><span style=\"color: #3c64a4;\">TALLINN, RIGA, VILNIUS<\/span><\/strong><\/span><\/p>\n<p style=\"text-align: center;\"><strong>7-10. October 2019<\/strong><\/p>\n<p><img loading=\"lazy\" class=\"alignnone wp-image-594 size-full\" src=\"https:\/\/www.europaforum2019.ee\/wp-content\/uploads\/2018\/09\/priit.png\" alt=\"\" width=\"348\" height=\"253\" srcset=\"https:\/\/www.europaforum2019.ee\/wp-content\/uploads\/2018\/09\/priit.png 348w, https:\/\/www.europaforum2019.ee\/wp-content\/uploads\/2018\/09\/priit-300x218.png 300w\" sizes=\"(max-width: 348px) 100vw, 348px\" \/><\/p>\n<p>Lion Priit: The trip through Baltics will give you a glimpse of diverse culture and great feeling of three nations who live so close but yet with so different vibe. After enjoying Tallinn during Forum time I`ll introduce you stunning Art Noveau City Riga, which\u00a0is situated at the mouth of river Daugava and has an ancient history and rich cultural heritage.\u00a0\u00a0We`ll also visit the baroque beauty of the Baltic, Vilnius, which is a city of immense allure with Europe\u2019s largest baroque old town at its heart.<\/p>\n<p>During the 3-day trip you will also explore cities P\u00e4rnu, Sigulda, Siauliai and Trakai, visit unforgettable places like \u2018God\u2019s Garden\u2019 &#8211; Turaida Castle and Lake Galv\u0117, see a sight of 100 000 crosses which is still growing. Don`t miss it!<\/p>\n<p><strong><span style=\"color: #3c64a4;\">PACKAGE PRICE FOR ONE PERSON IN A TWIN\/DOUBLE ROOM 355\u20ac<\/span><\/strong><br \/>\nSingle supplement 130\u20ac<\/p>\n<p><span style=\"color: #3c64a4;\">Price includes:<\/span><\/p>\n<ul>\n<li><span style=\"font-size: 10pt;\">3 nights accommodation in 4* hotel<\/span><\/li>\n<li><span style=\"font-size: 10pt;\">full-board (breakfast, lunch and dinner included)<\/span><\/li>\n<li><span style=\"font-size: 10pt;\">city tours<\/span><\/li>\n<li><span style=\"font-size: 10pt;\">Hill of Crosses<\/span><\/li>\n<li><span style=\"font-size: 10pt;\">entrances and guide services<\/span><\/li>\n<li><span style=\"font-size: 10pt;\">coach services through journey<\/span><\/li>\n<\/ul>\n<p><span style=\"color: #3c64a4;\">Riga is 311 km from Tallinn, Vilnius 288 km from Riga. The tour starts on 7.October 2019 in Tallinn and ends on 10.October in Vilnius.<\/span><\/p>\n<p>Need some more information? <a href=\"https:\/\/www.europaforum2019.ee\/wp-content\/uploads\/2018\/08\/Baltic-Pearls.pdf\" target=\"_blank\" rel=\"noopener\"><strong><span style=\"color: #3c64a4;\">Read here!<\/span><\/strong><\/a>[\/vc_column_text][vc_btn title=&#8221;Click here for registration!&#8221; color=&#8221;orange&#8221; size=&#8221;lg&#8221; align=&#8221;center&#8221; el_class=&#8221;tours-button&#8221; link=&#8221;url:https%3A%2F%2Fwww.conference-expert.eu%2Fen%2Flef2019en%2Fen%2Fconferences%2Fs2%2F481-lions-2019-europaforum||target:%20_blank|&#8221;][\/vc_column_inner][\/vc_row_inner][vc_separator][vc_row_inner type=&#8221;boxed&#8221;][vc_column_inner width=&#8221;1\/3&#8243;][vc_single_image image=&#8221;2877&#8243; img_size=&#8221;full&#8221;][vc_column_text]<\/p>\n<p style=\"text-align: center;\"><span style=\"font-size: 14pt;\"><strong><span style=\"color: #3c64a4;\">TALLINN OLD TOWN WALKING TOUR<\/span><\/strong><\/span><\/p>\n<p class=\"Standard\" style=\"text-align: center;\"><span style=\"color: #3c64a4;\">4.10 Friday<\/span><br \/>\n<span style=\"color: #3c64a4;\">9.00-12.00 (3 hours)<\/span><br \/>\n<span style=\"color: #3c64a4;\">Walking<\/span><br \/>\n<span style=\"font-size: 10pt;\">15 \u2013 20 pax\/per guide; min pax 10<\/span><br \/>\n<strong><span style=\"color: #3c64a4;\">Price: 20 EUR\/per pax<\/span><\/strong><\/p>\n<p>First established in the early medieval era, today\u2019s Tallinn is an exciting mix of old and new.<\/p>\n<p>Tallinn Old Town is one of the best preserved Hanseatic town centers in the world. A stone\u2019s throw away you\u2019ll find the city\u2019s business center with modern towers and luxurious hotels, trendy neighborhoods and large shopping centers.<\/p>\n<p>This walking tour is a great way for first-time visitors to get to know Tallinn. The walking tour takes you through the UNESCO World Heritage Site Tallinn Old Town, with entries to the Aleksander Nevskij Cathedral and the Dome Chrich (if possible).<\/p>\n<p>The tour ends at the Town Hall Square.<\/p>\n<p><span style=\"font-size: 8pt;\">Photo by Kaupo Kalda,\u00a0visittallinn.ee<\/span>[\/vc_column_text][vc_btn title=&#8221;Click here for registration!&#8221; color=&#8221;orange&#8221; size=&#8221;lg&#8221; align=&#8221;center&#8221; el_class=&#8221;tours-button&#8221; link=&#8221;url:https%3A%2F%2Fwww.conference-expert.eu%2Fen%2Flef2019en%2Fen%2Fconferences%2Fs2%2F481-lions-2019-europaforum||target:%20_blank|&#8221;][\/vc_column_inner][vc_column_inner width=&#8221;1\/3&#8243;][vc_single_image image=&#8221;250&#8243; img_size=&#8221;full&#8221;][vc_column_text]<\/p>\n<p style=\"text-align: center;\"><span style=\"color: #3c64a4; font-size: 14pt;\"><strong>BOG WALK AND SAGADI MANOR<\/strong><\/span><\/p>\n<p style=\"text-align: center;\"><span style=\"color: #3c64a4;\">5.10 Saturday<\/span><br \/>\n<span style=\"color: #3c64a4;\">9.30-16.00 (5,5-6 hours)<\/span><br \/>\n<span style=\"color: #3c64a4;\">Bus and walking<\/span><br \/>\n<span style=\"font-size: 10pt;\">min pax 30<\/span><br \/>\n<span style=\"color: #3c64a4;\"><strong>Price: 69EUR\/per pax<\/strong><\/span><\/p>\n<p>A five-hour coach tour to Lahemaa presents you the beauty of the landscape typical to Northern Estonia: coastal lowlands, pine forests and boulder fields. In Lahemaa, there are several well restored manors of 18th-19th century, really great example of their kinds in Estonia.<\/p>\n<p>First stop is at Viru bog where you can hike on 3,5 km trail. The trail introduces the vegetation and terrain characteristic of the raised bog in Estonia.<\/p>\n<p>The bog&#8217;s boardwalk winds its way through the landscape and pauses with a viewing tower that provides a scenic overview of the bog terrain.<\/p>\n<p>The beautiful Sagadi manor complex is often called the most manorial manor in Estonia. The manor has harmonious buildings with white arcades surrounding a large central square, a gorgeous 18th century manor house and a pond that symbolizes the eternal love of a lord of the manor.[\/vc_column_text][vc_btn title=&#8221;Click here for registration!&#8221; color=&#8221;orange&#8221; size=&#8221;lg&#8221; align=&#8221;center&#8221; el_class=&#8221;tours-button&#8221; link=&#8221;url:https%3A%2F%2Fwww.conference-expert.eu%2Fen%2Flef2019en%2Fen%2Fconferences%2Fs2%2F481-lions-2019-europaforum||target:%20_blank|&#8221;][\/vc_column_inner][vc_column_inner width=&#8221;1\/3&#8243;][vc_single_image image=&#8221;2870&#8243; img_size=&#8221;full&#8221;][vc_column_text]<\/p>\n<p style=\"text-align: center;\"><span style=\"color: #3c64a4; font-size: 14pt;\"><strong>HIPSTER CITY KALAMAJA<\/strong><\/span><\/p>\n<p style=\"text-align: center;\"><span style=\"color: #3c64a4;\">4.10 Friday\/ 6.10 Sunday<\/span><br \/>\n<span style=\"color: #3c64a4;\">9.00-12.00 (2,5-3 hours)<\/span><br \/>\n<span style=\"color: #3c64a4;\">Bus and walking<\/span><br \/>\n<span style=\"font-size: 10pt;\">15 \u2013 20 pax\/per guide; min pax 10<\/span><br \/>\n<span style=\"color: #3c64a4;\"><strong>Price: 49EUR\/per pax<\/strong><\/span><\/p>\n<p>This quiet little neighborhood just outside the Old Town is eye-catching for its colorful wooden buildings. Throughout most of Tallinn\u2019s history Kalamaja served as the town\u2019s main fishing harbour.<\/p>\n<p>Explore the absolutely different side of Tallinn: sniff the bohemian atmosphere of Telliskivi Creative City, admire the wooden \u201eTallinn Houses\u201d and discover hidden street food cafes.<\/p>\n<p>Recently the area has taken on a bohemian atmosphere, becoming the residence of choice for young, creative types. It\u2019s the part of town where you will get the best feel of the locals\u2019 life-style.<\/p>\n<p><span style=\"font-size: 8pt;\">Photo by Maret P\u00f5ldveer-Turay,\u00a0visittallinn.ee\u00a0<\/span>[\/vc_column_text][vc_btn title=&#8221;Click here for registration!&#8221; color=&#8221;orange&#8221; size=&#8221;lg&#8221; align=&#8221;center&#8221; el_class=&#8221;tours-button&#8221; link=&#8221;url:https%3A%2F%2Fwww.conference-expert.eu%2Fen%2Flef2019en%2Fen%2Fconferences%2Fs2%2F481-lions-2019-europaforum||target:%20_blank|&#8221;][\/vc_column_inner][vc_column_inner][vc_separator][\/vc_column_inner][\/vc_row_inner][vc_row_inner type=&#8221;boxed&#8221;][vc_column_inner width=&#8221;1\/2&#8243;][vc_single_image image=&#8221;2884&#8243; img_size=&#8221;full&#8221; alignment=&#8221;center&#8221;][vc_column_text]<\/p>\n<p style=\"text-align: center;\"><span style=\"font-size: 14pt;\"><strong><span style=\"color: #3c64a4;\">KADRIORG PARK AND KADRIORG ART MUSEUM<\/span><\/strong><\/span><\/p>\n<p style=\"text-align: center;\"><span style=\"color: #3c64a4;\">4.10 Friday\/ 6.10 Sunday<\/span><br \/>\n<span style=\"color: #3c64a4;\">9.00-12.00 (2,5-3 hours)<\/span><br \/>\n<span style=\"font-size: 10pt;\">15 \u2013 20 pax\/per guide; min pax 10<\/span><br \/>\n<span style=\"color: #3c64a4;\"><strong>Price: 40EUR\/per pax<\/strong><\/span><\/p>\n<p>Enrich your knowledge of Estonia\u2019s rich artistic heritage on an art tour of Tallinn. Accompanied by a knowledgeable guide, you&#8217;ll immerse yourself in the verdant splendor of both Kadriorg Park and Palace, home to an impressive collection of art. Admire arrays of international art, and gain fascinating insight into the historical and cultural context of significant works. Appreciate the contrasting architectural styles of each museum.<\/p>\n<p><span style=\"font-size: 8pt;\">Photo by Kadi-Liis Koppel,\u00a0visittallinn.ee<\/span>[\/vc_column_text][vc_btn title=&#8221;Click here for registration!&#8221; color=&#8221;orange&#8221; size=&#8221;lg&#8221; align=&#8221;center&#8221; el_class=&#8221;tours-button&#8221; link=&#8221;url:https%3A%2F%2Fwww.conference-expert.eu%2Fen%2Flef2019en%2Fen%2Fconferences%2Fs2%2F481-lions-2019-europaforum||target:%20_blank|&#8221;][\/vc_column_inner][vc_column_inner width=&#8221;1\/2&#8243;][vc_single_image image=&#8221;3331&#8243; img_size=&#8221;full&#8221; alignment=&#8221;center&#8221;][vc_column_text]<\/p>\n<p style=\"text-align: center;\"><span style=\"color: #3c64a4;\"><strong>ESTONIAN DESIGN TOUR<\/strong><\/span><\/p>\n<p style=\"text-align: center;\"><span style=\"color: #3c64a4;\">5.10 Saturday<\/span><br \/>\n<span style=\"color: #3c64a4;\">10.30-14.30 (4 hours)<\/span><br \/>\n<span style=\"color: #3c64a4;\">guided walking tour<\/span><br \/>\n<span style=\"font-size: 10pt;\">15 \u2013 20 pax\/per guide; min pax 10<\/span><br \/>\n<span style=\"color: #3c64a4;\"><strong>Price: 30EUR\/per pax<\/strong><\/span><\/p>\n<p>You will have the UNIQUE opportunity to have a glance at the Estonian FASHION WORLD!<\/p>\n<p>Either You want to see HIGH-END designer clothes or more ALTERNATIVE young designer outfits, You can find everything located comfortably in the central part of Tallinn.<\/p>\n<p>During this tour we offer you the opportunity to have private meeting with the local designers, visit different showrooms, boutiques, studios and bigger fashion centres in Tallinn.<\/p>\n<p><span style=\"font-size: 8pt;\">Photo by Kr\u00f5\u00f5t Tarkmeel, visittallinn.ee<\/span>[\/vc_column_text][vc_btn title=&#8221;Click here for registration!&#8221; color=&#8221;orange&#8221; size=&#8221;lg&#8221; align=&#8221;center&#8221; el_class=&#8221;tours-button&#8221; link=&#8221;url:https%3A%2F%2Fwww.conference-expert.eu%2Fen%2Flef2019en%2Fen%2Fconferences%2Fs2%2F481-lions-2019-europaforum||target:%20_blank|&#8221;][\/vc_column_inner][\/vc_row_inner][\/vc_column][\/vc_row][vc_column][\/vc_column]<\/p>\n","protected":false},"excerpt":{"rendered":"<p>[vc_row css=&#8221;.vc_custom_1530193633877{background-color: #ffffff !important;}&#8221;][vc_column][vc_column_text] Hea lion! Korraldame oma lionss\u00f5pradele Euroopast ja kaugemalt meeldej\u00e4\u00e4va reisi. Pakume neile v\u00f5imalust, lisaks foorumile,\u00a0teha Eestis ringreise, k\u00fclastada enne foorumit Tartut ja peale foorumit Baltikumi eredamaid vaatamisv\u00e4\u00e4rsusi. Lisaks on valikus terve rida toredaid v\u00e4ljas\u00f5ite Tallinnas. On imeline, kui ka Sul on v\u00f5imalus nende reisidega \u00fchineda ja kaugematele k\u00fclalistele seltsi pakkuda! K\u00f5nealused [&hellip;]<\/p>\n","protected":false},"author":2,"featured_media":0,"parent":0,"menu_order":0,"comment_status":"closed","ping_status":"closed","template":"page-full-width.php","meta":[],"categories":[],"tags":[],"_links":{"self":[{"href":"https:\/\/www.europaforum2019.ee\/et\/wp-json\/wp\/v2\/pages\/3397"}],"collection":[{"href":"https:\/\/www.europaforum2019.ee\/et\/wp-json\/wp\/v2\/pages"}],"about":[{"href":"https:\/\/www.europaforum2019.ee\/et\/wp-json\/wp\/v2\/types\/page"}],"author":[{"embeddable":true,"href":"https:\/\/www.europaforum2019.ee\/et\/wp-json\/wp\/v2\/users\/2"}],"replies":[{"embeddable":true,"href":"https:\/\/www.europaforum2019.ee\/et\/wp-json\/wp\/v2\/comments?post=3397"}],"version-history":[{"count":23,"href":"https:\/\/www.europaforum2019.ee\/et\/wp-json\/wp\/v2\/pages\/3397\/revisions"}],"predecessor-version":[{"id":8317,"href":"https:\/\/www.europaforum2019.ee\/et\/wp-json\/wp\/v2\/pages\/3397\/revisions\/8317"}],"wp:attachment":[{"href":"https:\/\/www.europaforum2019.ee\/et\/wp-json\/wp\/v2\/media?parent=3397"}],"wp:term":[{"taxonomy":"category","embeddable":true,"href":"https:\/\/www.europaforum2019.ee\/et\/wp-json\/wp\/v2\/categories?post=3397"},{"taxonomy":"post_tag","embeddable":true,"href":"https:\/\/www.europaforum2019.ee\/et\/wp-json\/wp\/v2\/tags?post=3397"}],"curies":[{"name":"wp","href":"https:\/\/api.w.org\/{rel}","templated":true}]}}