{"id":3386,"date":"2018-10-21T17:48:17","date_gmt":"2018-10-21T17:48:17","guid":{"rendered":"http:\/\/www.europaforum2019.ee\/?page_id=3386"},"modified":"2019-09-21T16:21:35","modified_gmt":"2019-09-21T16:21:35","slug":"noore-heatahtesaadiku-konkurss","status":"publish","type":"page","link":"https:\/\/www.europaforum2019.ee\/et\/noore-heatahtesaadiku-konkurss\/","title":{"rendered":"Noore Heatahtesaadiku Konkurss"},"content":{"rendered":"<p>[vc_row css=&#8221;.vc_custom_1528724670702{background-color: #f5f3f2 !important;}&#8221;][vc_column][vc_row_inner type=&#8221;boxed&#8221;][vc_column_inner][vc_column_text]<\/p>\n<h2><strong><span style=\"color: #3c64a4;\">NOORE HEATAHTESAADIKU KONKURSS\u00a0<img loading=\"lazy\" class=\"size-full wp-image-856 alignright\" src=\"https:\/\/www.europaforum2019.ee\/wp-content\/uploads\/2018\/09\/YAA-1.png\" alt=\"\" width=\"160\" height=\"215\" \/><br \/>\n<\/span><\/strong><\/h2>\n<p><span style=\"color: #3c64a4;\"><strong>Tere tulemast 2019 aasta Bert Massoni Noore Heatahtesaadiku Konkursile TALLINNAS !<\/strong><\/span><\/p>\n<p>Iga Euroopa Foorumi liikmesriik on kutsutud esitlema oma kandidaati kaheteistk\u00fcmnendale Euroopa Noore Heatahtesaadiku Konkursile.<\/p>\n<p>Osaleda saavad vaid rahvusliku v\u00f5istluse v\u00f5itjad. L\u00e4hemat informatsiooni konkursi kohta saate kohalikult Noore Heatahtesaadikute Auhinna esindajalt v\u00f5i Euroopa Noore Heatahtesaadiku Komiteelt.<\/p>\n<p><strong><span style=\"color: #3c64a4;\">\u00dcLDINE INFORMATSIOON<\/span> <\/strong><br \/>\nNoore Heatahtesaadiku Konkursil on kaks eesm\u00e4rki:<br \/>\n\u2022 Tunnustada, julgustada ja toetada noori inimesi, kes on aktiivselt tegevad \u00fchiskonna heaolu loomisel<br \/>\n\u2022 Edendada Lionite tuntust ja laiendada heategevus valdkondi<\/p>\n<p>Noorte inimeste tunnustamiseks toimub Euroopa finalistide l\u00f5ppv\u00f5istlus iga-aastasel Euroopa Foorumil.<\/p>\n<p>J\u00e4rgnev osa on v\u00e4ljav\u00f5te reeglistikust. Kahtluste korral kehtib ametlik regulatsiooni versioon.<\/p>\n<p><strong><span style=\"color: #3c64a4;\">OSALEJAD:<\/span> <\/strong><\/p>\n<p>1. Kvalifitseerumiseks peavad finalistid olema v\u00e4hemalt 15 aastased ja mitte vanemad kui 19 aastased 30 juuni seisuga vastava EF toimumise aastal.<br \/>\n2. Iga Euroopa Foorumi liikmesriik v\u00f5ib nomineerida vaid \u00fche osaleja antud konkursile.<br \/>\n3. Finalistid peavad olema registreeritud Euroopa Komitee juhatuse juures hiljemalt juuli l\u00f5puks v\u00f5istluse toimumise aastal ning registreerunmiseks peavad olema t\u00e4itnud vastava registreerimisvormi.<br \/>\n4. Finalistide v\u00f5istlusel osalemise kulud kaetakse osalejate endi (osaleva riigi) poolt.<\/p>\n<p><strong><span style=\"color: #3c64a4;\">KONKURSS:<\/span><\/strong><\/p>\n<p>Igat finalisti intervjueeritakse kolme hindaja poolt. Hindajaiks on \u201cmitte-Lionid\u201d, mees ja naine, teeninduse-, hariduse ja t\u00f6\u00f6stuse valdkondadest. Nad hindavad finaliste j\u00e4rgmiste omaduste p\u00f5hjal: \u00fchiskonna teenimise aktiivsus, isiksus ja juhi omadused, auhinnaraha kasutamise eesm\u00e4rk ja oma tegevusest r\u00e4\u00e4kimise v\u00f5imekus.<\/p>\n<p><span style=\"color: #3c64a4;\"><strong>AUHINNAD<\/strong><\/span><\/p>\n<p>V\u00f5imalik on v\u00f5ita j\u00e4rgmisi auhindu, mida saab kulutada oma projekti heaks:<br \/>\n1. auhind: 3500 EUR<br \/>\n2. auhind: 1500 EUR<br \/>\n3. auhind 500 EUR<\/p>\n<p>Detailse informatsiooni leiate\u00a0failidest <span style=\"color: #3c64a4;\"><a style=\"color: #3c64a4;\" href=\"https:\/\/www.europaforum2019.ee\/wp-content\/uploads\/2018\/09\/Young-Ambassador-Rules.pdf\">Lions\u2019ite Euroopa Noore Saadiku Auhinna protseduurid <span style=\"color: #3c64a4;\">ja<\/span>\u00a0reeglid<\/a><\/span> ja <span style=\"color: #3c64a4;\"><a style=\"color: #3c64a4;\" href=\"https:\/\/www.europaforum2019.ee\/wp-content\/uploads\/2019\/04\/Application-Form-YAA-2019-ENG-uus.pdf\">Application Form YAA 2019<\/a><\/span>.[\/vc_column_text][\/vc_column_inner][\/vc_row_inner][\/vc_column][\/vc_row]<\/p>\n","protected":false},"excerpt":{"rendered":"<p>[vc_row css=&#8221;.vc_custom_1528724670702{background-color: #f5f3f2 !important;}&#8221;][vc_column][vc_row_inner type=&#8221;boxed&#8221;][vc_column_inner][vc_column_text] NOORE HEATAHTESAADIKU KONKURSS\u00a0 Tere tulemast 2019 aasta Bert Massoni Noore Heatahtesaadiku Konkursile TALLINNAS ! Iga Euroopa Foorumi liikmesriik on kutsutud esitlema oma kandidaati kaheteistk\u00fcmnendale Euroopa Noore Heatahtesaadiku Konkursile. Osaleda saavad vaid rahvusliku v\u00f5istluse v\u00f5itjad. L\u00e4hemat informatsiooni konkursi kohta saate kohalikult Noore Heatahtesaadikute Auhinna esindajalt v\u00f5i Euroopa Noore Heatahtesaadiku Komiteelt. \u00dcLDINE [&hellip;]<\/p>\n","protected":false},"author":2,"featured_media":0,"parent":0,"menu_order":0,"comment_status":"closed","ping_status":"closed","template":"page-full-width.php","meta":[],"categories":[34],"tags":[],"_links":{"self":[{"href":"https:\/\/www.europaforum2019.ee\/et\/wp-json\/wp\/v2\/pages\/3386"}],"collection":[{"href":"https:\/\/www.europaforum2019.ee\/et\/wp-json\/wp\/v2\/pages"}],"about":[{"href":"https:\/\/www.europaforum2019.ee\/et\/wp-json\/wp\/v2\/types\/page"}],"author":[{"embeddable":true,"href":"https:\/\/www.europaforum2019.ee\/et\/wp-json\/wp\/v2\/users\/2"}],"replies":[{"embeddable":true,"href":"https:\/\/www.europaforum2019.ee\/et\/wp-json\/wp\/v2\/comments?post=3386"}],"version-history":[{"count":15,"href":"https:\/\/www.europaforum2019.ee\/et\/wp-json\/wp\/v2\/pages\/3386\/revisions"}],"predecessor-version":[{"id":8318,"href":"https:\/\/www.europaforum2019.ee\/et\/wp-json\/wp\/v2\/pages\/3386\/revisions\/8318"}],"wp:attachment":[{"href":"https:\/\/www.europaforum2019.ee\/et\/wp-json\/wp\/v2\/media?parent=3386"}],"wp:term":[{"taxonomy":"category","embeddable":true,"href":"https:\/\/www.europaforum2019.ee\/et\/wp-json\/wp\/v2\/categories?post=3386"},{"taxonomy":"post_tag","embeddable":true,"href":"https:\/\/www.europaforum2019.ee\/et\/wp-json\/wp\/v2\/tags?post=3386"}],"curies":[{"name":"wp","href":"https:\/\/api.w.org\/{rel}","templated":true}]}}