{"id":3382,"date":"2018-10-21T17:41:35","date_gmt":"2018-10-21T17:41:35","guid":{"rendered":"http:\/\/www.europaforum2019.ee\/?page_id=3382"},"modified":"2019-09-21T16:18:37","modified_gmt":"2019-09-21T16:18:37","slug":"noortevahetus","status":"publish","type":"page","link":"https:\/\/www.europaforum2019.ee\/et\/noortevahetus\/","title":{"rendered":"Noortevahetus"},"content":{"rendered":"<p>[vc_row css=&#8221;.vc_custom_1528724670702{background-color: #f5f3f2 !important;}&#8221;][vc_column][vc_row_inner type=&#8221;boxed&#8221;][vc_column_inner][vc_column_text]<\/p>\n<h2><span style=\"color: #3c64a4;\"><strong>NOORTEVAHETUS<\/strong><\/span><img loading=\"lazy\" class=\"size-medium wp-image-725 alignright\" src=\"https:\/\/www.europaforum2019.ee\/wp-content\/uploads\/2018\/09\/youth-ex-300x167.jpg\" alt=\"\" width=\"300\" height=\"167\" srcset=\"https:\/\/www.europaforum2019.ee\/wp-content\/uploads\/2018\/09\/youth-ex-300x167.jpg 300w, https:\/\/www.europaforum2019.ee\/wp-content\/uploads\/2018\/09\/youth-ex.jpg 445w\" sizes=\"(max-width: 300px) 100vw, 300px\" \/><\/h2>\n<p>Noortelaager ja noortevahetusprogramm (YCE) loodi 1961 aastal viimaks ellu ideed globaalsest kodanikust. Igal aastal annab programm v\u00f5imaluse tuhandetele noortele inimestele \u00fcle maailma kogeda elamist teises kultuuris ja saada uut maailmatunnetust v\u00e4lismaale reisimise kaudu. Oluline erinevus teiste sarnaste programmidega on see, et YCE pole seotud ei akadeemiliste \u00f5pingutega ega ka t\u00f6\u00f6tamisega. Osalejaid julgustatakse kasutama seda reisimisv\u00f5imalust, et esindada oma kodumaad ning tutvustada oma kultuuri, samal ajal kui kogetakse uut, luuakse rahu ning ollakse rahvusvahelise \u00fchtsustunde saadik.<br \/>\nYCE koosneb erinevatest Lionite Noortevahetusest ja\/v\u00f5i Lionite Noorte laagritest, mida korraldavad Lions klubid \u00fcle maailma. Lionite Noortevahetus kestab kokku kolm kuni kuus n\u00e4dalat. See v\u00f5ib-olla ka ainult perekonnas elamine nendes riikides, kus noortelaagreid ei toimu. Lionite Noortelaagrid kestavad \u00fcks v\u00f5i kaks n\u00e4dalat ning tavaliselt sisaldab see ka perekonnas elamist, kas siis enne v\u00f5i p\u00e4rast laagrit.<br \/>\nNii laagrite, kui noortevahetuste tegevused v\u00f5ivad h\u00f5lmata v\u00e4ljas\u00f5ite kultuuri- v\u00f5i looduspaikadesse, sportimist, osalevate riikide esitlusi, juhitud diskussioone ning isegi kohalikes heategevusprojektides osalemist koos Lions klubide liikmetega.<\/p>\n<p><strong><span style=\"color: #3c64a4;\">Lionid, kes on seotud YCE\u2019ga on p\u00fchendunud:<\/span><\/strong><br \/>\n\u2022 Viima kokku erinevate riikide inimesi, et luua heategevuslikke v\u00f5rgustikke<br \/>\n\u2022 Vahetama ideid ja kutuurilisi vaateid<br \/>\n\u2022 Edendama rahvusvahelist arusaamist ning head tahet<br \/>\n\u2022 Tegutsema maailmarahu nimel ning looma inimeste vahelist m\u00f5istmist<br \/>\n\u2022 Julgustama noori austama erinevaid m\u00f5tteviise<\/p>\n<p><strong><span style=\"color: #3c64a4;\">Noortelaager ja Noortevahetusprogramm (YCE) v\u00f5ib olla v\u00f5imalus noore jaoks, kes:<\/span> <\/strong><br \/>\n\u2022 On valmis alustama elumuutva seiklusega, mis avab ta meeled ja s\u00fcdame<br \/>\n\u2022 Huvitub teistest kultuuridest ning eluviisidest<br \/>\n\u2022 Soovib arendada oma v\u00f5\u00f5rkeele oskust<br \/>\n\u2022 Soovib luua uusi s\u00f5prussuhteid erineva tausta, uskumuste ja traditsioonidega inimestega<\/p>\n<p><strong><span style=\"color: #3c64a4;\">YCE osaleja soovib:<\/span> <\/strong><br \/>\n\u2022 Elada teise riigi perekonnas<br \/>\n\u2022 Kohtuda omaealistega \u00fcle maailma<br \/>\n\u2022 \u00d5ppida l\u00e4hemalt Lionsite v\u00f5\u00f5rustajalt humanitaarabi tegevuse kohta<br \/>\n\u2022 S\u00fcvendada arusaamist iseendast ning maailmast enda \u00fcmber<br \/>\n\u2022 \u00d5ppida sellest, mis on meie k\u00f5igi jaoks \u00fchine ja erinevustest, mida me teineteises austame, kus iganes me ka elame<\/p>\n<p>YCE Eesistujateks on Lions klubide liikmed, kes on m\u00e4\u00e4ratud tegelema erinevate piirkondlike YCE programmidega \u00fcle maailma ning on p\u00fchendunud sellele, et programm oleks edukas.<br \/>\nKontaktid ja informatsioon oluliste isikute kohta, laagrite kohta ning noortevahetuse v\u00f5imalustest on kirjas: <a href=\"http:\/\/members.lionsclubs.org\/EN\/serve\/other-ways-to-serve\/youth\/youth-camps-exchange\/yce-directory.php\">YCE Directory<\/a>\u2019s.<br \/>\nEuroopa Foorumil kohtab YCE Eesistujaid k\u00f5igist Euroopa riikidest ja alati on meil ka k\u00fclalisi \u00fcle kogu maailma. Viimastel Foorumitel k\u00fclastasid meid YCE eesistujad Austraaliast, Brasiiliast, Indiast, Jaapanist, Mehhikost ja USA\u2019st.<\/p>\n<p>YE programm Euroopa Foorumil on t\u00e4iendus Foorumi \u00fcldisele programmile sisaldades:<br \/>\n\u2022 Kokkusaamist, koolitust ja \u00f5htus\u00f6\u00f6ki YCE delegaatidele<br \/>\n\u2022 N\u00f5upidamisi ja diskussiooni laagrite ning noortevahetuse edust, probleemidest ja reeglitest.<br \/>\n\u2022 Bazaari ehk turgu, kus erinevad riigid jagavad omavahel kogemusi ning s\u00f5lmivad kokkuleppeid laagripaikade asukohtade osas.<\/p>\n<p>YCE eesistuja kinnitab, et valitud Lion tegutseb <a href=\"http:\/\/members.lionsclubs.org\/EN\/serve\/other-ways-to-serve\/youth\/youth-camps-exchange\/yce-chairperson.php\">vastutustundlikult<\/a> ning j\u00e4rgib k\u00f5iki <a href=\"http:\/\/www.lionsclubs.org\/resources\/EN\/pdfs\/yce-reportingtips-ycec.pdf\">YCE juhtn\u00f6\u00f6re<\/a>, mis on kinnitatud LCI n\u00f5ukogu poolt.[\/vc_column_text][\/vc_column_inner][\/vc_row_inner][\/vc_column][\/vc_row][vc_row css=&#8221;.vc_custom_1528789133475{background-color: #fdc924 !important;}&#8221;][vc_column][vc_row_inner type=&#8221;boxed&#8221; css=&#8221;.vc_custom_1537354214404{padding-bottom: 1em !important;}&#8221;][vc_column_inner][vc_column_text][\/vc_column_text][\/vc_column_inner][\/vc_row_inner][\/vc_column][\/vc_row]<\/p>\n","protected":false},"excerpt":{"rendered":"<p>[vc_row css=&#8221;.vc_custom_1528724670702{background-color: #f5f3f2 !important;}&#8221;][vc_column][vc_row_inner type=&#8221;boxed&#8221;][vc_column_inner][vc_column_text] NOORTEVAHETUS Noortelaager ja noortevahetusprogramm (YCE) loodi 1961 aastal viimaks ellu ideed globaalsest kodanikust. Igal aastal annab programm v\u00f5imaluse tuhandetele noortele inimestele \u00fcle maailma kogeda elamist teises kultuuris ja saada uut maailmatunnetust v\u00e4lismaale reisimise kaudu. Oluline erinevus teiste sarnaste programmidega on see, et YCE pole seotud ei akadeemiliste \u00f5pingutega ega ka [&hellip;]<\/p>\n","protected":false},"author":2,"featured_media":0,"parent":0,"menu_order":0,"comment_status":"closed","ping_status":"closed","template":"page-full-width.php","meta":[],"categories":[34],"tags":[],"_links":{"self":[{"href":"https:\/\/www.europaforum2019.ee\/et\/wp-json\/wp\/v2\/pages\/3382"}],"collection":[{"href":"https:\/\/www.europaforum2019.ee\/et\/wp-json\/wp\/v2\/pages"}],"about":[{"href":"https:\/\/www.europaforum2019.ee\/et\/wp-json\/wp\/v2\/types\/page"}],"author":[{"embeddable":true,"href":"https:\/\/www.europaforum2019.ee\/et\/wp-json\/wp\/v2\/users\/2"}],"replies":[{"embeddable":true,"href":"https:\/\/www.europaforum2019.ee\/et\/wp-json\/wp\/v2\/comments?post=3382"}],"version-history":[{"count":15,"href":"https:\/\/www.europaforum2019.ee\/et\/wp-json\/wp\/v2\/pages\/3382\/revisions"}],"predecessor-version":[{"id":8311,"href":"https:\/\/www.europaforum2019.ee\/et\/wp-json\/wp\/v2\/pages\/3382\/revisions\/8311"}],"wp:attachment":[{"href":"https:\/\/www.europaforum2019.ee\/et\/wp-json\/wp\/v2\/media?parent=3382"}],"wp:term":[{"taxonomy":"category","embeddable":true,"href":"https:\/\/www.europaforum2019.ee\/et\/wp-json\/wp\/v2\/categories?post=3382"},{"taxonomy":"post_tag","embeddable":true,"href":"https:\/\/www.europaforum2019.ee\/et\/wp-json\/wp\/v2\/tags?post=3382"}],"curies":[{"name":"wp","href":"https:\/\/api.w.org\/{rel}","templated":true}]}}