{"id":3376,"date":"2018-10-21T17:34:51","date_gmt":"2018-10-21T17:34:51","guid":{"rendered":"http:\/\/www.europaforum2019.ee\/?page_id=3376"},"modified":"2019-09-21T16:18:57","modified_gmt":"2019-09-21T16:18:57","slug":"muusika-konkurss","status":"publish","type":"page","link":"https:\/\/www.europaforum2019.ee\/et\/muusika-konkurss\/","title":{"rendered":"Muusika konkurss"},"content":{"rendered":"<p>[vc_row css=&#8221;.vc_custom_1528724670702{background-color: #f5f3f2 !important;}&#8221;][vc_column][vc_row_inner type=&#8221;boxed&#8221;][vc_column_inner][vc_column_text]<\/p>\n<h2><strong><span style=\"color: #3c64a4;\">MUUSIKA KONKURSS<br \/>\n<\/span><\/strong><\/h2>\n<p><span style=\"color: #3c64a4;\">TERE TULEMAST TALLINNASSE LIONITE EUROOPA MUUSIKA KONKURSILE (LEMC)\u00a0OKTOOBRIS 2019! <img loading=\"lazy\" class=\"alignright wp-image-1233 size-full\" src=\"https:\/\/www.europaforum2019.ee\/wp-content\/uploads\/2018\/07\/udukitarr.png\" alt=\"\" width=\"340\" height=\"230\" srcset=\"https:\/\/www.europaforum2019.ee\/wp-content\/uploads\/2018\/07\/udukitarr.png 340w, https:\/\/www.europaforum2019.ee\/wp-content\/uploads\/2018\/07\/udukitarr-300x203.png 300w\" sizes=\"(max-width: 340px) 100vw, 340px\" \/><\/span><br \/>\n<span style=\"color: #3c64a4;\">TALLINNAS TOIMUV 28. THOMAS KUTI NIMELINE LEMC ON P\u00dcHENDATUD KLASSIKALISELE KITARRILE<\/span><span style=\"color: #3c64a4;\">.<\/span><\/p>\n<p>Noored muusikud, kes te olete s\u00fcndinud 1995 aastal v\u00f5i hiljem, olete v\u00e4ga oodatud osalema 28.ndal Lions\u2019ite Euroopa Muusika Konkursil.<br \/>\nKonkursi kohta l\u00e4hema informatsiooni saamiseks ja registreerumiseks v\u00f5tke \u00fchendust oma riigi Lions organisatsiooniga. Esimese etapina tuleb kevadel osaleda piirkondlikus eelvoorus.<\/p>\n<p><strong><span style=\"color: #3c64a4;\">TAUSTA INFORMATSIOON<\/span> <\/strong><br \/>\nThomas Kuti nimelist muusika auhinda antakse v\u00e4lja \u00fcks kord aastas, Lions Euroopa Foorumi ajal, et julgustada noori andekaid Euroopa muusikuid. Muusika konkursi l\u00f5ppvoor toimub foorumi ajal ning iga kord on see p\u00fchendatud erinevale instrumendile.<br \/>\nAllj\u00e4rgnevalt v\u00e4ljav\u00f5te osalemise reeglitest. T\u00e4psem info ametlikus versioonis.<\/p>\n<p><strong><span style=\"color: #3c64a4;\">OSALEJAD<\/span><\/strong><\/p>\n<ol>\n<li>Osalejad peavad olema s\u00fcndinud 1995 aastal v\u00f5i hiljem.<\/li>\n<li>Osalejad peavad olema Euroopa Foorumil osalevate riikide residendid v\u00e4hemalt viis aastat enne 01 jaanuari konkursi toimumise aastal.<\/li>\n<li>\u201cOsalevad riigid\u201d on riigid, mis on \u00e4ra m\u00e4\u00e4ratletud Euroopa Foorumi protseduuri reeglitega Artiklis III.<\/li>\n<li>Varasem LEMC konkursi v\u00f5itja ei saa enam teist korda konkursil osaleda.<\/li>\n<li>Iga osalev riik v\u00f5ib konkursile nomineerida \u00fche osaleja. Eelvoorud toimuvad enamikes osalevates riikides regiooni v\u00f5i riigi tasandil. Detailset informatsiooni eelvoorude kohta leiab regiooni v\u00f5i piirkonna kodulehtede kaudu. K\u00fcsimuste tekkimisel v\u00f5tke meiega otse \u00fchendust.<\/li>\n<li>Registreerimise vorm tuleb esitada \u00dchenduse juhatusele hiljemalt 30ndal juunil konkursi toimumise aastal.<\/li>\n<li>K\u00f5ik konkursil osalemisega seotud kulutused kantakse osaleja riigi poolt.<\/li>\n<\/ol>\n<p><span style=\"color: #3c64a4;\"><strong>KONKURSS<\/strong><\/span><br \/>\nKonkurss toimub kolmes astmes. Esiteks esitavad osalejad ettem\u00e4\u00e4ratud muusikapala. Seej\u00e4rel esitavad nad oma individuaalselt valitud muusikapala. K\u00f5rgelt kvalifitseeritud rahvusvaheline \u017e\u00fcrii valib v\u00e4lja kuus parimat interpreeti, kes saavad finaali kahe esitatud muusikapala j\u00e4rgi. Kuus osalejat m\u00e4ngivad viimases voorus uuesti oma individuaalselt v\u00e4ljavalitud muusikapala.<\/p>\n<p><strong>Auhinnad:<\/strong><br \/>\n1. Auhind: 5000 EUR<br \/>\n2. Auhind 3000 EUR<br \/>\n3. Auhind 2000 EUR<br \/>\nLisapreemiad v\u00e4ljastatakse v\u00f5imaluste korral.<\/p>\n<p><span style=\"color: #3c64a4;\"><strong><span style=\"color: #3c64a4;\">Detailsem<\/span> info <span style=\"color: #3c64a4;\"><a style=\"color: #3c64a4;\" href=\"https:\/\/www.europaforum2019.ee\/music-competition\/\">inglise keelsel lehel!<\/a><\/span><\/strong><\/span>[\/vc_column_text][\/vc_column_inner][\/vc_row_inner][\/vc_column][\/vc_row]<\/p>\n","protected":false},"excerpt":{"rendered":"<p>[vc_row css=&#8221;.vc_custom_1528724670702{background-color: #f5f3f2 !important;}&#8221;][vc_column][vc_row_inner type=&#8221;boxed&#8221;][vc_column_inner][vc_column_text] MUUSIKA KONKURSS TERE TULEMAST TALLINNASSE LIONITE EUROOPA MUUSIKA KONKURSILE (LEMC)\u00a0OKTOOBRIS 2019! TALLINNAS TOIMUV 28. THOMAS KUTI NIMELINE LEMC ON P\u00dcHENDATUD KLASSIKALISELE KITARRILE. Noored muusikud, kes te olete s\u00fcndinud 1995 aastal v\u00f5i hiljem, olete v\u00e4ga oodatud osalema 28.ndal Lions\u2019ite Euroopa Muusika Konkursil. Konkursi kohta l\u00e4hema informatsiooni saamiseks ja registreerumiseks v\u00f5tke \u00fchendust [&hellip;]<\/p>\n","protected":false},"author":2,"featured_media":0,"parent":0,"menu_order":0,"comment_status":"closed","ping_status":"closed","template":"page-full-width.php","meta":[],"categories":[34],"tags":[],"_links":{"self":[{"href":"https:\/\/www.europaforum2019.ee\/et\/wp-json\/wp\/v2\/pages\/3376"}],"collection":[{"href":"https:\/\/www.europaforum2019.ee\/et\/wp-json\/wp\/v2\/pages"}],"about":[{"href":"https:\/\/www.europaforum2019.ee\/et\/wp-json\/wp\/v2\/types\/page"}],"author":[{"embeddable":true,"href":"https:\/\/www.europaforum2019.ee\/et\/wp-json\/wp\/v2\/users\/2"}],"replies":[{"embeddable":true,"href":"https:\/\/www.europaforum2019.ee\/et\/wp-json\/wp\/v2\/comments?post=3376"}],"version-history":[{"count":16,"href":"https:\/\/www.europaforum2019.ee\/et\/wp-json\/wp\/v2\/pages\/3376\/revisions"}],"predecessor-version":[{"id":8312,"href":"https:\/\/www.europaforum2019.ee\/et\/wp-json\/wp\/v2\/pages\/3376\/revisions\/8312"}],"wp:attachment":[{"href":"https:\/\/www.europaforum2019.ee\/et\/wp-json\/wp\/v2\/media?parent=3376"}],"wp:term":[{"taxonomy":"category","embeddable":true,"href":"https:\/\/www.europaforum2019.ee\/et\/wp-json\/wp\/v2\/categories?post=3376"},{"taxonomy":"post_tag","embeddable":true,"href":"https:\/\/www.europaforum2019.ee\/et\/wp-json\/wp\/v2\/tags?post=3376"}],"curies":[{"name":"wp","href":"https:\/\/api.w.org\/{rel}","templated":true}]}}