{"id":3370,"date":"2018-10-21T17:22:55","date_gmt":"2018-10-21T17:22:55","guid":{"rendered":"http:\/\/www.europaforum2019.ee\/?page_id=3370"},"modified":"2019-09-22T14:44:38","modified_gmt":"2019-09-22T14:44:38","slug":"program","status":"publish","type":"page","link":"https:\/\/www.europaforum2019.ee\/et\/program\/","title":{"rendered":"Programm"},"content":{"rendered":"<p>[vc_row css=&#8221;.vc_custom_1528724670702{background-color: #f5f3f2 !important;}&#8221;][vc_column][vc_column_text]<\/p>\n<h2 style=\"text-align: center;\"><span style=\"color: #3c64a4;\"><a style=\"color: #3c64a4;\" href=\"https:\/\/www.europaforum2019.ee\/wp-content\/uploads\/2019\/08\/EF-programm-EST-31.07.pdf\"><strong>PROGRAMM<\/strong><\/a><\/span><\/h2>\n<p>[\/vc_column_text][vc_empty_space][vc_row_inner type=&#8221;boxed&#8221;][vc_column_inner width=&#8221;1\/2&#8243;][vc_column_text]<span style=\"color: #3c64a4;\"><strong><a style=\"color: #3c64a4;\" href=\"https:\/\/www.europaforum2019.ee\/et\/thursday\/\">NELJAP\u00c4EV<\/a>, 3 Oktoober, 2019<\/strong><\/span><\/p>\n<p>GAT<br \/>\nEF2019 j\u00e4relevalvekomitee koosolek (kinnine istung)<br \/>\nEuroopa kaugplaneerimise komitee (kinnine istung)<br \/>\nNoorte Laagri &amp; Noortevahetuste esimeeste koosolek<br \/>\nL\u00e4\u00e4nemere Lionid (BSL)<br \/>\nEsinejad &amp; delegaatide suunamine<br \/>\nMD111 N\u00f5ukogu koosolek (kinnine istung)<br \/>\nNSR CC juhatuse istung (kinnine kohtumine)<br \/>\nHeategevuslik warm-up pidu[\/vc_column_text][\/vc_column_inner][vc_column_inner width=&#8221;1\/2&#8243;][vc_column_text]<span style=\"color: #3c64a4;\"><strong><a style=\"color: #3c64a4;\" href=\"https:\/\/www.europaforum2019.ee\/et\/friday\/\">REEDE<\/a>, 4 Oktoober, 2019<\/strong><\/span><\/p>\n<p>Lionite Euroopa Thomas Kuti Muusikav\u00f5istlus &#8211; Esimene ja teine voor<br \/>\nAvak\u00f5ne: Kohanemine kiiresti muutuva maailmaga<br \/>\nNoorte Laagri &amp; Noortevahetuse juhtide koosolek<br \/>\nAvak\u00f5ne: \u00dclerahvastatus maailmas<br \/>\nLions Lab: Loome koos j\u00e4tkusuutliku tuleviku &#8211; Lionid v\u00f5itlevad koos puhta vee eest<br \/>\nMaailmakohvik: R\u00e4\u00e4gime pr\u00fcgist! Kuidas koostada \u201eHoian puhtust\u201c plaani<br \/>\nMaailmakohvik: Kliimakompensatsioon. J\u00e4tkusuutlike lionite klubi \u2013 Kliimas\u00f5bralikud tegevused<br \/>\nEuroopa-Aasia komitee<br \/>\nBert Masoni Noore Heatahtesaadiku konkurss SISSEJUHATUS<br \/>\nGAT koordinaatorite kohtumine<br \/>\nEuroopa Aafrika komitee (kinnine koosolek)<br \/>\nPagulaste abistamise komitee (kinnine istung)<br \/>\nLCI privaatsuse t\u00f6\u00f6grupp<br \/>\nFoorumi esmak\u00fclastajate t\u00f6\u00f6tuba<br \/>\nWaSH WG juhatuse koosolek (kinnine koosolek)<br \/>\nLionite paraad<br \/>\nAvatseremoonia &#8211; Eesti Euroopas ja Euroopa Eestis.<br \/>\nRahvus\u00f5htu<br \/>\nAmetlik j\u00e4relpidu[\/vc_column_text][\/vc_column_inner][\/vc_row_inner][vc_empty_space][vc_row_inner type=&#8221;boxed&#8221;][vc_column_inner width=&#8221;1\/2&#8243;][vc_column_text]<strong><a href=\"https:\/\/www.europaforum2019.ee\/et\/saturday\/\">LAUP\u00c4EV<\/a><span style=\"color: #3c64a4;\">, 5 Oktoober, 2019<\/span><\/strong><\/p>\n<p>Kohtumine rahvusvahelise presidendiga<br \/>\nLionite Euroopa Thomas Kuti Muusikav\u00f5istlus &#8211; Finaal<br \/>\nNoortevahetuse turg<br \/>\nBert Masoni Noore Heatahtesaadiku konkursi INTERVJUUD (kinnine kohtumine)<br \/>\nEuroopa N\u00f5ukogu I<br \/>\nGAT \u00fcldkoosolek<br \/>\nAvak\u00f5ne: Tuleviku t\u00f6\u00f6kohad ja kompetentsid<br \/>\nMaailmakohvik: Noorte haridusalased valikud ja v\u00f5imalused<br \/>\nMaailmakohvik: Rahu plakati v\u00f5istlus ja rahvusvaheline m\u00f5ju<br \/>\nMaailmakohvik: Vaimse tervise probleemide v\u00e4hendamine<br \/>\nVahemeremaade Lionite kohtumine<br \/>\nWaSH WG juhatuse koosolek (kinnine koosolek)<br \/>\n\u00dcRO\/MT\u00dc sessioon ja pagulaste abistamine<br \/>\nAvak\u00f5ne: E-Eesti (k\u00fcberlahendused)<br \/>\nMaailmakohvik: K\u00fcberlahendused &amp; kommunikatsioon<br \/>\nMaailmakohvik: Andmeturve lionitele<br \/>\nMaailmakohvik: LEOde k\u00fcberlahendused<br \/>\nIP kohtub DG-ga<br \/>\n1.VIP kohtub VDG-ga<br \/>\nMuusikav\u00f5istluse riikide esindajate ja auhinnakomitee kohtumine<br \/>\nLionid Euroopa eest<br \/>\nMaailmakohvik &#8211; kuidas saavutada liikmeskonna kasv Euroopas<br \/>\nLions Quest (noorte arenguprogramm)<br \/>\nEuroopa Aafrika komitee<br \/>\nLionite t\u00f6\u00f6vahendid: Kogemuste jagamine<br \/>\nLionid &amp; eetika ja suhtluseetika<br \/>\nEuroopa N\u00f5ukogu arutelud<br \/>\nGala\u00f5htu<br \/>\nAmetlik j\u00e4relpidu[\/vc_column_text][\/vc_column_inner][vc_column_inner width=&#8221;1\/2&#8243;][vc_column_text]<span style=\"color: #3c64a4;\"><strong><a style=\"color: #3c64a4;\" href=\"https:\/\/www.europaforum2019.ee\/et\/sunday\/\">P\u00dcHAP\u00c4EV<\/a>, 6 Oktoober, 2019<\/strong><\/span><\/p>\n<p>EF2020 j\u00e4relevalvekomitee koosolek (kinnine istung)<br \/>\nAvak\u00f5ne: LEOde k\u00fcberlahendused &#8211; Leo4Green<br \/>\nKohtumine rahvusvaheliste direktoritega<br \/>\nVesi t\u00e4hendab elu &#8211; M\u00f5tle ja tegutse &#8211; Euroopa foorumi WaSH t\u00f6\u00f6tuba 2019<br \/>\nRahvusvahelise Lions liikumise (LCIF) Plenaaristung<br \/>\nLionite t\u00f6\u00f6vahendid: Kogemuste jagamine<br \/>\nSeminar: Kuidas lionite projektidele ELi rahastusega hoogu anda<br \/>\nSeminar: LEOde k\u00fcberlahendused<br \/>\nEuroopa N\u00f5ukogu II (L\u00f5ppkoosolek)<br \/>\nLionite t\u00f6\u00f6vahendid: Kogemuste jagamine<br \/>\nSeminar: Kuidas lionite projektidele ELi rahastusega hoogu anda<br \/>\nSeminar: LEOde k\u00fcberlahendused<br \/>\nKampaania 100: Rahvusvahelise Lions liikumise (LCIF) heategevuse toetamine<br \/>\nNoore Heatahtesaadiku finalistide esitlused<br \/>\nL\u00f5putseremoonia[\/vc_column_text][\/vc_column_inner][\/vc_row_inner][vc_row_inner type=&#8221;boxed&#8221;][vc_column_inner][vc_column_text]<span style=\"color: #3c64a4;\">P\u00e4evade kaupa detailse programmi leiad siit: <strong><a href=\"https:\/\/www.europaforum2019.ee\/et\/thursday\/\">NELJAP\u00c4EV<\/a> &#8211; <a href=\"https:\/\/www.europaforum2019.ee\/et\/friday\/\">REEDE<\/a> &#8211; <a href=\"https:\/\/www.europaforum2019.ee\/et\/saturday\/\">LAUP\u00c4EV<\/a> &#8211; <a href=\"https:\/\/www.europaforum2019.ee\/et\/sunday\/\">P\u00dcHAP\u00c4EV<\/a><\/strong><\/span><\/p>\n<p><span style=\"color: #3c64a4;\">Kogu programmi ajatabeli saad alla laadida <a href=\"https:\/\/www.europaforum2019.ee\/wp-content\/uploads\/2019\/09\/EF-programm-EST-22.09.pdf\" target=\"_blank\" rel=\"noopener\"><span style=\"text-decoration: underline;\"><strong>siit<\/strong><\/span><\/a><\/span><strong><span style=\"color: #3c64a4;\">. <\/span><br \/>\n<\/strong><\/p>\n<p>[\/vc_column_text][\/vc_column_inner][\/vc_row_inner][vc_column_text]<\/p>\n<p style=\"text-align: center;\"><strong><span style=\"color: #ff0000;\">Viimased t\u00e4psustused programmis on n\u00e4ha vaid inglise keelsel veebilehel!<\/span><br \/>\n<\/strong><\/p>\n<p>[\/vc_column_text][\/vc_column][\/vc_row][vc_row css=&#8221;.vc_custom_1528789133475{background-color: #fdc924 !important;}&#8221;][vc_column][vc_row_inner type=&#8221;boxed&#8221; css=&#8221;.vc_custom_1537354005488{padding-bottom: 1em !important;}&#8221;][vc_column_inner][vc_column_text][\/vc_column_text][\/vc_column_inner][\/vc_row_inner][\/vc_column][\/vc_row]<\/p>\n","protected":false},"excerpt":{"rendered":"<p>[vc_row css=&#8221;.vc_custom_1528724670702{background-color: #f5f3f2 !important;}&#8221;][vc_column][vc_column_text] PROGRAMM [\/vc_column_text][vc_empty_space][vc_row_inner type=&#8221;boxed&#8221;][vc_column_inner width=&#8221;1\/2&#8243;][vc_column_text]NELJAP\u00c4EV, 3 Oktoober, 2019 GAT EF2019 j\u00e4relevalvekomitee koosolek (kinnine istung) Euroopa kaugplaneerimise komitee (kinnine istung) Noorte Laagri &amp; Noortevahetuste esimeeste koosolek L\u00e4\u00e4nemere Lionid (BSL) Esinejad &amp; delegaatide suunamine MD111 N\u00f5ukogu koosolek (kinnine istung) NSR CC juhatuse istung (kinnine kohtumine) Heategevuslik warm-up pidu[\/vc_column_text][\/vc_column_inner][vc_column_inner width=&#8221;1\/2&#8243;][vc_column_text]REEDE, 4 Oktoober, 2019 Lionite Euroopa [&hellip;]<\/p>\n","protected":false},"author":2,"featured_media":0,"parent":0,"menu_order":0,"comment_status":"closed","ping_status":"closed","template":"page-full-width.php","meta":[],"categories":[34],"tags":[],"_links":{"self":[{"href":"https:\/\/www.europaforum2019.ee\/et\/wp-json\/wp\/v2\/pages\/3370"}],"collection":[{"href":"https:\/\/www.europaforum2019.ee\/et\/wp-json\/wp\/v2\/pages"}],"about":[{"href":"https:\/\/www.europaforum2019.ee\/et\/wp-json\/wp\/v2\/types\/page"}],"author":[{"embeddable":true,"href":"https:\/\/www.europaforum2019.ee\/et\/wp-json\/wp\/v2\/users\/2"}],"replies":[{"embeddable":true,"href":"https:\/\/www.europaforum2019.ee\/et\/wp-json\/wp\/v2\/comments?post=3370"}],"version-history":[{"count":29,"href":"https:\/\/www.europaforum2019.ee\/et\/wp-json\/wp\/v2\/pages\/3370\/revisions"}],"predecessor-version":[{"id":8464,"href":"https:\/\/www.europaforum2019.ee\/et\/wp-json\/wp\/v2\/pages\/3370\/revisions\/8464"}],"wp:attachment":[{"href":"https:\/\/www.europaforum2019.ee\/et\/wp-json\/wp\/v2\/media?parent=3370"}],"wp:term":[{"taxonomy":"category","embeddable":true,"href":"https:\/\/www.europaforum2019.ee\/et\/wp-json\/wp\/v2\/categories?post=3370"},{"taxonomy":"post_tag","embeddable":true,"href":"https:\/\/www.europaforum2019.ee\/et\/wp-json\/wp\/v2\/tags?post=3370"}],"curies":[{"name":"wp","href":"https:\/\/api.w.org\/{rel}","templated":true}]}}