{"id":2282,"date":"2018-10-12T14:15:52","date_gmt":"2018-10-12T14:15:52","guid":{"rendered":"http:\/\/www.europaforum2019.ee\/arendamisel\/?page_id=2282"},"modified":"2019-09-03T20:02:28","modified_gmt":"2019-09-03T20:02:28","slug":"european-council","status":"publish","type":"page","link":"https:\/\/www.europaforum2019.ee\/et\/european-council\/","title":{"rendered":"Plenaaristung"},"content":{"rendered":"<p>[vc_row css=&#8221;.vc_custom_1528724670702{background-color: #f5f3f2 !important;}&#8221;][vc_column][vc_row_inner type=&#8221;boxed&#8221;][vc_column_inner][vc_column_text]<\/p>\n<h2><strong><span style=\"color: #3c64a4;\">PLENAARISTUNG<br \/>\n<\/span><\/strong><\/h2>\n<p><strong>See lehek\u00fclg uuendatakse l\u00f5pliku ajakavaga 2019.a juulis<\/strong><\/p>\n<p>&nbsp;<\/p>\n<p><span style=\"color: #3c64a4;\"><strong>EF2019 Euroopa Volikogu koosolek I<\/strong><strong><br \/>\nLaup\u00e4eva hommik, 5. Oktoober, 2019 Alexela Kontserdimaja, Tallinn<\/strong><\/span><\/p>\n<p>Vastavalt Euroopa Foorumi Protseduurireeglitele on Euroopa Volikogu Foorumi eeskirjade loomise ning kontrolli organ.<\/p>\n<p>Euroopa Volikogu koosneb igat Liikmesriiki esindavast \u00fchest h\u00e4\u00e4le\u00f5iguslikust delegaadist. Iga konstitutsionaalse Euroopa ala riigis tegutsev Lions Organisatsioon v\u00f5ib saada Euroopa Foorumi liikmeks eeldusel, et selle liikmelisus on heaks kiidetud ning kinnitatud Euroopa Volikogu poolt.<\/p>\n<p>Volikogu koosoleku agenda kinnitatakse Foorumi Presidendi poolt l\u00e4htudes resolutsiooni kavanditest, mis esitatakse Volikogu Liikmete poolt.<br \/>\nResolutsiooni kavandid tuleb esitada inglise keeles Foorumi presidendile ning N\u00f5ustaja &amp; Arhivaarile hiljemalt 15. juuniks.<\/p>\n<p>Hiljemalt <strong>31. juulil<\/strong> avalikustab Foorumi President resolutsioonide kavandid Foorumi veebilehel koos e-kirja teavitusega Liikmetele, et v\u00f5imaldada p\u00f5hjalik ettevalmistus aruteludeks ning h\u00e4\u00e4letuseks, mis leiab aset Euroopa Volikogu koosolekul.<\/p>\n<p>Euroopa Volikogu koosolekud on avatud k\u00f5ikidele L\u00f5videle. H\u00e4\u00e4le\u00f5igus on vaid \u00fchel volitatud delegaadil Liikmesriigi kohta.<br \/>\nVolikogu koosoleku esimeheks on Foorumi President, teda assisteerivad Foorumi Asepresident, Peasekret\u00e4r ning N\u00f5ustaja &amp; Arhivaar.<\/p>\n<p>&nbsp;<\/p>\n<p><span style=\"color: #3c64a4;\"><strong>EF2019 Euroopa Volikogu koosolek \u2013 arutelud<\/strong><strong><br \/>\nLaup\u00e4eva \u00f5htu, 5. oktoober, 2019 Nordic Hotel Forum, Tallinn<\/strong><\/span><\/p>\n<p>Selle koosoleku eesm\u00e4rgiks on pidada avalikke mitteformaalseid arutelusid, mille tulemusena ette valmistada otsused, mis v\u00f5etakse vastu j\u00e4rgmisel p\u00e4eval.<\/p>\n<p>Resolutsiooni kavandeid v\u00f5ib t\u00e4iendada v\u00f5i tagasi v\u00f5tta ning v\u00f5idakse soovida t\u00e4iendavat informatsiooni. K\u00fcll aga ei tohi luua ega esitada uusi resolutsiooni kavandeid.<\/p>\n<p>K\u00f5ik dokumentatsioon ning t\u00e4iendavalt soovitud informatsioon avaldatakse sellel lehek\u00fcljel peale Volikogu koosolekuid.<\/p>\n<p>See koosolek on avatud k\u00f5ikidele L\u00f5videle.<\/p>\n<p>Ka selle koosoleku esimeheks on Foorumi President, teda assisteerivad Foorumi Asepresident, Peasekret\u00e4r ning N\u00f5ustaja &amp; Arhivaar.<\/p>\n<ul>\n<li><span style=\"color: #3c64a4;\"><a style=\"color: #3c64a4;\" href=\"https:\/\/www.europaforum2019.ee\/wp-content\/uploads\/2019\/09\/MD111_Resolution-I-Budget-surcharge-for-the-Europa-Forum.pdf\">MD111_Resolution I &#8211; Budget surcharge for the Europa Forum<\/a><\/span><\/li>\n<li><span style=\"color: #3c64a4;\"><a style=\"color: #3c64a4;\" href=\"https:\/\/www.europaforum2019.ee\/wp-content\/uploads\/2019\/09\/MD111_Resolution-II-Criteria-and-requirements-for-multiple-district-and-district-application-and-selection-as-well-as-the-venue-for-conducting-a-Europa-Forum.pdf\">MD111_Resolution II &#8211; Criteria and requirements for multiple-district and district application and selection as well as the venue for conducting a Europa Forum<\/a><\/span><\/li>\n<li><span style=\"color: #3c64a4;\"><a style=\"color: #3c64a4;\" href=\"https:\/\/www.europaforum2019.ee\/wp-content\/uploads\/2019\/09\/MD111_Resolution-III-Reinforcement-of-the-position-of-the-Chair-of-the-Supervisory-Committee-at-the-Europa-Forum.pdf\">MD111_Resolution III &#8211; Reinforcement of the position of the Chair of the Supervisory Committee at the Europa Forum<\/a><\/span><\/li>\n<li><span style=\"color: #3c64a4;\"><a style=\"color: #3c64a4;\" href=\"https:\/\/www.europaforum2019.ee\/wp-content\/uploads\/2019\/09\/MD111_Resolution-IV-Attatchment_Rules-of-Procedure-in-the-WaSH-Working-Group.pdf\">MD111_Resolution IV &#8211; Attatchment_Rules of Procedure in the WaSH Working Group<\/a><\/span><\/li>\n<li><span style=\"color: #3c64a4;\"><a style=\"color: #3c64a4;\" href=\"https:\/\/www.europaforum2019.ee\/wp-content\/uploads\/2019\/09\/MD111_Resolution-IV-Rules-of-Procedure-in-the-WaSH-Working-Group.pdf\">MD111_Resolution IV &#8211; Rules of Procedure in the WaSH Working Group<\/a><\/span><\/li>\n<\/ul>\n<p>&nbsp;<\/p>\n<p><span style=\"color: #3c64a4;\"><strong>EF2019 Euroopa Volikogu koosolek\u00a0 II<\/strong><strong><br \/>\nP\u00fchap\u00e4eva hommik, 6. oktoober 2019, Alexela Kontserdimaja, Tallinn<\/strong><\/span><\/p>\n<p>K\u00f5ik mitteametlikud s\u00f5nav\u00f5tud ning arutelud on peetud eelneval p\u00e4eval ning see koosolek keskendub ainult agendas olevatele valimistele ning resolutsioonide h\u00e4\u00e4letamisele. Kui samaaegselt ei ole teatavaks tulnud uut asjakohast informatsiooni, ei ole arutelud siinkohal lubatud.<\/p>\n<p>Uusi resolutsioone ei tohi selle koosoleku raames esitada.<\/p>\n<p>Lisaks kokkulepitud agendale v\u00f5ib m\u00f5ne seminari tulemusena seminari esimees esitada ettepaneku hiljemalt eelmise p\u00e4eva 18:00ks ning paluda konsulteerivat h\u00e4\u00e4letust. Taolise ettepaneku presenteerimiseks on ette n\u00e4htud maksimaalselt 3 minutit.<\/p>\n<p>L\u00f5plik agenda avaldatakse sellel lehel peale Volikogu arutelude koosoleku l\u00f5ppu.<\/p>\n<p>See koosolek toimub peaauditooriumis ning on avatud k\u00f5ikidele Lionitele, kuid iga Liikmesriigi kohta v\u00f5ib vaid \u00fcks volitatud delegaat h\u00e4\u00e4letada ning s\u00f5na v\u00f5tta.<\/p>\n<p>Volikogu koosoleku esimeheks on Foorumi President, teda assisteerivad Foorumi Asepresident, Peasekret\u00e4r ning N\u00f5ustaja &amp; Arhivaar.<\/p>\n<p>Protseduurireeglite Artikkel 5 laieneb nendele koosolekutele.[\/vc_column_text][\/vc_column_inner][\/vc_row_inner][\/vc_column][\/vc_row][vc_row css=&#8221;.vc_custom_1528789133475{background-color: #fdc924 !important;}&#8221;][vc_column][\/vc_column][\/vc_row]<\/p>\n","protected":false},"excerpt":{"rendered":"<p>[vc_row css=&#8221;.vc_custom_1528724670702{background-color: #f5f3f2 !important;}&#8221;][vc_column][vc_row_inner type=&#8221;boxed&#8221;][vc_column_inner][vc_column_text] PLENAARISTUNG See lehek\u00fclg uuendatakse l\u00f5pliku ajakavaga 2019.a juulis &nbsp; EF2019 Euroopa Volikogu koosolek I Laup\u00e4eva hommik, 5. Oktoober, 2019 Alexela Kontserdimaja, Tallinn Vastavalt Euroopa Foorumi Protseduurireeglitele on Euroopa Volikogu Foorumi eeskirjade loomise ning kontrolli organ. Euroopa Volikogu koosneb igat Liikmesriiki esindavast \u00fchest h\u00e4\u00e4le\u00f5iguslikust delegaadist. Iga konstitutsionaalse Euroopa ala riigis tegutsev [&hellip;]<\/p>\n","protected":false},"author":2,"featured_media":0,"parent":0,"menu_order":0,"comment_status":"closed","ping_status":"closed","template":"page-full-width.php","meta":[],"categories":[34],"tags":[],"_links":{"self":[{"href":"https:\/\/www.europaforum2019.ee\/et\/wp-json\/wp\/v2\/pages\/2282"}],"collection":[{"href":"https:\/\/www.europaforum2019.ee\/et\/wp-json\/wp\/v2\/pages"}],"about":[{"href":"https:\/\/www.europaforum2019.ee\/et\/wp-json\/wp\/v2\/types\/page"}],"author":[{"embeddable":true,"href":"https:\/\/www.europaforum2019.ee\/et\/wp-json\/wp\/v2\/users\/2"}],"replies":[{"embeddable":true,"href":"https:\/\/www.europaforum2019.ee\/et\/wp-json\/wp\/v2\/comments?post=2282"}],"version-history":[{"count":10,"href":"https:\/\/www.europaforum2019.ee\/et\/wp-json\/wp\/v2\/pages\/2282\/revisions"}],"predecessor-version":[{"id":7798,"href":"https:\/\/www.europaforum2019.ee\/et\/wp-json\/wp\/v2\/pages\/2282\/revisions\/7798"}],"wp:attachment":[{"href":"https:\/\/www.europaforum2019.ee\/et\/wp-json\/wp\/v2\/media?parent=2282"}],"wp:term":[{"taxonomy":"category","embeddable":true,"href":"https:\/\/www.europaforum2019.ee\/et\/wp-json\/wp\/v2\/categories?post=2282"},{"taxonomy":"post_tag","embeddable":true,"href":"https:\/\/www.europaforum2019.ee\/et\/wp-json\/wp\/v2\/tags?post=2282"}],"curies":[{"name":"wp","href":"https:\/\/api.w.org\/{rel}","templated":true}]}}