{"id":2270,"date":"2018-10-12T14:07:11","date_gmt":"2018-10-12T14:07:11","guid":{"rendered":"http:\/\/www.europaforum2019.ee\/arendamisel\/?page_id=2270"},"modified":"2019-04-06T21:24:15","modified_gmt":"2019-04-06T21:24:15","slug":"jarelvalvekomitee","status":"publish","type":"page","link":"https:\/\/www.europaforum2019.ee\/et\/jarelvalvekomitee\/","title":{"rendered":"J\u00e4relvalvekomitee"},"content":{"rendered":"<p>[vc_row css=&#8221;.vc_custom_1528724670702{background-color: #f5f3f2 !important;}&#8221;][vc_column width=&#8221;2\/3&#8243;][vc_row_inner type=&#8221;boxed&#8221;][vc_column_inner][vc_column_text]<\/p>\n<h2><span style=\"color: #3c64a4;\"><strong>J\u00c4RELVALVEKOMITEE<\/strong><\/span><\/h2>\n<p><span style=\"color: #3c64a4;\"><strong>ID Heimo Potinkara, EF2019-le m\u00e4\u00e4ratud Rahvusvaheline Direktor<\/strong><\/span><strong><br \/>\n<\/strong>\u00dcks Euroopa ametis olevatest Rahvusvahelistest Direktoritest, kes on Rahvusvahelise Lions Organisatsiooni Maailma Presidendi poolt m\u00e4\u00e4ratud juhendama Euroopa Foorumi korraldust.<\/p>\n<p><strong><span style=\"color: #3c64a4;\">PID Phil Nathan, EF N\u00f5ustaja &amp; Arhivaar 2017-2022<\/span> <\/strong><br \/>\nValitakse Euroopa Volikogu poolt ametisse viieks aastaks ning tema \u00fclesandeks on j\u00e4lgida ning anal\u00fc\u00fcsida k\u00f5iki tehtud otsuseid ning olla n\u00f5ustaja J\u00e4relvalve- ning Korralduskomiteele. N\u00f5ustaja &amp; Arhivaar on Euroopa Foorumi elav s\u00fcdametunnistus ning j\u00e4tkusuutlikkuse tagaja. Tema peab tagama, et vastuv\u00f5etud otsused realiseeruks ning tulevastel aastatel k\u00e4itutaks vastavalt nendele.<\/p>\n<p><span style=\"color: #3c64a4;\"><strong>PCC Peter Brandenburg, EF Raamatupidaja 2017-2022 <\/strong><\/span><br \/>\nValitakse Euroopa Volikogu poolt ametisse viieks aastaks ning tema \u00fclesandeks on kontrollida Foorumi kulutusi ning eelarvet ning k\u00f5rvutada neid varasemate Foorumitega.<\/p>\n<p><span style=\"color: #3c64a4;\"><strong>J\u00e4relvalvekomitee <\/strong><\/span>peamiseks \u00fclesandeks on monitoorida Foorumi logistilisi, administratiivseid, finantsilisi ning Foorumi sisuga seonduvaid teemasid. Lisaks on Komitee \u00fclesandeks tagada, et Euroopa Foorum vastaks Euroopa Volikogu poolt kehtestatud reeglistikule. J\u00e4relvalvekomitee kooseb j\u00e4rgnevatest isikutest ning ametikohtadest:<\/p>\n<p><span style=\"color: #3c64a4;\"><strong>EF2019 J\u00e4relvalvekomitee:<\/strong><\/span><\/p>\n<ul>\n<li>ID Heimo Potinkara, m\u00e4\u00e4ratud Rahvusvaheline Direktor, Euroopa Foorum 2019 J\u00e4relvalvekomitee esimees<\/li>\n<li>PID Kalle Elster, EF2019 Foorumi president<\/li>\n<li>PID George Papas, EF2019 asepresident, EF2020 presiden<em>t<\/em><\/li>\n<li>1.VDG M\u00e4rt Viileberg, EF2019 Programmi direktor<\/li>\n<li>PDG George Savvides, EF2020 Programmi direktor<\/li>\n<li>PID Phil Nathan, EF N\u00f5ustaja &amp; Arhivaar<\/li>\n<\/ul>\n<p><span style=\"color: #3c64a4;\"><strong>Koosolekutele kutsutud:<\/strong><\/span><\/p>\n<ul>\n<li>PCC Peter Brandenburg, EF Raamatupidaja<\/li>\n<li>Ingo Brookman, LEMC \u2013 Thomas Kuti noorte muusikute konkursi esimees<\/li>\n<li>Pompillia Szellner, EF Noore heatahtesaadiku konkursi esimees<\/li>\n<li>Madis Sinij\u00e4rv, EF2019 Peasekret\u00e4r<\/li>\n<li>Tiina Mirka, EF2019 raamatupidaja<\/li>\n<li>Anneli Pilliroog, EF2019 \u00dcrituste programmijuht<\/li>\n<li>Mari-Liis Vihul, EF2019 Veebi administraator<\/li>\n<li>DG Arvi Perv, EF2019 vabatahtlike eestvedaja<\/li>\n<li>Margus Malla, EF2019 Noortevahetuse programmi eestvedaja<\/li>\n<li>IPDG Ragnar L\u00f5ivukene, EF2019 korraldusmeeskonnas Thomas Kuti noorte muusikute konkursi eestvedaja<\/li>\n<\/ul>\n<p>J\u00e4relvalvekomitee korraldab oma t\u00f6\u00f6d oma \u00e4ran\u00e4gemisel j\u00e4rgmise ajagraafiku alusel:<br \/>\n1. J\u00e4relvalvekomitee ametlik koosolek 2018.a oktoobris Skopje Euroopa Foorumil<br \/>\n2. J\u00e4relvalvekomitee ametlik koosolek 2019.a veebruaris Tallinnas<\/p>\n<p>Vastavalt vajadusele kutsutakse nendele koosolekutele asjakohaseid Korralduskomitee liikmeid (n\u00e4iteks Thomas Kuti konkursi esimees vmt) Kui m\u00e4\u00e4ratud Rahvusvaheline Direktor ja N\u00f5ustaja &amp; Arhivaar peavad vajalikuks, organiseeritakse t\u00e4iendavaid koosolekuid Foorumi presidendi ja teiste Korraldusmeeskonna liikmetega.<\/p>\n<p>J\u00e4relvalvekomitee v\u00f5ib \u00fchtlasi ka otsustada koosolekute l\u00e4biviimise vahetult enne ja peale Foorumit selle toimumiskohas.[\/vc_column_text][\/vc_column_inner][vc_column_inner][\/vc_column_inner][\/vc_row_inner][\/vc_column][vc_column width=&#8221;1\/3&#8243;][vc_single_image image=&#8221;904&#8243; img_size=&#8221;full&#8221;][vc_column_text]ID Heimo Potinkara[\/vc_column_text][vc_single_image image=&#8221;790&#8243; img_size=&#8221;full&#8221;][vc_column_text]PID Phil Nathan[\/vc_column_text][vc_single_image image=&#8221;707&#8243; img_size=&#8221;full&#8221;][vc_column_text]PCC Peter Brandenburg[\/vc_column_text][\/vc_column][\/vc_row][vc_row css=&#8221;.vc_custom_1528789133475{background-color: #fdc924 !important;}&#8221;][vc_column][\/vc_column][\/vc_row]<\/p>\n","protected":false},"excerpt":{"rendered":"<p>[vc_row css=&#8221;.vc_custom_1528724670702{background-color: #f5f3f2 !important;}&#8221;][vc_column width=&#8221;2\/3&#8243;][vc_row_inner type=&#8221;boxed&#8221;][vc_column_inner][vc_column_text] J\u00c4RELVALVEKOMITEE ID Heimo Potinkara, EF2019-le m\u00e4\u00e4ratud Rahvusvaheline Direktor \u00dcks Euroopa ametis olevatest Rahvusvahelistest Direktoritest, kes on Rahvusvahelise Lions Organisatsiooni Maailma Presidendi poolt m\u00e4\u00e4ratud juhendama Euroopa Foorumi korraldust. PID Phil Nathan, EF N\u00f5ustaja &amp; Arhivaar 2017-2022 Valitakse Euroopa Volikogu poolt ametisse viieks aastaks ning tema \u00fclesandeks on j\u00e4lgida ning anal\u00fc\u00fcsida [&hellip;]<\/p>\n","protected":false},"author":2,"featured_media":0,"parent":0,"menu_order":0,"comment_status":"closed","ping_status":"closed","template":"page-full-width.php","meta":[],"categories":[],"tags":[],"_links":{"self":[{"href":"https:\/\/www.europaforum2019.ee\/et\/wp-json\/wp\/v2\/pages\/2270"}],"collection":[{"href":"https:\/\/www.europaforum2019.ee\/et\/wp-json\/wp\/v2\/pages"}],"about":[{"href":"https:\/\/www.europaforum2019.ee\/et\/wp-json\/wp\/v2\/types\/page"}],"author":[{"embeddable":true,"href":"https:\/\/www.europaforum2019.ee\/et\/wp-json\/wp\/v2\/users\/2"}],"replies":[{"embeddable":true,"href":"https:\/\/www.europaforum2019.ee\/et\/wp-json\/wp\/v2\/comments?post=2270"}],"version-history":[{"count":13,"href":"https:\/\/www.europaforum2019.ee\/et\/wp-json\/wp\/v2\/pages\/2270\/revisions"}],"predecessor-version":[{"id":5706,"href":"https:\/\/www.europaforum2019.ee\/et\/wp-json\/wp\/v2\/pages\/2270\/revisions\/5706"}],"wp:attachment":[{"href":"https:\/\/www.europaforum2019.ee\/et\/wp-json\/wp\/v2\/media?parent=2270"}],"wp:term":[{"taxonomy":"category","embeddable":true,"href":"https:\/\/www.europaforum2019.ee\/et\/wp-json\/wp\/v2\/categories?post=2270"},{"taxonomy":"post_tag","embeddable":true,"href":"https:\/\/www.europaforum2019.ee\/et\/wp-json\/wp\/v2\/tags?post=2270"}],"curies":[{"name":"wp","href":"https:\/\/api.w.org\/{rel}","templated":true}]}}