{"id":1869,"date":"2018-10-06T14:59:58","date_gmt":"2018-10-06T14:59:58","guid":{"rendered":"http:\/\/www.europaforum2019.ee\/arendamisel\/?page_id=1869"},"modified":"2019-10-13T20:29:58","modified_gmt":"2019-10-13T20:29:58","slug":"we-serve","status":"publish","type":"page","link":"https:\/\/www.europaforum2019.ee\/et\/we-serve\/","title":{"rendered":"Abistame!"},"content":{"rendered":"<p>[vc_row css=&#8221;.vc_custom_1535095526140{background-image: url(https:\/\/www.europaforum2019.ee\/wp-content\/uploads\/2018\/08\/koer-taust.jpg?id=468) !important;background-position: center !important;background-repeat: no-repeat !important;background-size: cover !important;}&#8221;][vc_column][vc_single_image image=&#8221;3180&#8243; img_size=&#8221;full&#8221; alignment=&#8221;right&#8221; el_class=&#8221;header-pilt&#8221;][\/vc_column][\/vc_row][vc_row css=&#8221;.vc_custom_1528724670702{background-color: #f5f3f2 !important;}&#8221;][vc_column][vc_row_inner type=&#8221;boxed&#8221; css=&#8221;.vc_custom_1528962681509{margin-bottom: 1em !important;}&#8221;][vc_column_inner width=&#8221;5\/6&#8243;][vc_column_text]<span style=\"color: #3c64a4;\"><strong>TRUU S\u00d5BER V\u00d5IB OLLA ELUP\u00c4\u00c4STJA!<\/strong><\/span><\/p>\n<p><span style=\"color: #3c64a4;\"><strong>Foorumi l\u00e4bivaks heategevusprojektiks on h\u00fcpokoerte treeningute toetamine<span style=\"color: #3c64a4;\">.<\/span><\/strong><\/span><\/p>\n<p>Kuni foorumini rahastame kaheteistk\u00fcmne\u00a0noore diabeedihaige inimese abistamiseks h\u00fcpokoerte treeninguid. Treenitud koerad anname abivajajatele \u00fcle p\u00fchap\u00e4eval, 6 oktoobril, foorumi pidulikul l\u00f5petamisel. Kogume annetusi, kasutades taas sinimustvalget rukkilillem\u00e4rki.<\/p>\n<p><span style=\"color: #3c64a4;\"><strong>PID Kalle Elster:<\/strong><\/span> Hea Lion, palun anna oma v\u00e4ike panus h\u00fcpokoerte treeningute rahastamisel! Kaheteistk\u00fcmne koera treeningud on juba alanud!<\/p>\n<p><span style=\"color: #3c64a4;\"><strong>Kuidas h\u00fcpokoerad diabeedihaigeid abistavad?<\/strong><\/span><br \/>\nH\u00fcpokoer on v\u00e4lja \u00f5petatud hindama oma peremehe veresuhkru taset l\u00f5hna j\u00e4rgi ning talle m\u00e4rku andma, kui tekib h\u00fcpo- v\u00f5i h\u00fcpergl\u00fckeemia. Koer oskab tuua vajaliku toidu v\u00f5i joogi veresuhkru t\u00f5stmiseks v\u00f5i alarmeerida kaasinimesi peremehel tekkinud elule ja tervisele ohtlikust olukorrast.<\/p>\n<p><span style=\"color: #3c64a4;\"><strong>Sina saad teha <span style=\"color: #3c64a4;\">oma heateo annetades<\/span> v\u00e4ikese summa EF2019 registreerimisel v\u00f5i tehes \u00fclekande allolevale pangakontole:<\/strong><\/span><\/p>\n<p>Saaja: LIONS EF2019 MTU<br \/>\nPanga konto: EE791010220255292226<br \/>\nSWIFT kood: EEUHEE2X<br \/>\nSelgitus: Hypo Dogs<\/p>\n<p>&nbsp;<\/p>\n<p><strong><span style=\"color: #3c64a4;\">13.aprillil said 6 koera edukalt sooritatud diabeedi abikoera ehk h\u00fcpokoera eksami peale aastast koolitust.<\/span> <\/strong>Eksam koosnes kolmest osast: teooria, l\u00f5hnatundmine + eseme toomine ning baaskuulekus. Edasi ootab koeri ja koerajuhte ees pooleaastane raporteerimisperiood, mille eduka sooritamise j\u00e4rel saavad koerad ametliku h\u00fcpokoera atesteeringu! Palju \u00f5nne tublidele! Koerad ja koerajuhid on suure t\u00f6\u00f6 juba \u00e4ra teinud ning k\u00f5ik eksami l\u00e4binud koerad t\u00f6\u00f6tavad kodudes juba reaalselt oma omanike heaks. On olnud suur r\u00f5\u00f5m t\u00f6\u00f6tada ja veel suurem r\u00f5\u00f5m, et see k\u00f5ik j\u00e4tkub![\/vc_column_text][\/vc_column_inner][\/vc_row_inner][vc_column_inner width=&#8221;5\/6&#8243;][vc_column_text]<\/p>\n<p>[\/vc_column_text][\/vc_column_inner][\/vc_column][\/vc_row][vc_row][vc_column width=&#8221;1\/6&#8243;][vc_single_image image=&#8221;6035&#8243; img_size=&#8221;full&#8221;][\/vc_column][vc_column width=&#8221;1\/6&#8243;][vc_single_image image=&#8221;6042&#8243; img_size=&#8221;full&#8221;][\/vc_column][vc_column width=&#8221;1\/6&#8243;][vc_single_image image=&#8221;6049&#8243; img_size=&#8221;full&#8221;][\/vc_column][vc_column width=&#8221;1\/6&#8243;][vc_single_image image=&#8221;6056&#8243; img_size=&#8221;full&#8221;][\/vc_column][vc_column width=&#8221;1\/6&#8243;][vc_single_image image=&#8221;6021&#8243; img_size=&#8221;full&#8221;][\/vc_column][vc_column width=&#8221;1\/6&#8243;][vc_single_image image=&#8221;6028&#8243; img_size=&#8221;full&#8221;][\/vc_column][\/vc_row][vc_row][vc_column][vc_column_text]<\/p>\n<p><span style=\"color: #3c64a4;\"><strong>Ait\u00e4h!<\/strong><\/span>[\/vc_column_text][\/vc_column][\/vc_row]<\/p>\n","protected":false},"excerpt":{"rendered":"<p>[vc_row css=&#8221;.vc_custom_1535095526140{background-image: url(https:\/\/www.europaforum2019.ee\/wp-content\/uploads\/2018\/08\/koer-taust.jpg?id=468) !important;background-position: center !important;background-repeat: no-repeat !important;background-size: cover !important;}&#8221;][vc_column][vc_single_image image=&#8221;3180&#8243; img_size=&#8221;full&#8221; alignment=&#8221;right&#8221; el_class=&#8221;header-pilt&#8221;][\/vc_column][\/vc_row][vc_row css=&#8221;.vc_custom_1528724670702{background-color: #f5f3f2 !important;}&#8221;][vc_column][vc_row_inner type=&#8221;boxed&#8221; css=&#8221;.vc_custom_1528962681509{margin-bottom: 1em !important;}&#8221;][vc_column_inner width=&#8221;5\/6&#8243;][vc_column_text]TRUU S\u00d5BER V\u00d5IB OLLA ELUP\u00c4\u00c4STJA! Foorumi l\u00e4bivaks heategevusprojektiks on h\u00fcpokoerte treeningute toetamine. Kuni foorumini rahastame kaheteistk\u00fcmne\u00a0noore diabeedihaige inimese abistamiseks h\u00fcpokoerte treeninguid. Treenitud koerad anname abivajajatele \u00fcle p\u00fchap\u00e4eval, 6 oktoobril, foorumi pidulikul l\u00f5petamisel. Kogume annetusi, [&hellip;]<\/p>\n","protected":false},"author":2,"featured_media":0,"parent":0,"menu_order":0,"comment_status":"closed","ping_status":"closed","template":"page-full-width.php","meta":[],"categories":[34],"tags":[],"_links":{"self":[{"href":"https:\/\/www.europaforum2019.ee\/et\/wp-json\/wp\/v2\/pages\/1869"}],"collection":[{"href":"https:\/\/www.europaforum2019.ee\/et\/wp-json\/wp\/v2\/pages"}],"about":[{"href":"https:\/\/www.europaforum2019.ee\/et\/wp-json\/wp\/v2\/types\/page"}],"author":[{"embeddable":true,"href":"https:\/\/www.europaforum2019.ee\/et\/wp-json\/wp\/v2\/users\/2"}],"replies":[{"embeddable":true,"href":"https:\/\/www.europaforum2019.ee\/et\/wp-json\/wp\/v2\/comments?post=1869"}],"version-history":[{"count":31,"href":"https:\/\/www.europaforum2019.ee\/et\/wp-json\/wp\/v2\/pages\/1869\/revisions"}],"predecessor-version":[{"id":8761,"href":"https:\/\/www.europaforum2019.ee\/et\/wp-json\/wp\/v2\/pages\/1869\/revisions\/8761"}],"wp:attachment":[{"href":"https:\/\/www.europaforum2019.ee\/et\/wp-json\/wp\/v2\/media?parent=1869"}],"wp:term":[{"taxonomy":"category","embeddable":true,"href":"https:\/\/www.europaforum2019.ee\/et\/wp-json\/wp\/v2\/categories?post=1869"},{"taxonomy":"post_tag","embeddable":true,"href":"https:\/\/www.europaforum2019.ee\/et\/wp-json\/wp\/v2\/tags?post=1869"}],"curies":[{"name":"wp","href":"https:\/\/api.w.org\/{rel}","templated":true}]}}