{"id":1855,"date":"2018-10-06T14:05:54","date_gmt":"2018-10-06T14:05:54","guid":{"rendered":"http:\/\/www.europaforum2019.ee\/arendamisel\/?page_id=1855"},"modified":"2019-10-02T18:29:53","modified_gmt":"2019-10-02T18:29:53","slug":"whats-up","status":"publish","type":"page","link":"https:\/\/www.europaforum2019.ee\/et\/whats-up\/","title":{"rendered":"What&#8217;s Up"},"content":{"rendered":"<p>[vc_row css=&#8221;.vc_custom_1528958667784{background-image: url(https:\/\/www.europaforum2019.ee\/wp-content\/uploads\/2018\/06\/inimesed.jpg?id=114) !important;background-position: center !important;background-repeat: no-repeat !important;background-size: cover !important;}&#8221;][vc_column][vc_single_image image=&#8221;8474&#8243; img_size=&#8221;full&#8221; alignment=&#8221;right&#8221; onclick=&#8221;custom_link&#8221; el_class=&#8221;header-pilt&#8221; link=&#8221;https:\/\/www.europaforum2019.ee\/et\/general_program_and_premises\/&#8221;][\/vc_column][\/vc_row][vc_row css=&#8221;.vc_custom_1528724670702{background-color: #f5f3f2 !important;}&#8221;][vc_column][vc_row_inner type=&#8221;boxed&#8221;][vc_column_inner width=&#8221;1\/3&#8243;][vc_single_image image=&#8221;400&#8243; img_size=&#8221;full&#8221; onclick=&#8221;custom_link&#8221; link=&#8221;https:\/\/www.europaforum2019.ee\/general_program_and_premises\/&#8221;][vc_column_text]<\/p>\n<p style=\"text-align: center;\"><span style=\"text-decoration: underline;\"><strong><a href=\"https:\/\/www.europaforum2019.ee\/et\/program\"><span style=\"color: #3c64a4; text-decoration: underline;\">IDEEDE TURG<\/span><\/a><\/strong><\/span><\/p>\n<p>[\/vc_column_text][vc_column_text]<\/p>\n<div class=\"wpb_text_column wpb_content_element \">\n<div class=\"wpb_wrapper\">\n<div class=\"wpb_text_column wpb_content_element \">\n<div class=\"wpb_wrapper\">\n<p><strong>Loovus on innovatsiooni alus,<\/strong> selline on meie Foorumi patrooni, Euroopa Komisjoni Teaduse ja Innovatsiooni Peadirektoraadi asepeadirektori\u00a0 <a href=\"https:\/\/www.europaforum2019.ee\/wp-content\/uploads\/2018\/10\/Signe-Ratso.pdf\">Signe Ratso,<\/a> s\u00f5num. Tallinnas toimuval foorumil saab iga\u00fcks piisavalt v\u00f5imalusi kaasa m\u00f5elda, r\u00e4\u00e4kida ja genereerida ideid koos teiste piirkondade ja klubide lionitega \u2013 sellest saab \u00fcks korralik a IDEEDE TURG, et v\u00e4rskendada Euroopa lionismi t\u00f6\u00f6riistakasti.\u00a0 P\u00f5nevamate t\u00f6\u00f6tubade teemad on:<\/p>\n<p><strong>\u2022 Keskkonnahoidlik ringmajandus<\/strong><br \/>\n<strong>\u2022 Terve noorsugu &#8211; Euroopa \u00fchiskonna alus<\/strong><br \/>\n<strong>\u2022 E-Lion &#8211; Lions k\u00fcberklubi<br \/>\n<\/strong><\/p>\n<p>Et mitte j\u00e4\u00e4da vaid lobisema, vaid teha Heategevusfoorumi k\u00e4igus ka \u00fcks reaalne heategu, oleme otsustanud toetada 12. diabeedikoera koolitamist I t\u00fc\u00fcpi diabeedi diagnoosiga noortele inimestele. Ka Sina saad selles heateos osaleda Foorumile registreerides.<\/p>\n<p>Treenitud koerad anname nende noortele omanikele \u00fcle l\u00f5putseremoonia k\u00e4igus 6-dal oktoobril.<\/p>\n<p>Foorumi <strong><a href=\"https:\/\/www.europaforum2019.ee\/et\/general-program-and-premises\/\">programm<\/a><\/strong>\u00a0 t\u00e4ieneb pidevalt, tule tagasi siia lehele uudistama<\/p>\n<\/div>\n<\/div>\n<\/div>\n<\/div>\n<p>[\/vc_column_text][\/vc_column_inner][vc_column_inner width=&#8221;1\/3&#8243;][vc_single_image image=&#8221;254&#8243; img_size=&#8221;full&#8221; onclick=&#8221;custom_link&#8221; link=&#8221;https:\/\/www.europaforum2019.ee\/fun_program&#8221;][vc_column_text]<\/p>\n<p style=\"text-align: center;\"><a href=\"https:\/\/www.europaforum2019.ee\/et\/social_events\/\"><strong><span style=\"color: #3c64a4;\"><span style=\"text-decoration: underline;\">FUN<\/span><\/span><\/strong><\/a><\/p>\n<p>[\/vc_column_text][vc_column_text]<\/p>\n<p>Alustame oma FUN ehk l\u00f5busama osaga programmist juba foorumi eel\u00f5htul, 3. oktoobril <strong>Heategevusliku\u00a0 Warm-up\u00a0 peoga <\/strong>Tallinna Kultuurikatlas, et anda esimene t\u00f5uge eelolevaks inspireerivaks kolmeks p\u00e4evaks.<\/p>\n<p>Reede peale l\u00f5una buffeed koguneme Viru Hotelli juures, et \u00fchiselt liikuda <strong>Euroopa Foorumi Rahvaste Paraad<\/strong>ina Alexela Kontserdimajja Foorumi Avatseremooniale. Esimese p\u00e4eva l\u00f5petavad pidulikult Alexela Kontserdimajas<strong> Get Together &amp; Host Night<\/strong> nime all tuntuks saanud pidustused.<\/p>\n<p>Laup\u00e4eval, 5.oktoobril on t\u00f5eliselt v\u00e4gev\u00a0 <strong>Gala\u00f5htu\u00a0<\/strong> Lennusadamas &#8211; see on ainus koht maailmas, kus v\u00f5imalik allveelaeva k\u00f5rval nautida h\u00f5rgutavat \u00f5htus\u00f6\u00f6ki ja p\u00f5nevat programmi ja seda k\u00f5ike lionss\u00f5pradega!<\/p>\n<p>P\u00fchap\u00e4eval t\u00f5mbame joone alla ametlikule foorumiprogrammile, kuid just siis on \u00f5ige aeg startida Reisiexperdi poolt ekstra meie tarbeks koostatud reisidele!<\/p>\n<p>[\/vc_column_text][\/vc_column_inner][vc_column_inner width=&#8221;1\/3&#8243;][vc_single_image image=&#8221;394&#8243; img_size=&#8221;full&#8221; onclick=&#8221;custom_link&#8221; link=&#8221;https:\/\/www.europaforum2019.ee\/european_council\/&#8221;][vc_column_text]<\/p>\n<p style=\"text-align: center;\"><a href=\"https:\/\/www.europaforum2019.ee\/et\/european-council\/\"><strong><span style=\"color: #3c64a4;\"><span style=\"text-decoration: underline;\">PLENAARISTUNG<\/span><\/span><\/strong><\/a><\/p>\n<p>[\/vc_column_text][vc_column_text]Reeglite kohaselt on Plenaaristung Euroopa Foorumi poliitika kujundamise ja kontrolli organ.<\/p>\n<p>Plenaaristungi koosolekute p\u00e4evakorra kehtestab Foorumi President vastavalt liikmetelt saadud ettepanekutele ja veebruaris toimuvale J\u00e4relvalve komitee koosoleku kokkulepetele.<\/p>\n<ul>\n<li><span id=\"result_box\" lang=\"et\">Resolutsioonide eeln\u00f5ud tuleb saata inglise keeles 15. juuniks 2019.<\/span><\/li>\n<li>\n<div id=\"gt-c\" class=\"g-section\">\n<div id=\"gt-form-c\">\n<form id=\"gt-form\" action=\"\/\" enctype=\"application\/x-www-form-urlencoded\" method=\"post\" name=\"text_form\">\n<div id=\"gt-text-all\">\n<div id=\"gt-main\">\n<div id=\"gt-text-c\">\n<div id=\"gt-text-top\">\n<div id=\"gt-res-c\" class=\"g-unit\">\n<div id=\"gt-res-p\">\n<div id=\"gt-res-data\">\n<div id=\"gt-res-wrap\">\n<div id=\"gt-res-content\">\n<div id=\"gt-res-dir-ctr\" class=\"trans-verified-button-small\" dir=\"ltr\"><span id=\"result_box\" lang=\"et\">Foorumi president avaldab resolutsiooni projektid hiljemalt 31. juuliks 2019<\/span><span id=\"t-served-community-button\" class=\"trans-verified-button goog-toolbar-button\" role=\"button\" aria-hidden=\"true\"><\/span><\/div>\n<\/div>\n<\/div>\n<\/div>\n<\/div>\n<\/div>\n<\/div>\n<\/div>\n<\/div>\n<\/div>\n<\/form>\n<\/div>\n<\/div>\n<\/li>\n<\/ul>\n<p>Seet\u00f5ttu saab see alamjaotus t\u00e4iendust juulis 2019.[\/vc_column_text][\/vc_column_inner][\/vc_row_inner][vc_row_inner type=&#8221;boxed&#8221;][vc_column_inner width=&#8221;1\/3&#8243;][vc_single_image image=&#8221;402&#8243; img_size=&#8221;full&#8221; onclick=&#8221;custom_link&#8221; link=&#8221;https:\/\/www.europaforum2019.ee\/music-competition-2\/&#8221;][vc_column_text]<\/p>\n<p style=\"text-align: center;\"><span style=\"text-decoration: underline;\"><a href=\"https:\/\/www.europaforum2019.ee\/et\/music-competition-2\/\"><strong><span style=\"color: #3c64a4; text-decoration: underline;\">MUUSIKA KONKURSS<\/span><\/strong><\/a><\/span><\/p>\n<p>[\/vc_column_text][vc_column_text]Lions Euroopa Muusika Konkurss (LEMK) sai alguse 1980 Prantslasest Lioni Thomas Kuti algatusel. Konkurssi viiakse l\u00e4bi igal aastal Euroopa Foorumi raames. Igal aastal on konkursi instrumendiks erinev pill. 28. LEMK instrumendiks Tallinnas on KLASSIKALINE KITARR.<\/p>\n<p>K\u00f5netas? Soovid osaleda? Kuulama minna? Loe <a href=\"https:\/\/www.europaforum2019.ee\/music-competition-2\/\">t\u00e4psemalt<\/a>!<\/p>\n<p>[\/vc_column_text][\/vc_column_inner][vc_column_inner width=&#8221;1\/3&#8243;][vc_single_image image=&#8221;271&#8243; img_size=&#8221;full&#8221; onclick=&#8221;custom_link&#8221; link=&#8221;https:\/\/www.europaforum2019.ee\/young_ambassador_competition\/&#8221;][vc_column_text]<\/p>\n<p style=\"text-align: center;\"><span style=\"text-decoration: underline;\"><a href=\"https:\/\/www.europaforum2019.ee\/et\/young_ambassador_competition\/\"><span style=\"color: #3c64a4; text-decoration: underline;\"><strong>NOORE HEATAHTESAADIKU KONKURSS<\/strong><\/span><\/a><\/span><\/p>\n<p>[\/vc_column_text][vc_column_text]Noore Heatahtesaadiku Konkursil on kaks eesm\u00e4rki:<\/p>\n<ul>\n<li>tunnustada, julgustada ja toetada noori, kes on aktiivselt tegutsemas heategevused<\/li>\n<li>T\u00f5sta Lions liikumise tuntust ja laiendada meie tegevuse piire<\/li>\n<\/ul>\n<p>Loe <a href=\"https:\/\/www.europaforum2019.ee\/young_ambassador_competition\/\">t\u00e4psemalt<\/a>!<\/p>\n<p>[\/vc_column_text][\/vc_column_inner][vc_column_inner width=&#8221;1\/3&#8243;][vc_single_image image=&#8221;109&#8243; img_size=&#8221;full&#8221; onclick=&#8221;custom_link&#8221; link=&#8221;https:\/\/www.europaforum2019.ee\/tours\/&#8221;][vc_column_text]<\/p>\n<p style=\"text-align: center;\"><span style=\"text-decoration: underline;\"><a href=\"https:\/\/www.europaforum2019.ee\/et\/tours\/\"><strong><span style=\"color: #3c64a4; text-decoration: underline;\">REISID ja EKSKURSIOONID<\/span><\/strong><\/a><\/span><\/p>\n<p>[\/vc_column_text][vc_column_text]Oleme koondanud parimad ideed ja rajad, et n\u00e4idata oma k\u00fclalistele nii Tallinnat kaugemal Foorumi radadest, Eestit, kaugemal Tallinnast, kui ka l\u00e4hinaabreid ST.Peterburgi, Riiat, Vilniust. Toredate m\u00f5tete teostusel aitab meie foorumi ametlik partner <a href=\"https:\/\/www.reisiekspert.ee\/\">Reisiekspert<\/a>.<\/p>\n<p>Et saada rohkem aimu, kuhu saaksid lionitest s\u00f5pradega koos r\u00e4nnata loe <a href=\"https:\/\/www.europaforum2019.ee\/tours\/\">siit!<\/a>[\/vc_column_text][\/vc_column_inner][\/vc_row_inner][\/vc_column][\/vc_row][vc_row css=&#8221;.vc_custom_1528789133475{background-color: #fdc924 !important;}&#8221;][vc_column][\/vc_column][\/vc_row][vc_row css=&#8221;.vc_custom_1528724670702{background-color: #f5f3f2 !important;}&#8221;][vc_column][vc_row_inner type=&#8221;boxed&#8221;][vc_column_inner][vc_column_text]<strong><span style=\"color: #3c64a4;\">SPONSORID<\/span><\/strong>[\/vc_column_text][\/vc_column_inner][\/vc_row_inner][vc_row_inner type=&#8221;boxed&#8221;][vc_column_inner width=&#8221;1\/4&#8243;][vc_single_image image=&#8221;77&#8243; img_size=&#8221;full&#8221; alignment=&#8221;center&#8221;][\/vc_column_inner][vc_column_inner width=&#8221;1\/4&#8243;][vc_single_image image=&#8221;4969&#8243; img_size=&#8221;full&#8221; alignment=&#8221;center&#8221;][\/vc_column_inner][vc_column_inner width=&#8221;1\/4&#8243;][vc_single_image image=&#8221;4985&#8243; img_size=&#8221;full&#8221; alignment=&#8221;center&#8221;][\/vc_column_inner][vc_column_inner width=&#8221;1\/4&#8243;][\/vc_column_inner][\/vc_row_inner][\/vc_column][\/vc_row]<\/p>\n","protected":false},"excerpt":{"rendered":"<p>[vc_row css=&#8221;.vc_custom_1528958667784{background-image: url(https:\/\/www.europaforum2019.ee\/wp-content\/uploads\/2018\/06\/inimesed.jpg?id=114) !important;background-position: center !important;background-repeat: no-repeat !important;background-size: cover !important;}&#8221;][vc_column][vc_single_image image=&#8221;8474&#8243; img_size=&#8221;full&#8221; alignment=&#8221;right&#8221; onclick=&#8221;custom_link&#8221; el_class=&#8221;header-pilt&#8221; link=&#8221;https:\/\/www.europaforum2019.ee\/et\/general_program_and_premises\/&#8221;][\/vc_column][\/vc_row][vc_row css=&#8221;.vc_custom_1528724670702{background-color: #f5f3f2 !important;}&#8221;][vc_column][vc_row_inner type=&#8221;boxed&#8221;][vc_column_inner width=&#8221;1\/3&#8243;][vc_single_image image=&#8221;400&#8243; img_size=&#8221;full&#8221; onclick=&#8221;custom_link&#8221; link=&#8221;https:\/\/www.europaforum2019.ee\/general_program_and_premises\/&#8221;][vc_column_text] IDEEDE TURG [\/vc_column_text][vc_column_text] Loovus on innovatsiooni alus, selline on meie Foorumi patrooni, Euroopa Komisjoni Teaduse ja Innovatsiooni Peadirektoraadi asepeadirektori\u00a0 Signe Ratso, s\u00f5num. Tallinnas toimuval foorumil saab iga\u00fcks piisavalt v\u00f5imalusi kaasa [&hellip;]<\/p>\n","protected":false},"author":2,"featured_media":0,"parent":0,"menu_order":0,"comment_status":"closed","ping_status":"closed","template":"page-full-width.php","meta":[],"categories":[34],"tags":[],"_links":{"self":[{"href":"https:\/\/www.europaforum2019.ee\/et\/wp-json\/wp\/v2\/pages\/1855"}],"collection":[{"href":"https:\/\/www.europaforum2019.ee\/et\/wp-json\/wp\/v2\/pages"}],"about":[{"href":"https:\/\/www.europaforum2019.ee\/et\/wp-json\/wp\/v2\/types\/page"}],"author":[{"embeddable":true,"href":"https:\/\/www.europaforum2019.ee\/et\/wp-json\/wp\/v2\/users\/2"}],"replies":[{"embeddable":true,"href":"https:\/\/www.europaforum2019.ee\/et\/wp-json\/wp\/v2\/comments?post=1855"}],"version-history":[{"count":31,"href":"https:\/\/www.europaforum2019.ee\/et\/wp-json\/wp\/v2\/pages\/1855\/revisions"}],"predecessor-version":[{"id":8588,"href":"https:\/\/www.europaforum2019.ee\/et\/wp-json\/wp\/v2\/pages\/1855\/revisions\/8588"}],"wp:attachment":[{"href":"https:\/\/www.europaforum2019.ee\/et\/wp-json\/wp\/v2\/media?parent=1855"}],"wp:term":[{"taxonomy":"category","embeddable":true,"href":"https:\/\/www.europaforum2019.ee\/et\/wp-json\/wp\/v2\/categories?post=1855"},{"taxonomy":"post_tag","embeddable":true,"href":"https:\/\/www.europaforum2019.ee\/et\/wp-json\/wp\/v2\/tags?post=1855"}],"curies":[{"name":"wp","href":"https:\/\/api.w.org\/{rel}","templated":true}]}}