{"id":1847,"date":"2018-10-06T13:38:36","date_gmt":"2018-10-06T13:38:36","guid":{"rendered":"http:\/\/www.europaforum2019.ee\/arendamisel\/?page_id=1847"},"modified":"2019-09-21T09:38:12","modified_gmt":"2019-09-21T09:38:12","slug":"kuhu-tulla","status":"publish","type":"page","link":"https:\/\/www.europaforum2019.ee\/et\/kuhu-tulla\/","title":{"rendered":"Tervitame s\u00f5pru!"},"content":{"rendered":"<p>[vc_row css=&#8221;.vc_custom_1528960138284{background-image: url(https:\/\/www.europaforum2019.ee\/wp-content\/uploads\/2018\/06\/lennujaam.jpg?id=120) !important;background-position: center !important;background-repeat: no-repeat !important;background-size: cover !important;}&#8221;][vc_column][vc_single_image image=&#8221;2973&#8243; img_size=&#8221;full&#8221; alignment=&#8221;right&#8221; el_class=&#8221;header-pilt&#8221;][\/vc_column][\/vc_row][vc_row css=&#8221;.vc_custom_1528724670702{background-color: #f5f3f2 !important;}&#8221;][vc_column][vc_row_inner type=&#8221;boxed&#8221; css=&#8221;.vc_custom_1528962681509{margin-bottom: 1em !important;}&#8221;][vc_column_inner width=&#8221;1\/2&#8243;][vc_column_text]<\/p>\n<p style=\"text-align: left;\"><strong><span style=\"color: #3c64a4;\"><img loading=\"lazy\" class=\"alignnone size-full wp-image-129\" src=\"https:\/\/www.europaforum2019.ee\/wp-content\/uploads\/2018\/06\/airplane-icon.png\" alt=\"\" width=\"49\" height=\"49\" \/>\u00a0 \u00a0\u00a0 LENNUJAAM<\/span><\/strong><\/p>\n<p>[\/vc_column_text][vc_column_text]Valdav osa meie foorumi k\u00fclalistest saabub Tallinna Lennujaama kaudu. Saame uhked olla oma toreda maailma m\u00f5istes pisikese ja hubase lennujaama \u00fcle, mis sai ka 2018 aastal rahvusvahelise lennujaamade \u00fchenduse Airports Council International (ACI) tunnustuse <a href=\"https:\/\/www.tallinn-airport.ee\/uudised\/tallinna-lennujaam-on-parim-lennujaam-euroopas\/\">Parim Euroopa Lennujaam\u00a0 2018<\/a>. K\u00f5rge auhind saadi kuni viie miljoni reisijaga lennujaamade kategoorias, edestades kuue parima hulka p\u00e4\u00e4senud Corki, London City, Torino, Kosovo ja Chisinau lennujaama.<\/p>\n<p>T\u00e4naseks on Tallinna Lennujaamal juures veel \u00fcks suur pluss &#8211; see on \u00fcks v\u00e4heseid pealinnade lennujaamu maailmas, mille ukse eest on v\u00f5imalus s\u00f5ita trammiga vaid 20. minutiga meie Foorumi ametlike hotellide (Sokos Hotell Viru ja Nordic Foorum) ukse ette! Kokkuleppel linnaga, saavad foorumi k\u00fclastajad tasuta trammis\u00f5idu \u00f5iguse, kui astuvad l\u00e4bi foorumi ajaks paigaldatavast\u00a0 Euroopa Foorum 2019 lauast. Sina saad seal lioneid tervitada, kui paned ennast kirja vabatahtlikuna!<\/p>\n<p>T\u00e4psemat \u00fchistranspordi informatsiooni saab <a href=\"https:\/\/www.tallinn-airport.ee\/transport\/lennujaamast-lahkumine\/\">lennujaama veebist<\/a>.<\/p>\n<p>[\/vc_column_text][vc_column_text]<\/p>\n<p style=\"text-align: left;\"><strong><span style=\"color: #3c64a4;\"><img loading=\"lazy\" class=\"alignnone size-full wp-image-130\" src=\"https:\/\/www.europaforum2019.ee\/wp-content\/uploads\/2018\/06\/ship-icon.png\" alt=\"\" width=\"49\" height=\"49\" \/>\u00a0 \u00a0\u00a0 SADAM<br \/>\n<\/span><\/strong><\/p>\n<p>[\/vc_column_text][vc_column_text]Vanalinna veerel asuv Tallinna sadam on teine suur transpordi kanal, kust ootame hulgaliselt foorumi k\u00fclalisi. Sadamast on meie ametlikesse foorumi hotellidesse Sokos Hotell Viru ja Nordic Foorum, vaid 10-15 minutit jalutada. Ka sinna paneme foorumi ajaks p\u00fcsti tervituslauad, et juhatada tulijad \u00f5iges suunas. Vabatahtlikuna oleksid seal suureks abiks! Pane ennast kirja!<\/p>\n<p>[\/vc_column_text][vc_column_text]<\/p>\n<p style=\"text-align: left;\"><strong><span style=\"color: #3c64a4;\"><img loading=\"lazy\" class=\"alignnone size-full wp-image-131\" src=\"https:\/\/www.europaforum2019.ee\/wp-content\/uploads\/2018\/06\/buss-icon.png\" alt=\"\" width=\"49\" height=\"49\" \/>\u00a0 \u00a0 TRANSPORT TALLINNAS<\/span><\/strong><\/p>\n<p><img loading=\"lazy\" class=\"alignright wp-image-8171 size-thumbnail\" src=\"https:\/\/www.europaforum2019.ee\/wp-content\/uploads\/2019\/09\/free-transport-150x150.png\" alt=\"\" width=\"150\" height=\"150\" srcset=\"https:\/\/www.europaforum2019.ee\/wp-content\/uploads\/2019\/09\/free-transport-150x150.png 150w, https:\/\/www.europaforum2019.ee\/wp-content\/uploads\/2019\/09\/free-transport-100x100.png 100w\" sizes=\"(max-width: 150px) 100vw, 150px\" \/><\/p>\n<p>EF spetsiaalse transpordi kaardiga on Tallinna transport tasuta! Sellise kaardi saab registreerimislauast, aga ka lennujaama ja sadama EF19 infolaudadest.<\/p>\n<p>Hotellidest pisut eemal asuvatesse peopaikadesse ja seminaridele on organiseeritud tasuta eritransport:<\/p>\n<p><strong>3. oktoobril<\/strong><br \/>\n19:00-23:00 Sokos Hotell Viru -&gt; <em>Warm-up <\/em>pidu (Kultuurikatlas) ja tagasi, iga poole tunni tagant.<br \/>\n<strong>4. oktoobril<\/strong><br \/>\n14:30-16:00 Sokos Hotell Viru -&gt; Alexela Kontserdimaja, iga 15 minuti tagant<br \/>\n18:30-21:00 Alexela Kontserdimaja -&gt; Sokos Hotell Viru, iga 15 minuti tagant<br \/>\n<strong>5. oktoobril<\/strong><br \/>\n8:00-10:30 Sokos Hotell Viru -&gt; Alexela Kontserdimaja, iga 15 minuti tagant<br \/>\n10:30-13:00 Alexela Kontserdimaja -&gt; Sokos Hotell Viru, iga 15 minuti tagant<br \/>\n18:00-19:00 Sokos Hotell Viru -&gt; Gala\u00f5htu (Lennusadamas), iga 10 minuti tagant<br \/>\n21:30-23:00 Lennusadam -&gt; Sokos Hotell Viru, iga 15 minuti tagant<br \/>\n<strong>6. oktoobril<\/strong><br \/>\n8:30-10:00 Sokos Hotell Viru -&gt; Alexela Kontserdimaja, iga 20 minuti tagant<br \/>\n13:00-14:00 Sokos Hotell Viru -&gt; L\u00f5putseremoonia (Alexela Kontserdimaja), iga 10 minuti tagant<br \/>\n15:30 Alexela\u00a0Kontserdimaja -&gt; Viru -&gt; Sadam -&gt; Lennujaam<br \/>\n16:30; 17:30, 18:30 Viru -&gt; Sadam -&gt; Lennujaam<\/p>\n<p>EF ametlikud hotellid on s\u00fcdalinnas, 100 meetrit vanalinna v\u00e4ravast. Jalutades l\u00e4bi \u00e4sja v\u00e4rskendatud Tammsaare pargi saab Alexela Kontserdimaja \u00fcritustele kohale vaid 5-10 minutiga.[\/vc_column_text][vc_column_text]<\/p>\n<p style=\"text-align: left;\"><strong><span style=\"color: #3c64a4;\"><img loading=\"lazy\" class=\"alignnone size-full wp-image-131\" src=\"https:\/\/www.europaforum2019.ee\/wp-content\/uploads\/2018\/06\/buss-icon.png\" alt=\"\" width=\"49\" height=\"49\" \/>\u00a0 \u00a0\u00a0 ERITRANSPORT<\/span><\/strong><\/p>\n<p>[\/vc_column_text][vc_column_text]Soovi korral on tulijatel v\u00f5imalik tellida nii Lennujaama kui sadamasse j\u00e4rgi auto Foorumi korraldustiimilt. Hind selliseks eritranspordiks on 20\u20ac kahe\u00a0inimese kohta\u00a0ja tellida saab foorumile registreerimise k\u00e4igus.<\/p>\n<p>K\u00fcsimuste korral aitab EF Transpordi tiim <a href=\"mailto:transport@europaforum2019.ee\">transport@europaforum2019.ee<\/a>.<\/p>\n<p>Foorumi ametlik autopartner on AVIS. Kui on soovi foorumi ajaks rentida auto, et teha Eestis iseseisvalt pikem ring, siis tuleks EF2019 k\u00fclalise kokkuleppe hinna saamiseks kasutada tellimiseks j\u00e4rgmist <a href=\"https:\/\/eixnbeweb02.rent-at-avis.com\/avisonline\/ee-et\/IBE.nsf\/ReservationStep1!OpenForm&amp;SessionID=34ED9F27EAFC4116C1258301002C8919&amp;MST=3C72C33700FF3816C1258300002E5660&amp;IBEOwner=EE&amp;LNG=ET&amp;KS=Y&amp;RLS=LNG&amp;RAN=,9157906\">linki<\/a>. Kui broneerimisel tekib k\u00fcsimusi, siis saab kiireimat abi Avis Eesti klienditeeninduselt l\u00e4bi e-maili\u00a0 <a href=\"mailto:customerservice@avis.ee\">customerservice@avis.ee<\/a>\u00a0.[\/vc_column_text][\/vc_column_inner][vc_column_inner width=&#8221;1\/2&#8243;][vc_single_image image=&#8221;8164&#8243; img_size=&#8221;full&#8221;][vc_gmaps link=&#8221;#E-8_JTNDaWZyYW1lJTIwc3JjJTNEJTIyaHR0cHMlM0ElMkYlMkZ3d3cuZ29vZ2xlLmNvbSUyRm1hcHMlMkZkJTJGdSUyRjAlMkZlbWJlZCUzRm1pZCUzRDFralhsOS1YNnE0cDd4aVJ4N09Lb2Y2bEJFMjdHN1FjXyUyMiUyMHdpZHRoJTNEJTIyNjQwJTIyJTIwaGVpZ2h0JTNEJTIyNDgwJTIyJTNFJTNDJTJGaWZyYW1lJTNF&#8221;][vc_single_image image=&#8221;336&#8243; img_size=&#8221;full&#8221; onclick=&#8221;custom_link&#8221; link=&#8221;https:\/\/www.tallinn-airport.ee\/en\/flight-info\/destinations\/&#8221;][\/vc_column_inner][\/vc_row_inner][\/vc_column][\/vc_row][vc_row css=&#8221;.vc_custom_1528789133475{background-color: #fdc924 !important;}&#8221;][vc_column][\/vc_column][\/vc_row][vc_row css=&#8221;.vc_custom_1528724670702{background-color: #f5f3f2 !important;}&#8221;][vc_column][vc_row_inner type=&#8221;boxed&#8221;][vc_column_inner][vc_column_text]<strong><span style=\"color: #3c64a4;\">SPONSORID<\/span><\/strong>[\/vc_column_text][\/vc_column_inner][\/vc_row_inner][vc_row_inner type=&#8221;boxed&#8221;][vc_column_inner width=&#8221;1\/4&#8243;][vc_single_image image=&#8221;77&#8243; img_size=&#8221;full&#8221; alignment=&#8221;center&#8221;][\/vc_column_inner][vc_column_inner width=&#8221;1\/4&#8243;][vc_single_image image=&#8221;4969&#8243; img_size=&#8221;full&#8221; alignment=&#8221;center&#8221;][\/vc_column_inner][vc_column_inner width=&#8221;1\/4&#8243;][vc_single_image image=&#8221;4985&#8243; img_size=&#8221;full&#8221; alignment=&#8221;center&#8221;][\/vc_column_inner][vc_column_inner width=&#8221;1\/4&#8243;][vc_single_image image=&#8221;8153&#8243;][\/vc_column_inner][\/vc_row_inner][\/vc_column][\/vc_row]<\/p>\n","protected":false},"excerpt":{"rendered":"<p>[vc_row css=&#8221;.vc_custom_1528960138284{background-image: url(https:\/\/www.europaforum2019.ee\/wp-content\/uploads\/2018\/06\/lennujaam.jpg?id=120) !important;background-position: center !important;background-repeat: no-repeat !important;background-size: cover !important;}&#8221;][vc_column][vc_single_image image=&#8221;2973&#8243; img_size=&#8221;full&#8221; alignment=&#8221;right&#8221; el_class=&#8221;header-pilt&#8221;][\/vc_column][\/vc_row][vc_row css=&#8221;.vc_custom_1528724670702{background-color: #f5f3f2 !important;}&#8221;][vc_column][vc_row_inner type=&#8221;boxed&#8221; css=&#8221;.vc_custom_1528962681509{margin-bottom: 1em !important;}&#8221;][vc_column_inner width=&#8221;1\/2&#8243;][vc_column_text] \u00a0 \u00a0\u00a0 LENNUJAAM [\/vc_column_text][vc_column_text]Valdav osa meie foorumi k\u00fclalistest saabub Tallinna Lennujaama kaudu. Saame uhked olla oma toreda maailma m\u00f5istes pisikese ja hubase lennujaama \u00fcle, mis sai ka 2018 aastal rahvusvahelise lennujaamade \u00fchenduse Airports [&hellip;]<\/p>\n","protected":false},"author":2,"featured_media":0,"parent":0,"menu_order":0,"comment_status":"closed","ping_status":"closed","template":"page-full-width.php","meta":[],"categories":[34],"tags":[],"_links":{"self":[{"href":"https:\/\/www.europaforum2019.ee\/et\/wp-json\/wp\/v2\/pages\/1847"}],"collection":[{"href":"https:\/\/www.europaforum2019.ee\/et\/wp-json\/wp\/v2\/pages"}],"about":[{"href":"https:\/\/www.europaforum2019.ee\/et\/wp-json\/wp\/v2\/types\/page"}],"author":[{"embeddable":true,"href":"https:\/\/www.europaforum2019.ee\/et\/wp-json\/wp\/v2\/users\/2"}],"replies":[{"embeddable":true,"href":"https:\/\/www.europaforum2019.ee\/et\/wp-json\/wp\/v2\/comments?post=1847"}],"version-history":[{"count":28,"href":"https:\/\/www.europaforum2019.ee\/et\/wp-json\/wp\/v2\/pages\/1847\/revisions"}],"predecessor-version":[{"id":8192,"href":"https:\/\/www.europaforum2019.ee\/et\/wp-json\/wp\/v2\/pages\/1847\/revisions\/8192"}],"wp:attachment":[{"href":"https:\/\/www.europaforum2019.ee\/et\/wp-json\/wp\/v2\/media?parent=1847"}],"wp:term":[{"taxonomy":"category","embeddable":true,"href":"https:\/\/www.europaforum2019.ee\/et\/wp-json\/wp\/v2\/categories?post=1847"},{"taxonomy":"post_tag","embeddable":true,"href":"https:\/\/www.europaforum2019.ee\/et\/wp-json\/wp\/v2\/tags?post=1847"}],"curies":[{"name":"wp","href":"https:\/\/api.w.org\/{rel}","templated":true}]}}