{"id":1741,"date":"2018-10-04T19:36:51","date_gmt":"2018-10-04T19:36:51","guid":{"rendered":"http:\/\/www.europaforum2019.ee\/arendamisel\/?page_id=1741"},"modified":"2019-09-21T16:32:31","modified_gmt":"2019-09-21T16:32:31","slug":"ruumid-ja-hotellid","status":"publish","type":"page","link":"https:\/\/www.europaforum2019.ee\/et\/ruumid-ja-hotellid\/","title":{"rendered":"Ruumid  ja Hotellid"},"content":{"rendered":"<p>[vc_row][vc_column][vc_column_text]<\/p>\n<p style=\"text-align: center;\">[\/vc_column_text][\/vc_column][\/vc_row][vc_row css=&#8221;.vc_custom_1528724670702{background-color: #f5f3f2 !important;}&#8221;][vc_column][vc_column_text]<\/p>\n<h2 style=\"text-align: center;\"><span style=\"color: #3c64a4;\">RUUMID ja HOTELLID<br \/>\n<\/span><\/h2>\n<p style=\"text-align: center;\">[\/vc_column_text][vc_row_inner type=&#8221;boxed&#8221;][vc_column_inner][vc_column_text]<\/p>\n<p style=\"text-align: center;\"><span style=\"color: #3c64a4;\"><a style=\"color: #3c64a4;\" href=\"http:\/\/kontserdimaja.ee\/en\/galerii\/\"><strong>Alexela Kontserdimaja<\/strong><\/a><\/span>(1800 kohta, s\u00fcnkroont\u00f5lge)<\/p>\n<p style=\"text-align: center;\">Algus- &amp; L\u00f5putseremooniad<\/p>\n<p style=\"text-align: center;\">Get Together-Host Night<\/p>\n<p style=\"text-align: center;\">Euroopa Plenaaristungid I &amp; II<\/p>\n<p style=\"text-align: center;\">IP kohtumine Lionitega<\/p>\n<p style=\"text-align: center;\"><u><img loading=\"lazy\" class=\"alignnone size-medium wp-image-396\" src=\"https:\/\/www.europaforum2019.ee\/wp-content\/uploads\/2018\/07\/Nordea-saal-300x203.png\" alt=\"\" width=\"300\" height=\"203\" srcset=\"https:\/\/www.europaforum2019.ee\/wp-content\/uploads\/2018\/07\/Nordea-saal-300x203.png 300w, https:\/\/www.europaforum2019.ee\/wp-content\/uploads\/2018\/07\/Nordea-saal.png 340w\" sizes=\"(max-width: 300px) 100vw, 300px\" \/><\/u><\/p>\n<p style=\"text-align: center;\"><span style=\"color: #3c64a4;\"><strong>Konverentsikeskused ja ametlikud hotellid <\/strong><\/span>(783 rooms)<\/p>\n<p style=\"text-align: center;\"><a href=\"https:\/\/www.nordichotels.eu\/\">Nordic Hotel Forum<\/a> (Peamaja hotell)<\/p>\n<p style=\"text-align: center;\"><u><u><img loading=\"lazy\" class=\"alignnone size-medium wp-image-388\" src=\"https:\/\/www.europaforum2019.ee\/wp-content\/uploads\/2018\/07\/Foorumhotell-300x203.png\" alt=\"\" width=\"300\" height=\"203\" srcset=\"https:\/\/www.europaforum2019.ee\/wp-content\/uploads\/2018\/07\/Foorumhotell-300x203.png 300w, https:\/\/www.europaforum2019.ee\/wp-content\/uploads\/2018\/07\/Foorumhotell.png 340w\" sizes=\"(max-width: 300px) 100vw, 300px\" \/><\/u><\/u><\/p>\n<p style=\"text-align: center;\"><a href=\"https:\/\/www.sokoshotels.fi\/en\/tallinn\/sokos-hotel-viru\">Sokos Hotel Viru<\/a> &amp; Estoria<\/p>\n<p style=\"text-align: center;\"><u><u><img loading=\"lazy\" class=\"alignnone size-medium wp-image-398\" src=\"https:\/\/www.europaforum2019.ee\/wp-content\/uploads\/2018\/07\/viru-300x203.png\" alt=\"\" width=\"300\" height=\"203\" srcset=\"https:\/\/www.europaforum2019.ee\/wp-content\/uploads\/2018\/07\/viru-300x203.png 300w, https:\/\/www.europaforum2019.ee\/wp-content\/uploads\/2018\/07\/viru.png 340w\" sizes=\"(max-width: 300px) 100vw, 300px\" \/><\/u><\/u><\/p>\n<p style=\"text-align: center;\"><em>Warm Up<\/em> pidu <a href=\"https:\/\/kultuurikatel.ee\/virtuaaltuur\/en.html\"><strong><span style=\"color: #3c64a4;\">Tallinna Kultuurikatlas<\/span> <\/strong><\/a>( max 1200):<\/p>\n<p style=\"text-align: center;\"><img loading=\"lazy\" class=\"alignnone size-medium wp-image-391\" src=\"https:\/\/www.europaforum2019.ee\/wp-content\/uploads\/2018\/07\/kultuurikatel-300x203.png\" alt=\"\" width=\"300\" height=\"203\" srcset=\"https:\/\/www.europaforum2019.ee\/wp-content\/uploads\/2018\/07\/kultuurikatel-300x203.png 300w, https:\/\/www.europaforum2019.ee\/wp-content\/uploads\/2018\/07\/kultuurikatel.png 340w\" sizes=\"(max-width: 300px) 100vw, 300px\" \/><\/p>\n<p style=\"text-align: center;\">Gala\u00f5htu <a href=\"http:\/\/meremuuseum.ee\/lennusadam\/en\/gallery\/videos\/events-in-seaplane-harbour\/\"><span style=\"color: #3c64a4;\"><strong>Lennusadamas<\/strong><\/span> <\/a>(max 700):<\/p>\n<p style=\"text-align: center;\"><img loading=\"lazy\" class=\"alignnone size-medium wp-image-392\" src=\"https:\/\/www.europaforum2019.ee\/wp-content\/uploads\/2018\/07\/Lennusadam-seest-300x203.png\" alt=\"\" width=\"300\" height=\"203\" srcset=\"https:\/\/www.europaforum2019.ee\/wp-content\/uploads\/2018\/07\/Lennusadam-seest-300x203.png 300w, https:\/\/www.europaforum2019.ee\/wp-content\/uploads\/2018\/07\/Lennusadam-seest.png 340w\" sizes=\"(max-width: 300px) 100vw, 300px\" \/><\/p>\n<p style=\"text-align: center;\">Muusika konkurss <strong><span style=\"color: #3c64a4;\"><a href=\"http:\/\/www.ema.edu.ee\/en\/\">Eesti Muusika ja Teatri Akadeemia<\/a>:<\/span><\/strong><\/p>\n<p style=\"text-align: center;\"><img loading=\"lazy\" class=\"alignnone size-medium wp-image-615\" src=\"https:\/\/www.europaforum2019.ee\/wp-content\/uploads\/2018\/09\/EMTA-kodukale-300x203.jpg\" alt=\"\" width=\"300\" height=\"203\" srcset=\"https:\/\/www.europaforum2019.ee\/wp-content\/uploads\/2018\/09\/EMTA-kodukale-300x203.jpg 300w, https:\/\/www.europaforum2019.ee\/wp-content\/uploads\/2018\/09\/EMTA-kodukale.jpg 340w\" sizes=\"(max-width: 300px) 100vw, 300px\" \/>[\/vc_column_text][\/vc_column_inner][\/vc_row_inner][\/vc_column][\/vc_row][vc_row][vc_column][vc_column_text]<\/p>\n<p>[\/vc_column_text][\/vc_column][\/vc_row]<\/p>\n","protected":false},"excerpt":{"rendered":"<p>[vc_row][vc_column][vc_column_text] [\/vc_column_text][\/vc_column][\/vc_row][vc_row css=&#8221;.vc_custom_1528724670702{background-color: #f5f3f2 !important;}&#8221;][vc_column][vc_column_text] RUUMID ja HOTELLID [\/vc_column_text][vc_row_inner type=&#8221;boxed&#8221;][vc_column_inner][vc_column_text] Alexela Kontserdimaja(1800 kohta, s\u00fcnkroont\u00f5lge) Algus- &amp; L\u00f5putseremooniad Get Together-Host Night Euroopa Plenaaristungid I &amp; II IP kohtumine Lionitega Konverentsikeskused ja ametlikud hotellid (783 rooms) Nordic Hotel Forum (Peamaja hotell) Sokos Hotel Viru &amp; Estoria Warm Up pidu Tallinna Kultuurikatlas ( max 1200): Gala\u00f5htu Lennusadamas (max [&hellip;]<\/p>\n","protected":false},"author":2,"featured_media":0,"parent":0,"menu_order":0,"comment_status":"closed","ping_status":"closed","template":"page-full-width.php","meta":[],"categories":[34],"tags":[],"_links":{"self":[{"href":"https:\/\/www.europaforum2019.ee\/et\/wp-json\/wp\/v2\/pages\/1741"}],"collection":[{"href":"https:\/\/www.europaforum2019.ee\/et\/wp-json\/wp\/v2\/pages"}],"about":[{"href":"https:\/\/www.europaforum2019.ee\/et\/wp-json\/wp\/v2\/types\/page"}],"author":[{"embeddable":true,"href":"https:\/\/www.europaforum2019.ee\/et\/wp-json\/wp\/v2\/users\/2"}],"replies":[{"embeddable":true,"href":"https:\/\/www.europaforum2019.ee\/et\/wp-json\/wp\/v2\/comments?post=1741"}],"version-history":[{"count":29,"href":"https:\/\/www.europaforum2019.ee\/et\/wp-json\/wp\/v2\/pages\/1741\/revisions"}],"predecessor-version":[{"id":8337,"href":"https:\/\/www.europaforum2019.ee\/et\/wp-json\/wp\/v2\/pages\/1741\/revisions\/8337"}],"wp:attachment":[{"href":"https:\/\/www.europaforum2019.ee\/et\/wp-json\/wp\/v2\/media?parent=1741"}],"wp:term":[{"taxonomy":"category","embeddable":true,"href":"https:\/\/www.europaforum2019.ee\/et\/wp-json\/wp\/v2\/categories?post=1741"},{"taxonomy":"post_tag","embeddable":true,"href":"https:\/\/www.europaforum2019.ee\/et\/wp-json\/wp\/v2\/tags?post=1741"}],"curies":[{"name":"wp","href":"https:\/\/api.w.org\/{rel}","templated":true}]}}