{"id":1736,"date":"2018-10-04T18:44:04","date_gmt":"2018-10-04T18:44:04","guid":{"rendered":"http:\/\/www.europaforum2019.ee\/arendamisel\/?page_id=1736"},"modified":"2019-02-03T21:05:36","modified_gmt":"2019-02-03T21:05:36","slug":"fun-programm","status":"publish","type":"page","link":"https:\/\/www.europaforum2019.ee\/et\/fun-programm\/","title":{"rendered":"FUN programm"},"content":{"rendered":"<p>[vc_row css=&#8221;.vc_custom_1528724670702{background-color: #f5f3f2 !important;}&#8221;][vc_column][vc_row_inner type=&#8221;boxed&#8221;][vc_column_inner][vc_column_text]<\/p>\n<h2><strong><span style=\"color: #3c64a4;\">FUN PROGRAMM<br \/>\n<\/span><\/strong><\/h2>\n<p><span id=\"result_box\" lang=\"en\">Foorumi FUN programmi koostamisel on eesm\u00e4rk pakkuda r\u00f5\u00f5mu meie k\u00f5igile meeltele ja anda v\u00f5imalus esineda meie k\u00f5ige andekamatele noortele kunstnikele, muusikutele, tantsijatele. Oleme palunud meile esinema palju p\u00f5nevaid kooslusi ja hakkame siin lehel andma v\u00e4ikseid vihjeid mida ootata.<br \/>\nEestlastena oleme korduvalt kogenud v\u00e4rinaid tekitavat emotsiooni, kui lavalt k\u00f5lamas hingemattev koorilaul. Vaatame kuidas m\u00f5juvad meie k\u00fclalistele poolsada poissi-noormeest, kes laulmas nii nagu homset poleks! V\u00e4ike vihje \u00fchest meie esinejast siit:<br \/>\n<\/span><\/p>\n<div class=\"video-container responsive-embed widescreen\"><iframe loading=\"lazy\" width=\"900\" height=\"506\" src=\"https:\/\/www.youtube.com\/embed\/eDftqGxiNOg?feature=oembed\" frameborder=\"0\" allow=\"accelerometer; autoplay; encrypted-media; gyroscope; picture-in-picture\" allowfullscreen><\/iframe><\/div>\n<p>[\/vc_column_text][\/vc_column_inner][\/vc_row_inner][\/vc_column][\/vc_row][vc_row css=&#8221;.vc_custom_1528789133475{background-color: #fdc924 !important;}&#8221;][vc_column][vc_row_inner type=&#8221;boxed&#8221;][vc_column_inner][vc_column_text]<span class=\"register\"><strong>REGISTREERI KOHE<\/strong><\/span>[\/vc_column_text][\/vc_column_inner][\/vc_row_inner][vc_row_inner type=&#8221;boxed&#8221; css=&#8221;.vc_custom_1535101328389{padding-bottom: 2em !important;}&#8221;][vc_column_inner width=&#8221;1\/3&#8243;][vc_column_text el_class=&#8221;register-kast&#8221;]<\/p>\n<p style=\"text-align: center;\"><a href=\"https:\/\/www.conference-expert.eu\/et\/lef2019et\/et\/konverentsid\/s2\/506-lions-europa-forum-2019-majutuseta-tervikpakett-piirkond-120\"><span style=\"color: #fdc924;\"><strong>FOORUMI PAKETT EESTI <\/strong><\/span><br \/>\n<span style=\"color: #fdc924; font-size: 14pt;\"><strong>LION<\/strong><\/span><br \/>\n<span style=\"color: #ffffff; font-size: 14pt;\"><strong>350 \u20ac <\/strong><\/span><br \/>\n<span style=\"color: #ffffff;\">ilma \u00f6\u00f6bimiseta<\/span><br \/>\n<span style=\"color: #ffffff;\">pakkumine kehtib kuni 31 m\u00e4rts 19<\/span><\/a><\/p>\n<p>[\/vc_column_text][\/vc_column_inner][vc_column_inner width=&#8221;1\/3&#8243;][vc_column_text el_class=&#8221;register-kast&#8221;]<\/p>\n<p style=\"text-align: center;\"><a href=\"https:\/\/www.conference-expert.eu\/et\/lef2019et\/et\/konverentsid\/s2\/506-lions-europa-forum-2019-majutuseta-tervikpakett-piirkond-120\"><span style=\"color: #fdc924;\"><strong>FOORUMI PAKETT<br \/>\n<span style=\"font-size: 14pt;\">LEO<\/span><\/strong><\/span><br \/>\n<span style=\"color: #ffffff; font-size: 14pt;\"><strong>150 \u20ac <\/strong><\/span><br \/>\n<span style=\"color: #ffffff;\">ilma \u00f6\u00f6bimiseta<\/span><br \/>\n<span style=\"color: #ffffff;\">pakkumine kehtib kuni 31 m\u00e4rts 19<\/span><\/a><\/p>\n<p>[\/vc_column_text][\/vc_column_inner][vc_column_inner width=&#8221;1\/3&#8243;][vc_column_text el_class=&#8221;register-kast&#8221;]<\/p>\n<p style=\"text-align: center;\"><a href=\"https:\/\/www.conference-expert.eu\/et\/lef2019et\/et\/konverentsid\/s2\/601-lions-2019-europaforum-piirkond-120\"><strong><span style=\"color: #fdc924;\">KOOSTA ISE OMA KONVERENTSI PAKETT<\/span> <\/strong><\/a><\/p>\n<p>[\/vc_column_text][\/vc_column_inner][\/vc_row_inner][vc_row_inner type=&#8221;boxed&#8221; css=&#8221;.vc_custom_1535096382142{padding-bottom: 2em !important;}&#8221;][vc_column_inner][vc_column_text]<strong>HEA LION, HEA LEO!<\/strong><\/p>\n<p><strong>T\u00e4psemalt registreerimis v\u00f5imaluste kohta saad lugeda men\u00fc\u00fc punkti REGISTREERI alt. <\/strong><strong>Oma k\u00fcsimused registreerimise teemadel pane teele aadressile\u00a0<\/strong><strong><a href=\"mailto:info@europaforum2019.ee\">info@europaforum2019.ee<\/a><\/strong>[\/vc_column_text][\/vc_column_inner][\/vc_row_inner][\/vc_column][\/vc_row]<\/p>\n","protected":false},"excerpt":{"rendered":"<p>[vc_row css=&#8221;.vc_custom_1528724670702{background-color: #f5f3f2 !important;}&#8221;][vc_column][vc_row_inner type=&#8221;boxed&#8221;][vc_column_inner][vc_column_text] FUN PROGRAMM Foorumi FUN programmi koostamisel on eesm\u00e4rk pakkuda r\u00f5\u00f5mu meie k\u00f5igile meeltele ja anda v\u00f5imalus esineda meie k\u00f5ige andekamatele noortele kunstnikele, muusikutele, tantsijatele. Oleme palunud meile esinema palju p\u00f5nevaid kooslusi ja hakkame siin lehel andma v\u00e4ikseid vihjeid mida ootata. Eestlastena oleme korduvalt kogenud v\u00e4rinaid tekitavat emotsiooni, kui lavalt k\u00f5lamas [&hellip;]<\/p>\n","protected":false},"author":2,"featured_media":0,"parent":0,"menu_order":0,"comment_status":"closed","ping_status":"closed","template":"page-full-width.php","meta":[],"categories":[],"tags":[],"_links":{"self":[{"href":"https:\/\/www.europaforum2019.ee\/et\/wp-json\/wp\/v2\/pages\/1736"}],"collection":[{"href":"https:\/\/www.europaforum2019.ee\/et\/wp-json\/wp\/v2\/pages"}],"about":[{"href":"https:\/\/www.europaforum2019.ee\/et\/wp-json\/wp\/v2\/types\/page"}],"author":[{"embeddable":true,"href":"https:\/\/www.europaforum2019.ee\/et\/wp-json\/wp\/v2\/users\/2"}],"replies":[{"embeddable":true,"href":"https:\/\/www.europaforum2019.ee\/et\/wp-json\/wp\/v2\/comments?post=1736"}],"version-history":[{"count":11,"href":"https:\/\/www.europaforum2019.ee\/et\/wp-json\/wp\/v2\/pages\/1736\/revisions"}],"predecessor-version":[{"id":5075,"href":"https:\/\/www.europaforum2019.ee\/et\/wp-json\/wp\/v2\/pages\/1736\/revisions\/5075"}],"wp:attachment":[{"href":"https:\/\/www.europaforum2019.ee\/et\/wp-json\/wp\/v2\/media?parent=1736"}],"wp:term":[{"taxonomy":"category","embeddable":true,"href":"https:\/\/www.europaforum2019.ee\/et\/wp-json\/wp\/v2\/categories?post=1736"},{"taxonomy":"post_tag","embeddable":true,"href":"https:\/\/www.europaforum2019.ee\/et\/wp-json\/wp\/v2\/tags?post=1736"}],"curies":[{"name":"wp","href":"https:\/\/api.w.org\/{rel}","templated":true}]}}