{"id":1683,"date":"2018-10-04T12:05:47","date_gmt":"2018-10-04T12:05:47","guid":{"rendered":"http:\/\/www.europaforum2019.ee\/arendamisel\/?page_id=1683"},"modified":"2022-04-21T11:09:15","modified_gmt":"2022-04-21T11:09:15","slug":"forum-2019","status":"publish","type":"page","link":"https:\/\/www.europaforum2019.ee\/et\/","title":{"rendered":"Forum 2019"},"content":{"rendered":"<p>[vc_row css=&#8221;.vc_custom_1534252423179{background-image: url(https:\/\/www.europaforum2019.ee\/wp-content\/uploads\/2018\/08\/Vanalinn.jpg?id=445) !important;background-position: center !important;background-repeat: no-repeat !important;background-size: cover !important;}&#8221;][vc_column][vc_single_image image=&#8221;8474&#8243; img_size=&#8221;full&#8221; alignment=&#8221;right&#8221; onclick=&#8221;custom_link&#8221; el_class=&#8221;header-pilt&#8221; link=&#8221;https:\/\/www.europaforum2019.ee\/et\/program\/&#8221;][\/vc_column][\/vc_row][vc_row css=&#8221;.vc_custom_1528978886787{padding-bottom: 2em !important;}&#8221;][vc_column width=&#8221;1\/2&#8243;][vc_video link=&#8221;https:\/\/www.youtube.com\/watch?v=YrFj24Y7VgU&#8221; align=&#8221;right&#8221;][\/vc_column][vc_column width=&#8221;1\/2&#8243;][vc_video link=&#8221;https:\/\/www.youtube.com\/watch?v=FgEEH02B8kg&#8221;][\/vc_column][\/vc_row][vc_row css=&#8221;.vc_custom_1528978886787{padding-bottom: 2em !important;}&#8221;][vc_column][vc_row_inner type=&#8221;boxed&#8221;][vc_column_inner width=&#8221;1\/3&#8243;][vc_images_carousel images=&#8221;403,389,397,250,108&#8243; img_size=&#8221;full&#8221; onclick=&#8221;link_no&#8221; autoplay=&#8221;yes&#8221; hide_pagination_control=&#8221;yes&#8221; hide_prev_next_buttons=&#8221;yes&#8221; wrap=&#8221;yes&#8221; css_animation=&#8221;zoomIn&#8221; el_class=&#8221;slider&#8221;][vc_column_text]<\/p>\n<p style=\"text-align: center;\"><span style=\"text-decoration: underline;\"><a href=\"https:\/\/www.puhkaeestis.ee\/et\/eT\" target=\"_blank\" rel=\"noopener\"><strong><span style=\"color: #3c64a4; text-decoration: underline;\">TERVITAME EESTIS OMA LIONSS\u00d5PRU<\/span><\/strong><\/a><\/span><\/p>\n<p>[\/vc_column_text][vc_column_text]Aasta peale Eesti 100 aasta s\u00fcnnip\u00e4eva t\u00e4histamist on meil suurep\u00e4rane v\u00f5imalus v\u00f5\u00f5rustada Tallinnas Euroopa ja ka kogu maailma lioneid.<\/p>\n<p>Pakume, lisaks sisukale seminari programmile, oma k\u00fclalistele v\u00e4gevaid elamusi juba alates neljap\u00e4eva \u00f5htust kuni p\u00fchap\u00e4eva pealel\u00f5unani. Kui tunned, et Sinus on soovi ja jaksu aidata kaasa\u00a0 meie esimese Lions Euroopa Foorumi \u00f5nnestumisele, siis pane ennast kirja vabatahtlikuna!<\/p>\n<p><span style=\"color: #3c64a4;\"><strong><a style=\"color: #3c64a4;\" href=\"https:\/\/www.visitestonia.com\/en\/\">Visit Estonia<\/a><\/strong><\/span> ja <span style=\"color: #3c64a4;\"><a style=\"color: #3c64a4;\" href=\"https:\/\/www.visittallinn.ee\/eng\"><strong>Visit Tallinn<\/strong><\/a> <\/span>veebilehed aitavad meelde tuletada millistesse toredatesse paikadesse v\u00f5iks oma v\u00e4lismaal elavaid (lions)s\u00f5pru viia. Alati on v\u00f5imalus oma s\u00f5pradele ise Eesti ringreise teha, aga lisaks on foorumi ajaks meie tore koost\u00f6\u00f6partner <a href=\"https:\/\/www.reisiekspert.ee\/\">Reisiekspert<\/a> kokku pannud p\u00f5nevaid ekskursioone nii foorumi ajaks Tallinnas, kui enne ja peale foorumit Tartusse, Riiga-Vilniusesse, kui St.Peterburgi. On vahva kui leiad ka ise aega m\u00f5nega nendest reisidest \u00fchineda!<\/p>\n<p>[\/vc_column_text][\/vc_column_inner][vc_column_inner width=&#8221;1\/3&#8243;][vc_images_carousel images=&#8221;7395&#8243; img_size=&#8221;full&#8221; onclick=&#8221;custom_link&#8221; custom_links_target=&#8221;_blank&#8221; autoplay=&#8221;yes&#8221; hide_pagination_control=&#8221;yes&#8221; hide_prev_next_buttons=&#8221;yes&#8221; wrap=&#8221;yes&#8221; css_animation=&#8221;zoomIn&#8221; el_class=&#8221;slider&#8221; custom_links=&#8221;#E-8_aHR0cHMlM0ElMkYlMkZ3d3cubGlvbnNjbHVicy5vcmclMkZlbiUyRmRpc2NvdmVyLW91ci1jbHVicyUyRnByZXNpZGVudGlhbC10aGVtZQ==&#8221;][vc_column_text]<\/p>\n<p style=\"text-align: center;\"><span style=\"text-decoration: underline;\"><a href=\"https:\/\/www.europaforum2019.ee\/et\/program\/\"><span style=\"color: #3c64a4; text-decoration: underline;\"><strong>IDEEDE <span style=\"color: #3c64a4; text-decoration: underline;\">TURG<\/span><\/strong><\/span><\/a><\/span><\/p>\n<p>[\/vc_column_text][vc_column_text]<span class=\"tlid-translation translation\" lang=\"et\"><span title=\"\">&#8220;Iga\u00fcks meie 1,4 miljonist liikmest on erinev.<\/span> <span title=\"\">Just mitmekesisus muudab meid tugevaks. Meie mitmekesisus muudab<\/span><span title=\"\"> meid suurep\u00e4raseks.<\/span> Mitmekesisus<span class=\"\" title=\"\"> teeb meist Lionid.&#8221; Need on meie rahvusvahelise presidendi dr Jung-Yul Choi s\u00f5nad. <span style=\"color: #3c64a4;\"><a style=\"color: #3c64a4;\" href=\"https:\/\/www.lionsclubs.org\/en\/discover-our-clubs\/presidential-theme\" target=\"_blank\" rel=\"noopener\">Loe siit pikemalt.<\/a><\/span><br \/>\n<\/span><\/span><\/p>\n<p><strong>Loovus on innovatsiooni alus,<\/strong> selline on meie Foorumi patrooni, Euroopa Komisjoni Teaduse ja Innovatsiooni Peadirektoraadi asepeadirektori\u00a0<span style=\"color: #3c64a4;\"> <a style=\"color: #3c64a4;\" href=\"https:\/\/www.europaforum2019.ee\/wp-content\/uploads\/2018\/10\/Signe-Ratso-EST.pdf\">Sig<span style=\"color: #3c64a4;\">ne R<\/span>atso<\/a><\/span><a href=\"https:\/\/www.europaforum2019.ee\/wp-content\/uploads\/2018\/10\/Signe-Ratso.pdf\">,<\/a> s\u00f5num. Tallinnas toimuval foorumil saab iga\u00fcks piisavalt v\u00f5imalusi kaasa m\u00f5elda, r\u00e4\u00e4kida ja genereerida ideid koos teiste piirkondade ja klubide lionitega \u2013 sellest saab \u00fcks korralik a IDEEDE TURG, et v\u00e4rskendada Euroopa lionismi t\u00f6\u00f6riistakasti.\u00a0 P\u00f5nevamate t\u00f6\u00f6tubade teemad on:<\/p>\n<p><strong>\u2022 Keskkonnahoidlik ringmajandus<\/strong><br \/>\n<strong>\u2022 Terve noorsugu &#8211; Euroopa \u00fchiskonna alus<\/strong><br \/>\n<strong>\u2022 E-Lion &#8211; Lions k\u00fcberklubi<br \/>\n<\/strong><\/p>\n<p>Et mitte j\u00e4\u00e4da vaid lobisema, vaid teha Heategevusfoorumi k\u00e4igus ka \u00fcks reaalne heategu, oleme otsustanud toetada 12. diabeedikoera koolitamist I t\u00fc\u00fcpi diabeedi diagnoosiga noortele inimestele. Ka Sina saad selles heateos osaleda Foorumile registreerides.<\/p>\n<p>Treenitud koerad anname nende noortele omanikele \u00fcle l\u00f5putseremoonia k\u00e4igus 6-dal oktoobril.<\/p>\n<p>Foorumi <strong><a href=\"https:\/\/www.europaforum2019.ee\/et\/program\/\">programm<\/a><\/strong>\u00a0 t\u00e4ieneb pidevalt, tule tagasi siia lehele uudistama![\/vc_column_text][\/vc_column_inner][vc_column_inner width=&#8221;1\/3&#8243;][vc_images_carousel images=&#8221;254,416,392,391,574&#8243; img_size=&#8221;full&#8221; onclick=&#8221;link_no&#8221; autoplay=&#8221;yes&#8221; hide_pagination_control=&#8221;yes&#8221; hide_prev_next_buttons=&#8221;yes&#8221; wrap=&#8221;yes&#8221; css_animation=&#8221;zoomIn&#8221; el_class=&#8221;slider&#8221;][vc_column_text]<\/p>\n<p style=\"text-align: center;\"><a href=\"https:\/\/www.europaforum2019.ee\/et\/fun_program\"><strong><span style=\"color: #3c64a4;\"><span style=\"text-decoration: underline;\">FUN<\/span><\/span><\/strong><\/a><\/p>\n<p>[\/vc_column_text][vc_column_text]Alustame oma FUN ehk l\u00f5busama osaga programmist juba foorumi eel\u00f5htul, 3. oktoobril <strong>Heategevusliku\u00a0 Warm-up\u00a0 peoga <\/strong>Tallinna Kultuurikatlas, et anda esimene t\u00f5uge eelolevaks inspireerivaks kolmeks p\u00e4evaks.<\/p>\n<p>Reede peale l\u00f5una buffeed koguneme Viru Hotelli juures, et \u00fchiselt liikuda <strong>Euroopa Foorumi Rahvaste Paraad<\/strong>ina Alexela Kontserdimajja Foorumi Avatseremooniale. Esimese p\u00e4eva l\u00f5petavad pidulikult Alexela Kontserdimajas<strong> Get Together &amp; Host Night<\/strong> nime all tuntuks saanud pidustused.<\/p>\n<p>Laup\u00e4eval, 5.oktoobril on t\u00f5eliselt v\u00e4gev\u00a0 <strong>Gala\u00f5htu\u00a0<\/strong> Lennusadamas &#8211; see on ainus koht maailmas, kus v\u00f5imalik allveelaeva k\u00f5rval nautida h\u00f5rgutavat \u00f5htus\u00f6\u00f6ki ja p\u00f5nevat programmi ja seda k\u00f5ike lionss\u00f5pradega!<\/p>\n<p>P\u00fchap\u00e4eval t\u00f5mbame joone alla ametlikule foorumiprogrammile, kuid just siis on \u00f5ige aeg startida Reisiexperdi poolt ekstra meie tarbeks koostatud reisidele![\/vc_column_text][\/vc_column_inner][\/vc_row_inner][\/vc_column][\/vc_row][vc_row css=&#8221;.vc_custom_1528978919574{padding-bottom: 2em !important;background-color: #f5f3f2 !important;}&#8221;][vc_column][vc_row_inner type=&#8221;boxed&#8221;][vc_column_inner width=&#8221;1\/6&#8243;][vc_single_image image=&#8221;951&#8243; img_size=&#8221;full&#8221; alignment=&#8221;center&#8221;][\/vc_column_inner][vc_column_inner width=&#8221;2\/3&#8243;][vc_column_text]<span style=\"color: #3c64a4;\"><strong>HEA S\u00d5<span style=\"color: #3c64a4;\">B<\/span>ER<\/strong>!<\/span><\/p>\n<p><span style=\"color: #000000;\"><strong>BRONEERI JUBA T\u00c4NA oma kalendris 4-6. Oktoober 2019<\/strong><\/span><\/p>\n<p><span style=\"color: #000000;\"><strong>Kordumatu rahvusvaheline lionskogemus meie oma \u00f5uel!<\/strong><\/span><\/p>\n<p>Tuhatkond lionit ja leod \u00fcle Euroopa ja kaugemaltki tulevad s\u00fcgisel, 2019 meile k\u00fclla.<\/p>\n<p><strong>Tule, l\u00f6\u00f6 kaasa nii abilisena, \u00fcritustel osalejana, toetajana<\/strong>! <span style=\"font-size: 12pt;\"><a href=\"https:\/\/www.europaforum2019.ee\/et\/efpresidendi-poordumine\/\">Loe t\u00e4psemalt<\/a><\/span>[\/vc_column_text][\/vc_column_inner][vc_column_inner width=&#8221;1\/6&#8243;][vc_single_image image=&#8221;6930&#8243; img_size=&#8221;full&#8221;][\/vc_column_inner][\/vc_row_inner][\/vc_column][\/vc_row][vc_row css=&#8221;.vc_custom_1528724670702{background-color: #f5f3f2 !important;}&#8221;][vc_column][vc_row_inner type=&#8221;boxed&#8221;][vc_column_inner][vc_column_text]<strong><span style=\"color: #3c64a4;\">SPONSORID<\/span><\/strong>[\/vc_column_text][\/vc_column_inner][\/vc_row_inner][vc_row_inner type=&#8221;boxed&#8221;][vc_column_inner width=&#8221;1\/4&#8243;][vc_single_image image=&#8221;77&#8243; img_size=&#8221;full&#8221; alignment=&#8221;center&#8221;][\/vc_column_inner][vc_column_inner width=&#8221;1\/4&#8243;][vc_single_image image=&#8221;4968&#8243; img_size=&#8221;full&#8221;][\/vc_column_inner][vc_column_inner width=&#8221;1\/4&#8243;][vc_single_image image=&#8221;4986&#8243; img_size=&#8221;full&#8221; alignment=&#8221;center&#8221;][\/vc_column_inner][vc_column_inner width=&#8221;1\/4&#8243;][vc_single_image image=&#8221;8153&#8243;][\/vc_column_inner][\/vc_row_inner][\/vc_column][\/vc_row]<\/p>\n","protected":false},"excerpt":{"rendered":"<p>[vc_row css=&#8221;.vc_custom_1534252423179{background-image: url(https:\/\/www.europaforum2019.ee\/wp-content\/uploads\/2018\/08\/Vanalinn.jpg?id=445) !important;background-position: center !important;background-repeat: no-repeat !important;background-size: cover !important;}&#8221;][vc_column][vc_single_image image=&#8221;8474&#8243; img_size=&#8221;full&#8221; alignment=&#8221;right&#8221; onclick=&#8221;custom_link&#8221; el_class=&#8221;header-pilt&#8221; link=&#8221;https:\/\/www.europaforum2019.ee\/et\/program\/&#8221;][\/vc_column][\/vc_row][vc_row css=&#8221;.vc_custom_1528978886787{padding-bottom: 2em !important;}&#8221;][vc_column width=&#8221;1\/2&#8243;][vc_video link=&#8221;https:\/\/www.youtube.com\/watch?v=YrFj24Y7VgU&#8221; align=&#8221;right&#8221;][\/vc_column][vc_column width=&#8221;1\/2&#8243;][vc_video link=&#8221;https:\/\/www.youtube.com\/watch?v=FgEEH02B8kg&#8221;][\/vc_column][\/vc_row][vc_row css=&#8221;.vc_custom_1528978886787{padding-bottom: 2em !important;}&#8221;][vc_column][vc_row_inner type=&#8221;boxed&#8221;][vc_column_inner width=&#8221;1\/3&#8243;][vc_images_carousel images=&#8221;403,389,397,250,108&#8243; img_size=&#8221;full&#8221; onclick=&#8221;link_no&#8221; autoplay=&#8221;yes&#8221; hide_pagination_control=&#8221;yes&#8221; hide_prev_next_buttons=&#8221;yes&#8221; wrap=&#8221;yes&#8221; css_animation=&#8221;zoomIn&#8221; el_class=&#8221;slider&#8221;][vc_column_text] TERVITAME EESTIS OMA LIONSS\u00d5PRU [\/vc_column_text][vc_column_text]Aasta peale Eesti 100 aasta s\u00fcnnip\u00e4eva t\u00e4histamist on meil suurep\u00e4rane v\u00f5imalus v\u00f5\u00f5rustada Tallinnas [&hellip;]<\/p>\n","protected":false},"author":1,"featured_media":0,"parent":0,"menu_order":0,"comment_status":"closed","ping_status":"closed","template":"page-full-width.php","meta":[],"categories":[34],"tags":[],"_links":{"self":[{"href":"https:\/\/www.europaforum2019.ee\/et\/wp-json\/wp\/v2\/pages\/1683"}],"collection":[{"href":"https:\/\/www.europaforum2019.ee\/et\/wp-json\/wp\/v2\/pages"}],"about":[{"href":"https:\/\/www.europaforum2019.ee\/et\/wp-json\/wp\/v2\/types\/page"}],"author":[{"embeddable":true,"href":"https:\/\/www.europaforum2019.ee\/et\/wp-json\/wp\/v2\/users\/1"}],"replies":[{"embeddable":true,"href":"https:\/\/www.europaforum2019.ee\/et\/wp-json\/wp\/v2\/comments?post=1683"}],"version-history":[{"count":45,"href":"https:\/\/www.europaforum2019.ee\/et\/wp-json\/wp\/v2\/pages\/1683\/revisions"}],"predecessor-version":[{"id":8878,"href":"https:\/\/www.europaforum2019.ee\/et\/wp-json\/wp\/v2\/pages\/1683\/revisions\/8878"}],"wp:attachment":[{"href":"https:\/\/www.europaforum2019.ee\/et\/wp-json\/wp\/v2\/media?parent=1683"}],"wp:term":[{"taxonomy":"category","embeddable":true,"href":"https:\/\/www.europaforum2019.ee\/et\/wp-json\/wp\/v2\/categories?post=1683"},{"taxonomy":"post_tag","embeddable":true,"href":"https:\/\/www.europaforum2019.ee\/et\/wp-json\/wp\/v2\/tags?post=1683"}],"curies":[{"name":"wp","href":"https:\/\/api.w.org\/{rel}","templated":true}]}}