{"id":7278,"date":"2019-03-20T10:08:57","date_gmt":"2019-03-20T10:08:57","guid":{"rendered":"https:\/\/www.europaforum2019.ee\/thursday\/"},"modified":"2019-09-15T07:10:38","modified_gmt":"2019-09-15T07:10:38","slug":"thursday","status":"publish","type":"page","link":"https:\/\/www.europaforum2019.ee\/de\/thursday\/","title":{"rendered":"Donnerstag"},"content":{"rendered":"<p>[vc_row][vc_column][\/vc_column][\/vc_row][vc_row][vc_column width=&#8221;3\/4&#8243;][vc_column_text css=&#8221;.vc_custom_1557582256848{padding-top: 20px !important;padding-bottom: 20px !important;}&#8221;]<\/p>\n<div class=\"twelve columns add-bottom\">\n<h2><span style=\"color: #3c64a4;\">Donnerstag 10\/03\/2019<\/span><\/h2>\n<p>Die folgenden Namen kennzeichnen R\u00e4ume in den verschiedenen Konferenzzentren:<\/p>\n<p><span style=\"color: #3c64a4;\"><strong><a href=\"https:\/\/www.sokoshotels.fi\/en\/tallinn\/sokos-hotel-viru\">Sokos Hotel Viru\u00a0<\/a><\/strong> <span style=\"color: #000000;\">Allegro, Andante 1, Andante 2, Bolero, Duetto, Forte, Grande, Grande 1, Grande 1+2, Grande 2, Grande 3, Semi<\/span><\/span><\/p>\n<p><span style=\"color: #3c64a4;\"><a style=\"color: #3c64a4;\" href=\"https:\/\/www.europaforum2019.ee\/wp-content\/uploads\/2019\/06\/Nordic-Hotel-Forum-conference-centre-floor-plan.png\"><strong>Nordic Hotel Forum<\/strong><\/a> <span style=\"color: #000000;\">Sirius, Capella, Arcturus, Vega, Altair, Miitsar <\/span><\/span><\/p>\n<\/div>\n<p>[\/vc_column_text][vc_column_text]<span style=\"font-size: 18pt;\">08:00-09:00<\/span>[\/vc_column_text][vc_tta_accordion active_section=&#8221;&#8221; collapsible_all=&#8221;true&#8221;][vc_tta_section title=&#8221;Sitzung der Aufsichtskommission f\u00fcr EF2019 (geschlossene Sitzung) | Vega | Nordic Hotel Forum&#8221; tab_id=&#8221;1564488059074-431f4da7-0f06&#8243; el_class=&#8221;thematicmeetings&#8221;][vc_column_text]<\/p>\n<table width=\"624\">\n<tbody>\n<tr>\n<td width=\"102\">Datum<\/td>\n<td width=\"522\">10\/3\/2019<\/td>\n<\/tr>\n<tr>\n<td>Zeit<\/td>\n<td width=\"522\">8.00 \u2013 9.00<\/td>\n<\/tr>\n<tr>\n<td>Titel<\/td>\n<td width=\"522\">Sitzung der Aufsichtskommission f\u00fcr EF2019 (geschlossene Sitzung)<\/td>\n<\/tr>\n<tr>\n<td>Raum<\/td>\n<td width=\"522\">Nordic Hotel Forum &#8211; Vega<\/td>\n<\/tr>\n<tr>\n<td>Zielpublikum<\/td>\n<td width=\"522\">Organisationskomitee f\u00fcr EF2019, Mitglieder der Aufsichtskommission<\/td>\n<\/tr>\n<tr>\n<td>Vorsitzender<\/td>\n<td width=\"522\">ID Heimo Potinkara, designierter internationaler Direktor<\/td>\n<\/tr>\n<tr>\n<td>Stellvertretender Vorsitzender<\/td>\n<td width=\"522\">PID Kalle Elster, Forumspr\u00e4sident<\/td>\n<\/tr>\n<tr>\n<td>Sprecher<\/td>\n<td width=\"522\">ID Heimo Potinkara, designierter internationaler Direktor<br \/>\nPID Kalle Elster, Forumspr\u00e4sident EF2019<br \/>\nDG M\u00e4rt Viileberg, Programmdirektor EF2019<br \/>\nPID George Papas, stellvertretender Forumspr\u00e4sident<br \/>\nPDG George Savvides, Programmdirektor EF2020<br \/>\nPID Phil Nathan, Archivar und Berater<br \/>\nPCC Peter Brandenburg, Buchhalter des Forums<br \/>\nAndere Mitglieder des EF2019 Organisationskomitees<\/td>\n<\/tr>\n<tr>\n<td>Beschreibung<\/td>\n<td width=\"522\">Laut der Tagesordnung des Komitees<\/td>\n<\/tr>\n<\/tbody>\n<\/table>\n<p>[\/vc_column_text][\/vc_tta_section][\/vc_tta_accordion][vc_column_text]<span style=\"font-size: 18pt;\">08:30-16:45<\/span>[\/vc_column_text][vc_tta_accordion style=&#8221;modern&#8221; shape=&#8221;square&#8221; active_section=&#8221;&#8221; collapsible_all=&#8221;true&#8221;][vc_tta_section title=&#8221;GAT | Sirius | Nordic Hotel Forum&#8221; tab_id=&#8221;1564488001392-343c98a1-5317&#8243; el_class=&#8221;leo-lions&#8221;][vc_column_text]<\/p>\n<table style=\"height: 240px;\" width=\"624\">\n<tbody>\n<tr style=\"height: 24px;\">\n<td style=\"height: 24px; width: 120px;\">Datum<\/td>\n<td style=\"height: 24px; width: 488px;\">10\/3\/2019<\/td>\n<\/tr>\n<tr style=\"height: 24px;\">\n<td style=\"height: 24px; width: 120px;\">Zeit<\/td>\n<td style=\"height: 24px; width: 488px;\">8.00 \u2013 16.45<\/td>\n<\/tr>\n<tr style=\"height: 24px;\">\n<td style=\"height: 24px; width: 120px;\">Titel<\/td>\n<td style=\"height: 24px; width: 488px;\">GAT<\/td>\n<\/tr>\n<tr style=\"height: 24px;\">\n<td style=\"height: 24px; width: 120px;\">Raum<\/td>\n<td style=\"height: 24px; width: 488px;\">Nordic Hotel Forum &#8211; Sirius<\/td>\n<\/tr>\n<tr style=\"height: 24px;\">\n<td style=\"height: 24px; width: 120px;\">Zielpublikum<\/td>\n<td style=\"height: 24px; width: 488px;\">Ratsvorsitzende, Distrikt-Governors, MD- und D-Koordinatoren, New Voices, Speciality Club-Koordinatoren, Leos<\/td>\n<\/tr>\n<tr style=\"height: 24px;\">\n<td style=\"height: 24px; width: 120px;\">Vorsitzender<\/td>\n<td style=\"height: 24px; width: 488px;\">PID Robert Rettby<\/td>\n<\/tr>\n<tr style=\"height: 48px;\">\n<td style=\"height: 48px; width: 120px;\">Stellvertretender Vorsitzender<\/td>\n<td style=\"height: 48px; width: 488px;\">PID Miklos Horvath<\/td>\n<\/tr>\n<tr style=\"height: 24px;\">\n<td style=\"height: 24px; width: 120px;\">Sprecher<\/td>\n<td style=\"height: 24px; width: 488px;\">PID Robert Rettby, PID Elisabeth Haderer, PID Sanjay Kethan, A4 GAT Gebietsleiter, \u00fcberraschen die G\u00e4ste<\/td>\n<\/tr>\n<tr style=\"height: 24px;\">\n<td style=\"height: 24px; width: 120px;\">Beschreibung<\/td>\n<td style=\"height: 24px; width: 488px;\">GAT, GMT, GLT und GST, LCI-Ressourcen, Spezialclubs, New Voices, Leos<\/td>\n<\/tr>\n<\/tbody>\n<\/table>\n<p>[\/vc_column_text][\/vc_tta_section][vc_tta_section title=&#8221;GAT | Arcturus | Nordic Hotel Forum&#8221; tab_id=&#8221;1564488001431-db51e3fe-9ef0&#8243; el_class=&#8221;leo-lions&#8221;][vc_column_text]<\/p>\n<table width=\"624\">\n<tbody>\n<tr>\n<td width=\"102\">Datum<\/td>\n<td width=\"522\">10\/3\/2019<\/td>\n<\/tr>\n<tr>\n<td>Zeit<\/td>\n<td width=\"522\">8.00 \u2013 16.45<\/td>\n<\/tr>\n<tr>\n<td>Titel<\/td>\n<td width=\"522\">GAT<\/td>\n<\/tr>\n<tr>\n<td>Raum<\/td>\n<td width=\"522\">Nordic Hotel Forum \u2013 Arcturus<\/td>\n<\/tr>\n<tr>\n<td>Zielpublikum<\/td>\n<td>Ratsvorsitzende, Distrikt-Governors, MD- und D-Koordinatoren, New Voices, Speciality Club-Koordinatoren, Leos<\/td>\n<\/tr>\n<tr>\n<td>Vorsitzender<\/td>\n<td width=\"522\">PID Robert Rettby<\/td>\n<\/tr>\n<tr>\n<td>Stellvertretender Vorsitzender<\/td>\n<td width=\"522\">PID Miklos Horvath<\/td>\n<\/tr>\n<tr>\n<td>Sprecher<\/td>\n<td width=\"522\">PID Robert Rettby, PID Elisabeth Haderer, PID Sanjay Kethan, A4 GAT Gebietsleiter, \u00fcberraschen die G\u00e4ste<\/td>\n<\/tr>\n<tr>\n<td>Beschreibung<\/td>\n<td width=\"522\">GAT, GMT, GLT und GST, LCI-Ressourcen, Spezialclubs, New Voices, Leos<\/td>\n<\/tr>\n<\/tbody>\n<\/table>\n<p>[\/vc_column_text][\/vc_tta_section][vc_tta_section title=&#8221;GAT | Duetto | Sokos Hotel Viru&#8221; tab_id=&#8221;1564488001360-bae68343-6fd6&#8243; el_class=&#8221;leo-lions&#8221;][vc_column_text]<\/p>\n<table width=\"624\">\n<tbody>\n<tr>\n<td width=\"102\">Datum<\/td>\n<td width=\"522\">10\/3\/2019<\/td>\n<\/tr>\n<tr>\n<td>Zeit<\/td>\n<td width=\"522\">8.00 \u2013 16.45<\/td>\n<\/tr>\n<tr>\n<td>Titel<\/td>\n<td width=\"522\">GAT<\/td>\n<\/tr>\n<tr>\n<td>Raum<\/td>\n<td width=\"522\">Sokos Hotel Viru &#8211; Duetto<\/td>\n<\/tr>\n<tr>\n<td>Zielpublikum<\/td>\n<td>Ratsvorsitzende, Distrikt-Governors, MD- und D-Koordinatoren, New Voices, Speciality Club-Koordinatoren, Leos<\/td>\n<\/tr>\n<tr>\n<td>Vorsitzender<\/td>\n<td width=\"522\">PID Robert Rettby<\/td>\n<\/tr>\n<tr>\n<td>Stellvertretender Vorsitzender<\/td>\n<td width=\"522\">PID Miklos Horvath<\/td>\n<\/tr>\n<tr>\n<td>Sprecher<\/td>\n<td width=\"522\">PID Robert Rettby, PID Elisabeth Haderer, PID Sanjay Kethan, A4 GAT Gebietsleiter, \u00fcberraschen die G\u00e4ste<\/td>\n<\/tr>\n<tr>\n<td>Beschreibung<\/td>\n<td width=\"522\">GAT, GMT, GLT und GST, LCI-Ressourcen, Spezialclubs, New Voices, Leos<\/td>\n<\/tr>\n<\/tbody>\n<\/table>\n<p>[\/vc_column_text][\/vc_tta_section][\/vc_tta_accordion][vc_column_text]<span style=\"font-size: 18pt;\">09:00-12:00<\/span>[\/vc_column_text][vc_tta_accordion active_section=&#8221;&#8221; collapsible_all=&#8221;true&#8221;][vc_tta_section title=&#8221;Europa Komitee f\u00fcr Langzeitplanung (geschlossene Sitzung) | Vega | Nordic Hotel Forum&#8221; tab_id=&#8221;1564489512764-51a18113-278c&#8221; el_class=&#8221;thematicmeetings&#8221;][vc_column_text]<\/p>\n<table width=\"624\">\n<tbody>\n<tr>\n<td width=\"102\">Datum<\/td>\n<td width=\"522\">10\/3\/2019<\/td>\n<\/tr>\n<tr>\n<td>Zeit<\/td>\n<td width=\"522\">9.00 \u2013 12.00<\/td>\n<\/tr>\n<tr>\n<td>Titel<\/td>\n<td width=\"522\">Europa Komitee f\u00fcr Langzeitplanung (geschlossene Sitzung)<\/td>\n<\/tr>\n<tr>\n<td>Raum<\/td>\n<td width=\"522\">Nordic Hotel Forum &#8211; Vega<\/td>\n<\/tr>\n<tr>\n<td>Zielpublikum<\/td>\n<td width=\"522\">Sitzung des Europa Komitees f\u00fcr Langzeitplanung (geschlossene Sitzung)<\/td>\n<\/tr>\n<tr>\n<td>Vorsitzender<\/td>\n<td width=\"522\">IPIP Gudrun Bj\u00f6rt Yngvadottir<\/td>\n<\/tr>\n<tr>\n<td>Sprecher<\/td>\n<td width=\"522\">Er\u00f6ffnung bei IPIP Gudrun B. Yngvadottir<br \/>\nAlle Mitglieder des LRPCE<\/td>\n<\/tr>\n<tr>\n<td>Beschreibung<\/td>\n<td width=\"522\">Laut der Tagesordnung des Komitees<\/td>\n<\/tr>\n<\/tbody>\n<\/table>\n<p>[\/vc_column_text][\/vc_tta_section][\/vc_tta_accordion][vc_column_text]<span style=\"font-size: 18pt;\">09:00-17:15<\/span>[\/vc_column_text][vc_tta_accordion active_section=&#8221;&#8221; collapsible_all=&#8221;true&#8221;][vc_tta_section title=&#8221;Sitzung des Jugendcamps &amp; der Vorsitzenden f\u00fcr Austausch | Capella | Nordic Hotel Forum&#8221; tab_id=&#8221;hallikasroheline1&#8243; el_class=&#8221;youth&#8221;][vc_column_text]<\/p>\n<table width=\"624\">\n<tbody>\n<tr>\n<td width=\"102\">Datum<\/td>\n<td width=\"522\">10\/3\/2019<\/td>\n<\/tr>\n<tr>\n<td>Zeit<\/td>\n<td width=\"522\">9.00 \u2013 17.15<\/td>\n<\/tr>\n<tr>\n<td>Titel<\/td>\n<td width=\"522\">Sitzung des Jugendcamps &amp; der Vorsitzenden f\u00fcr Austausch<\/td>\n<\/tr>\n<tr>\n<td>Raum<\/td>\n<td width=\"522\">Nordic Hotel Forum &#8211; Capella<\/td>\n<\/tr>\n<tr>\n<td>Zielpublikum<\/td>\n<td width=\"522\">Zug\u00e4nglich f\u00fcr alle Mitglieder<\/td>\n<\/tr>\n<tr>\n<td>Vorsitzender<\/td>\n<td width=\"522\">YCEC Margus Malla<\/td>\n<\/tr>\n<tr>\n<td>Stellvertretender Vorsitzender<\/td>\n<td width=\"522\">YCEC Jovan Gavrilovski<\/td>\n<\/tr>\n<tr>\n<td>Sprecher<\/td>\n<td width=\"522\">Vorsitzende des Jugendaustausches<\/td>\n<\/tr>\n<tr>\n<td>Beschreibung<\/td>\n<td width=\"522\">YE Diskussionen, Bewerbungsformular, GDPR, Neuigkeiten von Oak Brook, Pr\u00e4sentation des EF 2020 Thessaloniki<\/td>\n<\/tr>\n<\/tbody>\n<\/table>\n<p>[\/vc_column_text][\/vc_tta_section][\/vc_tta_accordion][vc_column_text]<span style=\"font-size: 18pt;\">14:00-18:00<\/span>[\/vc_column_text][vc_tta_accordion active_section=&#8221;&#8221; collapsible_all=&#8221;true&#8221;][vc_tta_section title=&#8221;Lions der Ostsee | Altair | Nordic Hotel Forum&#8221; tab_id=&#8221;1564489904253-0b9245ef-c14c&#8221; el_class=&#8221;leo-lions&#8221;][vc_column_text]<\/p>\n<table width=\"624\">\n<tbody>\n<tr>\n<td width=\"102\">Datum<\/td>\n<td width=\"522\">10\/3\/2019<\/td>\n<\/tr>\n<tr>\n<td>Zeit<\/td>\n<td width=\"522\">14.00 \u2013 18.00<\/td>\n<\/tr>\n<tr>\n<td>Titel<\/td>\n<td width=\"522\">Lions der Ostsee<\/td>\n<\/tr>\n<tr>\n<td>Raum<\/td>\n<td width=\"522\">Nordic Hotel Forum &#8211; Altair<\/td>\n<\/tr>\n<tr>\n<td>Zielpublikum<\/td>\n<td width=\"522\">Lions der Ostsee<\/td>\n<\/tr>\n<tr>\n<td>Vorsitzender<\/td>\n<td width=\"522\">BSL Pr\u00e4sident, PDG Sanna Siissalo<\/td>\n<\/tr>\n<tr>\n<td>Stellvertretender Vorsitzender<\/td>\n<td width=\"522\">BSL stellvertretender Pr\u00e4sident Virginijus Jasaitis<\/td>\n<\/tr>\n<tr>\n<td>Sprecher<\/td>\n<td width=\"522\">BSL Delegierte<\/td>\n<\/tr>\n<tr>\n<td>Beschreibung<\/td>\n<td width=\"522\">Die Lions der Ostsee bilden ein Netzwerk f\u00fcr Zusammenarbeit bestehend aus den LCI Bereichen entlang der Ostsee.\u00a0 Die Ziele des Netzwerkes bestehen darin Gemeinschaftsprojekte zu unterst\u00fctzen und Freundschaften jenseits der Grenzen zu kr\u00e4ftigen.\u00a0 Das Hauptinteresse des Netzwerkes kreiste in den letzten Jahren um den Schutz der Ostseegew\u00e4sser.<\/td>\n<\/tr>\n<\/tbody>\n<\/table>\n<p>[\/vc_column_text][\/vc_tta_section][\/vc_tta_accordion][vc_column_text]<span style=\"font-size: 18pt;\">15:00-17:00<\/span>[\/vc_column_text][vc_tta_accordion active_section=&#8221;&#8221; collapsible_all=&#8221;true&#8221;][vc_tta_section title=&#8221;Orientation der Moderatoren &amp; Delegierten | Vega | Nordic Hotel Forum&#8221; tab_id=&#8221;kollane3&#8243; el_class=&#8221;thematicmeetings&#8221;][vc_column_text]<\/p>\n<table width=\"624\">\n<tbody>\n<tr>\n<td width=\"102\">Datum<\/td>\n<td width=\"522\">10\/3\/2019<\/td>\n<\/tr>\n<tr>\n<td>Zeit<\/td>\n<td width=\"522\">15.00 \u2013 17.00<\/td>\n<\/tr>\n<tr>\n<td>Titel<\/td>\n<td width=\"522\">Orientation der Moderatoren &amp; Delegierten<\/td>\n<\/tr>\n<tr>\n<td>Raum<\/td>\n<td width=\"522\">Nordic Hotel Forum &#8211; Vega<\/td>\n<\/tr>\n<tr>\n<td>Zielpublikum<\/td>\n<td width=\"522\">Alle Moderatoren der Workshops<\/td>\n<\/tr>\n<tr>\n<td>Vorsitzender<\/td>\n<td width=\"522\">DG M\u00e4rt Viileberg<\/td>\n<\/tr>\n<tr>\n<td>Stellvertretender Vorsitzender<\/td>\n<td width=\"522\">Leo Karin K\u00fcnnapas<\/td>\n<\/tr>\n<tr>\n<td>Sprecher<\/td>\n<td>DG M\u00e4rt Viileberg, Leo Karin K\u00fcnnapas<\/td>\n<\/tr>\n<tr>\n<td>Beschreibung<\/td>\n<td width=\"522\">Gemeinsame Sitzung f\u00fcr Moderatoren der Workshops und Seminare des Lions EF 2019.\u00a0 Diese Einheit befasst sich mit dem Aufbau des Formates des Weltcaf\u00e9s sowie mit den technischen Einzelheiten und der Durchf\u00fchrung.<\/td>\n<\/tr>\n<\/tbody>\n<\/table>\n<p>[\/vc_column_text][\/vc_tta_section][\/vc_tta_accordion][vc_column_text]<span style=\"font-size: 18pt;\">15:00-19:00<\/span>[\/vc_column_text][vc_tta_accordion active_section=&#8221;&#8221; collapsible_all=&#8221;true&#8221;][vc_tta_section title=&#8221;MD111 Ratssitzung (geschlossene Sitzung) | Allegro | Sokos Hotel Viru&#8221; tab_id=&#8221;1564489999082-b78e3d3c-a0f3&#8243; el_class=&#8221;thematicmeetings&#8221;][vc_column_text]<\/p>\n<table width=\"624\">\n<tbody>\n<tr>\n<td width=\"102\">Datum<\/td>\n<td width=\"522\">10\/3\/2019<\/td>\n<\/tr>\n<tr>\n<td>Zeit<\/td>\n<td width=\"522\">15.00 \u2013 19.00<\/td>\n<\/tr>\n<tr>\n<td>Titel<\/td>\n<td width=\"522\">MD111 Ratssitzung (geschlossene Sitzung)<\/td>\n<\/tr>\n<tr>\n<td>Raum<\/td>\n<td width=\"522\">Sokos Hotel Viru &#8211; Allegro<\/td>\n<\/tr>\n<tr>\n<td>Zielpublikum<\/td>\n<td width=\"522\">MD111 Ratsmitglieder<\/td>\n<\/tr>\n<tr>\n<td>Vorsitzender<\/td>\n<td width=\"522\">Lion Maximilian Schneider<\/td>\n<\/tr>\n<tr>\n<td>Sprecher<\/td>\n<td width=\"522\">Deutscher Rat der Distrikt-Gouverneure<\/td>\n<\/tr>\n<tr>\n<td>Beschreibung<\/td>\n<td width=\"522\">Laut der Tagesordnung des Rates<\/td>\n<\/tr>\n<\/tbody>\n<\/table>\n<p>[\/vc_column_text][\/vc_tta_section][\/vc_tta_accordion][vc_column_text]<span style=\"font-size: 18pt;\">17:15-18:45<\/span>[\/vc_column_text][vc_tta_accordion active_section=&#8221;&#8221; collapsible_all=&#8221;true&#8221;][vc_tta_section title=&#8221;NSR CC Board meeting (geschlossene Sitzung) | Vega | Nordic Hotel Forum&#8221; tab_id=&#8221;kollane3&#8243; el_class=&#8221;internationalrelations&#8221;][vc_column_text]<\/p>\n<table width=\"624\">\n<tbody>\n<tr>\n<td width=\"102\">Datum<\/td>\n<td width=\"522\">10\/3\/2019<\/td>\n<\/tr>\n<tr>\n<td>Zeit<\/td>\n<td width=\"522\">17:15 &#8211; 18:45<\/td>\n<\/tr>\n<tr>\n<td>Titel<\/td>\n<td width=\"522\">NSR CC Board meeting (geschlossene Sitzung)<\/td>\n<\/tr>\n<tr>\n<td>Raum<\/td>\n<td width=\"522\">Nordic Hotel Forum &#8211; Vega<\/td>\n<\/tr>\n<tr>\n<td>Zielpublikum<\/td>\n<td width=\"522\">CCs, Nordic IP, ID, ID-Kandidaten, PIP, PID, GS, VCC und NSR-OC (und andere Teilnehmer, die vom CC-Vorstand des Vorsitzenden eingeladen wurden)<\/td>\n<\/tr>\n<tr>\n<td>Vorsitzender<\/td>\n<td width=\"522\">CC Lisbeth Andreasen<\/td>\n<\/tr>\n<tr>\n<td>Stellvertretender Vorsitzender<\/td>\n<td width=\"522\">CC Aarne Kivioja<\/td>\n<\/tr>\n<tr>\n<td>Sprecher<\/td>\n<td>CC members<\/td>\n<\/tr>\n<tr>\n<td>Beschreibung<\/td>\n<td width=\"522\">Das Treffen der nordischen CCs gem\u00e4\u00df der Tagesordnung des CC-Vorstands und den Statuten der NSR<\/td>\n<\/tr>\n<\/tbody>\n<\/table>\n<p>[\/vc_column_text][\/vc_tta_section][\/vc_tta_accordion][vc_column_text]<span style=\"font-size: 18pt;\">19:00-22:00<\/span>[\/vc_column_text][vc_tta_accordion active_section=&#8221;&#8221; collapsible_all=&#8221;true&#8221;][vc_tta_section title=&#8221;Charity Warm-up Party | Kulturzentrum von Tallinn &#8221; tab_id=&#8221;oranz2&#8243; el_class=&#8221;gat&#8221;][vc_column_text]<\/p>\n<table width=\"624\">\n<tbody>\n<tr>\n<td width=\"102\">Datum<\/td>\n<td width=\"522\">10\/3\/2019<\/td>\n<\/tr>\n<tr>\n<td>Zeit<\/td>\n<td width=\"522\">19.00 \u2013 22.00<\/td>\n<\/tr>\n<tr>\n<td>Titel<\/td>\n<td width=\"522\">Charity Warm-up Party<\/td>\n<\/tr>\n<tr>\n<td>Raum<\/td>\n<td width=\"522\">Kulturzentrum von Tallinn<\/td>\n<\/tr>\n<tr>\n<td>Zielpublikum<\/td>\n<td width=\"522\">Lions, Leos, G\u00e4ste und ihre Freunde<\/td>\n<\/tr>\n<tr>\n<td>Wirt<\/td>\n<td width=\"522\">Lion Raivo Vilbaste<\/td>\n<\/tr>\n<tr>\n<td>Veranstaltungsmanager<\/td>\n<td width=\"522\">Janek Reimal<\/td>\n<\/tr>\n<tr>\n<td>Manager der Er\u00f6ffnungsfeier<\/td>\n<td width=\"522\">Anu V\u00e4lba<\/td>\n<\/tr>\n<tr>\n<td>Beschreibung<\/td>\n<td width=\"522\">Das Forum beginnt am Donnerstagabend des 3. Oktober mit einer Warm-Up Party im Kulturzentrum von Tallinn.\u00a0\u00a0 Zum ersten Mal findet eine solche Veranstaltung w\u00e4hrend des Forums statt.\u00a0 Es ist eine hervorragende Gelegenheit um andere Lions und Leos in einer lockeren Umgebung zu treffen und gemeinsam eine wunderbare Zeit zu verbringen.\u00a0 Der internationale Vorstand der Lions wird ebenfalls anwesend sein.\u00a0 Unsere Gastgeber w\u00e4hrend des Forums, Anu V\u00e4lba, werden die Nacht moderieren und ein DJ und das Ensemble Funkifize werden zusammen mit Gastvokalisten f\u00fcr Unterhaltung und Tanzstimmung sorgen.<\/td>\n<\/tr>\n<\/tbody>\n<\/table>\n<p>[\/vc_column_text][\/vc_tta_section][\/vc_tta_accordion][\/vc_column][vc_column width=&#8221;1\/4&#8243;][vc_column_text css=&#8221;.vc_custom_1565086392242{padding-left: 15px !important;background-color: #d8d8d8 !important;border-radius: 1px !important;}&#8221;]<\/p>\n<h4><a href=\"https:\/\/www.europaforum2019.ee\/de\/thursday\/\"><span style=\"font-size: 10pt;\">Donnerstag 10\/03\/2019<\/span><\/a><\/h4>\n<p>[\/vc_column_text][vc_column_text css=&#8221;.vc_custom_1553070683358{padding-left: 15px !important;background-color: #d8d8d8 !important;border-radius: 1px !important;}&#8221;]<\/p>\n<h4><a href=\"https:\/\/www.europaforum2019.ee\/de\/friday\/\"><span style=\"font-size: 10pt;\">Freitag 10\/04\/2019<\/span><\/a><\/h4>\n<p>[\/vc_column_text][vc_column_text css=&#8221;.vc_custom_1553070710426{padding-left: 15px !important;background-color: #d8d8d8 !important;border-radius: 1px !important;}&#8221;]<\/p>\n<h4><a href=\"https:\/\/www.europaforum2019.ee\/de\/saturday\/\"><span style=\"font-size: 10pt;\">Samstag 10\/05\/2019<\/span><\/a><\/h4>\n<p>[\/vc_column_text][vc_column_text css=&#8221;.vc_custom_1553070732524{padding-left: 15px !important;background-color: #d8d8d8 !important;border-radius: 1px !important;}&#8221;]<\/p>\n<h4><a href=\"https:\/\/www.europaforum2019.ee\/de\/sunday\/\"><span style=\"font-size: 10pt;\">Sonntag 10\/06\/2019<\/span><\/a><\/h4>\n<p>[\/vc_column_text][vc_empty_space][\/vc_column][\/vc_row][vc_row][vc_column width=&#8221;3\/4&#8243;][vc_empty_space height=&#8221;20px&#8221;][vc_column_text el_class=&#8221;colorcodes&#8221;]<\/p>\n<table style=\"height: 153px; width: 87.4909%; border-collapse: collapse;\" border=\"0\" cellpadding=\"5\">\n<tbody>\n<tr style=\"height: 25px; border: 0;\">\n<td style=\"width: 3.85714%; background-color: #00b0f0; height: 38px; border: 0px none;\"><\/td>\n<td style=\"width: 31.1886%; height: 38px; border: 0px none; padding-left: 5px;\"><span style=\"font-size: 10pt;\">Social &amp; Agora<\/span><\/td>\n<td style=\"width: 3.86685%; background-color: #ffff00; height: 38px; border: 0px none;\"><\/td>\n<td style=\"width: 33.6587%; height: 38px; border: 0px none; padding-left: 5px;\"><span style=\"font-size: 10pt;\">Translated Main Meetings<\/span><\/td>\n<\/tr>\n<tr style=\"height: 37px;\">\n<td style=\"width: 3.85714%; height: 39px; border: 0px none; background-color: #0070c0;\"><\/td>\n<td style=\"width: 31.1886%; height: 39px; border: 0px none; padding-left: 5px;\"><span style=\"font-size: 10pt;\">International Relations Mediterranean, Euro-Africa, Euro-Asia, UNO, EU Parliament, UN-EU and Lions\u2026, etc<\/span><\/td>\n<td style=\"width: 3.86685%; background-color: #ffc000; height: 39px; border: 0px none;\"><\/td>\n<td style=\"width: 33.6587%; height: 39px; border: 0px none; padding-left: 5px;\"><span style=\"font-size: 10pt;\">Activities Service &amp; humanitarian projects, fundraisers, LCIF, etc.<\/span><\/td>\n<\/tr>\n<tr style=\"height: 32px; border: 0;\">\n<td style=\"width: 3.85714%; background-color: #92d050; height: 39px; border: 0px none;\"><\/td>\n<td style=\"width: 31.1886%; height: 39px; border: 0px none; padding-left: 5px;\"><span style=\"font-size: 10pt;\">Youth &amp; YEC<\/span><\/td>\n<td style=\"width: 3.86685%; background-color: #c00000; height: 39px; border: 0px none;\"><\/td>\n<td style=\"width: 33.6587%; height: 39px; border: 0px none; padding-left: 5px;\"><span style=\"font-size: 10pt;\">Thomas Kuti Contest (Music Contest)<\/span><\/td>\n<\/tr>\n<tr style=\"height: 34px; border: 0;\">\n<td style=\"width: 3.85714%; background-color: #a6a6a6; height: 37px; border: 0px none;\"><\/td>\n<td style=\"width: 31.1886%; height: 37px; border: 0px none; padding-left: 5px;\"><span style=\"font-size: 10pt;\">Thematic meetings, including PR &amp; Communication<\/span><\/td>\n<\/tr>\n<\/tbody>\n<\/table>\n<p>[\/vc_column_text][vc_empty_space height=&#8221;20px&#8221;][\/vc_column][vc_column width=&#8221;1\/4&#8243; offset=&#8221;vc_hidden-xs&#8221;][\/vc_column][\/vc_row][vc_row][vc_column width=&#8221;3\/4&#8243; offset=&#8221;vc_hidden-lg vc_hidden-md vc_hidden-sm&#8221;][\/vc_column][vc_column width=&#8221;1\/4&#8243; offset=&#8221;vc_hidden-lg vc_hidden-md vc_hidden-sm&#8221;][\/vc_column][\/vc_row]<\/p>\n","protected":false},"excerpt":{"rendered":"<p>[vc_row][vc_column][\/vc_column][\/vc_row][vc_row][vc_column width=&#8221;3\/4&#8243;][vc_column_text css=&#8221;.vc_custom_1557582256848{padding-top: 20px !important;padding-bottom: 20px !important;}&#8221;] Donnerstag 10\/03\/2019 Die folgenden Namen kennzeichnen R\u00e4ume in den verschiedenen Konferenzzentren: Sokos Hotel Viru\u00a0 Allegro, Andante 1, Andante 2, Bolero, Duetto, Forte, Grande, Grande 1, Grande 1+2, Grande 2, Grande 3, Semi Nordic Hotel Forum Sirius, Capella, Arcturus, Vega, Altair, Miitsar [\/vc_column_text][vc_column_text]08:00-09:00[\/vc_column_text][vc_tta_accordion active_section=&#8221;&#8221; collapsible_all=&#8221;true&#8221;][vc_tta_section title=&#8221;Sitzung der Aufsichtskommission f\u00fcr [&hellip;]<\/p>\n","protected":false},"author":1,"featured_media":0,"parent":0,"menu_order":0,"comment_status":"closed","ping_status":"closed","template":"page-boxed.php","meta":[],"categories":[],"tags":[],"_links":{"self":[{"href":"https:\/\/www.europaforum2019.ee\/de\/wp-json\/wp\/v2\/pages\/7278"}],"collection":[{"href":"https:\/\/www.europaforum2019.ee\/de\/wp-json\/wp\/v2\/pages"}],"about":[{"href":"https:\/\/www.europaforum2019.ee\/de\/wp-json\/wp\/v2\/types\/page"}],"author":[{"embeddable":true,"href":"https:\/\/www.europaforum2019.ee\/de\/wp-json\/wp\/v2\/users\/1"}],"replies":[{"embeddable":true,"href":"https:\/\/www.europaforum2019.ee\/de\/wp-json\/wp\/v2\/comments?post=7278"}],"version-history":[{"count":11,"href":"https:\/\/www.europaforum2019.ee\/de\/wp-json\/wp\/v2\/pages\/7278\/revisions"}],"predecessor-version":[{"id":8096,"href":"https:\/\/www.europaforum2019.ee\/de\/wp-json\/wp\/v2\/pages\/7278\/revisions\/8096"}],"wp:attachment":[{"href":"https:\/\/www.europaforum2019.ee\/de\/wp-json\/wp\/v2\/media?parent=7278"}],"wp:term":[{"taxonomy":"category","embeddable":true,"href":"https:\/\/www.europaforum2019.ee\/de\/wp-json\/wp\/v2\/categories?post=7278"},{"taxonomy":"post_tag","embeddable":true,"href":"https:\/\/www.europaforum2019.ee\/de\/wp-json\/wp\/v2\/tags?post=7278"}],"curies":[{"name":"wp","href":"https:\/\/api.w.org\/{rel}","templated":true}]}}