{"id":3621,"date":"2018-10-24T16:46:56","date_gmt":"2018-10-24T16:46:56","guid":{"rendered":"http:\/\/www.europaforum2019.ee\/?page_id=3621"},"modified":"2019-02-03T21:04:19","modified_gmt":"2019-02-03T21:04:19","slug":"fun-program","status":"publish","type":"page","link":"https:\/\/www.europaforum2019.ee\/de\/fun-program\/","title":{"rendered":"FUN program"},"content":{"rendered":"<p>[vc_row css=&#8221;.vc_custom_1528724670702{background-color: #f5f3f2 !important;}&#8221;][vc_column][vc_row_inner type=&#8221;boxed&#8221;][vc_column_inner][vc_column_text]<\/p>\n<h2><strong><span style=\"color: #3c64a4;\">UNTERHALTUNGSPROGRAMM<\/span><\/strong><\/h2>\n<p>Ab Januar 2019 werden wir den Vorhang langsam \u00f6ffnen und Ihnen erste Einblicke in den Inhalt des Unterhaltungsprogrammes geben. Sind Sie beispielsweise bereit f\u00fcr den Konzertchor, der aus f\u00fcnfzig Jungen und jungen M\u00e4nnern besteht und so singt als g\u00e4be es kein Morgen mehr? Wir sind es! Und wir w\u00fcrden es gerne mit Ihnen zusammen erleben!<\/p>\n<div class=\"video-container responsive-embed widescreen\"><iframe loading=\"lazy\" width=\"900\" height=\"506\" src=\"https:\/\/www.youtube.com\/embed\/eDftqGxiNOg?feature=oembed\" frameborder=\"0\" allow=\"accelerometer; autoplay; encrypted-media; gyroscope; picture-in-picture\" allowfullscreen><\/iframe><\/div>\n<p>[\/vc_column_text][\/vc_column_inner][\/vc_row_inner][\/vc_column][\/vc_row][vc_row css=&#8221;.vc_custom_1528789133475{background-color: #fdc924 !important;}&#8221;][vc_column][vc_row_inner type=&#8221;boxed&#8221;][vc_column_inner][vc_column_text]<span class=\"register\" style=\"color: #414142; font-family: aller, sans-serif;\"><strong>REGISTRIEREN SIE SICH JETZT<\/strong><\/span>[\/vc_column_text][\/vc_column_inner][\/vc_row_inner][vc_row_inner type=&#8221;boxed&#8221; css=&#8221;.vc_custom_1535101328389{padding-bottom: 2em !important;}&#8221;][vc_column_inner width=&#8221;1\/3&#8243;][vc_column_text el_class=&#8221;register-kast&#8221;]<\/p>\n<p style=\"text-align: center;\"><a href=\"https:\/\/www.conference-expert.eu\/de\/lef2019de\"><strong><span style=\"color: #fdc924;\">ALLES- INCLUSIVE FORUMPAKET<\/span><\/strong><br \/>\n<span style=\"font-size: 16pt;\"><strong><span style=\"color: #fdc924;\">LION<\/span><\/strong><\/span><br \/>\n<span style=\"font-size: 16pt;\"><strong><span style=\"color: #ffffff;\">595 \u20ac<\/span> <\/strong><\/span><br \/>\n<span style=\"color: #ffffff;\">Doppelzimmer\/Zweibettzimmer<br \/>\nAngebot dauert bis 31 M\u00e4rz 2019<\/span><\/a><\/p>\n<p>[\/vc_column_text][\/vc_column_inner][vc_column_inner width=&#8221;1\/3&#8243;][vc_column_text el_class=&#8221;register-kast&#8221;]<\/p>\n<p style=\"text-align: center;\"><a href=\"https:\/\/www.conference-expert.eu\/de\/lef2019de\"><strong><span style=\"color: #fdc924;\">FORUMPAKET LEO<br \/>\n<span style=\"font-size: 16pt;\">LEO<\/span><\/span><\/strong><br \/>\n<span style=\"font-size: 16pt;\"><strong><span style=\"color: #ffffff;\">150 \u20ac<\/span> <\/strong><\/span><span style=\"color: #ffffff;\"><br \/>\nAngebot dauert bis 31 M\u00e4rz 2019<\/span><\/a><\/p>\n<p>[\/vc_column_text][\/vc_column_inner][vc_column_inner width=&#8221;1\/3&#8243;][vc_column_text el_class=&#8221;register-kast&#8221;]<\/p>\n<p style=\"text-align: center;\"><a href=\"https:\/\/www.conference-expert.eu\/de\/lef2019de\"><strong><span style=\"color: #fdc924;\">HAUPTREGISTRIERUNG<\/span>\u00a0<\/strong><br \/>\n<span style=\"color: #ffffff;\">W\u00e4hlen Sie Ihr eigenes Paket<\/span><\/a><\/p>\n<p>[\/vc_column_text][\/vc_column_inner][\/vc_row_inner][vc_row_inner type=&#8221;boxed&#8221; css=&#8221;.vc_custom_1535096382142{padding-bottom: 2em !important;}&#8221;][vc_column_inner][vc_column_text]<strong><span style=\"color: #3c64a4;\">LIEBER LION<\/span><span style=\"color: #3c64a4;\">, LIEBER LEO!<\/span><\/strong><\/p>\n<p><strong>Mehr Informationen zu den verschiedenen Anmelde Angeboten finden Sie auf der Seite REGISTRIERUNG. Ihre Fragen beantworten wir gerne, wenn Sie uns eine Email an folgende Adresse schicken:\u00a0 <a href=\"mailto:info@europaforum2019.ee\">info@europaforum2019.ee<\/a> <\/strong>[\/vc_column_text][\/vc_column_inner][\/vc_row_inner][\/vc_column][\/vc_row]<\/p>\n","protected":false},"excerpt":{"rendered":"<p>[vc_row css=&#8221;.vc_custom_1528724670702{background-color: #f5f3f2 !important;}&#8221;][vc_column][vc_row_inner type=&#8221;boxed&#8221;][vc_column_inner][vc_column_text] UNTERHALTUNGSPROGRAMM Ab Januar 2019 werden wir den Vorhang langsam \u00f6ffnen und Ihnen erste Einblicke in den Inhalt des Unterhaltungsprogrammes geben. Sind Sie beispielsweise bereit f\u00fcr den Konzertchor, der aus f\u00fcnfzig Jungen und jungen M\u00e4nnern besteht und so singt als g\u00e4be es kein Morgen mehr? Wir sind es! Und wir w\u00fcrden [&hellip;]<\/p>\n","protected":false},"author":5,"featured_media":0,"parent":0,"menu_order":0,"comment_status":"closed","ping_status":"closed","template":"page-full-width.php","meta":[],"categories":[],"tags":[],"_links":{"self":[{"href":"https:\/\/www.europaforum2019.ee\/de\/wp-json\/wp\/v2\/pages\/3621"}],"collection":[{"href":"https:\/\/www.europaforum2019.ee\/de\/wp-json\/wp\/v2\/pages"}],"about":[{"href":"https:\/\/www.europaforum2019.ee\/de\/wp-json\/wp\/v2\/types\/page"}],"author":[{"embeddable":true,"href":"https:\/\/www.europaforum2019.ee\/de\/wp-json\/wp\/v2\/users\/5"}],"replies":[{"embeddable":true,"href":"https:\/\/www.europaforum2019.ee\/de\/wp-json\/wp\/v2\/comments?post=3621"}],"version-history":[{"count":4,"href":"https:\/\/www.europaforum2019.ee\/de\/wp-json\/wp\/v2\/pages\/3621\/revisions"}],"predecessor-version":[{"id":5072,"href":"https:\/\/www.europaforum2019.ee\/de\/wp-json\/wp\/v2\/pages\/3621\/revisions\/5072"}],"wp:attachment":[{"href":"https:\/\/www.europaforum2019.ee\/de\/wp-json\/wp\/v2\/media?parent=3621"}],"wp:term":[{"taxonomy":"category","embeddable":true,"href":"https:\/\/www.europaforum2019.ee\/de\/wp-json\/wp\/v2\/categories?post=3621"},{"taxonomy":"post_tag","embeddable":true,"href":"https:\/\/www.europaforum2019.ee\/de\/wp-json\/wp\/v2\/tags?post=3621"}],"curies":[{"name":"wp","href":"https:\/\/api.w.org\/{rel}","templated":true}]}}