{"id":2375,"date":"2018-10-12T18:31:14","date_gmt":"2018-10-12T18:31:14","guid":{"rendered":"http:\/\/www.europaforum2019.ee\/arendamisel\/?page_id=2375"},"modified":"2019-09-21T16:23:05","modified_gmt":"2019-09-21T16:23:05","slug":"young-ambassador-competition","status":"publish","type":"page","link":"https:\/\/www.europaforum2019.ee\/de\/young-ambassador-competition\/","title":{"rendered":"Young Ambassador Award"},"content":{"rendered":"<p>[vc_row css=&#8221;.vc_custom_1528724670702{background-color: #f5f3f2 !important;}&#8221;][vc_column][vc_row_inner type=&#8221;boxed&#8221;][vc_column_inner][vc_column_text]<\/p>\n<h2><span style=\"color: #3c64a4;\"><strong>YOUNG AMBASSADOR AWARD<\/strong><\/span><\/h2>\n<h2><strong><span style=\"color: #3c64a4;\"><span style=\"font-size: 12pt;\">WILLKOMMEN ZUM 2019 B<span style=\"color: #3c64a4;\">ert Masson<\/span> Young Ambassador Award in TALLINN! \u00a0<\/span><img loading=\"lazy\" class=\"size-full wp-image-856 alignright\" src=\"https:\/\/www.europaforum2019.ee\/wp-content\/uploads\/2018\/09\/YAA-1.png\" alt=\"\" width=\"160\" height=\"215\" \/><\/span><\/strong><\/h2>\n<p>Jedes Mitglied des Europa Forums ist eingeladen seinen Finalisten f\u00fcr die 12. Ausgabe des europ\u00e4ischen Young Ambassador Wettbewerbes zu pr\u00e4sentieren. Es k\u00f6nnen ausschlie\u00dflich Finalisten des landesweiten Wettbewerbes teilnehmen. Weitere Informationen k\u00f6nnen durch den verantwortlichen regionalen Young Ambassador oder das europ\u00e4ische Young Ambassador Komitee in Erfahrung gebracht werden.<\/p>\n<p><span style=\"color: #3c64a4;\"><strong>GENERELLE INFORMATIONEN<\/strong><\/span><br \/>\nDer Young Ambassador Wettbewerb hat zwei Ziele:<\/p>\n<ul>\n<li>Junge Leute, die sich aktiv f\u00fcr das Wohlergehen der Gemeinschaft engagieren, zu erkennen, zu ermutigen und zu unterst\u00fctzen<\/li>\n<li>Das Profil der Lions zu sch\u00e4rfen und unsere eigenen Serviceleistungen zu st\u00e4rken<\/li>\n<\/ul>\n<p>Um diese jungen Leute zu erkennen, wird ein Wettbewerb zwischen den europ\u00e4ischen Finalisten w\u00e4hrend des allj\u00e4hrlichen Europa Forums stattfinden. Den Gewinnern unter den Finalisten werden Auszeichnungen ausgeh\u00e4ndigt.<\/p>\n<p>Der nachfolgende Text ist ein Ausschnitt aus den Regeln. Im Zweifel ist nur die offizielle Version der Vorschriften g\u00fcltig.<\/p>\n<p><span style=\"color: #3c64a4;\"><strong>Teilnehmer <\/strong><\/span><\/p>\n<ol>\n<li>Um zugelassen zu werden, d\u00fcrfen Finalisten am 30. Juni des Jahres, in dem das Europa Forum stattfindet, nicht j\u00fcnger als 15 oder nicht \u00e4lter als 19 Jahre sein.<\/li>\n<li>Jedes Mitglied des Europa Forums kann und darf nur einen Teilnehmer f\u00fcr den Wettbewerb nominieren.<\/li>\n<li>Finalisten m\u00fcssen beim Vorsitzenden des Europ\u00e4ischen Ausschusses Ende Juli des Jahres, in dem der Wettbewerb stattfindet, registriert sein. Daf\u00fcr muss das bereitgestellte Bewerbungsformular genutzt werden.<\/li>\n<li>Die Kosten, die f\u00fcr die Finalisten durch die Teilnahme am Wettbewerb entstehen, liegen im Verantwortungsbereich der antretenden Mitglieder.<\/li>\n<\/ol>\n<p><span style=\"color: #3c64a4;\"><strong>Wettbewerb <\/strong><\/span><\/p>\n<p>Jeder Finalist wird von drei Jurymitgliedern interviewt. Der Wettbewerb wird von drei \u201cNicht-Lions\u201d, m\u00e4nnlich und weiblich und aus dem Dienstleistungssektor, der Bildung und der Industrie stammend, bewertet. Sie entscheiden \u00fcber die Ergebnisse der Finalisten in dem sie zivildienstliche T\u00e4tigkeiten, Pers\u00f6nlichkeit und F\u00fchrungsqualit\u00e4ten sowie die Verwendung des Preisgeldes und die F\u00e4higkeit \u00fcber die eigenen Dienstleistungsaktivit\u00e4ten zu sprechen auswerten.<\/p>\n<p><span style=\"color: #3c64a4;\"><strong>Preise<\/strong><\/span><br \/>\nDie folgenden Preise sind Bestandteil des Wettbewerbes.<\/p>\n<p>Die Preise k\u00f6nnen wie folgt gewonnen werden und m\u00fcssen f\u00fcr ein Projekt ausgegeben werden:<\/p>\n<ol>\n<li>Preis\u00a0\u00a0\u00a0\u00a0\u00a0\u00a0\u00a0\u00a0\u00a0\u00a0 :\u00a0\u00a0\u00a0\u00a0\u00a0\u00a0\u00a0\u00a0\u00a0\u00a0 3.500 Euro<\/li>\n<li>Preis \u00a0\u00a0\u00a0\u00a0\u00a0\u00a0\u00a0\u00a0\u00a0 :\u00a0\u00a0\u00a0\u00a0\u00a0\u00a0\u00a0\u00a0\u00a0\u00a0 1.500 Euro<\/li>\n<li>Preis \u00a0\u00a0\u00a0\u00a0\u00a0\u00a0\u00a0\u00a0\u00a0 :\u00a0\u00a0\u00a0\u00a0\u00a0\u00a0\u00a0\u00a0\u00a0\u00a0 500 Euro<\/li>\n<\/ol>\n<p>Sie k\u00f6nnen die detaillierten Informationen in den Dateien finden\u00a0 <a href=\"https:\/\/www.europaforum2019.ee\/wp-content\/uploads\/2018\/10\/6Rules-of-Procedure-of-the-Lions-European-Young-Ambassador-Award_ger7566.pdf\"><span style=\"color: #3c64a4;\"><strong>Verfahrensordnung<\/strong><\/span><\/a>\u00a0 und\u00a0 <strong><span style=\"color: #3c64a4;\">\u00a0<\/span><\/strong><a href=\"https:\/\/www.europaforum2019.ee\/wp-content\/uploads\/2018\/10\/5Application-Form-YAA-2019_ger7565.pdf\"><strong><span style=\"color: #3c64a4;\">Bewerbungsformular YAA 2019<\/span><\/strong><\/a>.[\/vc_column_text][\/vc_column_inner][\/vc_row_inner][\/vc_column][\/vc_row]<\/p>\n","protected":false},"excerpt":{"rendered":"<p>[vc_row css=&#8221;.vc_custom_1528724670702{background-color: #f5f3f2 !important;}&#8221;][vc_column][vc_row_inner type=&#8221;boxed&#8221;][vc_column_inner][vc_column_text] YOUNG AMBASSADOR AWARD WILLKOMMEN ZUM 2019 Bert Masson Young Ambassador Award in TALLINN! \u00a0 Jedes Mitglied des Europa Forums ist eingeladen seinen Finalisten f\u00fcr die 12. Ausgabe des europ\u00e4ischen Young Ambassador Wettbewerbes zu pr\u00e4sentieren. Es k\u00f6nnen ausschlie\u00dflich Finalisten des landesweiten Wettbewerbes teilnehmen. Weitere Informationen k\u00f6nnen durch den verantwortlichen regionalen Young [&hellip;]<\/p>\n","protected":false},"author":5,"featured_media":0,"parent":0,"menu_order":0,"comment_status":"closed","ping_status":"closed","template":"page-full-width.php","meta":[],"categories":[36],"tags":[],"_links":{"self":[{"href":"https:\/\/www.europaforum2019.ee\/de\/wp-json\/wp\/v2\/pages\/2375"}],"collection":[{"href":"https:\/\/www.europaforum2019.ee\/de\/wp-json\/wp\/v2\/pages"}],"about":[{"href":"https:\/\/www.europaforum2019.ee\/de\/wp-json\/wp\/v2\/types\/page"}],"author":[{"embeddable":true,"href":"https:\/\/www.europaforum2019.ee\/de\/wp-json\/wp\/v2\/users\/5"}],"replies":[{"embeddable":true,"href":"https:\/\/www.europaforum2019.ee\/de\/wp-json\/wp\/v2\/comments?post=2375"}],"version-history":[{"count":19,"href":"https:\/\/www.europaforum2019.ee\/de\/wp-json\/wp\/v2\/pages\/2375\/revisions"}],"predecessor-version":[{"id":8324,"href":"https:\/\/www.europaforum2019.ee\/de\/wp-json\/wp\/v2\/pages\/2375\/revisions\/8324"}],"wp:attachment":[{"href":"https:\/\/www.europaforum2019.ee\/de\/wp-json\/wp\/v2\/media?parent=2375"}],"wp:term":[{"taxonomy":"category","embeddable":true,"href":"https:\/\/www.europaforum2019.ee\/de\/wp-json\/wp\/v2\/categories?post=2375"},{"taxonomy":"post_tag","embeddable":true,"href":"https:\/\/www.europaforum2019.ee\/de\/wp-json\/wp\/v2\/tags?post=2375"}],"curies":[{"name":"wp","href":"https:\/\/api.w.org\/{rel}","templated":true}]}}