{"id":2372,"date":"2018-10-12T18:04:55","date_gmt":"2018-10-12T18:04:55","guid":{"rendered":"http:\/\/www.europaforum2019.ee\/arendamisel\/?page_id=2372"},"modified":"2019-10-13T20:31:11","modified_gmt":"2019-10-13T20:31:11","slug":"we-serve","status":"publish","type":"page","link":"https:\/\/www.europaforum2019.ee\/de\/we-serve\/","title":{"rendered":"We serve!"},"content":{"rendered":"<p>[vc_row css=&#8221;.vc_custom_1535095526140{background-image: url(https:\/\/www.europaforum2019.ee\/wp-content\/uploads\/2018\/08\/koer-taust.jpg?id=468) !important;background-position: center !important;background-repeat: no-repeat !important;background-size: cover !important;}&#8221;][vc_column][vc_single_image image=&#8221;3196&#8243; img_size=&#8221;full&#8221; alignment=&#8221;right&#8221; el_class=&#8221;header-pilt&#8221;][\/vc_column][\/vc_row][vc_row css=&#8221;.vc_custom_1528724670702{background-color: #f5f3f2 !important;}&#8221;][vc_column][vc_row_inner type=&#8221;boxed&#8221; css=&#8221;.vc_custom_1528962681509{margin-bottom: 1em !important;}&#8221;][vc_column_inner width=&#8221;5\/6&#8243;][vc_column_text]<span style=\"color: #3c64a4;\"><strong>UNSERE BESTEN FREUNDE K\u00d6NNEN LEBENSRETTER SEIN!<\/strong><\/span><\/p>\n<p><span style=\"color: #3c64a4;\"><strong>Zusammen unterst\u00fctzen wir Diabetes Assistenzhunde. <\/strong><\/span><\/p>\n<p>Bevor das Forum beginnt, unterst\u00fctzen wir die Ausbildung von <span style=\"color: #3c64a4;\"><strong>zw\u00f6lf Diabetes Assistenzhunden <\/strong><\/span>f\u00fcr junge Leute mit Typ I Diabetes. Die ausgebildeten Hunde werden den jungen Besitzern von uns w\u00e4hrend der Abschlussfeier am Sonntag, den 6. Oktober 2019, \u00fcberreicht.<\/p>\n<p>Sie k\u00f6nnen die H\u00f6he der gespendeten Summe auf unserer Webseite verfolgen.<\/p>\n<p><span style=\"color: #3c64a4;\"><strong>PID Kalle Elster:<\/strong><\/span> Liebe Lions, bitte helfen Sie uns Diabetes Assistenzhunde auszubilden, die ein Auge auf junge Leute werfen, indem Sie eine kleine Spende beisteuern. Die Ausbildung der zw\u00f6lf Hunde hat bereits begonnen. \u00a0<strong>\u00a0<\/strong><\/p>\n<p><strong><span style=\"color: #3c64a4;\">Was sind Diabetes Assistenzhunde?<\/span> <\/strong><br \/>\nDiabetes Assistenzhunde sind trainiert, um einem Menschen mit Diabetes zu helfen indem das Tier Alarm schl\u00e4gt, wenn eine deutliche Verringerung oder ein starker Anstieg des Blutzuckerwertes kurz bevorstehen. Der Hund kann zum Beispiel auch ein konkretes Verhalten w\u00e4hrend oder direkt nach der Hypo-\/ oder Hyperglyk\u00e4mie Phase aufweisen.<\/p>\n<p>Die Mission, die hinter der Ausbildung von Hunden steht, bezieht sich auf die St\u00e4rkung und Ermutigung von Menschen mit Typ 1 Diabetes, um ihre Lebensqualit\u00e4t zu verbessern indem Familien, die einen Diabetes Assistenzhund einsetzen, Hilfe beim Training des Hundes gegeben wird.<\/p>\n<p><strong>\u00a0<\/strong><\/p>\n<p><span style=\"color: #3c64a4;\"><strong>Sie k\u00f6nnen w\u00e4hrend der EF <span style=\"color: #3c64a4;\">Registrierung<\/span> spenden oder eine \u00dcberweisung t\u00e4tigen: <\/strong><\/span><\/p>\n<p>Zahlungsempf\u00e4nger: LIONS EF2019 MTU<br \/>\nKontonummer: EE791010220255292226<br \/>\nSWIFT (BIC): EEUHEE2X<br \/>\nVermerk: Hypo Dogs<\/p>\n<p><span style=\"color: #3c64a4;\"><strong>Vielen Dank!<\/strong><\/span>[\/vc_column_text][\/vc_column_inner][\/vc_row_inner][\/vc_column][\/vc_row]<\/p>\n","protected":false},"excerpt":{"rendered":"<p>[vc_row css=&#8221;.vc_custom_1535095526140{background-image: url(https:\/\/www.europaforum2019.ee\/wp-content\/uploads\/2018\/08\/koer-taust.jpg?id=468) !important;background-position: center !important;background-repeat: no-repeat !important;background-size: cover !important;}&#8221;][vc_column][vc_single_image image=&#8221;3196&#8243; img_size=&#8221;full&#8221; alignment=&#8221;right&#8221; el_class=&#8221;header-pilt&#8221;][\/vc_column][\/vc_row][vc_row css=&#8221;.vc_custom_1528724670702{background-color: #f5f3f2 !important;}&#8221;][vc_column][vc_row_inner type=&#8221;boxed&#8221; css=&#8221;.vc_custom_1528962681509{margin-bottom: 1em !important;}&#8221;][vc_column_inner width=&#8221;5\/6&#8243;][vc_column_text]UNSERE BESTEN FREUNDE K\u00d6NNEN LEBENSRETTER SEIN! Zusammen unterst\u00fctzen wir Diabetes Assistenzhunde. Bevor das Forum beginnt, unterst\u00fctzen wir die Ausbildung von zw\u00f6lf Diabetes Assistenzhunden f\u00fcr junge Leute mit Typ I Diabetes. Die ausgebildeten Hunde werden [&hellip;]<\/p>\n","protected":false},"author":5,"featured_media":0,"parent":0,"menu_order":0,"comment_status":"closed","ping_status":"closed","template":"page-full-width.php","meta":[],"categories":[36],"tags":[],"_links":{"self":[{"href":"https:\/\/www.europaforum2019.ee\/de\/wp-json\/wp\/v2\/pages\/2372"}],"collection":[{"href":"https:\/\/www.europaforum2019.ee\/de\/wp-json\/wp\/v2\/pages"}],"about":[{"href":"https:\/\/www.europaforum2019.ee\/de\/wp-json\/wp\/v2\/types\/page"}],"author":[{"embeddable":true,"href":"https:\/\/www.europaforum2019.ee\/de\/wp-json\/wp\/v2\/users\/5"}],"replies":[{"embeddable":true,"href":"https:\/\/www.europaforum2019.ee\/de\/wp-json\/wp\/v2\/comments?post=2372"}],"version-history":[{"count":18,"href":"https:\/\/www.europaforum2019.ee\/de\/wp-json\/wp\/v2\/pages\/2372\/revisions"}],"predecessor-version":[{"id":8764,"href":"https:\/\/www.europaforum2019.ee\/de\/wp-json\/wp\/v2\/pages\/2372\/revisions\/8764"}],"wp:attachment":[{"href":"https:\/\/www.europaforum2019.ee\/de\/wp-json\/wp\/v2\/media?parent=2372"}],"wp:term":[{"taxonomy":"category","embeddable":true,"href":"https:\/\/www.europaforum2019.ee\/de\/wp-json\/wp\/v2\/categories?post=2372"},{"taxonomy":"post_tag","embeddable":true,"href":"https:\/\/www.europaforum2019.ee\/de\/wp-json\/wp\/v2\/tags?post=2372"}],"curies":[{"name":"wp","href":"https:\/\/api.w.org\/{rel}","templated":true}]}}