{"id":2328,"date":"2018-10-12T16:02:08","date_gmt":"2018-10-12T16:02:08","guid":{"rendered":"http:\/\/www.europaforum2019.ee\/arendamisel\/?page_id=2328"},"modified":"2019-09-21T16:22:57","modified_gmt":"2019-09-21T16:22:57","slug":"tours","status":"publish","type":"page","link":"https:\/\/www.europaforum2019.ee\/de\/tours\/","title":{"rendered":"Touren"},"content":{"rendered":"<p>[vc_row css=&#8221;.vc_custom_1530193633877{background-color: #ffffff !important;}&#8221;][vc_column][vc_row_inner type=&#8221;boxed&#8221;][vc_column_inner width=&#8221;1\/2&#8243;][vc_single_image image=&#8221;562&#8243; img_size=&#8221;full&#8221; alignment=&#8221;center&#8221;][vc_column_text]<\/p>\n<p style=\"text-align: center;\"><span style=\"color: #3c64a4;\">UNSER LEO BIRGITH L\u00c4DT SIE ZU EINER<br \/>\n<\/span><span style=\"color: #3c64a4;\">3-T\u00c4GIGEN TOUR VOR BEGINN DES FORUMS ZUR <\/span><strong><span style=\"color: #3c64a4;\"><br \/>\n<span style=\"font-size: 14pt;\">UNIVERSIT\u00c4TSSTADT TARTU EIN!<\/span><\/span><\/strong><br \/>\n1-3 Oktober 2019<\/p>\n<p><img loading=\"lazy\" class=\"alignnone wp-image-2427 size-medium\" src=\"https:\/\/www.europaforum2019.ee\/wp-content\/uploads\/2018\/10\/Birgit-GER-1-300x170.png\" alt=\"\" width=\"300\" height=\"170\" srcset=\"https:\/\/www.europaforum2019.ee\/wp-content\/uploads\/2018\/10\/Birgit-GER-1-300x170.png 300w, https:\/\/www.europaforum2019.ee\/wp-content\/uploads\/2018\/10\/Birgit-GER-1.png 345w\" sizes=\"(max-width: 300px) 100vw, 300px\" \/><\/p>\n<p>Auf dem Weg nach Tartu werden wir den Buchtenland-Nationalpark besichtigen, der als authentisches Paradebeispiel der Kultur- und Naturlandschaften Estlands gilt. Wir werden ferner Rakvere mit seinen eindrucksvollen Schlossruinen aus dem 13. Jahrhundert, die D\u00f6rfer der Altgl\u00e4ubigen am Peipussee, sowie das Schloss von Alatskivi besuchen. Auf dem Weg zur\u00fcck nach Tallinn werden verschiedene Workshops und Aktivit\u00e4ten angeboten, die von Schmiedehandwerk, Handarbeiten, Leinenarbeiten und Patchwork reichen.<\/p>\n<p>Birgith und ihre LEO Freunde laden Sie ein gemeinsam entspannt auf dem Fluss Emaj\u00f5gi auf dem alten Holzschiff \u201eJ\u00f5mmu\u201c aus Hansezeiten zu segeln, begleitet von traditionellen Ges\u00e4ngen und fabelhaften selbstgemachten Geb\u00e4cken der Leos.<\/p>\n<p>Diese Tour wird unvergesslich werden \u2013 Verpassen Sie sie nicht!<\/p>\n<p><strong><span style=\"color: #3c64a4;\">PAUSCHAILPREIS F\u00dcR 1 PERSON IM DOPPELZIMMER 385\u20ac.<\/span><\/strong><\/p>\n<p>Einzelzimmerzuschlag: 90 Euro<\/p>\n<p><span style=\"color: #3c64a4;\">Der Preis beinhaltet:<\/span><\/p>\n<ul>\n<li>2 \u00dcbernachtungen in einem 4-Sterne-Hotel in TartuVollverpflegung (Fr\u00fchst\u00fcck, Mittag- und Abendessen inklusive)<\/li>\n<li>Gef\u00fchrte Touren<\/li>\n<li>Eintritt zum Estnischen Nationalmuseum<\/li>\n<li>Segelt\u00f6rn auf dem Fluss Emaj\u00f5gi<\/li>\n<li>Workshop im Herrenhaus von Olustvere<\/li>\n<li>Busfahrten w\u00e4hrend der Reise<\/li>\n<li><\/li>\n<\/ul>\n<p><span style=\"color: #3c64a4;\">Tartu befindet sich 190 km s\u00fcd\u00f6stlich von Tallinn. Die Tour dauert 3 Tage.\u00a0<\/span><\/p>\n<p>Sie ben\u00f6tigen weitere Informationen? <a href=\"https:\/\/www.europaforum2019.ee\/wp-content\/uploads\/2018\/10\/Tartu-GER.pdf\"><span style=\"color: #3c64a4;\"><u>Lesen Sie hier!<\/u><\/span><\/a>[\/vc_column_text][vc_btn title=&#8221;Klicken Sie hier f\u00fcr die Registrierung!&#8221; color=&#8221;orange&#8221; size=&#8221;lg&#8221; align=&#8221;center&#8221; el_class=&#8221;tours-button&#8221; link=&#8221;url:https%3A%2F%2Fwww.conference-expert.eu%2Fde%2Flef2019de%2Fen%2Fconferences%2Fs2%2F481-lions-2019-europaforum||target:%20_blank|&#8221;][\/vc_column_inner][vc_column_inner width=&#8221;1\/2&#8243;][vc_single_image image=&#8221;557&#8243; img_size=&#8221;full&#8221; alignment=&#8221;center&#8221;][vc_column_text]<\/p>\n<p style=\"text-align: center;\"><span style=\"color: #3c64a4;\">LION PRIIT L\u00c4DT SIE EIN,<\/span><br \/>\n<span style=\"color: #3c64a4;\">DIE BALTISCHEN PERLEN ZU ENTDECKEN \u2013<\/span><br \/>\n<span style=\"font-size: 14pt;\"><strong><span style=\"color: #3c64a4;\">TALLINN, RIGA, VILNIUS<\/span><\/strong><\/span><br \/>\n7-10. Oktober 2019<\/p>\n<p>&nbsp;<\/p>\n<p><img loading=\"lazy\" class=\"alignnone wp-image-2403 size-medium\" src=\"https:\/\/www.europaforum2019.ee\/wp-content\/uploads\/2018\/10\/Priit-GER-300x218.png\" alt=\"\" width=\"300\" height=\"218\" srcset=\"https:\/\/www.europaforum2019.ee\/wp-content\/uploads\/2018\/10\/Priit-GER-300x218.png 300w, https:\/\/www.europaforum2019.ee\/wp-content\/uploads\/2018\/10\/Priit-GER.png 348w\" sizes=\"(max-width: 300px) 100vw, 300px\" \/><\/p>\n<p>Lion Priit: Die Tour durchs Baltikum wird Ihnen einen Eindruck der verschiedenen Kulturen und das Gef\u00fchl dreier Nationen vermitteln, die so dicht beieinander leben und doch einen sehr unterschiedlichen Geist ausstrahlen. Nachdem wir Tallinn w\u00e4hrend des Forums kennengelernt haben, werde ich Ihnen die bezaubernde Nouveau Art Stadt Riga zeigen, die sich am Munde des Flusses Daugav befindet und die eine alte Geschichte und ein reiches Kulturerbe hat. Wir werden ausserdem Vilnius, die barocke Sch\u00f6nheit des Baltikums, besuchen. Diese Stadt hat einen ganz besonderen Charme, da sie die gr\u00f6sste barocke Altstadt in Europa besitzt.<\/p>\n<p>Im Verlaufe der 3-Tagestour werden Sie auch die St\u00e4dte P\u00e4rnu, Sigulda, Siauliai und Trakai besichtigen, unvergessliche Orte, wie etwa \u201eGottes Garten\u201c, das Schloss Turaida und den See Galv\u0117, besuchen und den Platz der 100.000 Kreuze sehen, der stetig gr\u00f6sser wird. Verpassen Sie diese Chance nicht!<\/p>\n<p><strong><span style=\"color: #3c64a4;\">PAUSCHAILPREIS F\u00dcR 1 PERSON IM DOPPELZIMMER 355\u20ac<\/span><\/strong><\/p>\n<p>Einzelzimmerzuschlag: 130\u20ac<\/p>\n<p><span style=\"color: #3c64a4;\">Der Preis beinhaltet:<\/span><\/p>\n<ul>\n<li>3 \u00dcbernachtungen in einem 4-Sterne-Hotel<\/li>\n<li>Vollverpflegung (Fr\u00fchst\u00fcck, Mittag- und Abendessen inklusive)<\/li>\n<li>Stadttouren<\/li>\n<li>H\u00fcgel der Kreuze<\/li>\n<li>Eintritte und F\u00fchrungen<\/li>\n<li>Busfahrten w\u00e4hrend der Reise<\/li>\n<\/ul>\n<p><span style=\"color: #3c64a4;\">Riga ist 311 km von Tallinn entfernt und Vilnius befindet sich 288 km s\u00fcdlich von Riga. Die Tour beginnt am 7. Oktober 2019 in Tallinn und endet am 10. Oktober in Vilnius.<\/span><\/p>\n<p>Sie ben\u00f6tigen weitere Informationen? <a href=\"https:\/\/www.europaforum2019.ee\/wp-content\/uploads\/2018\/10\/Baltic-Pearls-GER.pdf\"><span style=\"color: #3c64a4; text-decoration: underline;\">Lesen Sie hier!<\/span><\/a>[\/vc_column_text][vc_btn title=&#8221;Klicken Sie hier f\u00fcr die Registrierung!&#8221; color=&#8221;orange&#8221; size=&#8221;lg&#8221; align=&#8221;center&#8221; el_class=&#8221;tours-button&#8221; link=&#8221;url:https%3A%2F%2Fwww.conference-expert.eu%2Fde%2Flef2019de%2Fen%2Fconferences%2Fs2%2F481-lions-2019-europaforum||target:%20_blank|&#8221;][\/vc_column_inner][\/vc_row_inner][vc_separator][vc_row_inner type=&#8221;boxed&#8221;][vc_column_inner width=&#8221;1\/3&#8243;][vc_single_image image=&#8221;2877&#8243; img_size=&#8221;full&#8221;][vc_column_text]<\/p>\n<p style=\"text-align: center;\"><span style=\"color: #3c64a4;\"><strong>TALLINN ALTSTADT RUNDGANG <\/strong><\/span><\/p>\n<p class=\"Standard\" style=\"text-align: center;\"><span style=\"color: #3c64a4;\">4.10 Freitag<\/span><br \/>\n<span style=\"color: #3c64a4;\">9.00-12.00 Uhr (3 Stunden)<\/span><br \/>\n<span style=\"color: #3c64a4;\">Rundgang<\/span><br \/>\n<span style=\"color: #3c64a4;\">15 \u2013 20 Pers pro Guide; min personenzahl 10<\/span><br \/>\n<span style=\"color: #3c64a4;\"><strong>Preis: 20 EUR\/Pers.<\/strong><\/span><\/p>\n<p>Tallinn entstand im fr\u00fchen Mittelalter und vereint heute einen aufregenden Mix aus Alt und Neu.<\/p>\n<p>Die Altstadt von Tallinn ist eine der besterhaltendsten hanseatischen Stadtkerne weltweit. Nur einen Steinwurf entfernt findet man das Businesszentrum der Stadt mit seinen modernen Hochh\u00e4usern und luxuri\u00f6sen Hotels, trendigen Stadtvierteln und grossen Einkaufszentren vor.<\/p>\n<p>Dieser Rundgang ist eine grossartige M\u00f6glichkeit f\u00fcr erstmalige Besucher die Stadt kennenzulernen. Der Rundgang f\u00fchrt Sie durch das UNESCO Weltkulturerbe der Altstadt von Tallinn und beinhaltet Eintritte in die Alexander Nevsky Kathedrale und Domkirche (falls m\u00f6glich).<\/p>\n<p>Die Tour endet am Rathausplatz.<\/p>\n<p><span style=\"color: #999999;\"><span style=\"font-size: 8pt;\">Foto von Kaupo Kalda,\u00a0visittallinn.ee<\/span>\u00a0<\/span>[\/vc_column_text][vc_btn title=&#8221;Klicken Sie hier f\u00fcr die Registrierung!&#8221; color=&#8221;orange&#8221; size=&#8221;lg&#8221; align=&#8221;center&#8221; el_class=&#8221;tours-button&#8221; link=&#8221;url:https%3A%2F%2Fwww.conference-expert.eu%2Fde%2Flef2019de%2Fen%2Fconferences%2Fs2%2F481-lions-2019-europaforum||target:%20_blank|&#8221;][\/vc_column_inner][vc_column_inner width=&#8221;1\/3&#8243;][vc_single_image image=&#8221;250&#8243; img_size=&#8221;full&#8221;][vc_column_text]<\/p>\n<p style=\"text-align: center;\"><span style=\"color: #3c64a4;\"><strong>MOORWANDERUNG UND HERRENHAUS VON SAGADI<\/strong><\/span><\/p>\n<p style=\"text-align: center;\"><span style=\"color: #3c64a4;\">5.10 Samstag<\/span><br \/>\n<span style=\"color: #3c64a4;\">9.30-16.00 (5,5-6 Stunden)<\/span><br \/>\n<span style=\"color: #3c64a4;\">Bus und Wanderung<\/span><br \/>\n<span style=\"color: #3c64a4;\">min. Personenzahl 30<\/span><br \/>\n<span style=\"color: #3c64a4;\"><strong>Preis: 69EUR\/Pers.<\/strong><\/span><\/p>\n<p>Eine f\u00fcnfst\u00fcndige Busreise nach Lahemaa offenbart Ihnen die Sch\u00f6nheit der Landschaft Nordestlands: k\u00fcstennahe Marschlandschaften, Kiefernw\u00e4lder und Ger\u00f6llfelder. In Lahemaa befinden sich viele gut restaurierte Herrenh\u00e4user aus dem 18.-19. Jahrhundert, die ein Vorzeigebild in Estland abgeben.<\/p>\n<p>Der erste Stopp wird am Moor von Viru eingelegt, dessen Wanderpfad 3,5km betr\u00e4gt. Der Pfad gibt Aufschluss \u00fcber die charakteristische Vegetation und das Terrain der Hochmoore Estlands.<\/p>\n<p>Der Komplex des Sagadi Herrenhauses wird oft als herrschaftlichstes Gut in Estland bezeichnet. Das Herrenhaus verf\u00fcgt \u00fcber harmonische Geb\u00e4ude mit weissen Arkaden, die einen grossen Platz im Zentrum umgeben, ein wundersch\u00f6nes Haupthaus aus dem 18. Jahrhundert und einen Teich, der die ewige Liebe eines Gutsherrn symbolisiert.[\/vc_column_text][vc_btn title=&#8221;Klicken Sie hier f\u00fcr die Registrierung!&#8221; color=&#8221;orange&#8221; size=&#8221;lg&#8221; align=&#8221;center&#8221; el_class=&#8221;tours-button&#8221; link=&#8221;url:https%3A%2F%2Fwww.conference-expert.eu%2Fde%2Flef2019de%2Fen%2Fconferences%2Fs2%2F481-lions-2019-europaforum||target:%20_blank|&#8221;][\/vc_column_inner][vc_column_inner width=&#8221;1\/3&#8243;][vc_single_image image=&#8221;2870&#8243; img_size=&#8221;full&#8221;][vc_column_text]<\/p>\n<p style=\"text-align: center;\"><span style=\"color: #3c64a4;\"><strong>HIPSTER-BEZIRK KALAMAJA<\/strong><\/span><\/p>\n<p style=\"text-align: center;\"><span style=\"color: #3c64a4;\">4.10 Freitag\/ 6.10 Sonntag<\/span><br \/>\n<span style=\"color: #3c64a4;\">9.00-12.00 (2,5-3 Stunden)<\/span><br \/>\n<span style=\"color: #3c64a4;\">Bus und Rundgang<\/span><br \/>\n<span style=\"color: #3c64a4;\">15 \u2013 20 Pers.\/pro guide; min Personenzahl 10<\/span><br \/>\n<span style=\"color: #3c64a4;\"><strong>Preis: 49EUR\/Pers.<\/strong><\/span><\/p>\n<p>Dieses ruhige, kleine Nachbarschaftsviertel liegt nicht weit von der Altstadt entfernt und ist ein echter Blickfang wegen seiner bunten Holzh\u00e4user. Kalamaja diente im Laufe der Geschichte Tallinns die meiste Zeit als Hauptfischerhafen der Stadt.<\/p>\n<p>Entdecken Sie eine ganz andere Seite Tallinns: Atmen Sie das unkonventionelle Lebensgef\u00fchl in der Telliskivi Creative City ein, bestaunen Sie die h\u00f6lzernen \u201eTallinn Houses\u201c und erkunden Sie gut versteckte Streetfood-Cafes.<\/p>\n<p>Seit kurzem h\u00e4lt in der Gegend eine Boheme-Atmosph\u00e4re Einzug, weswegen sie zu einem beliebten Wohnort unter den jungen, kreativen K\u00f6pfen geworden ist. In diesem Viertel werden Sie ein sehr gutes Gef\u00fchl f\u00fcr den Lebensstil der Einheimischen gewinnen.<\/p>\n<p><span style=\"color: #999999;\"><span style=\"font-size: 8pt;\">Foto von Maret P\u00f5ldveer-Turay,\u00a0visittallinn.ee<\/span>\u00a0<\/span>[\/vc_column_text][vc_btn title=&#8221;Klicken Sie hier f\u00fcr die Registrierung!&#8221; color=&#8221;orange&#8221; size=&#8221;lg&#8221; align=&#8221;center&#8221; el_class=&#8221;tours-button&#8221; link=&#8221;url:https%3A%2F%2Fwww.conference-expert.eu%2Fde%2Flef2019de%2Fen%2Fconferences%2Fs2%2F481-lions-2019-europaforum||target:%20_blank|&#8221;][\/vc_column_inner][vc_column_inner][vc_separator][\/vc_column_inner][\/vc_row_inner][vc_row_inner type=&#8221;boxed&#8221;][vc_column_inner width=&#8221;1\/2&#8243;][vc_single_image image=&#8221;2884&#8243; img_size=&#8221;full&#8221; alignment=&#8221;center&#8221;][vc_column_text]<\/p>\n<p style=\"text-align: center;\"><span style=\"color: #3c64a4;\"><strong>KADRIORG PARK UND KADRIORG KUNSTMUSEUM \u00a0<\/strong><\/span><\/p>\n<p style=\"text-align: center;\"><span style=\"color: #3c64a4;\">4.10 Freitag\/ 6.10 Sonntag<\/span><br \/>\n<span style=\"color: #3c64a4;\">9.00-12.00 (2,5-3 Stunden)<\/span><br \/>\n<span style=\"color: #3c64a4;\">15 \u2013 20 Pers.\/pro Guide; min Personenzahl 10<\/span><br \/>\n<span style=\"color: #3c64a4;\"><strong>Preis: 40EUR\/Pers.<\/strong><\/span><\/p>\n<p>Bereichern Sie Ihr Wissen \u00fcber Estlands reiches k\u00fcnstlerisches Erbe w\u00e4hrend einer Kunsttour in Tallinn. In Begleitung eines ausgebildeten Guides werden Sie in die Pracht des Parks und Palastes Kadriorg von eintauchen, der eine eindrucksvolle Kunstsammlung beherbergt. Bestaunen Sie ein Sortiment an internationaler Kunst und gewinnen Sie einen faszinierenden Einblick in den historischen und kulturellen Kontext herausragender Werke. Lassen Sie sich von den kontrastreichen architektonischen Stilen jedes Museums begeistern.<\/p>\n<p><span style=\"color: #999999;\"><span style=\"font-size: 8pt;\">Foto von Kadi-Liis Koppel,\u00a0visittallinn.ee<\/span><\/span>[\/vc_column_text][vc_btn title=&#8221;Klicken Sie hier f\u00fcr die Registrierung!&#8221; color=&#8221;orange&#8221; size=&#8221;lg&#8221; align=&#8221;center&#8221; el_class=&#8221;tours-button&#8221; link=&#8221;url:https%3A%2F%2Fwww.conference-expert.eu%2Fde%2Flef2019de%2Fen%2Fconferences%2Fs2%2F481-lions-2019-europaforum||target:%20_blank|&#8221;][\/vc_column_inner][vc_column_inner width=&#8221;1\/2&#8243;][vc_single_image image=&#8221;3331&#8243; img_size=&#8221;full&#8221; alignment=&#8221;center&#8221;][vc_column_text]<\/p>\n<p style=\"text-align: center;\"><span style=\"color: #3c64a4;\"><strong>ESTNISCHES DESIGN TOUR<\/strong><\/span><\/p>\n<p style=\"text-align: center;\"><span style=\"color: #3c64a4;\">5.10 Samstag<\/span><br \/>\n<span style=\"color: #3c64a4;\">10.30-14.30 (4 Stunden)<\/span><br \/>\n<span style=\"color: #3c64a4;\">Gew\u00fchrter Rundgang<\/span><br \/>\n<span style=\"color: #3c64a4;\">15 \u2013 20 Pers.\/pro Guide; min. Personenzahl 10<\/span><br \/>\n<span style=\"color: #3c64a4;\"><strong>Preis: 30EUR\/Pers.<\/strong><\/span><\/p>\n<p>Sie haben die EINMALIGE Gelegenheit einen Blick in die estnische MODEWELT zu werfen!<\/p>\n<p>Ob HOCHWERTIGE Designermode oder ALTERNATIVE Outfits junger Designer, im Zentrum Tallinns k\u00f6nnen Sie beides problemlos finden.<\/p>\n<p>Die Tour bietet Ihnen die M\u00f6glichkeit einheimische Designer pers\u00f6nlich zu treffen und Ausstellungsr\u00e4ume, Boutiquen, Studios und gr\u00f6ssere Modeh\u00e4user zu besichtigen.<\/p>\n<p><span style=\"color: #999999; font-size: 8pt;\">Foto von Kr\u00f5\u00f5t Tarkmeel, visittallinn.ee<\/span>[\/vc_column_text][vc_btn title=&#8221;Klicken Sie hier f\u00fcr die Registrierung!&#8221; color=&#8221;orange&#8221; size=&#8221;lg&#8221; align=&#8221;center&#8221; el_class=&#8221;tours-button&#8221; link=&#8221;url:https%3A%2F%2Fwww.conference-expert.eu%2Fde%2Flef2019de%2Fen%2Fconferences%2Fs2%2F481-lions-2019-europaforum||target:%20_blank|&#8221;][\/vc_column_inner][\/vc_row_inner][\/vc_column][\/vc_row]<\/p>\n","protected":false},"excerpt":{"rendered":"<p>[vc_row css=&#8221;.vc_custom_1530193633877{background-color: #ffffff !important;}&#8221;][vc_column][vc_row_inner type=&#8221;boxed&#8221;][vc_column_inner width=&#8221;1\/2&#8243;][vc_single_image image=&#8221;562&#8243; img_size=&#8221;full&#8221; alignment=&#8221;center&#8221;][vc_column_text] UNSER LEO BIRGITH L\u00c4DT SIE ZU EINER 3-T\u00c4GIGEN TOUR VOR BEGINN DES FORUMS ZUR UNIVERSIT\u00c4TSSTADT TARTU EIN! 1-3 Oktober 2019 Auf dem Weg nach Tartu werden wir den Buchtenland-Nationalpark besichtigen, der als authentisches Paradebeispiel der Kultur- und Naturlandschaften Estlands gilt. Wir werden ferner Rakvere mit seinen [&hellip;]<\/p>\n","protected":false},"author":5,"featured_media":0,"parent":0,"menu_order":0,"comment_status":"closed","ping_status":"closed","template":"page-full-width.php","meta":[],"categories":[],"tags":[],"_links":{"self":[{"href":"https:\/\/www.europaforum2019.ee\/de\/wp-json\/wp\/v2\/pages\/2328"}],"collection":[{"href":"https:\/\/www.europaforum2019.ee\/de\/wp-json\/wp\/v2\/pages"}],"about":[{"href":"https:\/\/www.europaforum2019.ee\/de\/wp-json\/wp\/v2\/types\/page"}],"author":[{"embeddable":true,"href":"https:\/\/www.europaforum2019.ee\/de\/wp-json\/wp\/v2\/users\/5"}],"replies":[{"embeddable":true,"href":"https:\/\/www.europaforum2019.ee\/de\/wp-json\/wp\/v2\/comments?post=2328"}],"version-history":[{"count":39,"href":"https:\/\/www.europaforum2019.ee\/de\/wp-json\/wp\/v2\/pages\/2328\/revisions"}],"predecessor-version":[{"id":8323,"href":"https:\/\/www.europaforum2019.ee\/de\/wp-json\/wp\/v2\/pages\/2328\/revisions\/8323"}],"wp:attachment":[{"href":"https:\/\/www.europaforum2019.ee\/de\/wp-json\/wp\/v2\/media?parent=2328"}],"wp:term":[{"taxonomy":"category","embeddable":true,"href":"https:\/\/www.europaforum2019.ee\/de\/wp-json\/wp\/v2\/categories?post=2328"},{"taxonomy":"post_tag","embeddable":true,"href":"https:\/\/www.europaforum2019.ee\/de\/wp-json\/wp\/v2\/tags?post=2328"}],"curies":[{"name":"wp","href":"https:\/\/api.w.org\/{rel}","templated":true}]}}