{"id":2324,"date":"2018-10-12T15:46:43","date_gmt":"2018-10-12T15:46:43","guid":{"rendered":"http:\/\/www.europaforum2019.ee\/arendamisel\/?page_id=2324"},"modified":"2019-09-22T14:43:01","modified_gmt":"2019-09-22T14:43:01","slug":"program","status":"publish","type":"page","link":"https:\/\/www.europaforum2019.ee\/de\/program\/","title":{"rendered":"Programm"},"content":{"rendered":"<p>[vc_row css=&#8221;.vc_custom_1528724670702{background-color: #f5f3f2 !important;}&#8221;][vc_column][vc_column_text]<\/p>\n<h2 style=\"text-align: center;\"><span style=\"color: #4c64a4;\"><strong><a style=\"color: #4c64a4;\" href=\"https:\/\/www.europaforum2019.ee\/wp-content\/uploads\/2019\/08\/EF-programm-GER-31.07.pdf\">PROGRAMM<\/a> <\/strong><\/span><\/h2>\n<p>[\/vc_column_text][vc_empty_space][vc_row_inner type=&#8221;boxed&#8221;][vc_column_inner width=&#8221;1\/2&#8243;][vc_column_text]<span style=\"color: #4c64a4;\"><strong><a style=\"color: #4c64a4;\" href=\"https:\/\/www.europaforum2019.ee\/de\/thursday\/\">DONNERSTAG<\/a>, 3 Oktober, 2019<\/strong><\/span><\/p>\n<p>GAT<br \/>\nSitzung der Aufsichtskommission f\u00fcr EF2019 (geschlossene Sitzung)<br \/>\nEuropa Komitee f\u00fcr Langzeitplanung (geschlossene Sitzung)<br \/>\nSitzung des Jugendcamps &amp; der Vorsitzenden f\u00fcr Austausch<br \/>\nLions der Ostsee<br \/>\nOrientation der Moderatoren &amp; Delegierten<br \/>\nMD111 Ratssitzung (geschlossene Sitzung)<br \/>\nNSR CC Board meeting (geschlossene Sitzung)<br \/>\nCharity Warm-up Party[\/vc_column_text][\/vc_column_inner][vc_column_inner width=&#8221;1\/2&#8243;][vc_column_text]<span style=\"color: #4c64a4;\"><strong><a style=\"color: #4c64a4;\" href=\"https:\/\/www.europaforum2019.ee\/de\/friday\/\">FREITAG<\/a>, 4 Oktober, 2019<\/strong><\/span><\/p>\n<p>Der Europ\u00e4ische Lions Musikwettbewerb Thomas Kuti \u2013 Erste und Zweite Runde<br \/>\nLeitgedanke: Anpassung an eine sich rasch \u00e4ndernde Welt<br \/>\nSitzung des Jugendcamps &amp; der Vorsitzenden f\u00fcr Austausch<br \/>\nLeitgedanke: Menschenmassen<br \/>\nLions Lab: Wir gestalten gemeinsam eine nachhaltige Zukunft \u2013 Lions f\u00fcr sauberes Wasser<br \/>\nWeltcaf\u00e9:Lass uns \u00fcber M\u00fcll reden!So gestaltest du deinen eigenen \u201ePlan zum Sauberhalten\u201c<br \/>\nWeltcaf\u00e9: Klimakompensation. Der Nachhaltige Lions Club \u2013 Klimafreundliche T\u00e4tigkeiten<br \/>\nEuropa-Asien Komitee<br \/>\nLions Jugendbotschafter \u2013 Bert Mason Wettbewerb VORSTELLUNG<br \/>\nTreffen der GAT-Koordinatoren<br \/>\nEuropa-Afrika Komitee (geschlossene Sitzung)<br \/>\nFl\u00fcchtlingshilfe-Ausschuss (geschlossene Sitzung)<br \/>\nLCI Datenschutz-Arbeitsgruppe<br \/>\nWorkshop f\u00fcr Neulinge<br \/>\nWaSH WG Board Sitzung (geschlossene Sitzung)<br \/>\nLions Parade<br \/>\nEr\u00f6ffnungsfeier \u2013 Estland in Europa und Europa in Estland.<br \/>\nGastgebernacht<br \/>\nOffizielle After Party[\/vc_column_text][\/vc_column_inner][\/vc_row_inner][vc_empty_space][vc_row_inner type=&#8221;boxed&#8221;][vc_column_inner width=&#8221;1\/2&#8243;][vc_column_text]<span style=\"color: #4c64a4;\"><strong><a style=\"color: #4c64a4;\" href=\"https:\/\/www.europaforum2019.ee\/de\/saturday\/\">SAMSTAG<\/a>, 5 Oktober, 2019<\/strong><\/span><\/p>\n<p>Triff Deinen IP<br \/>\nDer Europ\u00e4ische Lions Musikwettbewerb Thomas Kuti \u2013 Finale<br \/>\nJugendaustauschbasar<br \/>\nLions Jugendbotschafter \u2013 Bert Mason Wettbewerb \u2013 INTERVIEWS (geschlossene Sitzung)<br \/>\nEurop\u00e4ischer Rat I<br \/>\nGAT Hauptversammlung<br \/>\nLeitgedanke:Die Zukunft von Arbeit und Qualifikationen<br \/>\nWeltcaf\u00e9:Bildungsentscheidungen und Chancen f\u00fcr junge Menschen<br \/>\nWeltcaf\u00e9: Friedensplakatwettbewerb und globale Wirkung<br \/>\nWeltcaf\u00e9: Pr\u00e4vention von psychischen Erkrankungen<br \/>\nGemeinsame Beobachtungsstelle f\u00fcr den Mittelmeerraum<br \/>\nWaSH WG Vorstandssitzung (geschlossene Sitzung)<br \/>\nUN\/NGO-Sitzung\/Fl\u00fcchtlingshilfe<br \/>\nLeitgedanke: E-Estonia (integrierte L\u00f6sungen f\u00fcr Netzsicherheit)<br \/>\nWeltcaf\u00e9:Integrierte L\u00f6sungen f\u00fcr Netzsicherheit &amp; Kommunikation<br \/>\nWeltcaf\u00e9: IT-Sicherheit f\u00fcr Lions<br \/>\nWeltcaf\u00e9:Leo integrierte L\u00f6sungen f\u00fcr Netzsicherheit<br \/>\nIP trifft DGs<br \/>\n1. VIP trifft VDGs<br \/>\nSitzung der L\u00e4ndervertreter und des Musikpreiskomitees des LEMC<br \/>\nLions f\u00fcr Europa<br \/>\nWorld Cafe &#8211; Wie man ein Mitgliederwachstum in Europa erreicht<br \/>\nDie Suche der Lions<br \/>\nEuropa-Afrika Komitee<br \/>\nToolbox der Lions: Erfahrungsaustausch<br \/>\nLions &amp; Ethik und Ethik bez\u00fcglich Kommunikation<br \/>\nEntscheidungen des Europ\u00e4ischen Rates<br \/>\nGalanacht<br \/>\nOffizielle After Party[\/vc_column_text][\/vc_column_inner][vc_column_inner width=&#8221;1\/2&#8243;][vc_column_text]<\/p>\n<p><span style=\"color: #4c64a4;\"><strong><a style=\"color: #4c64a4;\" href=\"https:\/\/www.europaforum2019.ee\/de\/sunday\/\">SONNTAG<\/a>, 6 Oktober, 2019<\/strong><\/span><\/p>\n<p>Sitzung der Aufsichtskommission f\u00fcr EF2019 (geschlossene Sitzung)<br \/>\nLeitgedanke: Leo integrierte L\u00f6sungen f\u00fcr Netzsicherheit &#8211; Leo4Green<br \/>\nTriff Deine IDs<br \/>\nWasser bedeutet Leben \u2013 Reflektiere und Reagiere \u2013 Europa Forum WaSH Workshop 2019<br \/>\nLions Clubs International Foundation (LCIF) Plenarsitzung<br \/>\nToolbox der Lions: Erfahrungsaustausch<br \/>\nSeminar: Wege Lions Projekte durch EU F\u00f6rderung voranzutreiben<br \/>\nSeminar: Leo integrierte L\u00f6sungen f\u00fcr Netzsicherheit<br \/>\nEurop\u00e4ischer Rat II (Abschlusssitzung)<br \/>\nToolbox der Lions: Erfahrungsaustausch<br \/>\nSeminar: Wege Lions Projekte durch EU F\u00f6rderung voranzutreiben<br \/>\nSeminar: Leo integrierte L\u00f6sungen f\u00fcr Netzsicherheit<br \/>\nKampagne 100: Lions Club International Foundation (LCIF) Empowering Service<br \/>\nVorstellung der Jugendbotschafter-Finalisten<br \/>\nAbschlusszeremonie [\/vc_column_text][\/vc_column_inner][\/vc_row_inner][vc_row_inner type=&#8221;boxed&#8221;][vc_column_inner][vc_empty_space][vc_column_text]<span class=\"tlid-translation translation\" lang=\"de\" tabindex=\"-1\"><span title=\"\"><span style=\"text-decoration: underline;\"><span style=\"color: #4c64a4; text-decoration: underline;\"><a style=\"color: #4c64a4; text-decoration: underline;\" href=\"https:\/\/www.europaforum2019.ee\/wp-content\/uploads\/2019\/09\/EF-programm-GER-22.09.pdf\">Laden Sie hier das komplette Programm herunter<\/a><\/span><\/span>.<br \/>\n<\/span><\/span><\/p>\n<p>Find the detailed program here: <strong><span style=\"color: #4c64a4;\"><a style=\"color: #4c64a4;\" href=\"https:\/\/www.europaforum2019.ee\/de\/thursday\/\"><span style=\"text-decoration: underline;\">DONNERSTAG<\/span><\/a> &#8211; <a style=\"color: #4c64a4;\" href=\"https:\/\/www.europaforum2019.ee\/de\/friday\/\"><span style=\"text-decoration: underline;\">FREITAG<\/span><\/a> &#8211; <span style=\"text-decoration: underline;\"><a style=\"color: #4c64a4; text-decoration: underline;\" href=\"https:\/\/www.europaforum2019.ee\/de\/saturday\/\">SAMSTAG<\/a><\/span> &#8211; <\/span><a href=\"https:\/\/www.europaforum2019.ee\/de\/sunday\/\"><span style=\"color: #4c64a4;\"><span style=\"text-decoration: underline;\">SONNTAG<\/span><\/span><\/a><\/strong>[\/vc_column_text][\/vc_column_inner][\/vc_row_inner][vc_column_text]<\/p>\n<p style=\"text-align: center;\"><span style=\"color: #ff0000;\"><strong>Die letzten Programm\u00e4nderungen werden nur auf der Webseite der englischen Version vorgenommen!<\/strong><\/span><\/p>\n<p>[\/vc_column_text][\/vc_column][\/vc_row][vc_row css=&#8221;.vc_custom_1528789133475{background-color: #fdc924 !important;}&#8221;][vc_column][vc_row_inner type=&#8221;boxed&#8221; css=&#8221;.vc_custom_1537354005488{padding-bottom: 1em !important;}&#8221;][vc_column_inner][vc_column_text][\/vc_column_text][\/vc_column_inner][\/vc_row_inner][\/vc_column][\/vc_row]<\/p>\n","protected":false},"excerpt":{"rendered":"<p>[vc_row css=&#8221;.vc_custom_1528724670702{background-color: #f5f3f2 !important;}&#8221;][vc_column][vc_column_text] PROGRAMM [\/vc_column_text][vc_empty_space][vc_row_inner type=&#8221;boxed&#8221;][vc_column_inner width=&#8221;1\/2&#8243;][vc_column_text]DONNERSTAG, 3 Oktober, 2019 GAT Sitzung der Aufsichtskommission f\u00fcr EF2019 (geschlossene Sitzung) Europa Komitee f\u00fcr Langzeitplanung (geschlossene Sitzung) Sitzung des Jugendcamps &amp; der Vorsitzenden f\u00fcr Austausch Lions der Ostsee Orientation der Moderatoren &amp; Delegierten MD111 Ratssitzung (geschlossene Sitzung) NSR CC Board meeting (geschlossene Sitzung) Charity Warm-up Party[\/vc_column_text][\/vc_column_inner][vc_column_inner width=&#8221;1\/2&#8243;][vc_column_text]FREITAG, [&hellip;]<\/p>\n","protected":false},"author":5,"featured_media":0,"parent":0,"menu_order":0,"comment_status":"closed","ping_status":"closed","template":"page-full-width.php","meta":[],"categories":[36],"tags":[],"_links":{"self":[{"href":"https:\/\/www.europaforum2019.ee\/de\/wp-json\/wp\/v2\/pages\/2324"}],"collection":[{"href":"https:\/\/www.europaforum2019.ee\/de\/wp-json\/wp\/v2\/pages"}],"about":[{"href":"https:\/\/www.europaforum2019.ee\/de\/wp-json\/wp\/v2\/types\/page"}],"author":[{"embeddable":true,"href":"https:\/\/www.europaforum2019.ee\/de\/wp-json\/wp\/v2\/users\/5"}],"replies":[{"embeddable":true,"href":"https:\/\/www.europaforum2019.ee\/de\/wp-json\/wp\/v2\/comments?post=2324"}],"version-history":[{"count":18,"href":"https:\/\/www.europaforum2019.ee\/de\/wp-json\/wp\/v2\/pages\/2324\/revisions"}],"predecessor-version":[{"id":8462,"href":"https:\/\/www.europaforum2019.ee\/de\/wp-json\/wp\/v2\/pages\/2324\/revisions\/8462"}],"wp:attachment":[{"href":"https:\/\/www.europaforum2019.ee\/de\/wp-json\/wp\/v2\/media?parent=2324"}],"wp:term":[{"taxonomy":"category","embeddable":true,"href":"https:\/\/www.europaforum2019.ee\/de\/wp-json\/wp\/v2\/categories?post=2324"},{"taxonomy":"post_tag","embeddable":true,"href":"https:\/\/www.europaforum2019.ee\/de\/wp-json\/wp\/v2\/tags?post=2324"}],"curies":[{"name":"wp","href":"https:\/\/api.w.org\/{rel}","templated":true}]}}