{"id":2321,"date":"2018-10-12T15:42:36","date_gmt":"2018-10-12T15:42:36","guid":{"rendered":"http:\/\/www.europaforum2019.ee\/arendamisel\/?page_id=2321"},"modified":"2019-09-21T16:15:48","modified_gmt":"2019-09-21T16:15:48","slug":"youth-exchange","status":"publish","type":"page","link":"https:\/\/www.europaforum2019.ee\/de\/youth-exchange\/","title":{"rendered":"Jugendaustausch"},"content":{"rendered":"<p>[vc_row css=&#8221;.vc_custom_1528724670702{background-color: #f5f3f2 !important;}&#8221;][vc_column][vc_row_inner type=&#8221;boxed&#8221;][vc_column_inner][vc_column_text]<\/p>\n<h2><span style=\"color: #3c64a4;\"><strong>JUGENDAUSTAUSCH<\/strong><\/span><br \/>\n<img loading=\"lazy\" class=\"size-medium wp-image-725 alignright\" src=\"https:\/\/www.europaforum2019.ee\/wp-content\/uploads\/2018\/09\/youth-ex-300x167.jpg\" alt=\"\" width=\"300\" height=\"167\" srcset=\"https:\/\/www.europaforum2019.ee\/wp-content\/uploads\/2018\/09\/youth-ex-300x167.jpg 300w, https:\/\/www.europaforum2019.ee\/wp-content\/uploads\/2018\/09\/youth-ex.jpg 445w\" sizes=\"(max-width: 300px) 100vw, 300px\" \/><\/h2>\n<p>Das \u201eYouth Camp and Exchange Program\u201c (YCE) wurde 1961 gegr\u00fcndet und erweckt das Ideal der globalen Staatsb\u00fcrgerschaft zum Leben. Jedes Jahr bietet dieses Programm Tausenden von Jugendlichen auf der ganzen Welt die M\u00f6glichkeit, das Leben in einer anderen Kultur zu erleben und ein neues Verst\u00e4ndnis f\u00fcr die Welt durch Reisen zu gewinnen. Im Gegensatz zu einigen anderen Jugendaustauschprogrammen beinhaltet das YCE kein Arbeitsverh\u00e4ltnis oder einen Schul- oder Universit\u00e4tsbesuch. Stattdessen werden die Teilnehmenden dazu ermutigt, diese Reisem\u00f6glichkeit dazu zu nutzen um ihr Heimatland zu repr\u00e4sentieren und ihre eigene Kultur zu teilen, w\u00e4hrend sie eine neue Kultur kennen und sch\u00e4tzen lernen. Dadurch werden die Teilnehmenden zu jungen Botschaftern f\u00fcr Frieden und V\u00f6lkerverst\u00e4ndigung.<\/p>\n<p>Das YCE besteht aus verschiedenen Lions Jugendaustauschorganisationen und\/oder Lions Jugendcamps, die von Lions Clubs auf der ganzen Welt veranstaltet werden. Ein Lions Jugendaustausch dauert drei bis sechs Wochen. Familienaufenthalte sind nur in L\u00e4ndern ohne Camps m\u00f6glich. Lions Jugendcamps dauern ein bis zwei Wochen und beinhalten meistens einen Gastfamilienaufenthalt davor oder danach.<\/p>\n<p>Aktivit\u00e4ten sowohl f\u00fcr Austausche als auch Camps k\u00f6nnen Besuche von Pl\u00e4tzen von kultureller oder landschaftlicher Bedeutung, Sportveranstaltungen, L\u00e4nderpr\u00e4sentationen der Teilnehmer, gelenkte Diskussionen und sogar Teilnahme an regionalen Serviceprojekten zusammen mit anderen Lions Clubmitgliedern beinhalten<\/p>\n<p><span style=\"color: #3c64a4;\"><strong>Lions engagiert in YCE wertsch\u00e4tzen: <\/strong><\/span><\/p>\n<ul>\n<li>Ein bedeutsames Zusammenf\u00fchren von Menschen aus verschiedenen L\u00e4ndern<\/li>\n<li>Austausch von Ideen und kulturellen Sichtweisen<\/li>\n<li>St\u00e4rkung von V\u00f6lkerverst\u00e4ndigung und Wohlwollen<\/li>\n<li>Gezielte Arbeit an Zielen wie Frieden und menschliches Verst\u00e4ndnis<\/li>\n<li>F\u00f6rderung von Respekt bei jungen Leuten gegen\u00fcber den Denkweisen anderer<\/li>\n<\/ul>\n<p><span style=\"color: #3c64a4;\"><strong>Das \u201e<\/strong><strong>Youth Camp <\/strong><strong>and Exchange Program\u201d (YCE) mag eine Chance f\u00fcr Jugendliche darstellen, die: <\/strong><\/span><\/p>\n<ul>\n<li>Bereit sind sich auf ein lebensver\u00e4nderndes Abenteuer einzulassen, das Herz und Geist stimuliert<\/li>\n<li>An anderen Kulturen und Lebensstilen interessiert sind<\/li>\n<li>Ihre Fremdsprachenkenntnisse erweitern wollen<\/li>\n<li>Neue Freundschaften mit Menschen anderer Herkunft, Ansichten und Traditionen schliessen wollen<\/li>\n<\/ul>\n<p><span style=\"color: #3c64a4;\"><strong>Ein YCE Teilnehmender wird: <\/strong><\/span><\/p>\n<ul>\n<li>Mit einer Familie in einem anderen Land leben<\/li>\n<li>Gleichaltrige aus der ganzen Welt treffen<\/li>\n<li>Mehr \u00fcber die humanit\u00e4re Arbeit der Lions Gastgeber erfahren<\/li>\n<li>Sein Wissen \u00fcber sich selbst und seine Umgebung ausbauen<\/li>\n<li>Mehr \u00fcber die Aspekte, die wir alle miteinander teilen, lernen \u2013 und auch \u00fcber die Unterschiede, die wir gegenseitig respektieren, unabh\u00e4ngig davon, wo wir leben<\/li>\n<\/ul>\n<p>YCE Vorsitzende sind Lions Clubmitglieder, die dazu berufen wurden die verschiedenen regionalen YCE Programme in der ganzen Welt zu organisieren und die sich dem erfolgreichen Gelingen des Programmes widmen. Die Kontaktinformationen bez\u00fcglich dieser Personen, sowie der Camps und Austauschm\u00f6glichkeiten sind im <a href=\"http:\/\/members.lionsclubs.org\/EN\/serve\/other-ways-to-serve\/youth\/youth-camps-exchange\/yce-directory.php\"><u>YCE Verzeichnis<\/u><\/a> aufgelistet.<\/p>\n<p>W\u00e4hrend des Europa Forums treffen sich die Vorsitzenden des YCE der europ\u00e4ischen L\u00e4nder. Wir haben dar\u00fcber hinaus auch immer G\u00e4ste aus der ganzen Welt! W\u00e4hrend der letzten Foren nahmen YCE Vorsitzende aus Australien, Brasilien, Indien, Japan, Mexiko und den USA teil.<\/p>\n<p><span style=\"color: #3c64a4;\"><strong>Das YE Programm des Europa Forums beinhaltet zus\u00e4tzlich zu dem generellen Programm des Forums: <\/strong><\/span><\/p>\n<ul>\n<li>Ein Zusammentreffen, Training und Abendessen f\u00fcr Delegierte des YCE<\/li>\n<li>Treffen mit Pr\u00e4sentationen und Diskussionen \u00fcber die Camps und den Erfolg von Austauschen, Problemen und Regeln<\/li>\n<li>Einen Bazar, wo verschiedene L\u00e4nder Vereinbarungen bez\u00fcglich der Orte f\u00fcr Camps treffen und austauschen k\u00f6nnen<\/li>\n<\/ul>\n<p>Der YCE Vorsitzende stimmt zu, dass dieser Lion seine Rolle und F\u00e4higkeiten bestm\u00f6glich einsetzen wird, um seinen <a href=\"http:\/\/members.lionsclubs.org\/EN\/serve\/other-ways-to-serve\/youth\/youth-camps-exchange\/yce-chairperson.php\"><u>Verpflichtungen<\/u><\/a> nachzukommen und wird alle <a href=\"http:\/\/www.lionsclubs.org\/resources\/EN\/pdfs\/yce-reportingtips-ycec.pdf\"><u>YCE Policies<\/u><\/a> und Richtlinien, die von dem LCI Vorstand beschlossen wurden, befolgen.[\/vc_column_text][\/vc_column_inner][\/vc_row_inner][\/vc_column][\/vc_row][vc_row css=&#8221;.vc_custom_1528789133475{background-color: #fdc924 !important;}&#8221;][vc_column][vc_row_inner type=&#8221;boxed&#8221; css=&#8221;.vc_custom_1537354214404{padding-bottom: 1em !important;}&#8221;][vc_column_inner][vc_column_text][\/vc_column_text][\/vc_column_inner][\/vc_row_inner][\/vc_column][\/vc_row]<\/p>\n","protected":false},"excerpt":{"rendered":"<p>[vc_row css=&#8221;.vc_custom_1528724670702{background-color: #f5f3f2 !important;}&#8221;][vc_column][vc_row_inner type=&#8221;boxed&#8221;][vc_column_inner][vc_column_text] JUGENDAUSTAUSCH Das \u201eYouth Camp and Exchange Program\u201c (YCE) wurde 1961 gegr\u00fcndet und erweckt das Ideal der globalen Staatsb\u00fcrgerschaft zum Leben. Jedes Jahr bietet dieses Programm Tausenden von Jugendlichen auf der ganzen Welt die M\u00f6glichkeit, das Leben in einer anderen Kultur zu erleben und ein neues Verst\u00e4ndnis f\u00fcr die Welt durch [&hellip;]<\/p>\n","protected":false},"author":5,"featured_media":0,"parent":0,"menu_order":0,"comment_status":"closed","ping_status":"closed","template":"page-full-width.php","meta":[],"categories":[36],"tags":[],"_links":{"self":[{"href":"https:\/\/www.europaforum2019.ee\/de\/wp-json\/wp\/v2\/pages\/2321"}],"collection":[{"href":"https:\/\/www.europaforum2019.ee\/de\/wp-json\/wp\/v2\/pages"}],"about":[{"href":"https:\/\/www.europaforum2019.ee\/de\/wp-json\/wp\/v2\/types\/page"}],"author":[{"embeddable":true,"href":"https:\/\/www.europaforum2019.ee\/de\/wp-json\/wp\/v2\/users\/5"}],"replies":[{"embeddable":true,"href":"https:\/\/www.europaforum2019.ee\/de\/wp-json\/wp\/v2\/comments?post=2321"}],"version-history":[{"count":15,"href":"https:\/\/www.europaforum2019.ee\/de\/wp-json\/wp\/v2\/pages\/2321\/revisions"}],"predecessor-version":[{"id":8302,"href":"https:\/\/www.europaforum2019.ee\/de\/wp-json\/wp\/v2\/pages\/2321\/revisions\/8302"}],"wp:attachment":[{"href":"https:\/\/www.europaforum2019.ee\/de\/wp-json\/wp\/v2\/media?parent=2321"}],"wp:term":[{"taxonomy":"category","embeddable":true,"href":"https:\/\/www.europaforum2019.ee\/de\/wp-json\/wp\/v2\/categories?post=2321"},{"taxonomy":"post_tag","embeddable":true,"href":"https:\/\/www.europaforum2019.ee\/de\/wp-json\/wp\/v2\/tags?post=2321"}],"curies":[{"name":"wp","href":"https:\/\/api.w.org\/{rel}","templated":true}]}}