{"id":2318,"date":"2018-10-12T15:35:10","date_gmt":"2018-10-12T15:35:10","guid":{"rendered":"http:\/\/www.europaforum2019.ee\/arendamisel\/?page_id=2318"},"modified":"2019-09-21T16:15:34","modified_gmt":"2019-09-21T16:15:34","slug":"music-competition","status":"publish","type":"page","link":"https:\/\/www.europaforum2019.ee\/de\/music-competition\/","title":{"rendered":"Musikwettbewerb"},"content":{"rendered":"<p>[vc_row css=&#8221;.vc_custom_1528724670702{background-color: #f5f3f2 !important;}&#8221;][vc_column][vc_row_inner type=&#8221;boxed&#8221;][vc_column_inner][vc_column_text]<\/p>\n<h2><strong><span style=\"color: #3c64a4;\">MUSIKWETTBEWERB<br \/>\n<\/span><\/strong><\/h2>\n<p><span style=\"color: #3c64a4;\">WILLKOMMEN ZUM LEMC 2019 IN TALLINN! <img loading=\"lazy\" class=\"wp-image-1236 size-full alignright\" src=\"https:\/\/www.europaforum2019.ee\/wp-content\/uploads\/2018\/07\/udukitarr.png\" alt=\"\" width=\"340\" height=\"230\" srcset=\"https:\/\/www.europaforum2019.ee\/wp-content\/uploads\/2018\/07\/udukitarr.png 340w, https:\/\/www.europaforum2019.ee\/wp-content\/uploads\/2018\/07\/udukitarr-300x203.png 300w\" sizes=\"(max-width: 340px) 100vw, 340px\" \/><br \/>\n<\/span><\/p>\n<p><span style=\"color: #3c64a4;\">DER 28. EUROP\u00c4ISCHE LIONS MUSIKWETTBEWERB THOMAS KUTI IS DER KLASSISCHEN GITARRE GEWIDMET.<\/span><\/p>\n<p>Junge Musiker\/innen, die 1995 oder sp\u00e4ter geboren wurden, sind herzlich eingeladen am 28. Europ\u00e4ischen Lions Musikwettbewerb teilzunehmen.<\/p>\n<p>Bitte setzen Sie sich mit der Lions Organisation in Ihrem Land per Internet auseinander, um weitere Informationen und die Registrierungsdokumente zu erhalten. Zun\u00e4chst werden Sie in regionalen und nationalen Vorrunden teilnehmen, die im kommenden Fr\u00fchling stattfinden<\/p>\n<p><span style=\"color: #3c64a4;\"><strong>GENERELLE INFORMATIONEN<\/strong><\/span><br \/>\nEin Musikpreis wird j\u00e4hrlich w\u00e4hrend des Lions Europa Forums verliehen, um junge, talentierte europ\u00e4ische Musiker zu f\u00f6rdern. Der Musikwettbewerb wird w\u00e4hrend des Forums ausgetragen und das ausgew\u00e4hlte Instrument ist jedes Jahr ein anderes. Der nachfolgende Text ist ein Ausschnitt aus der Satzung. Im Zweifel ist nur die offizielle Version der Vorschriften g\u00fcltig.<\/p>\n<p><span style=\"color: #3c64a4;\"><strong>VERFAHRENSREGELN DES EUROP\u00c4ISCHEN LIONS \u2013 MUSIKPREISES THOMAS KUTI (LEMC)<\/strong><\/span><\/p>\n<p><strong><span style=\"color: #3c64a4;\">Vorwort<\/span><\/strong><br \/>\nMit dem Ziel, junge talentierte Musiker zu f\u00f6rdern, wird anl\u00e4sslich jedes Europa Forums j\u00e4hrlich ein Musikpreis ausgelobt.<br \/>\nW\u00e4hrend des Europa Forums wird dieser Musikpreis durchgef\u00fchrt, um den Gewinner dieses j\u00e4hrlichen Preises zu ermitteln.<\/p>\n<p><strong><span style=\"color: #3c64a4;\">A. Teilnehmende:<\/span><\/strong><br \/>\n1) Teilnehmende d\u00fcrfen am 1. Januar des Wettbewerbsjahres maximal 23 Jahre alt sein. Das hei\u00dft: Teilnehmende m\u00fcssen Ihren 24. Geburtstag im Wettbewerbsjahr feiern oder sp\u00e4ter.<br \/>\n2) Teilnehmende m\u00fcssen im Gebiet des sie anmeldenden Mitglieds des Europa Forums wohnhaft sein, mindestens f\u00fcnf Jahre vor dem 1. Januar des Wettbewerbsjahres.<br \/>\n3) \u201cMitglieder\u201d sind L\u00e4nder oder Staaten wie festgelegt in Artikel III \u2013 Verfahrensregeln des Europa Forums.<br \/>\n4) Kein Gewinner eines Wettbewerbes darf an irgendeinem k\u00fcnftigen Wettbewerb noch einmal teilnehmen.<br \/>\n5) Jedes Mitglied des Europa Forums darf einen und nur einen Teilnehmer f\u00fcr den Wettbewerb nominieren.<br \/>\n6) Die Anmeldung der Teilnehmer muss geschehen sein sp\u00e4testens bis zum 30. Juni des Wettbewerbsjahres, zu H\u00e4nden des Chairman des Komitees.<br \/>\n7) Alle Kosten des Teilnehmenden gehen zu Lasten des den Teilnehmenden anmeldenden Mitglieds.<\/p>\n<p><strong><span style=\"color: #3c64a4;\">B. Wettbewerb:<\/span><\/strong><br \/>\n1) Jeder Teilnehmer hat f\u00fcr das Vorspiel vorzubereiten:<br \/>\n&#8211; Das Pflichtst\u00fcck mit einer L\u00e4nge von etwa 10 Minuten<br \/>\n&#8211; Zwei Wahlst\u00fccke, ausgew\u00e4hlt vom Teilnehmenden aus einer vorgegebenen Repertoireliste.<br \/>\n2) Die Preisgelder entsprechen im Wert EUR 10.000:<br \/>\n&#8211; 1. Preis : 5.000 EUR<br \/>\n&#8211; 2. Preis : 3.000 EUR<br \/>\n&#8211; 3. Preis 2.000 EUR<\/p>\n<p><strong><span style=\"color: #3c64a4;\">C. Verantwortlichkeiten des Gastgeberlandes:<\/span><\/strong><br \/>\nDas Mitglied des Europa Forums, in dessen Bereich das Europa Forum stattfindet, ist auch Gastgeber f\u00fcr das Finale des Europ\u00e4ischen Musikpreises. Das gastgebende Mitglied tr\u00e4gt die Verantwortung f\u00fcr:<br \/>\n1) Die Auswahl und den Vorschlag des Instruments, des Pflichtst\u00fccks und die Erstellung der Repertoireliste von Wahlst\u00fccken, die in Spieldauer und Komplexit\u00e4t vergleichbar sein sollen mit den \u00fcbrigen ausgew\u00e4hlten St\u00fccken. Das ausgew\u00e4hlte Instrument darf kein Instrument sein, das in den beiden vorangegangenen Jahren bereits Wettbewerbsinstrument war.<br \/>\n2) Die Ank\u00fcndigung des Instruments sp\u00e4testens w\u00e4hrend des Europa Forums zwei Jahre vor dem Wettbewerb.<br \/>\n3) Die Ank\u00fcndigung des Pflichtst\u00fccks und der Repertoireliste in einem Brief an den Chairman des Komitees sp\u00e4testens am 28. Februar des Jahres vor dem Wettbewerb.<br \/>\n4) Die Entgegennahme von Ank\u00fcndigungen von Mitgliedern des Forums, die beabsichtigen, einen Teilnehmer zu melden. Diese Ank\u00fcndigungen m\u00fcssen gemacht worden sein sp\u00e4testens bis zum 30. Juni des Jahres, in dem der Wettbewerb stattfindet.<br \/>\n5) Die Ernennung einer Jury (3 Personen und eine Ersatzperson f\u00fcr den Fall, dass von den 3 Juroren jemand ausf\u00e4llt), im Einvernehmen mit dem Chairman des Komitees. Die Jury soll bestehen aus professionellen Musikern und Musiklehrern, die nicht in einer nahen Beziehung zu auch nur einem der Kandidaten stehen d\u00fcrfen. Kein Juror darf ein Lions-Mitglied sein.<br \/>\nIm Blick auf den internationalen Charakter des Wettbewerbs sollte ein Juror aus einem Land au\u00dferhalb des Gastlandes stammen.<br \/>\n6) Die Bereitstellung von R\u00e4umlichkeiten f\u00fcr den Ausscheidungswettbewerb, einschlie\u00dflich der \u00dcbe- und Einspielr\u00e4ume f\u00fcr die Teilnehmenden.<br \/>\n7) Die Bereitstellung von R\u00e4umlichkeiten und Zeit w\u00e4hrend der Schlussversammlung des Europa Forums, sodass der Gewinner des Wettbewerbs ein Musikst\u00fcck vorspielen kann. Alle drei Preistr\u00e4ger des Wettbewerbs werden den Forumsteilnehmern w\u00e4hrend der Schlussversammlung vorgestellt.<br \/>\n8) Die \u00dcbernahme aller Kosten der vorgenannten Ziffern unter C.), einschlie\u00dflich der Preisgelder von EUR 10.000. Das Gastgeberland mag Sponsoren suchen, um zur Deckung dieser Ausgaben zus\u00e4tzliche Einnahmen zu generieren.<\/p>\n<p><strong><span style=\"color: #3c64a4;\">D. L\u00e4ndervertreter<\/span><\/strong><br \/>\n1) Jedes Mitglied des Europa Forums wird gebeten einen L\u00e4ndervertreter f\u00fcr den Europ\u00e4ischen Lions Musikpreis Thomas Kuti f\u00fcr die Dauer von drei Jahren zu ernennen. Wiederberufung ist m\u00f6glich. Der L\u00e4ndervertreter muss Erfahrung haben mit musikalischen Zusammenh\u00e4ngen und sollte \u00fcber Organisationstalent verf\u00fcgen.<br \/>\n2) Der L\u00e4ndervertreter k\u00fcmmert sich um die Nominierung eines Kandidaten f\u00fcr das Mitgliedsland oder den Mitgliedsdistrikt, der dann teilnehmen kann am Musikwettbewerb des Europaforums. Diese Nominierung muss dem Chairman des Komitees gemeldet werden, sp\u00e4testens am 30. Juni des Wettbewerbsjahres.<br \/>\n3) Der L\u00e4ndervertreter wird gebeten, den Kandidaten zum Wettbewerb zu begleiten und sich dort, w\u00e4hrend des Forums, um ihn oder sie zu k\u00fcmmern.<br \/>\n4) W\u00e4hrend des Europa Forums wird eine Konferenz der L\u00e4ndervertreter des Musikwettbewerbs abgehalten. Der L\u00e4ndervertreter nimmt dort als Delegierter teil und hat dort Stimmrecht.<br \/>\n5) Diese Konferenz w\u00e4hlt aus dem Kreis der L\u00e4ndervertreter einen Chairman des Europ\u00e4ischen Lions Musikpreises (LEMC) Thomas Kuti f\u00fcr drei Jahre. Wiederwahl ist m\u00f6glich.<\/p>\n<p><strong><span style=\"color: #3c64a4;\">E. Komitee:<\/span><\/strong><br \/>\n1) Ein Komitee wird gebildet, das verantwortlich ist f\u00fcr die allgemeine reibungslose Durchf\u00fchrung des Musikpreises. Es ist zudem verantwortlich f\u00fcr die Einbringung von Vorschl\u00e4gen, die das Gastgeberland macht, einschlie\u00dflich der Ausweitung und\/oder Erg\u00e4nzung dieser Leitlinien. In der Zeit zwischen den Europa Foren f\u00fchrt das Komitee die Gesch\u00e4fte des Musikpreises.<br \/>\n2) Das Komitee besteht aus je einem L\u00e4ndervertreter der (soweit bekannt) beiden zuk\u00fcnftigen Gastl\u00e4nder, des gegenw\u00e4rtigen und des letztj\u00e4hrigen Gastlandes sowie des Chairman, der zugleich den Vorsitz f\u00fchrt.<\/p>\n<p><strong><span style=\"color: #3c64a4;\">F. Chairman:<\/span><\/strong><br \/>\n1) Der Chairman l\u00e4dt ein zur Konferenz der L\u00e4ndervertreter, leitet die Konferenz und koordiniert die Arbeit des Komitees.<br \/>\n2) Der Chairman sollte durch den Multi-Distrikt, dem er angeh\u00f6rt, die M\u00f6glichkeit erhalten, sich den Ort, an dem der Wettbewerb durchgef\u00fchrt werden soll, im Vorfeld anzuschauen. Dieser Besuch des Chairman im Gastland sollte fr\u00fch genug angesetzt werden, um noch \u00c4nderungen m\u00f6glich zu machen, falls notwendig.<br \/>\nUm einen hohen Qualit\u00e4tsstandard auf vergleichbarem Niveau im Blick auf die Grundgegebenheiten in den verschiedenen Gastl\u00e4ndern zu bieten, muss der Chairman insbesondere achten auf<br \/>\n\u2022 den Konzertraum, der gebraucht wird f\u00fcr die erste und zweite Runde des Musikpreises und f\u00fcr das Konzert der sechs Besten. Insbesondere muss hier auf die akustische Situation des Raumes geachtet werden;<br \/>\n\u2022 das Minimum von 3 Einspielr\u00e4umen;<br \/>\n\u2022 die ben\u00f6tigten Fl\u00fcgel im Konzertraum des Musikpreises und im Saal der Schlussversammlung des Forums und die mindestens 3 Klaviere in den Einspielr\u00e4umen; die Fl\u00fcgel m\u00fcssen in einem au\u00dferordentlich guten Zustand sein, die Klaviere in einem guten Zustand;<br \/>\n\u2022 den Raum f\u00fcr die Beratungen der Jury;<br \/>\n\u2022 den Raum f\u00fcr das gemeinsame Dinner der Teilnehmenden, der Juroren und der L\u00e4ndervertreter (empfohlen wird ein separater Raum, wo es m\u00f6glich ist, miteinander zu reden.)<br \/>\n3) Erhalt und Entgegennahme der Anmeldeunterlagen der Teilnehmenden bis sp\u00e4testens zum 30. Juni des Wettbewerbsjahres.<br \/>\n4) Erzielen eines Einverst\u00e4ndnisses mit dem Gastgeberland \u00fcber die Besetzung der Jury.<\/p>\n<p><span style=\"color: #3c64a4;\"><em>(Diese rules wurden vom \u201eEuropean Council\u201c auf dem Europa-Forum in Istanbul 2013\/Sofia 2016 beschlossen.)<\/em><\/span>[\/vc_column_text][\/vc_column_inner][\/vc_row_inner][\/vc_column][\/vc_row][vc_row css=&#8221;.vc_custom_1528789133475{background-color: #fdc924 !important;}&#8221;][vc_column][\/vc_column][\/vc_row]<\/p>\n","protected":false},"excerpt":{"rendered":"<p>[vc_row css=&#8221;.vc_custom_1528724670702{background-color: #f5f3f2 !important;}&#8221;][vc_column][vc_row_inner type=&#8221;boxed&#8221;][vc_column_inner][vc_column_text] MUSIKWETTBEWERB WILLKOMMEN ZUM LEMC 2019 IN TALLINN! DER 28. EUROP\u00c4ISCHE LIONS MUSIKWETTBEWERB THOMAS KUTI IS DER KLASSISCHEN GITARRE GEWIDMET. Junge Musiker\/innen, die 1995 oder sp\u00e4ter geboren wurden, sind herzlich eingeladen am 28. Europ\u00e4ischen Lions Musikwettbewerb teilzunehmen. Bitte setzen Sie sich mit der Lions Organisation in Ihrem Land per Internet auseinander, [&hellip;]<\/p>\n","protected":false},"author":5,"featured_media":0,"parent":0,"menu_order":0,"comment_status":"closed","ping_status":"closed","template":"page-full-width.php","meta":[],"categories":[36],"tags":[],"_links":{"self":[{"href":"https:\/\/www.europaforum2019.ee\/de\/wp-json\/wp\/v2\/pages\/2318"}],"collection":[{"href":"https:\/\/www.europaforum2019.ee\/de\/wp-json\/wp\/v2\/pages"}],"about":[{"href":"https:\/\/www.europaforum2019.ee\/de\/wp-json\/wp\/v2\/types\/page"}],"author":[{"embeddable":true,"href":"https:\/\/www.europaforum2019.ee\/de\/wp-json\/wp\/v2\/users\/5"}],"replies":[{"embeddable":true,"href":"https:\/\/www.europaforum2019.ee\/de\/wp-json\/wp\/v2\/comments?post=2318"}],"version-history":[{"count":16,"href":"https:\/\/www.europaforum2019.ee\/de\/wp-json\/wp\/v2\/pages\/2318\/revisions"}],"predecessor-version":[{"id":8301,"href":"https:\/\/www.europaforum2019.ee\/de\/wp-json\/wp\/v2\/pages\/2318\/revisions\/8301"}],"wp:attachment":[{"href":"https:\/\/www.europaforum2019.ee\/de\/wp-json\/wp\/v2\/media?parent=2318"}],"wp:term":[{"taxonomy":"category","embeddable":true,"href":"https:\/\/www.europaforum2019.ee\/de\/wp-json\/wp\/v2\/categories?post=2318"},{"taxonomy":"post_tag","embeddable":true,"href":"https:\/\/www.europaforum2019.ee\/de\/wp-json\/wp\/v2\/tags?post=2318"}],"curies":[{"name":"wp","href":"https:\/\/api.w.org\/{rel}","templated":true}]}}