{"id":2312,"date":"2018-10-12T15:27:10","date_gmt":"2018-10-12T15:27:10","guid":{"rendered":"http:\/\/www.europaforum2019.ee\/arendamisel\/?page_id=2312"},"modified":"2019-09-03T20:03:59","modified_gmt":"2019-09-03T20:03:59","slug":"european-council","status":"publish","type":"page","link":"https:\/\/www.europaforum2019.ee\/de\/european-council\/","title":{"rendered":"Europ\u00e4ischer Rat"},"content":{"rendered":"<p>[vc_row css=&#8221;.vc_custom_1528724670702{background-color: #f5f3f2 !important;}&#8221;][vc_column][vc_row_inner type=&#8221;boxed&#8221;][vc_column_inner][vc_column_text]<\/p>\n<h2><strong><span style=\"color: #3c64a4;\">EUROP\u00c4ISCHER RAT <\/span><\/strong><\/h2>\n<p><strong>Diese Seite wird im Rahmen der endg\u00fcltigen Tagesordnung im Juli 2019 aktualisiert werden.<\/strong><\/p>\n<p>&nbsp;<\/p>\n<p><span style=\"color: #3c64a4;\"><strong>EF2019 Treffen I des Europ\u00e4ischen Rates <\/strong><\/span><\/p>\n<p><span style=\"color: #3c64a4;\"><strong>Samstagmorgen, 5. Oktober 2019 in der Alexela Konzerthalle, Tallinn <\/strong><\/span><\/p>\n<p>Entsprechend der Gesch\u00e4ftsordnung des Europa Forums ist der Europ\u00e4ische Rat das bestimmende Organ f\u00fcr die Gestaltung und Kontrolle der Forumspolitik.<\/p>\n<p>Es besteht aus je einem wahlberechtigten Delegierten f\u00fcr jedes Mitglied. Die Lions Organisation jedes Landes oder Staates, der zum konstitutionellen Bereich Europas geh\u00f6rt, kann ein Mitglied des Europa Forums werden, vorausgesetzt, seine Mitgliedschaft wurde vom Europ\u00e4ischen Rat best\u00e4tigt.<\/p>\n<p>Die Tagesordnung f\u00fcr die Ratstreffen wird von dem Pr\u00e4sidenten des Forums festgesetzt und basiert auf den Beschlussvorlagen, die von den Mitgliedern und dem Treffen der Aufsichtskommission im Februar eingegangen sind.<\/p>\n<p>Beschlussvorlagen sollten bis zum 15. Juni auf Englisch bei dem Pr\u00e4sidenten des Forums eingehen. Eine Kopie soll ausserdem dem Archivar zum gleichen Datum zugesendet werden.<\/p>\n<p>Der Pr\u00e4sident des Forums wird die Beschlussvorlagen im Webportal ver\u00f6ffentlichen, zusammen mit der Benachrichtigung f\u00fcr die Mitglieder diese <strong>sp\u00e4testens vor dem 31. Juli<\/strong> zur Besprechung und Abstimmung w\u00e4hrend des Treffens des Europa Rates vorzubereiten.<\/p>\n<p>Das Treffen des Europ\u00e4ischen Rates ist f\u00fcr alle Lions zug\u00e4nglich. Dennoch darf nur ein satzungsgem\u00e4ss bestellter Delegierter pro Mitglied w\u00e4hlen.<\/p>\n<p>Den Vorsitz des Rates \u00fcbernimmt der Pr\u00e4sident des Forums und wird dabei von dem Vizepr\u00e4sidenten, dem Sekret\u00e4r des Forums sowie dem A&amp;A unterst\u00fctzt.<\/p>\n<p>&nbsp;<\/p>\n<p><span style=\"color: #3c64a4;\"><strong>EF2019 Treffen des Europ\u00e4ischen Rates \u2013 Diskussionen <\/strong><\/span><\/p>\n<p><span style=\"color: #3c64a4;\"><strong>Samstagabend, 5. Oktober 2019 im Nordic Hotel Forum, Tallinn <\/strong><\/span><\/p>\n<p>Zwecke des Treffens sind informelle Anh\u00f6rungen sowie offene Diskussionen, um Entscheidungen vorzubereiten, die am n\u00e4chsten Tag zu treffen sind.<\/p>\n<p>Beschl\u00fcsse k\u00f6nnen abge\u00e4ndert oder zur\u00fcckgezogen werden und zus\u00e4tzliche Informationen k\u00f6nnen angefordert werden. Zu diesem Zeitpunkt k\u00f6nnen jedoch keine neuen Beschl\u00fcsse mehr eingebracht werden.<\/p>\n<p>Alle Dokumente und zus\u00e4tzlich angeforderten Informationen werden auf dieser Seite nach den Treffen des Rates zur Verf\u00fcgung stehen.<\/p>\n<p>Das Treffen ist f\u00fcr alle Lions zug\u00e4nglich.<\/p>\n<p>Den Vorsitz f\u00fcr das Treffen \u00fcbernimmt der Pr\u00e4sident des Forums und wird dabei von dem Vizepr\u00e4sidenten, dem Sekret\u00e4r des Forums sowie dem A&amp;A unterst\u00fctzt.<\/p>\n<ul>\n<li><span style=\"color: #3c64a4;\"><a style=\"color: #3c64a4;\" href=\"https:\/\/www.europaforum2019.ee\/wp-content\/uploads\/2019\/09\/MD111_Resolution-I-Budget-surcharge-for-the-Europa-Forum.pdf\">MD111_Resolution I &#8211; Budget surcharge for the Europa Forum<\/a><\/span><\/li>\n<li><span style=\"color: #3c64a4;\"><a style=\"color: #3c64a4;\" href=\"https:\/\/www.europaforum2019.ee\/wp-content\/uploads\/2019\/09\/MD111_Resolution-II-Criteria-and-requirements-for-multiple-district-and-district-application-and-selection-as-well-as-the-venue-for-conducting-a-Europa-Forum.pdf\">MD111_Resolution II &#8211; Criteria and requirements for multiple-district and district application and selection as well as the venue for conducting a Europa Forum<\/a><\/span><\/li>\n<li><span style=\"color: #3c64a4;\"><a style=\"color: #3c64a4;\" href=\"https:\/\/www.europaforum2019.ee\/wp-content\/uploads\/2019\/09\/MD111_Resolution-III-Reinforcement-of-the-position-of-the-Chair-of-the-Supervisory-Committee-at-the-Europa-Forum.pdf\">MD111_Resolution III &#8211; Reinforcement of the position of the Chair of the Supervisory Committee at the Europa Forum<\/a><\/span><\/li>\n<li><span style=\"color: #3c64a4;\"><a style=\"color: #3c64a4;\" href=\"https:\/\/www.europaforum2019.ee\/wp-content\/uploads\/2019\/09\/MD111_Resolution-IV-Attatchment_Rules-of-Procedure-in-the-WaSH-Working-Group.pdf\">MD111_Resolution IV &#8211; Attatchment_Rules of Procedure in the WaSH Working Group<\/a><\/span><\/li>\n<li><span style=\"color: #3c64a4;\"><a style=\"color: #3c64a4;\" href=\"https:\/\/www.europaforum2019.ee\/wp-content\/uploads\/2019\/09\/MD111_Resolution-IV-Rules-of-Procedure-in-the-WaSH-Working-Group.pdf\">MD111_Resolution IV &#8211; Rules of Procedure in the WaSH Working Group<\/a><\/span><\/li>\n<\/ul>\n<p>&nbsp;<\/p>\n<p><span style=\"color: #3c64a4;\"><strong>Treffen II des Europ\u00e4ischen Rates <\/strong><\/span><\/p>\n<p><span style=\"color: #3c64a4;\"><strong>Sonntagmorgen, 6. Oktober 2019 in der Alexela Konzerthalle<\/strong><\/span><\/p>\n<p>Da die informellen Anh\u00f6rungen und die offenen Diskussionen bereits am Vortag stattfinden, soll sich dieses Treffen auf die Abstimmungen \u00fcber die Beschl\u00fcsse und die Wahlen der Tagesordnung konzentrieren. Falls keine neuen, relevanten Informationen in der Zwischenzeit dazugekommen sind, stehen Diskussionen im Hintergrund.<\/p>\n<p>Zu diesem Zeitpunkt k\u00f6nnen jedoch keine neuen Beschl\u00fcsse mehr eingebracht werden.<\/p>\n<p>Zus\u00e4tzlich zu der Tagesordnung kann der Vorsitzende eines Seminars, infolge eines Seminars, einen Vorschlag einbringen und eine beratende Stimme beantragen. Dies muss sp\u00e4testens um 18.00 Uhr des vorherigen Tages geschehen. Die Pr\u00e4sentation eines solchen Vorschlags darf nicht l\u00e4nger als 3 Minuten dauern.<\/p>\n<p>Die endg\u00fcltige Tagesordnung wird auf dieser Seite nach dem Diskussionstreffen des Rates zur Verf\u00fcgung stehen.<\/p>\n<p>Dieses Treffen wird im Hauptauditorium stattfinden und ist f\u00fcr alle Lions zug\u00e4ngig. Dennoch darf nur ein satzungsgem\u00e4ss bestellter Delegierter pro Mitglied w\u00e4hlen und sprechen.<\/p>\n<p>Den Vorsitz f\u00fcr das Treffen \u00fcbernimmt der Pr\u00e4sident des Forums und wird dabei von dem Vizepr\u00e4sidenten, dem Sekret\u00e4r des Forums sowie dem A&amp;A unterst\u00fctzt.<\/p>\n<p>Artikel V der Gesch\u00e4ftsordnung findet Anwendung.[\/vc_column_text][\/vc_column_inner][\/vc_row_inner][\/vc_column][\/vc_row][vc_row css=&#8221;.vc_custom_1528789133475{background-color: #fdc924 !important;}&#8221;][vc_column][\/vc_column][\/vc_row]<\/p>\n","protected":false},"excerpt":{"rendered":"<p>[vc_row css=&#8221;.vc_custom_1528724670702{background-color: #f5f3f2 !important;}&#8221;][vc_column][vc_row_inner type=&#8221;boxed&#8221;][vc_column_inner][vc_column_text] EUROP\u00c4ISCHER RAT Diese Seite wird im Rahmen der endg\u00fcltigen Tagesordnung im Juli 2019 aktualisiert werden. &nbsp; EF2019 Treffen I des Europ\u00e4ischen Rates Samstagmorgen, 5. Oktober 2019 in der Alexela Konzerthalle, Tallinn Entsprechend der Gesch\u00e4ftsordnung des Europa Forums ist der Europ\u00e4ische Rat das bestimmende Organ f\u00fcr die Gestaltung und Kontrolle der [&hellip;]<\/p>\n","protected":false},"author":5,"featured_media":0,"parent":0,"menu_order":0,"comment_status":"closed","ping_status":"closed","template":"page-full-width.php","meta":[],"categories":[36],"tags":[],"_links":{"self":[{"href":"https:\/\/www.europaforum2019.ee\/de\/wp-json\/wp\/v2\/pages\/2312"}],"collection":[{"href":"https:\/\/www.europaforum2019.ee\/de\/wp-json\/wp\/v2\/pages"}],"about":[{"href":"https:\/\/www.europaforum2019.ee\/de\/wp-json\/wp\/v2\/types\/page"}],"author":[{"embeddable":true,"href":"https:\/\/www.europaforum2019.ee\/de\/wp-json\/wp\/v2\/users\/5"}],"replies":[{"embeddable":true,"href":"https:\/\/www.europaforum2019.ee\/de\/wp-json\/wp\/v2\/comments?post=2312"}],"version-history":[{"count":9,"href":"https:\/\/www.europaforum2019.ee\/de\/wp-json\/wp\/v2\/pages\/2312\/revisions"}],"predecessor-version":[{"id":7801,"href":"https:\/\/www.europaforum2019.ee\/de\/wp-json\/wp\/v2\/pages\/2312\/revisions\/7801"}],"wp:attachment":[{"href":"https:\/\/www.europaforum2019.ee\/de\/wp-json\/wp\/v2\/media?parent=2312"}],"wp:term":[{"taxonomy":"category","embeddable":true,"href":"https:\/\/www.europaforum2019.ee\/de\/wp-json\/wp\/v2\/categories?post=2312"},{"taxonomy":"post_tag","embeddable":true,"href":"https:\/\/www.europaforum2019.ee\/de\/wp-json\/wp\/v2\/tags?post=2312"}],"curies":[{"name":"wp","href":"https:\/\/api.w.org\/{rel}","templated":true}]}}