{"id":2308,"date":"2018-10-12T15:14:09","date_gmt":"2018-10-12T15:14:09","guid":{"rendered":"http:\/\/www.europaforum2019.ee\/arendamisel\/?page_id=2308"},"modified":"2019-04-06T21:22:42","modified_gmt":"2019-04-06T21:22:42","slug":"supervisory-committee","status":"publish","type":"page","link":"https:\/\/www.europaforum2019.ee\/de\/supervisory-committee\/","title":{"rendered":"Aufsichtskommission"},"content":{"rendered":"<p>[vc_row css=&#8221;.vc_custom_1528724670702{background-color: #f5f3f2 !important;}&#8221;][vc_column width=&#8221;2\/3&#8243;][vc_row_inner type=&#8221;boxed&#8221;][vc_column_inner][vc_column_text]<\/p>\n<h2><strong><span style=\"color: #3c64a4;\">AUFSICHTSKOMMISSION<\/span><\/strong><\/h2>\n<p><strong><span style=\"color: #3c64a4;\">ID Heimo Potinkara, EF2019 <\/span><\/strong><span style=\"color: #3c64a4;\"><strong>Designierter Internationaler Direktor <\/strong><\/span><\/p>\n<p>Einer der aktuellen Internationalen Direktoren aus Europa, den der Internationale Pr\u00e4sident ernannte, um das Europa Forum zu beaufsichtigen. Er beginnt seine Amtszeit mit Ablauf des Forums (w\u00e4hrend des optionalen Treffens der Aufsichtskommission), das dem Forum seiner Amtszeit vorausgeht. Die Amtszeit endet mit dem Ablauf des Forums.<\/p>\n<p><strong><span style=\"color: #3c64a4;\">PID Phil Nathan,\u00a0<\/span><\/strong><span style=\"color: #3c64a4;\"><strong>EF Berater and Archivar 2017-2022 (nachstehend genannt A&amp;A) <\/strong><\/span><\/p>\n<p>Er wird von dem Europ\u00e4ischen Rat f\u00fcr f\u00fcnf Jahre gew\u00e4hlt. Seine Pflichten beinhalten die \u00dcberwachung aller gef\u00e4llten Entscheidungen und die beratende Unterst\u00fctzung der Aufsichtskommission und des Gastkomitees. Der A&amp;A verk\u00f6rpert das wache Gewissen und das Fortleben des Europa Forums. Er muss sicherstellen, dass gef\u00e4llte Entscheidungen in sp\u00e4teren Jahren ordnungsgem\u00e4ss umgesetzt werden.<\/p>\n<p><strong><span style=\"color: #3c64a4;\">PCC Peter Brandenburg, EF Buchhalter 2017-2022<br \/>\n<\/span><\/strong><\/p>\n<p>Er wird von dem Europ\u00e4ischen Rat f\u00fcr f\u00fcnf Jahre gew\u00e4hlt. Seine Pflichten umfassen die Kontrolle der Ausgaben des Forums sowie das Vergleichen dieser Ausgaben zu fr\u00fcheren Foren.[\/vc_column_text][vc_column_text]<span style=\"color: #3c64a4;\"><strong>Aufsichtskommission (AK)<\/strong><\/span><\/p>\n<p>Die Hauptaufgabe der Aufsichtskommission befasst sich mit der Beaufsichtigung der Logistik, der Administration, jeglicher finanzieller Angelegenheiten und des Inhaltes des Europa Forums. Ferner besteht die Aufgabe der Aufsichtskommission darin sicherzustellen, dass das Europa Forum mit den Vorstandsdirektiven \u00fcbereinstimmt. Die Aufsichtskommission hat folgende Funktionen:<\/p>\n<p><span style=\"color: #3c64a4;\"><strong>Mitglieder der EF2019 Aufsichtskommission: <\/strong><\/span><\/p>\n<ul>\n<li>ID Heimo Potinkara, zugewiesener Internationaler Direktor, Vorstandsvorsitzender der Aufsichtskommission des Europa Forum 2019<\/li>\n<li>PID Kalle Elster, Pr\u00e4sident EF2019<\/li>\n<li><span style=\"color: #000000;\">PID George Papas, V<\/span>izepr\u00e4sident, Pr\u00e4sident EF2020 \/ tbc<\/li>\n<li>VDG M\u00e4rt Viileberg, Programmdirektor EF2019<\/li>\n<li>PDG George Savvides, Programmdirektor EF2020 \/ tbc<\/li>\n<li>PID Phil Nathan, EF Berater &amp; Archivar<\/li>\n<\/ul>\n<p><span style=\"color: #3c64a4;\"><strong>Zu den Treffen eingeladen sind: <\/strong><\/span><\/p>\n<ul>\n<li>PCC Peter Brandenburg, EF Buchhalter<\/li>\n<li>Ingo Brookman, LEMC<\/li>\n<li>Pompillia Szellner, EF Jugend Botschafter<\/li>\n<li>Madis Sinij\u00e4rv, Generalsekret\u00e4r EF2019<\/li>\n<li>Tiina Mirka, Schatzmeister EF2019<\/li>\n<li>Anneli Pilliroog, Vorsitzende des Veranstaltungsprogramms EF2019<\/li>\n<li>Mari-Liis Vihul, Webmanager EF2019<\/li>\n<li>DG Arvi Perv, Freiwillige Helfer EF2019<\/li>\n<li>Margus Malla, Jugendaustausch EF2019<\/li>\n<li>IPDG Ragnar L\u00f5ivukene, Musikwettbewerb\u00a0EF 2019<\/li>\n<\/ul>\n<p>Die Aufsichtskommission organisiert ihre T\u00e4tigkeiten nach eigenem Ermessen und Zeitplan:<\/p>\n<ol>\n<li>SC offizielles Treffen im Oktober 2018 in Skopje EF<\/li>\n<li>SC offizielles Treffen im Februar 2019 in Tallinn<\/li>\n<\/ol>\n<p>Zu diesem Treffen werden Mitglieder des Gastkomitees je nach Relevanz und nicht auf Kosten des Gastkomitees oder des Forums eingeladen (z.B. Vorsitzender des Thomas Kuti Wettbewerbs).<\/p>\n<p>Falls der zugewiesene ID und der A&amp;A es f\u00fcr n\u00f6tig halten, kann ein weiteres Treffen mit dem Pr\u00e4sidenten des Forums und hochrangigen Kommissionsmitgliedern angesetzt werden. Die Aufsichtskommission kann sich ausserdem dazu entscheiden weitere Treffen vor Ort und vor oder nach dem Forum anzusetzen.[\/vc_column_text][\/vc_column_inner][vc_column_inner][\/vc_column_inner][\/vc_row_inner][\/vc_column][vc_column width=&#8221;1\/3&#8243;][vc_single_image image=&#8221;904&#8243; img_size=&#8221;full&#8221;][vc_column_text]ID Heimo Potinkara[\/vc_column_text][vc_single_image image=&#8221;790&#8243; img_size=&#8221;full&#8221;][vc_column_text]PID Phil Nathan[\/vc_column_text][vc_single_image image=&#8221;707&#8243; img_size=&#8221;full&#8221;][vc_column_text]PCC Peter Brandenburg[\/vc_column_text][\/vc_column][\/vc_row][vc_row css=&#8221;.vc_custom_1528789133475{background-color: #fdc924 !important;}&#8221;][vc_column][\/vc_column][\/vc_row]<\/p>\n","protected":false},"excerpt":{"rendered":"<p>[vc_row css=&#8221;.vc_custom_1528724670702{background-color: #f5f3f2 !important;}&#8221;][vc_column width=&#8221;2\/3&#8243;][vc_row_inner type=&#8221;boxed&#8221;][vc_column_inner][vc_column_text] AUFSICHTSKOMMISSION ID Heimo Potinkara, EF2019 Designierter Internationaler Direktor Einer der aktuellen Internationalen Direktoren aus Europa, den der Internationale Pr\u00e4sident ernannte, um das Europa Forum zu beaufsichtigen. Er beginnt seine Amtszeit mit Ablauf des Forums (w\u00e4hrend des optionalen Treffens der Aufsichtskommission), das dem Forum seiner Amtszeit vorausgeht. Die Amtszeit endet [&hellip;]<\/p>\n","protected":false},"author":5,"featured_media":0,"parent":0,"menu_order":0,"comment_status":"closed","ping_status":"closed","template":"page-full-width.php","meta":[],"categories":[],"tags":[],"_links":{"self":[{"href":"https:\/\/www.europaforum2019.ee\/de\/wp-json\/wp\/v2\/pages\/2308"}],"collection":[{"href":"https:\/\/www.europaforum2019.ee\/de\/wp-json\/wp\/v2\/pages"}],"about":[{"href":"https:\/\/www.europaforum2019.ee\/de\/wp-json\/wp\/v2\/types\/page"}],"author":[{"embeddable":true,"href":"https:\/\/www.europaforum2019.ee\/de\/wp-json\/wp\/v2\/users\/5"}],"replies":[{"embeddable":true,"href":"https:\/\/www.europaforum2019.ee\/de\/wp-json\/wp\/v2\/comments?post=2308"}],"version-history":[{"count":14,"href":"https:\/\/www.europaforum2019.ee\/de\/wp-json\/wp\/v2\/pages\/2308\/revisions"}],"predecessor-version":[{"id":5704,"href":"https:\/\/www.europaforum2019.ee\/de\/wp-json\/wp\/v2\/pages\/2308\/revisions\/5704"}],"wp:attachment":[{"href":"https:\/\/www.europaforum2019.ee\/de\/wp-json\/wp\/v2\/media?parent=2308"}],"wp:term":[{"taxonomy":"category","embeddable":true,"href":"https:\/\/www.europaforum2019.ee\/de\/wp-json\/wp\/v2\/categories?post=2308"},{"taxonomy":"post_tag","embeddable":true,"href":"https:\/\/www.europaforum2019.ee\/de\/wp-json\/wp\/v2\/tags?post=2308"}],"curies":[{"name":"wp","href":"https:\/\/api.w.org\/{rel}","templated":true}]}}