{"id":2301,"date":"2018-10-12T14:58:43","date_gmt":"2018-10-12T14:58:43","guid":{"rendered":"http:\/\/www.europaforum2019.ee\/arendamisel\/?page_id=2301"},"modified":"2019-09-21T16:30:01","modified_gmt":"2019-09-21T16:30:01","slug":"nuetzliches","status":"publish","type":"page","link":"https:\/\/www.europaforum2019.ee\/de\/nuetzliches\/","title":{"rendered":"Useful"},"content":{"rendered":"<p>[vc_row css=&#8221;.vc_custom_1528972718435{background-image: url(https:\/\/www.europaforum2019.ee\/wp-content\/uploads\/2018\/06\/inimesed2.jpg?id=134) !important;background-position: center !important;background-repeat: no-repeat !important;background-size: cover !important;}&#8221;][vc_column][vc_single_image image=&#8221;4341&#8243; img_size=&#8221;full&#8221; alignment=&#8221;right&#8221; el_class=&#8221;header-pilt&#8221;][\/vc_column][\/vc_row][vc_row css=&#8221;.vc_custom_1528724670702{background-color: #f5f3f2 !important;}&#8221;][vc_column][vc_row_inner type=&#8221;boxed&#8221;][vc_column_inner][vc_column_text]<strong><span style=\"color: #3c64a4;\">LIONS CLUBS INTERNATIONAL (LCI)<\/span><\/strong><\/p>\n<p>Die gr\u00f6sste Service-Club-Organisation in der ganzen Welt.<\/p>\n<p>\u00dcber 48.000 Clubs und 1,5 Millionen Mitglieder machen uns zur gr\u00f6ssten Service-Club-Organisation der Welt. Wir sind auch eine der Effektivsten.<\/p>\n<p><strong><span style=\"color: #3c64a4; font-size: 12pt;\">UNSER INTERNATIONALER PR\u00c4SIDENT<\/span><\/strong><\/p>\n<p><span style=\"font-size: 12pt;\">Der Internationale Pr\u00e4sident <span style=\"color: #000000;\"><strong>Dr. Jung-Yul Choi<\/strong><\/span> ist seit \u00fcber 40 Jahren Lion und geht mit gutem Beispiel voran. Seine Karriere und sein Leben sind von einer hohen Arbeitsmoral sowie von seinem Engagement, Unterschiede zu \u00fcberbr\u00fccken, Beziehungen zwischen Mitmenschen aufzubauen und Vielfalt zu begr\u00fc\u00dfen, um Harmonie f\u00fcr alle zu schaffen, gepr\u00e4gt.<\/span><\/p>\n<p><strong><span style=\"color: #3c64a4; font-size: 12pt;\">Durch Vielfalt mehr Gutes tun<\/span><\/strong><\/p>\n<p><span style=\"font-size: 12pt;\">Lions helfen nicht nur der Welt. Wir repr\u00e4sentieren sie. W\u00e4hrend Pr\u00e4sident Chois Jahr werden wir uns mit Clubs und engagierten Menschen auf der ganzen Welt zusammenschlie\u00dfen, denn nur gemeinsam k\u00f6nnen wir Gro\u00dfes leisten.<\/span><\/p>\n<p><strong><span style=\"color: #3c64a4; font-size: 12pt;\">Die vielen Arten, auf die wir helfen<\/span><\/strong><\/p>\n<p><span style=\"font-size: 12pt;\">Pr\u00e4sident Chois Programme und Initiativen konzentrieren sich auf vier Schl\u00fcsselelemente von Lions Clubs International, die f\u00fcr unsere Hilfsmission entscheidend sind.<\/span><\/p>\n<ol>\n<li><span style=\"font-size: 12pt;\">Die Mitgliedschaft durch Vielfalt st\u00e4rken<\/span><\/li>\n<li><span style=\"font-size: 12pt;\">Den Wirkungsbereich unserer Hilfeleistungen ausweiten<\/span><\/li>\n<li><span style=\"font-size: 12pt;\">Unsere globale Stiftung, LCIF, unterst\u00fctzen<\/span><\/li>\n<li><span style=\"font-size: 12pt;\">Jeden Lion als F\u00fchrungskraft unterst\u00fctzen<\/span><\/li>\n<\/ol>\n<p><span style=\"color: #3c64a4; font-size: 12pt;\"><a style=\"color: #3c64a4;\" href=\"https:\/\/www.europaforum2019.ee\/de\/pid-appeal\/\">Lesen Sie hier mehr<\/a>!\u00a0<\/span><\/p>\n<p><strong><span style=\"color: #3c64a4;\">LIONS CLUBS INTERNATIONAL FOUNDATION (LCIF)<\/span><\/strong><\/p>\n<p>Die LCIF arbeitet jeden Tag daran unsere Mission zu erf\u00fcllen: <strong>\u201eDie Bem\u00fchungen von \u00a0Lions Clubs und Partnern im Dienste von Gemeinden vorort und weltweit zu unterst\u00fctzen, Hoffnung zu spenden und Lebenssituationen durch humanit\u00e4re Serviceprojekte und Zusch\u00fcsse zu ver\u00e4ndern.\u201c<\/strong><\/p>\n<p>Seit unserer Gr\u00fcndung im Jahr 1968 haben wir uns darum bem\u00fcht die humanit\u00e4ren Serviceziele der Lions in der ganzen Welt zu unterst\u00fctzen. In diesem Rahmen wurden mehr als 13.000 Zusch\u00fcsse, die sich auf eine Gesamtsumme von US$1 Billion belaufen, in den vier Schl\u00fcsselbereichen Sehverm\u00f6gen, Jugend, Katastrophenhilfe und weiteren humanit\u00e4ren Anstrengungen, verteilt.<\/p>\n<p><strong><a href=\"http:\/\/www.lcif.org\/EN\/our-work\/sight\/index.php\"><span style=\"color: #3c64a4;\">Wir\u00a0<\/span><u><span style=\"color: #3c64a4;\">tragen zu verbessertem Sehverm\u00f6gen bei<\/span>.<\/u><\/a><\/strong>\u00a0 LCIF bietet Bed\u00fcrftigen auf der ganzen Welt Sehverm\u00f6gen, indem sie gegen Augenkrankheiten k\u00e4mpft, die n\u00f6tige Infrastruktur f\u00fcr die Bereitstellung von verbesserter Augenbehandlung schafft, die Anzahl ausgebildeter Augen\u00e4rzten erh\u00f6ht und Augenmedizin gerechter und nachhaltiger gestaltet.<\/p>\n<p><span style=\"color: #3c64a4;\"><strong><a style=\"color: #3c64a4;\" href=\"http:\/\/www.lcif.org\/EN\/our-work\/youth\/index.php\">Wir\u00a0<u>unterst\u00fctzen die Jugend<\/u><\/a><\/strong><\/span><strong>.<\/strong>\u00a0Alle jungen Menschen verdienen es, eine Ausbildung zu erlangen, \u00a0das Gef\u00fchl zu haben, dass man sich um sie k\u00fcmmert und \u00a0eine gesunde Entwicklung zu erleben, damit sie die M\u00f6glichkeit haben k\u00f6nnen, ihre Tr\u00e4ume zu verwirklichen. Mit Hilfe unseres <span style=\"color: #3c64a4;\"><a style=\"color: #3c64a4;\" href=\"http:\/\/www.lcif.org\/EN\/our-work\/youth\/index.php\">positiven <u>Jugendentwicklung Programms<\/u><\/a><\/span>, Lions Quest, hilft LCIF Kindern zusammen zu arbeiten, positive Entscheidungen zu treffen und ihrer Gemeinschaft zu dienen. Die Stiftung unterst\u00fctzt Jugendliche ausserdem indem sie Schulen, Jugendzentren und Ausbildungsst\u00e4tten errichtet.<\/p>\n<p><span style=\"color: #3c64a4;\"><a style=\"color: #3c64a4;\" href=\"http:\/\/www.lcif.org\/EN\/our-work\/disaster-relief\/index.php\"><strong><u>Wir bieten Katastrophenhilfe an<\/u><\/strong>.<\/a> <\/span>Lions sind meistens unter den Ersten, die nach einer Katastrophe eintreffen, um Hilfe zu leisten. Die Stiftung unterst\u00fctzt die Lions dabei direkt. Wir helfen verw\u00fcsteten Gemeinden nach Katastrophen zu \u00fcberleben und spenden Hoffnung, indem wir langfristige Anstrengungen unternehmen um Eigenheime wiederaufzubauen und Leben\u00a0 Normalit\u00e4t zu geben.<\/p>\n<p><span style=\"color: #3c64a4;\"><strong><u>Wir sprechen humanit\u00e4re Bed\u00fcrfnisse an<\/u><\/strong>. <\/span>LCIF widmet sich einer Reihe humanit\u00e4rer Serviceprojekte, die von dem Kampf gegen globale Gesundheitsprobleme, wie beispielsweise Masern oder Diabetes, bis hin zur Ermutigung von Behinderten ein unabh\u00e4ngiges und erf\u00fclltes Leben zu f\u00fchren, reichen. Die Stiftung arbeitet st\u00e4ndig daran Programme zu entwickeln und auszubauen, die weltweit entstehende Bed\u00fcrfnisse abdecken k\u00f6nnen.<\/p>\n<p><strong> E<\/strong>rfahren Sie mehr indem Sie die folgenden Links benutzen:<\/p>\n<ul>\n<li><span style=\"color: #3c64a4;\"><a style=\"color: #3c64a4;\" href=\"http:\/\/www.lionsclubs.org\/EN\/index.php\">Lions Clubs International<\/a><\/span><\/li>\n<li><span style=\"color: #3c64a4;\"><a style=\"color: #3c64a4;\" href=\"http:\/\/www.lcif.org\/EN\/index.php\">Lions Clubs International Foundation<\/a><\/span><\/li>\n<li><span style=\"color: #3c64a4;\"><a style=\"color: #3c64a4;\" href=\"http:\/\/lions100.lionsclubs.org\/EN\/\">Lions 100<\/a><\/span><\/li>\n<li><span style=\"color: #3c64a4;\"><a style=\"color: #3c64a4;\" href=\"https:\/\/www.europaforum2019.ee\/wp-content\/uploads\/2019\/02\/Rules-of-procedures-EF.pdf\">Rules of procedures Europa Forum <span style=\"font-size: 10pt;\">2019 version<\/span><\/a><\/span><\/li>\n<li><span style=\"color: #3c64a4;\"><a style=\"color: #3c64a4;\" href=\"https:\/\/www.europaforum2019.ee\/wp-content\/uploads\/2018\/09\/List-of-Europa-Forums.pdf\">List of Europa Forums<\/a><\/span><\/li>\n<li><span style=\"color: #3c64a4;\"><a style=\"color: #3c64a4;\" href=\"https:\/\/www.europaforum2019.ee\/wp-content\/uploads\/2018\/06\/History-of-the-Europa-Forum.pdf\">History of the Europa Forum<\/a><\/span><\/li>\n<\/ul>\n<p>[\/vc_column_text][\/vc_column_inner][\/vc_row_inner][\/vc_column][\/vc_row]<\/p>\n","protected":false},"excerpt":{"rendered":"<p>[vc_row css=&#8221;.vc_custom_1528972718435{background-image: url(https:\/\/www.europaforum2019.ee\/wp-content\/uploads\/2018\/06\/inimesed2.jpg?id=134) !important;background-position: center !important;background-repeat: no-repeat !important;background-size: cover !important;}&#8221;][vc_column][vc_single_image image=&#8221;4341&#8243; img_size=&#8221;full&#8221; alignment=&#8221;right&#8221; el_class=&#8221;header-pilt&#8221;][\/vc_column][\/vc_row][vc_row css=&#8221;.vc_custom_1528724670702{background-color: #f5f3f2 !important;}&#8221;][vc_column][vc_row_inner type=&#8221;boxed&#8221;][vc_column_inner][vc_column_text]LIONS CLUBS INTERNATIONAL (LCI) Die gr\u00f6sste Service-Club-Organisation in der ganzen Welt. \u00dcber 48.000 Clubs und 1,5 Millionen Mitglieder machen uns zur gr\u00f6ssten Service-Club-Organisation der Welt. Wir sind auch eine der Effektivsten. UNSER INTERNATIONALER PR\u00c4SIDENT Der Internationale Pr\u00e4sident Dr. [&hellip;]<\/p>\n","protected":false},"author":5,"featured_media":0,"parent":0,"menu_order":0,"comment_status":"closed","ping_status":"closed","template":"page-full-width.php","meta":[],"categories":[],"tags":[],"_links":{"self":[{"href":"https:\/\/www.europaforum2019.ee\/de\/wp-json\/wp\/v2\/pages\/2301"}],"collection":[{"href":"https:\/\/www.europaforum2019.ee\/de\/wp-json\/wp\/v2\/pages"}],"about":[{"href":"https:\/\/www.europaforum2019.ee\/de\/wp-json\/wp\/v2\/types\/page"}],"author":[{"embeddable":true,"href":"https:\/\/www.europaforum2019.ee\/de\/wp-json\/wp\/v2\/users\/5"}],"replies":[{"embeddable":true,"href":"https:\/\/www.europaforum2019.ee\/de\/wp-json\/wp\/v2\/comments?post=2301"}],"version-history":[{"count":22,"href":"https:\/\/www.europaforum2019.ee\/de\/wp-json\/wp\/v2\/pages\/2301\/revisions"}],"predecessor-version":[{"id":8333,"href":"https:\/\/www.europaforum2019.ee\/de\/wp-json\/wp\/v2\/pages\/2301\/revisions\/8333"}],"wp:attachment":[{"href":"https:\/\/www.europaforum2019.ee\/de\/wp-json\/wp\/v2\/media?parent=2301"}],"wp:term":[{"taxonomy":"category","embeddable":true,"href":"https:\/\/www.europaforum2019.ee\/de\/wp-json\/wp\/v2\/categories?post=2301"},{"taxonomy":"post_tag","embeddable":true,"href":"https:\/\/www.europaforum2019.ee\/de\/wp-json\/wp\/v2\/tags?post=2301"}],"curies":[{"name":"wp","href":"https:\/\/api.w.org\/{rel}","templated":true}]}}