{"id":2297,"date":"2018-10-12T14:45:28","date_gmt":"2018-10-12T14:45:28","guid":{"rendered":"http:\/\/www.europaforum2019.ee\/arendamisel\/?page_id=2297"},"modified":"2019-09-21T09:35:28","modified_gmt":"2019-09-21T09:35:28","slug":"how-to-come","status":"publish","type":"page","link":"https:\/\/www.europaforum2019.ee\/de\/how-to-come\/","title":{"rendered":"Anfahrt"},"content":{"rendered":"<p>[vc_row css=&#8221;.vc_custom_1528960138284{background-image: url(https:\/\/www.europaforum2019.ee\/wp-content\/uploads\/2018\/06\/lennujaam.jpg?id=120) !important;background-position: center !important;background-repeat: no-repeat !important;background-size: cover !important;}&#8221;][vc_column][vc_single_image image=&#8221;2989&#8243; img_size=&#8221;full&#8221; alignment=&#8221;right&#8221; el_class=&#8221;header-pilt&#8221;][\/vc_column][\/vc_row][vc_row css=&#8221;.vc_custom_1528724670702{background-color: #f5f3f2 !important;}&#8221;][vc_column][vc_row_inner type=&#8221;boxed&#8221; css=&#8221;.vc_custom_1528962681509{margin-bottom: 1em !important;}&#8221;][vc_column_inner width=&#8221;1\/2&#8243;][vc_column_text]<\/p>\n<h2 style=\"text-align: center;\"><span style=\"color: #3c64a4;\">ANFAHRT<\/span><\/h2>\n<p style=\"text-align: left;\"><strong><span style=\"color: #3c64a4;\"><img loading=\"lazy\" class=\"alignnone size-full wp-image-129\" src=\"https:\/\/www.europaforum2019.ee\/wp-content\/uploads\/2018\/06\/airplane-icon.png\" alt=\"\" width=\"49\" height=\"49\" \/>\u00a0 \u00a0 \u00a0FLUGHAFEN<\/span><\/strong><\/p>\n<p>[\/vc_column_text][vc_column_text]Wir k\u00f6nnen mit Stolz sagen, dass das Airports Council International den Flughafen von Tallinn mit dem\u00a0\u00a0<a href=\"https:\/\/www.tallinn-airport.ee\/en\/news\/tallinn-airport-is-the-best-small-airport-in-europe\/\">Best European Airport 2018 award<\/a>\u00a0 ausgezeichnet hat. Diese hohe Auszeichnung wurde in einem Wettbewerb f\u00fcr Flugh\u00e4fen mit bis zu 5 Millionen Flugg\u00e4sten erzielt. Dabei bekam Tallinn bessere Ergebnisse als die Flugh\u00e4fen von Cork, London City, Torino, Kosovo und Chi\u015fin\u0103u.<\/p>\n<p>Des weiteren: Sie werden keine andere Stadt in der Welt finden, in der sie mit der Strassenbahn vom Flughafen kostenlos in die Innenstadt in nur 20 Minuten und direkt vor Ihr offizielles Forum Hotel fahren k\u00f6nnen! Wenden Sie sich an den Willkommensstand des Europa Forums 2019 im Flughafen, um Ihr kostenloses Ticket zu erhalten!<\/p>\n<p>Weitere Informationen zum \u00f6ffentlichen Verkehr vom Flughafen k\u00f6nnen Sie auf der Webseite <a href=\"https:\/\/www.tallinn-airport.ee\/en\/transport\/leaving-the-airport\/\">Airport Web<\/a>\u00a0 finden!<\/p>\n<p>[\/vc_column_text][vc_column_text]<\/p>\n<p style=\"text-align: left;\"><strong><span style=\"color: #3c64a4;\"><img loading=\"lazy\" class=\"alignnone size-full wp-image-130\" src=\"https:\/\/www.europaforum2019.ee\/wp-content\/uploads\/2018\/06\/ship-icon.png\" alt=\"\" width=\"49\" height=\"49\" \/>\u00a0 \u00a0 \u00a0HAFEN<\/span><\/strong><\/p>\n<p>[\/vc_column_text][vc_column_text]Der Old City Harbour ist einer der gr\u00f6ssten und belebtesten Passagierh\u00e4fen im Baltikum. Zu Fuss erreicht man ihn in nur 10 bis 15 Minuten von unserem offiziellen Forum Hotel Viru aus.<br \/>\nDie F\u00e4hren der Firmen Tallink, Ecker\u00f6 Line und Viking Line legen von dem old City Harbour nach Helsinki ab. Tallink Schiffe bedienen die Route Tallinn \u2013 Stockholm und das Schiff Moby SPL bedient die Strecke Tallinn \u2013 St. Petersburg. Die Reedereien k\u00f6nnen \u00a0<a href=\"http:\/\/www.portoftallinn.com\/shipping-companies\">hier<\/a> angeschaut werden.<\/p>\n<p>[\/vc_column_text][vc_column_text]<\/p>\n<p style=\"text-align: left;\"><strong><span style=\"color: #3c64a4;\"><img loading=\"lazy\" class=\"alignnone size-full wp-image-131\" src=\"https:\/\/www.europaforum2019.ee\/wp-content\/uploads\/2018\/06\/buss-icon.png\" alt=\"\" width=\"49\" height=\"49\" \/>\u00a0 \u00a0 TRANSPORT IN TALLINN\u00a0<img loading=\"lazy\" class=\"size-thumbnail wp-image-8174 alignright\" src=\"https:\/\/www.europaforum2019.ee\/wp-content\/uploads\/2019\/09\/free-transport-150x150.png\" alt=\"\" width=\"150\" height=\"150\" srcset=\"https:\/\/www.europaforum2019.ee\/wp-content\/uploads\/2019\/09\/free-transport-150x150.png 150w, https:\/\/www.europaforum2019.ee\/wp-content\/uploads\/2019\/09\/free-transport-100x100.png 100w\" sizes=\"(max-width: 150px) 100vw, 150px\" \/><\/span><\/strong><\/p>\n<p>Der \u00f6ffentliche Personennahverkehr ist kostenlos in Tallinn, wenn Sie den EF Ausweis verwenden! Sie erhalten die ersten kostenlosen Tickets am Willkommensstand des Forums am Flughafen oder Hafen.<\/p>\n<p>Kostenlose Shuttles werden vom offiziellen EF Hotel (Viru) bereitgestellt:<\/p>\n<p><strong>3.Oktober<\/strong><br \/>\n19:00-23:00 Sokos Hotel Viru -&gt; Warm-up party\u00a0 (Kulturzentrum Tallinn) und zur\u00fcck, jede halbe stunde.<br \/>\n<strong>4.Oktober<\/strong><br \/>\n14:30-16:00 Sokos Hotel Viru -&gt; Alexela Konzerthalle, alle 15 Minuten<br \/>\n18:30-21:00 Alexela Konzerthalle -&gt; Sokos Hotel Viru, alle 15 Minuten<br \/>\n<strong>5.Oktober<\/strong><br \/>\n8:00-10:30 Sokos Hotel Viru -&gt; Alexela Konzerthalle, alle 15 Minuten<br \/>\n10:30-13:00 Alexela Konzerthalle -&gt; Sokos Hotel Viru, alle 15 Minuten<br \/>\n18:00-19:00 Sokos Hotel Viru -&gt; Galaabend (Seeflughafen), alle 10 Minuten<br \/>\n21:30-23:00 Seeflughafen -&gt; Sokos Hotel Viru, alle 15 Minuten<br \/>\n<strong>6. Oktober<\/strong><br \/>\n8:30-10:00 Sokos Hotel Viru -&gt; Alexela Konzerthalle, alle 20 Minuten<br \/>\n13:00-14:00 Sokos Hotel Viru -&gt; Closing Ceremony Alexela Concert Hall, alle 10 Minuten<br \/>\n15:30 Alexela\u00a0Konzerthalle -&gt; Viru -&gt; Hafen -&gt; Flughafen<br \/>\n16:30; 17:30, 18:30 Viru -&gt; Hafen -&gt; Flughafen<\/p>\n<p>Die offiziellen EF Hotels befinden sich direkt in der Innenstadt, lediglich 100m von der Altstadt entfernt. Zu Fuss kann man innerhalb von 5-10 Minuten zur Alexela Konzerthalle durch den Tammsaare Park laufen.[\/vc_column_text][vc_column_text]<\/p>\n<p style=\"text-align: left;\"><strong><span style=\"color: #3c64a4;\"><img loading=\"lazy\" class=\"alignnone size-full wp-image-131\" src=\"https:\/\/www.europaforum2019.ee\/wp-content\/uploads\/2018\/06\/buss-icon.png\" alt=\"\" width=\"49\" height=\"49\" \/>\u00a0 \u00a0 \u00a0SPEZIELLE TRANSPORTINFORMATIONEN<\/span><\/strong><\/p>\n<p>[\/vc_column_text][vc_column_text]Sie k\u00f6nnen einen Transfer vom Flughafen zum offiziellen Forum Hotel 20\u20ac f\u00fcr 2 personen als Teil der EF Registrierung buchen.<\/p>\n<p>Falls Sie spezielle Transportbed\u00fcrfnisse haben, wenden Sie sich bitte an unser EF Transportteam <a href=\"mailto:transport@europaforum2019.ee\">transport@europaforum2019.ee<\/a>.<\/p>\n<p>Die offizielle Autovermietungsfirma unseres Forums ist AVIS. Falls Sie einen Mietwagen w\u00e4hrend ihres Aufenthaltes in Estland buchen m\u00f6chten, nutzen Sie bitte den folgenden\u00a0<a href=\"https:\/\/eixnbeweb02.rent-at-avis.com\/avisonline\/ee-et\/IBE.nsf\/ReservationStep1!OpenForm&amp;SessionID=13DEB46EE5F6B3C2C1258326002E8738&amp;MST=3C72C33700FF3816C1258300002E5660&amp;IBEOwner=EE&amp;LNG=ET&amp;KS=Y&amp;RLS=LNG&amp;RAN=,3351446\">Buchungslink<\/a> um eine erm\u00e4ssigte Geb\u00fchr f\u00fcr die Vermietung im Rahmen des EF2019 zu erhalten. Falls Sie Hilfe mit der Buchung ben\u00f6tigen, kontaktieren Sie bitte den Avis Estonia Kundenservice per Email <a href=\"mailto:customerservice@avis.ee\">customerservice@avis.ee<\/a>.[\/vc_column_text][\/vc_column_inner][vc_column_inner width=&#8221;1\/2&#8243;][vc_single_image image=&#8221;8167&#8243; img_size=&#8221;full&#8221;][vc_gmaps link=&#8221;#E-8_JTNDaWZyYW1lJTIwc3JjJTNEJTIyaHR0cHMlM0ElMkYlMkZ3d3cuZ29vZ2xlLmNvbSUyRm1hcHMlMkZkJTJGdSUyRjAlMkZlbWJlZCUzRm1pZCUzRDFralhsOS1YNnE0cDd4aVJ4N09Lb2Y2bEJFMjdHN1FjXyUyMiUyMHdpZHRoJTNEJTIyNjQwJTIyJTIwaGVpZ2h0JTNEJTIyNDgwJTIyJTNFJTNDJTJGaWZyYW1lJTNF&#8221;][vc_separator][vc_single_image image=&#8221;336&#8243; img_size=&#8221;full&#8221; onclick=&#8221;custom_link&#8221; link=&#8221;https:\/\/www.tallinn-airport.ee\/en\/flight-info\/destinations\/&#8221;][\/vc_column_inner][\/vc_row_inner][\/vc_column][\/vc_row][vc_row css=&#8221;.vc_custom_1528789133475{background-color: #fdc924 !important;}&#8221;][vc_column][\/vc_column][\/vc_row][vc_row css=&#8221;.vc_custom_1528724670702{background-color: #f5f3f2 !important;}&#8221;][vc_column][vc_row_inner type=&#8221;boxed&#8221;][vc_column_inner][vc_column_text]<strong><span style=\"color: #3c64a4;\">SPONSOREN<\/span><\/strong>[\/vc_column_text][\/vc_column_inner][\/vc_row_inner][vc_row_inner type=&#8221;boxed&#8221;][vc_column_inner width=&#8221;1\/4&#8243;][vc_single_image image=&#8221;77&#8243; img_size=&#8221;full&#8221; alignment=&#8221;center&#8221;][\/vc_column_inner][vc_column_inner width=&#8221;1\/4&#8243;][vc_single_image image=&#8221;4969&#8243; img_size=&#8221;full&#8221; alignment=&#8221;center&#8221;][\/vc_column_inner][vc_column_inner width=&#8221;1\/4&#8243;][vc_single_image image=&#8221;4985&#8243; img_size=&#8221;full&#8221; alignment=&#8221;center&#8221;][\/vc_column_inner][vc_column_inner width=&#8221;1\/4&#8243;][vc_single_image image=&#8221;8157&#8243;][\/vc_column_inner][\/vc_row_inner][\/vc_column][\/vc_row]<\/p>\n","protected":false},"excerpt":{"rendered":"<p>[vc_row css=&#8221;.vc_custom_1528960138284{background-image: url(https:\/\/www.europaforum2019.ee\/wp-content\/uploads\/2018\/06\/lennujaam.jpg?id=120) !important;background-position: center !important;background-repeat: no-repeat !important;background-size: cover !important;}&#8221;][vc_column][vc_single_image image=&#8221;2989&#8243; img_size=&#8221;full&#8221; alignment=&#8221;right&#8221; el_class=&#8221;header-pilt&#8221;][\/vc_column][\/vc_row][vc_row css=&#8221;.vc_custom_1528724670702{background-color: #f5f3f2 !important;}&#8221;][vc_column][vc_row_inner type=&#8221;boxed&#8221; css=&#8221;.vc_custom_1528962681509{margin-bottom: 1em !important;}&#8221;][vc_column_inner width=&#8221;1\/2&#8243;][vc_column_text] ANFAHRT \u00a0 \u00a0 \u00a0FLUGHAFEN [\/vc_column_text][vc_column_text]Wir k\u00f6nnen mit Stolz sagen, dass das Airports Council International den Flughafen von Tallinn mit dem\u00a0\u00a0Best European Airport 2018 award\u00a0 ausgezeichnet hat. Diese hohe Auszeichnung wurde in einem Wettbewerb [&hellip;]<\/p>\n","protected":false},"author":5,"featured_media":0,"parent":0,"menu_order":0,"comment_status":"closed","ping_status":"closed","template":"page-full-width.php","meta":[],"categories":[],"tags":[],"_links":{"self":[{"href":"https:\/\/www.europaforum2019.ee\/de\/wp-json\/wp\/v2\/pages\/2297"}],"collection":[{"href":"https:\/\/www.europaforum2019.ee\/de\/wp-json\/wp\/v2\/pages"}],"about":[{"href":"https:\/\/www.europaforum2019.ee\/de\/wp-json\/wp\/v2\/types\/page"}],"author":[{"embeddable":true,"href":"https:\/\/www.europaforum2019.ee\/de\/wp-json\/wp\/v2\/users\/5"}],"replies":[{"embeddable":true,"href":"https:\/\/www.europaforum2019.ee\/de\/wp-json\/wp\/v2\/comments?post=2297"}],"version-history":[{"count":26,"href":"https:\/\/www.europaforum2019.ee\/de\/wp-json\/wp\/v2\/pages\/2297\/revisions"}],"predecessor-version":[{"id":8189,"href":"https:\/\/www.europaforum2019.ee\/de\/wp-json\/wp\/v2\/pages\/2297\/revisions\/8189"}],"wp:attachment":[{"href":"https:\/\/www.europaforum2019.ee\/de\/wp-json\/wp\/v2\/media?parent=2297"}],"wp:term":[{"taxonomy":"category","embeddable":true,"href":"https:\/\/www.europaforum2019.ee\/de\/wp-json\/wp\/v2\/categories?post=2297"},{"taxonomy":"post_tag","embeddable":true,"href":"https:\/\/www.europaforum2019.ee\/de\/wp-json\/wp\/v2\/tags?post=2297"}],"curies":[{"name":"wp","href":"https:\/\/api.w.org\/{rel}","templated":true}]}}