{"id":2278,"date":"2018-10-12T14:26:36","date_gmt":"2018-10-12T14:26:36","guid":{"rendered":"http:\/\/www.europaforum2019.ee\/arendamisel\/?page_id=2278"},"modified":"2019-09-21T16:33:46","modified_gmt":"2019-09-21T16:33:46","slug":"premises_and_hotels","status":"publish","type":"page","link":"https:\/\/www.europaforum2019.ee\/de\/premises_and_hotels\/","title":{"rendered":"R\u00e4umlichkeiten und Hotels"},"content":{"rendered":"<p>[vc_row css=&#8221;.vc_custom_1528724670702{background-color: #f5f3f2 !important;}&#8221;][vc_column width=&#8221;1\/6&#8243;][\/vc_column][vc_column width=&#8221;2\/3&#8243;][vc_column_text]<\/p>\n<h2 style=\"text-align: center;\"><span style=\"color: #3c64a4;\"><strong>R\u00c4UMLICHKEITEN UND HOTELS<\/strong><\/span><\/h2>\n<p>[\/vc_column_text][\/vc_column][vc_column width=&#8221;1\/6&#8243;][\/vc_column][\/vc_row][vc_row css=&#8221;.vc_custom_1528724670702{background-color: #f5f3f2 !important;}&#8221;][vc_column][vc_row_inner type=&#8221;boxed&#8221;][vc_column_inner][vc_column_text]<\/p>\n<p style=\"text-align: center;\"><span style=\"color: #3c64a4;\"><strong><a href=\"http:\/\/kontserdimaja.ee\/en\/galerii\/\">Alexela Konzerthalle<\/a> <\/strong><\/span>(1800 Sitzpl\u00e4tze, Synchron\u00fcbersetzung)<\/p>\n<ul style=\"text-align: center;\">\n<li>Er\u00f6ffnungs- &amp; Abschlussfeier<\/li>\n<li>Get Together &amp; Host Night<\/li>\n<li>Europ\u00e4ischer Rat I&amp;II<\/li>\n<li>IP trifft Lions<\/li>\n<\/ul>\n<p style=\"text-align: center;\"><u><img loading=\"lazy\" class=\"alignnone size-medium wp-image-396\" src=\"https:\/\/www.europaforum2019.ee\/wp-content\/uploads\/2018\/07\/Nordea-saal-300x203.png\" alt=\"\" width=\"300\" height=\"203\" srcset=\"https:\/\/www.europaforum2019.ee\/wp-content\/uploads\/2018\/07\/Nordea-saal-300x203.png 300w, https:\/\/www.europaforum2019.ee\/wp-content\/uploads\/2018\/07\/Nordea-saal.png 340w\" sizes=\"(max-width: 300px) 100vw, 300px\" \/><\/u><\/p>\n<p style=\"text-align: center;\"><span style=\"color: #3c64a4;\"><strong>Konferenzzentren und offizielle Hotels <\/strong><\/span>(783 R\u00e4ume)<\/p>\n<ul style=\"text-align: center;\">\n<li><a href=\"https:\/\/www.nordichotels.eu\/\">Nordic Hotel Forum<\/a> (Hauptquartier)<\/li>\n<\/ul>\n<p style=\"text-align: center;\"><u><u><img loading=\"lazy\" class=\"alignnone size-medium wp-image-388 aligncenter\" src=\"https:\/\/www.europaforum2019.ee\/wp-content\/uploads\/2018\/07\/Foorumhotell-300x203.png\" alt=\"\" width=\"300\" height=\"203\" srcset=\"https:\/\/www.europaforum2019.ee\/wp-content\/uploads\/2018\/07\/Foorumhotell-300x203.png 300w, https:\/\/www.europaforum2019.ee\/wp-content\/uploads\/2018\/07\/Foorumhotell.png 340w\" sizes=\"(max-width: 300px) 100vw, 300px\" \/><\/u><\/u><\/p>\n<ul style=\"text-align: center;\">\n<li><a href=\"https:\/\/www.sokoshotels.fi\/en\/tallinn\/sokos-hotel-viru\">Sokos Hotel Viru<\/a> &amp; Estoria<\/li>\n<\/ul>\n<p style=\"text-align: center;\"><u><u><img loading=\"lazy\" class=\"alignnone size-medium wp-image-398\" src=\"https:\/\/www.europaforum2019.ee\/wp-content\/uploads\/2018\/07\/viru-300x203.png\" alt=\"\" width=\"300\" height=\"203\" srcset=\"https:\/\/www.europaforum2019.ee\/wp-content\/uploads\/2018\/07\/viru-300x203.png 300w, https:\/\/www.europaforum2019.ee\/wp-content\/uploads\/2018\/07\/viru.png 340w\" sizes=\"(max-width: 300px) 100vw, 300px\" \/><\/u><\/u><\/p>\n<p style=\"text-align: center;\">Warm Up party im\u00a0\u00a0<a href=\"https:\/\/kultuurikatel.ee\/virtuaaltuur\/en.html\"><strong><span style=\"color: #3c64a4;\">Kulturzentrum Tallinn<\/span><\/strong><\/a>\u00a0 (max 1200):<\/p>\n<p style=\"text-align: center;\"><img loading=\"lazy\" class=\"alignnone size-medium wp-image-391\" src=\"https:\/\/www.europaforum2019.ee\/wp-content\/uploads\/2018\/07\/kultuurikatel-300x203.png\" alt=\"\" width=\"300\" height=\"203\" srcset=\"https:\/\/www.europaforum2019.ee\/wp-content\/uploads\/2018\/07\/kultuurikatel-300x203.png 300w, https:\/\/www.europaforum2019.ee\/wp-content\/uploads\/2018\/07\/kultuurikatel.png 340w\" sizes=\"(max-width: 300px) 100vw, 300px\" \/><\/p>\n<p style=\"text-align: center;\">Galaabend am\u00a0\u00a0<a href=\"http:\/\/meremuuseum.ee\/lennusadam\/en\/gallery\/videos\/events-in-seaplane-harbour\/\"><span style=\"color: #3c64a4;\"><strong>Seaplane <span style=\"color: #3c64a4;\">Harbour<\/span><\/strong><\/span><\/a>\u00a0 (max 700):<\/p>\n<p style=\"text-align: center;\"><img loading=\"lazy\" class=\"alignnone size-medium wp-image-392\" src=\"https:\/\/www.europaforum2019.ee\/wp-content\/uploads\/2018\/07\/Lennusadam-seest-300x203.png\" alt=\"\" width=\"300\" height=\"203\" srcset=\"https:\/\/www.europaforum2019.ee\/wp-content\/uploads\/2018\/07\/Lennusadam-seest-300x203.png 300w, https:\/\/www.europaforum2019.ee\/wp-content\/uploads\/2018\/07\/Lennusadam-seest.png 340w\" sizes=\"(max-width: 300px) 100vw, 300px\" \/><\/p>\n<p style=\"text-align: center;\">Musikwettbewerb an der\u00a0\u00a0<strong><span style=\"color: #3c64a4;\"><a href=\"http:\/\/www.ema.edu.ee\/en\/\">Estonian Academy of Music and Theatre<\/a>:<\/span><\/strong><\/p>\n<p><img loading=\"lazy\" class=\"alignnone size-medium wp-image-615 aligncenter\" src=\"https:\/\/www.europaforum2019.ee\/wp-content\/uploads\/2018\/09\/EMTA-kodukale-300x203.jpg\" alt=\"\" width=\"300\" height=\"203\" srcset=\"https:\/\/www.europaforum2019.ee\/wp-content\/uploads\/2018\/09\/EMTA-kodukale-300x203.jpg 300w, https:\/\/www.europaforum2019.ee\/wp-content\/uploads\/2018\/09\/EMTA-kodukale.jpg 340w\" sizes=\"(max-width: 300px) 100vw, 300px\" \/>[\/vc_column_text][\/vc_column_inner][\/vc_row_inner][\/vc_column][\/vc_row]<\/p>\n","protected":false},"excerpt":{"rendered":"<p>[vc_row css=&#8221;.vc_custom_1528724670702{background-color: #f5f3f2 !important;}&#8221;][vc_column width=&#8221;1\/6&#8243;][\/vc_column][vc_column width=&#8221;2\/3&#8243;][vc_column_text] R\u00c4UMLICHKEITEN UND HOTELS [\/vc_column_text][\/vc_column][vc_column width=&#8221;1\/6&#8243;][\/vc_column][\/vc_row][vc_row css=&#8221;.vc_custom_1528724670702{background-color: #f5f3f2 !important;}&#8221;][vc_column][vc_row_inner type=&#8221;boxed&#8221;][vc_column_inner][vc_column_text] Alexela Konzerthalle (1800 Sitzpl\u00e4tze, Synchron\u00fcbersetzung) Er\u00f6ffnungs- &amp; Abschlussfeier Get Together &amp; Host Night Europ\u00e4ischer Rat I&amp;II IP trifft Lions Konferenzzentren und offizielle Hotels (783 R\u00e4ume) Nordic Hotel Forum (Hauptquartier) Sokos Hotel Viru &amp; Estoria Warm Up party im\u00a0\u00a0Kulturzentrum Tallinn\u00a0 (max [&hellip;]<\/p>\n","protected":false},"author":5,"featured_media":0,"parent":0,"menu_order":0,"comment_status":"closed","ping_status":"closed","template":"page-full-width.php","meta":[],"categories":[36],"tags":[],"_links":{"self":[{"href":"https:\/\/www.europaforum2019.ee\/de\/wp-json\/wp\/v2\/pages\/2278"}],"collection":[{"href":"https:\/\/www.europaforum2019.ee\/de\/wp-json\/wp\/v2\/pages"}],"about":[{"href":"https:\/\/www.europaforum2019.ee\/de\/wp-json\/wp\/v2\/types\/page"}],"author":[{"embeddable":true,"href":"https:\/\/www.europaforum2019.ee\/de\/wp-json\/wp\/v2\/users\/5"}],"replies":[{"embeddable":true,"href":"https:\/\/www.europaforum2019.ee\/de\/wp-json\/wp\/v2\/comments?post=2278"}],"version-history":[{"count":23,"href":"https:\/\/www.europaforum2019.ee\/de\/wp-json\/wp\/v2\/pages\/2278\/revisions"}],"predecessor-version":[{"id":8340,"href":"https:\/\/www.europaforum2019.ee\/de\/wp-json\/wp\/v2\/pages\/2278\/revisions\/8340"}],"wp:attachment":[{"href":"https:\/\/www.europaforum2019.ee\/de\/wp-json\/wp\/v2\/media?parent=2278"}],"wp:term":[{"taxonomy":"category","embeddable":true,"href":"https:\/\/www.europaforum2019.ee\/de\/wp-json\/wp\/v2\/categories?post=2278"},{"taxonomy":"post_tag","embeddable":true,"href":"https:\/\/www.europaforum2019.ee\/de\/wp-json\/wp\/v2\/tags?post=2278"}],"curies":[{"name":"wp","href":"https:\/\/api.w.org\/{rel}","templated":true}]}}