{"id":2266,"date":"2018-10-12T13:52:05","date_gmt":"2018-10-12T13:52:05","guid":{"rendered":"http:\/\/www.europaforum2019.ee\/arendamisel\/?page_id=2266"},"modified":"2019-09-24T12:56:47","modified_gmt":"2019-09-24T12:56:47","slug":"whats-up","status":"publish","type":"page","link":"https:\/\/www.europaforum2019.ee\/de\/whats-up\/","title":{"rendered":"What&#8217;s Up"},"content":{"rendered":"<p>[vc_row css=&#8221;.vc_custom_1528958667784{background-image: url(https:\/\/www.europaforum2019.ee\/wp-content\/uploads\/2018\/06\/inimesed.jpg?id=114) !important;background-position: center !important;background-repeat: no-repeat !important;background-size: cover !important;}&#8221;][vc_column][vc_single_image image=&#8221;8491&#8243; img_size=&#8221;full&#8221; alignment=&#8221;right&#8221; onclick=&#8221;custom_link&#8221; el_class=&#8221;header-pilt&#8221; link=&#8221;https:\/\/www.europaforum2019.ee\/de\/general_program_and_premises\/&#8221;][\/vc_column][\/vc_row][vc_row css=&#8221;.vc_custom_1528724670702{background-color: #f5f3f2 !important;}&#8221;][vc_column][vc_row_inner type=&#8221;boxed&#8221;][vc_column_inner width=&#8221;1\/3&#8243;][vc_single_image image=&#8221;400&#8243; img_size=&#8221;full&#8221; onclick=&#8221;custom_link&#8221; link=&#8221;https:\/\/www.europaforum2019.ee\/general_program_and_premises\/&#8221;][vc_column_text]<\/p>\n<p style=\"text-align: center;\"><a href=\"https:\/\/www.europaforum2019.ee\/de\/2278-2\/\"><strong><span style=\"color: #3c64a4;\"><span style=\"text-decoration: underline;\">IDEENMARKT<\/span><\/span><\/strong><\/a><\/p>\n<p>[\/vc_column_text][vc_column_text]\u201cKreative Ideen, offene Innovation\u201d, sagt unser Forumspatron von Estland, stellvertretende Generaldirektorin Fr.\u00a0<span style=\"color: #3c64a4;\"><a style=\"color: #3c64a4;\" href=\"https:\/\/www.europaforum2019.ee\/wp-content\/uploads\/2018\/10\/Signe-Ratso-GER.pdf\">Signe Ratso<\/a><\/span> von der Europ\u00e4ischen Kommission. Sie werden eine Menge M\u00f6glichkeiten haben, Ideen zu gewinnen und diese vorzustellen \u2013 gemeinsam werden wir ein fantastisches Brainstorming haben. Wir werden ausserdem eine Toolbox f\u00fcr die European Lions Auffrischung erstellen. Die Hauptthemen der Workshops sind:<\/p>\n<p><strong>\u2022 Nachhaltige Kreislaufwirtschaft<\/strong><br \/>\n<strong>\u2022 Gesunde Jugend \u2013 Basis f\u00fcr eine europ\u00e4ische Gesellschaft<\/strong><br \/>\n<strong>\u2022 E-Lion \u2013 Cyber-L\u00f6sungen der Lions<br \/>\n<\/strong><\/p>\n<p>Um nicht nur zu reden w\u00e4hrend unseres Charity-Forums, sondern auch einen Schritt weiterzugehen, haben wir uns dazu entschieden zur Ausbildungsfinanzierung von zw\u00f6lf Diabetes Assistenzhunden f\u00fcr junge Leute mit Typ I Diabetes beizusteuern. Sie k\u00f6nnen Teil dieses Projektes werden indem Sie w\u00e4hrend der EF Registrierung spenden. Die Assistenzhunde werden von uns gemeinsam den jungen Leuten w\u00e4hrend der Abschlussfeier am Sonntag, dem 6. Oktober, \u00fcbergeben.<\/p>\n<p>W\u00e4hrend das <span style=\"color: #3c64a4;\"><strong><u><a style=\"color: #3c64a4;\" href=\"https:\/\/www.europaforum2019.ee\/de\/2278-2\/\">program<\/a>m<\/u><\/strong><\/span>\u00a0 weiter entwickelt wird, gibt es gen\u00fcgend Gr\u00fcnde unsere Webseite von Zeit zu Zeit zu besuchen.<\/p>\n<p>[\/vc_column_text][\/vc_column_inner][vc_column_inner width=&#8221;1\/3&#8243;][vc_images_carousel images=&#8221;254,416,392,391,574&#8243; img_size=&#8221;full&#8221; onclick=&#8221;link_no&#8221; autoplay=&#8221;yes&#8221; hide_pagination_control=&#8221;yes&#8221; hide_prev_next_buttons=&#8221;yes&#8221; wrap=&#8221;yes&#8221; css_animation=&#8221;zoomIn&#8221; el_class=&#8221;slider&#8221;][vc_column_text]<\/p>\n<p style=\"text-align: center;\"><span style=\"text-decoration: underline;\"><a href=\"https:\/\/www.europaforum2019.ee\/fun_program\"><strong><span style=\"color: #3c64a4; text-decoration: underline;\">FUN<\/span><\/strong><\/a><\/span><\/p>\n<p>[\/vc_column_text][vc_column_text]Wir starten unser FUN Programm am 3. Oktober mit der <strong>Charity Warm-up Party<\/strong> \u201eWache halten!\u201c im Kulturzentrum von Tallinn, um uns mental auf drei kreative und inspirierende Tage einzustimmen.<\/p>\n<p>Wir hoffen, dass wir am Freitag alle unsere Lion Freunde in Tallinn sehen werden, um das Forum mit einer <strong>Parade der Nationen<\/strong> von den offiziellen Hotels des Forums \u201eViru\u201c und \u201eForum\u201c bis zur Alexela Konzerthalle, wo das <strong>Get Together und die Host Nigh<\/strong>t stattfinden werden, tatkr\u00e4ftig zu unterst\u00fctzen.<br \/>\nSamstag, 5. Oktober:<br \/>\nDer Galaabend am Seeflughafen ist definitiv die angesagteste Veranstaltung, da dies der einzige Ort der Welt ist, wo man sein vorz\u00fcgliches Abendessen und eine aufregende Show mit seinen besten Lion Freunden direkt neben einem echten U-Boot geniessen kann.<\/p>\n<p>Am Sonntag werden wir das offizielle Programm des Forums in Tallinn langsam abschliessen. Das ist der perfekte Zeitpunkt, um an einer der Touren unserer Partner teilzunehmen. Seien Sie dabei![\/vc_column_text][\/vc_column_inner][vc_column_inner width=&#8221;1\/3&#8243;][vc_single_image image=&#8221;394&#8243; img_size=&#8221;full&#8221; onclick=&#8221;custom_link&#8221; link=&#8221;https:\/\/www.europaforum2019.ee\/european_council\/&#8221;][vc_column_text]<\/p>\n<p style=\"text-align: center;\"><span style=\"text-decoration: underline;\"><a href=\"https:\/\/www.europaforum2019.ee\/de\/european-council\/\"><strong><span style=\"color: #3c64a4; text-decoration: underline;\">EUROP\u00c4ISCHER RAT<\/span><\/strong><\/a><\/span><\/p>\n<p>[\/vc_column_text][vc_column_text]Laut der Gesch\u00e4ftsordnung des Europa Forums ist der Europ\u00e4ische Rat das Organ f\u00fcr die Gestaltung und die Kontrolle der Forumspolitik.<\/p>\n<p>Die Agenda f\u00fcr die Ratstreffen wird von dem Pr\u00e4sidenten des Forums basierend auf den Beschlussvorschl\u00e4gen, die von den Mitgliedern des Aufsichtskommission eingegangen sind, und dem Treffen der Aufsichtskommission im Februar festgelegt.<\/p>\n<p>\u2022 Beschlussvorschl\u00e4ge sollten auf Englisch bis zum 15. Juni 2019 zugesandt werden.<\/p>\n<p>\u2022 Der Pr\u00e4sident des Forums wird die Beschlussvorschl\u00e4ge sp\u00e4testens am 31. Juli 2019 ver\u00f6ffentlichen.<\/p>\n<p>Dieser Teil wird daher zusammen mit der fertigen Agenda im Juli 2019 aktualisiert.[\/vc_column_text][\/vc_column_inner][\/vc_row_inner][vc_row_inner type=&#8221;boxed&#8221;][vc_column_inner width=&#8221;1\/3&#8243;][vc_single_image image=&#8221;402&#8243; img_size=&#8221;full&#8221; onclick=&#8221;custom_link&#8221; link=&#8221;https:\/\/www.europaforum2019.ee\/music-competition-2\/&#8221;][vc_column_text]<\/p>\n<p style=\"text-align: center;\"><a href=\"https:\/\/www.europaforum2019.ee\/de\/music-competition\/\"><strong><span style=\"color: #3c64a4;\"><span style=\"text-decoration: underline;\">MUSIKWETTBEWERB<\/span><\/span><\/strong><\/a><\/p>\n<p>[\/vc_column_text][vc_column_text]Der Europ\u00e4ische Lions Musikwettbewerb (LEMC) wurde 1980 im Anschluss an eine Initiative des franz\u00f6sischen Lions Thomas Kuti gegr\u00fcndet. Die Veranstaltung wird jedes Jahr w\u00e4hrend des Europa Forums ausgetragen. Jedes Jahr wird ein anderes Instrument nominiert. Der 28. LEMC in Tallinn ist der KLASSISCHEN GITARRE gewidmet. [\/vc_column_text][\/vc_column_inner][vc_column_inner width=&#8221;1\/3&#8243;][vc_single_image image=&#8221;271&#8243; img_size=&#8221;full&#8221; onclick=&#8221;custom_link&#8221; link=&#8221;https:\/\/www.europaforum2019.ee\/young_ambassador_competition\/&#8221;][vc_column_text]<\/p>\n<p style=\"text-align: center;\"><span style=\"text-decoration: underline;\"><a href=\"https:\/\/www.europaforum2019.ee\/de\/young-ambassador-competition\/\"><span style=\"color: #3c64a4;\"><strong>WETTBEWERB DER JUNGEN BOTSHAFTER<\/strong><\/span><\/a><\/span><\/p>\n<p>[\/vc_column_text][vc_column_text]Der Wettbewerb der jungen Botschafter verfolgt zwei Hauptziele:<\/p>\n<p>\u2022 Junge Leute, die sich aktiv an gemeinn\u00fctziger Wohlfahrt engagieren zu erkennen, zu ermutigen und zu f\u00f6rdern<\/p>\n<p>\u2022 Die Service Aktivit\u00e4ten und das Profil der Lions zu verbessern[\/vc_column_text][\/vc_column_inner][vc_column_inner width=&#8221;1\/3&#8243;][vc_single_image image=&#8221;109&#8243; img_size=&#8221;full&#8221; onclick=&#8221;custom_link&#8221; link=&#8221;https:\/\/www.europaforum2019.ee\/tours\/&#8221;][vc_column_text]<\/p>\n<p style=\"text-align: center;\"><span style=\"text-decoration: underline;\"><a href=\"https:\/\/www.europaforum2019.ee\/de\/tours\/\"><strong><span style=\"color: #3c64a4; text-decoration: underline;\">TOUREN<\/span><\/strong><\/a><\/span><\/p>\n<p>[\/vc_column_text][vc_column_text]Wir haben die besten Dinge f\u00fcr Sie herausgesucht, um einen schnellen \u00dcberblick \u00fcber unser kleines, sch\u00f6nes Land zu gewinnen und sogar einen Abstecher zu unseren Nachbarl\u00e4ndern zu machen. Sie k\u00f6nnen kurze und spannende Stadttouren durch unsere Altstadt ausw\u00e4hlen, die Studios unserer beliebtesten Designer besuchen, das Forum mit einer kleinen Reise durch Estland nach Tartu starten oder das Forum mit einer Tour nach St. Petersburg, Riga oder Vilnius beenden.<\/p>\n<p>Nehmen Sie sich einige Minuten Zeit und schauen Sie sich unsere <a href=\"https:\/\/www.europaforum2019.ee\/de\/tours\/\">Angebote<\/a>\u00a0 an![\/vc_column_text][\/vc_column_inner][\/vc_row_inner][\/vc_column][\/vc_row][vc_row css=&#8221;.vc_custom_1528789133475{background-color: #fdc924 !important;}&#8221;][vc_column][\/vc_column][\/vc_row][vc_row css=&#8221;.vc_custom_1528724670702{background-color: #f5f3f2 !important;}&#8221;][vc_column][vc_row_inner type=&#8221;boxed&#8221;][vc_column_inner][vc_column_text]<strong><span style=\"color: #3c64a4;\">SPONSOREN<\/span><\/strong>[\/vc_column_text][\/vc_column_inner][\/vc_row_inner][vc_row_inner type=&#8221;boxed&#8221;][vc_column_inner width=&#8221;1\/4&#8243;][vc_single_image image=&#8221;77&#8243; img_size=&#8221;full&#8221; alignment=&#8221;center&#8221;][\/vc_column_inner][vc_column_inner width=&#8221;1\/4&#8243;][vc_single_image image=&#8221;4969&#8243; img_size=&#8221;full&#8221; alignment=&#8221;center&#8221;][\/vc_column_inner][vc_column_inner width=&#8221;1\/4&#8243;][vc_single_image image=&#8221;4985&#8243; img_size=&#8221;full&#8221; alignment=&#8221;center&#8221;][\/vc_column_inner][vc_column_inner width=&#8221;1\/4&#8243;][\/vc_column_inner][\/vc_row_inner][\/vc_column][\/vc_row]<\/p>\n","protected":false},"excerpt":{"rendered":"<p>[vc_row css=&#8221;.vc_custom_1528958667784{background-image: url(https:\/\/www.europaforum2019.ee\/wp-content\/uploads\/2018\/06\/inimesed.jpg?id=114) !important;background-position: center !important;background-repeat: no-repeat !important;background-size: cover !important;}&#8221;][vc_column][vc_single_image image=&#8221;8491&#8243; img_size=&#8221;full&#8221; alignment=&#8221;right&#8221; onclick=&#8221;custom_link&#8221; el_class=&#8221;header-pilt&#8221; link=&#8221;https:\/\/www.europaforum2019.ee\/de\/general_program_and_premises\/&#8221;][\/vc_column][\/vc_row][vc_row css=&#8221;.vc_custom_1528724670702{background-color: #f5f3f2 !important;}&#8221;][vc_column][vc_row_inner type=&#8221;boxed&#8221;][vc_column_inner width=&#8221;1\/3&#8243;][vc_single_image image=&#8221;400&#8243; img_size=&#8221;full&#8221; onclick=&#8221;custom_link&#8221; link=&#8221;https:\/\/www.europaforum2019.ee\/general_program_and_premises\/&#8221;][vc_column_text] IDEENMARKT [\/vc_column_text][vc_column_text]\u201cKreative Ideen, offene Innovation\u201d, sagt unser Forumspatron von Estland, stellvertretende Generaldirektorin Fr.\u00a0Signe Ratso von der Europ\u00e4ischen Kommission. Sie werden eine Menge M\u00f6glichkeiten haben, Ideen zu gewinnen und diese vorzustellen [&hellip;]<\/p>\n","protected":false},"author":5,"featured_media":0,"parent":0,"menu_order":0,"comment_status":"closed","ping_status":"closed","template":"page-full-width.php","meta":[],"categories":[36],"tags":[],"_links":{"self":[{"href":"https:\/\/www.europaforum2019.ee\/de\/wp-json\/wp\/v2\/pages\/2266"}],"collection":[{"href":"https:\/\/www.europaforum2019.ee\/de\/wp-json\/wp\/v2\/pages"}],"about":[{"href":"https:\/\/www.europaforum2019.ee\/de\/wp-json\/wp\/v2\/types\/page"}],"author":[{"embeddable":true,"href":"https:\/\/www.europaforum2019.ee\/de\/wp-json\/wp\/v2\/users\/5"}],"replies":[{"embeddable":true,"href":"https:\/\/www.europaforum2019.ee\/de\/wp-json\/wp\/v2\/comments?post=2266"}],"version-history":[{"count":22,"href":"https:\/\/www.europaforum2019.ee\/de\/wp-json\/wp\/v2\/pages\/2266\/revisions"}],"predecessor-version":[{"id":8526,"href":"https:\/\/www.europaforum2019.ee\/de\/wp-json\/wp\/v2\/pages\/2266\/revisions\/8526"}],"wp:attachment":[{"href":"https:\/\/www.europaforum2019.ee\/de\/wp-json\/wp\/v2\/media?parent=2266"}],"wp:term":[{"taxonomy":"category","embeddable":true,"href":"https:\/\/www.europaforum2019.ee\/de\/wp-json\/wp\/v2\/categories?post=2266"},{"taxonomy":"post_tag","embeddable":true,"href":"https:\/\/www.europaforum2019.ee\/de\/wp-json\/wp\/v2\/tags?post=2266"}],"curies":[{"name":"wp","href":"https:\/\/api.w.org\/{rel}","templated":true}]}}