{"id":1696,"date":"2018-10-04T12:09:52","date_gmt":"2018-10-04T12:09:52","guid":{"rendered":"http:\/\/www.europaforum2019.ee\/arendamisel\/?page_id=1696"},"modified":"2019-09-24T12:53:34","modified_gmt":"2019-09-24T12:53:34","slug":"forum-2019","status":"publish","type":"page","link":"https:\/\/www.europaforum2019.ee\/de\/","title":{"rendered":"Forum 2019"},"content":{"rendered":"<p>[vc_row css=&#8221;.vc_custom_1534252423179{background-image: url(https:\/\/www.europaforum2019.ee\/wp-content\/uploads\/2018\/08\/Vanalinn.jpg?id=445) !important;background-position: center !important;background-repeat: no-repeat !important;background-size: cover !important;}&#8221;][vc_column][vc_single_image image=&#8221;8491&#8243; img_size=&#8221;full&#8221; alignment=&#8221;right&#8221; onclick=&#8221;custom_link&#8221; el_class=&#8221;header-pilt&#8221; link=&#8221;https:\/\/www.europaforum2019.ee\/de\/program\/&#8221;][\/vc_column][\/vc_row][vc_row css=&#8221;.vc_custom_1528978886787{padding-bottom: 2em !important;}&#8221;][vc_column width=&#8221;1\/2&#8243;][vc_video link=&#8221;https:\/\/www.youtube.com\/watch?v=YrFj24Y7VgU&#8221; align=&#8221;right&#8221;][\/vc_column][vc_column width=&#8221;1\/2&#8243;][vc_video link=&#8221;https:\/\/www.youtube.com\/watch?v=FgEEH02B8kg&#8221;][\/vc_column][\/vc_row][vc_row css=&#8221;.vc_custom_1528978886787{padding-bottom: 2em !important;}&#8221;][vc_column][vc_row_inner type=&#8221;boxed&#8221;][vc_column_inner width=&#8221;1\/3&#8243;][vc_images_carousel images=&#8221;403,389,397,250,108&#8243; img_size=&#8221;full&#8221; onclick=&#8221;link_no&#8221; autoplay=&#8221;yes&#8221; hide_pagination_control=&#8221;yes&#8221; hide_prev_next_buttons=&#8221;yes&#8221; wrap=&#8221;yes&#8221; css_animation=&#8221;zoomIn&#8221; el_class=&#8221;slider&#8221;][vc_column_text]<\/p>\n<p style=\"text-align: center;\"><span style=\"text-decoration: underline;\"><a href=\"https:\/\/www.visitestonia.com\/de\"><strong><span style=\"color: #3c64a4; text-decoration: underline;\">WILLKOMMEN IN ESTLAND<\/span><\/strong><\/a><\/span><\/p>\n<p>[\/vc_column_text][vc_column_text]Estland feiert sein 100. Jubil\u00e4um ein Jahr vor dem Stattfinden unseres Forums. Obwohl es lediglich 100 Jahre der Unabh\u00e4ngigkeit sind, so haben wir, die Esten, hier bereits seit ca. 10.000 Jahren gelebt. Die Geschichte und Traditionen kann man f\u00f6rmlich sp\u00fcren, wenn man entlang der Stadtmauern der mittelalterlichen Altstadt Tallinns entlangschlendert oder wenn man durch das kleine Land reist. Um einen besseren \u00dcberblick dar\u00fcber zu gewinnen, was Sie sich am Liebsten anschauen w\u00fcrden, k\u00f6nnen Sie sich auf eine Virtualtour mithilfe der Videos \u00fcber <a href=\"https:\/\/toolbox.estonia.ee\/media\/366\"><span style=\"color: #3c64a4;\"><strong>Estland<\/strong><\/span><\/a> und <span style=\"color: #3c64a4;\"><strong>Tallinn<\/strong> <\/span>begeben oder besuchen die Webseiten <span style=\"color: #3c64a4;\"> <strong><a style=\"color: #3c64a4;\" href=\"https:\/\/www.visitestonia.com\/de\">Visit Estonia<\/a><\/strong><\/span>\u00a0 und <span style=\"color: #3c64a4;\"><a style=\"color: #3c64a4;\" href=\"https:\/\/www.visittallinn.ee\/ger\"><strong>Visit Tallinn<\/strong><\/a><\/span> f\u00fcr weitere Informationen.<\/p>\n<p>Unser Partner bietet verschiedene Touren an mit denen Sie das Land und auch unsere n\u00e4chsten Nachbarstaaten erkunden k\u00f6nnen. Lesen Sie mehr dazu auf unserer <a href=\"https:\/\/www.europaforum2019.ee\/de\/tours\/\">Tourseite<\/a>.<\/p>\n<p>Anmerkung: Um Sprachbarrieren beim Forum zu vermeiden, bieten wir Synchron\u00fcbersetzungen ins Deutsche, Italienische, Franz\u00f6sische, Schwedische, Finnische, Estnische und Englische f\u00fcr alle Veranstaltungen in der Alexela Konzerthalle an.[\/vc_column_text][\/vc_column_inner][vc_column_inner width=&#8221;1\/3&#8243;][vc_images_carousel images=&#8221;7398&#8243; img_size=&#8221;full&#8221; onclick=&#8221;custom_link&#8221; custom_links_target=&#8221;_blank&#8221; autoplay=&#8221;yes&#8221; hide_pagination_control=&#8221;yes&#8221; hide_prev_next_buttons=&#8221;yes&#8221; wrap=&#8221;yes&#8221; css_animation=&#8221;zoomIn&#8221; el_class=&#8221;slider&#8221; custom_links=&#8221;#E-8_aHR0cHMlM0ElMkYlMkZ3d3cubGlvbnNjbHVicy5vcmclMkZkZSUyRmRpc2NvdmVyLW91ci1jbHVicyUyRnByZXNpZGVudGlhbC10aGVtZQ==&#8221;][vc_column_text]<\/p>\n<p style=\"text-align: center;\"><span style=\"color: #3c64a4; text-decoration: underline;\"><a style=\"color: #3c64a4;\" href=\"https:\/\/www.europaforum2019.ee\/de\/program\/\"><strong><span style=\"text-decoration: underline;\">IDEENMARKT<\/span><\/strong><\/a><\/span><\/p>\n<p>[\/vc_column_text][vc_column_text]<em>&#8220;Jedes unserer 1,4 Millionen Mitglieder ist anders. Und diese vielen Unterschiede machen uns stark. Sie machen uns einzigartig. Sie machen uns zu Lions.&#8221;<\/em> Internationaler Pr\u00e4sident Dr. Jung-Yul Choi. <span style=\"text-decoration: underline;\"><span style=\"color: #3c64a4; text-decoration: underline;\"><a style=\"color: #3c64a4; text-decoration: underline;\" href=\"https:\/\/www.lionsclubs.org\/de\/discover-our-clubs\/presidential-theme\" target=\"_blank\" rel=\"noopener\">Lesen Sie hier mehr!<\/a><\/span><\/span><\/p>\n<p>\u201cKreative Ideen, offene Innovation\u201d, sagt unser Forumspatron von Estland, stellvertretende Generaldirektorin Fr. <span style=\"text-decoration: underline;\"><span style=\"color: #3c64a4; text-decoration: underline;\"><a style=\"color: #3c64a4; text-decoration: underline;\" href=\"https:\/\/www.europaforum2019.ee\/wp-content\/uploads\/2018\/10\/Signe-Ratso-GER.pdf\">Signe R<span style=\"color: #3c64a4; text-decoration: underline;\">ats<\/span>o<\/a><\/span><\/span> von der Europ\u00e4ischen Kommission. Sie werden eine Menge M\u00f6glichkeiten haben, Ideen zu gewinnen und diese vorzustellen \u2013 gemeinsam werden wir ein fantastisches Brainstorming haben. Wir werden ausserdem eine Toolbox f\u00fcr die European Lions Auffrischung erstellen. Die Hauptthemen der Workshops sind:<\/p>\n<p><strong>\u2022 Nachhaltige Kreislaufwirtschaft<\/strong><br \/>\n<strong>\u2022 Gesunde Jugend \u2013 Basis f\u00fcr eine europ\u00e4ische Gesellschaft<\/strong><br \/>\n<strong>\u2022 E-Lion \u2013 Cyber-L\u00f6sungen der Lions<br \/>\n<\/strong><\/p>\n<p>Um nicht nur zu reden w\u00e4hrend unseres Charity-Forums, sondern auch einen Schritt weiterzugehen, haben wir uns dazu entschieden zur Ausbildungsfinanzierung von zw\u00f6lf Diabetes Assistenzhunden f\u00fcr junge Leute mit Typ I Diabetes beizusteuern. Sie k\u00f6nnen Teil dieses Projektes werden indem Sie w\u00e4hrend der EF Registrierung spenden. Die Assistenzhunde werden von uns gemeinsam den jungen Leuten w\u00e4hrend der Abschlussfeier am Sonntag, dem 6. Oktober, \u00fcbergeben.<\/p>\n<p>W\u00e4hrend das <span style=\"color: #3c64a4;\"><strong><u><a style=\"color: #3c64a4;\" href=\"https:\/\/www.europaforum2019.ee\/de\/program\/\">program<\/a>m<\/u><\/strong><\/span>\u00a0 weiter entwickelt wird, gibt es gen\u00fcgend Gr\u00fcnde unsere Webseite von Zeit zu Zeit zu besuchen.[\/vc_column_text][\/vc_column_inner][vc_column_inner width=&#8221;1\/3&#8243;][vc_images_carousel images=&#8221;254,416,392,391,574&#8243; img_size=&#8221;full&#8221; onclick=&#8221;link_no&#8221; autoplay=&#8221;yes&#8221; hide_pagination_control=&#8221;yes&#8221; hide_prev_next_buttons=&#8221;yes&#8221; wrap=&#8221;yes&#8221; css_animation=&#8221;zoomIn&#8221; el_class=&#8221;slider&#8221;][vc_column_text]<\/p>\n<p style=\"text-align: center;\"><span style=\"text-decoration: underline;\"><a href=\"https:\/\/www.europaforum2019.ee\/de\/fun_program\"><strong><span style=\"color: #3c64a4; text-decoration: underline;\">FUN<\/span><\/strong><\/a><\/span><\/p>\n<p>[\/vc_column_text][vc_column_text]Wir starten unser FUN Programm am 3. Oktober mit der <strong>Charity Warm-up Party<\/strong> \u201eWache halten!\u201c im Kulturzentrum von Tallinn, um uns mental auf drei kreative und inspirierende Tage einzustimmen.<\/p>\n<p>Wir hoffen, dass wir am Freitag alle unsere Lion Freunde in Tallinn sehen werden, um das Forum mit einer <strong>Parade der Nationen<\/strong> von den offiziellen Hotels des Forums \u201eViru\u201c und \u201eForum\u201c bis zur Alexela Konzerthalle, wo das <strong>Get Together und die Host Nigh<\/strong>t stattfinden werden, tatkr\u00e4ftig zu unterst\u00fctzen.<br \/>\nSamstag, 5. Oktober:<br \/>\nDer Galaabend am Seeflughafen ist definitiv die angesagteste Veranstaltung, da dies der einzige Ort der Welt ist, wo man sein vorz\u00fcgliches Abendessen und eine aufregende Show mit seinen besten Lion Freunden direkt neben einem echten U-Boot geniessen kann.<\/p>\n<p>Am Sonntag werden wir das offizielle Programm des Forums in Tallinn langsam abschliessen. Das ist der perfekte Zeitpunkt, um an einer der Touren unserer Partner teilzunehmen. Seien Sie dabei!<\/p>\n<p>[\/vc_column_text][\/vc_column_inner][\/vc_row_inner][\/vc_column][\/vc_row][vc_row css=&#8221;.vc_custom_1528978919574{padding-bottom: 2em !important;background-color: #f5f3f2 !important;}&#8221;][vc_column][vc_row_inner type=&#8221;boxed&#8221;][vc_column_inner width=&#8221;1\/6&#8243;][vc_single_image image=&#8221;861&#8243; img_size=&#8221;full&#8221; alignment=&#8221;center&#8221;][\/vc_column_inner][vc_column_inner width=&#8221;2\/3&#8243;][vc_column_text]<span style=\"color: #3c64a4;\"><strong>LIEBE<span style=\"color: #3c64a4;\">\u00a0<\/span>FREUNDE<\/strong>!<\/span><\/p>\n<p>Im Namen der estnischen Lions und Leos, der Veranstalter des Lions Europa Forums 2019, w\u00fcrden wir Sie gerne zum <strong>Ideenmarkt in Tallinn, Estland<\/strong>, einladen!<\/p>\n<p>Finden Sie uns in den Sozialen Medien, besuchen Sie unsere Homepage oder kontaktieren Sie Estlands Lions und Leos direkt. Informieren Sie auch Ihre Freunde im Club und dar\u00fcber hinaus, um sicher zu gehen, dass Sie diese Veranstaltung nicht verpassen! Zusammen k\u00f6nnen wir ein Netzwerk unter LIONS aufbauen.<\/p>\n<p>Lassen Sie uns auf unsere Freundschaft anstossen! <span style=\"text-decoration: underline;\"><span style=\"color: #3c64a4; font-size: 10pt; text-decoration: underline;\"><a style=\"color: #3c64a4; text-decoration: underline;\" href=\"https:\/\/www.europaforum2019.ee\/de\/pid-appeal\/\">Lesen Sie hier mehr<\/a><\/span><\/span>!\u00a0[\/vc_column_text][\/vc_column_inner][vc_column_inner width=&#8221;1\/6&#8243;][vc_single_image image=&#8221;6933&#8243; img_size=&#8221;full&#8221;][\/vc_column_inner][\/vc_row_inner][\/vc_column][\/vc_row][vc_row css=&#8221;.vc_custom_1528724670702{background-color: #f5f3f2 !important;}&#8221;][vc_column][vc_row_inner type=&#8221;boxed&#8221;][vc_column_inner][vc_column_text]<strong><span style=\"color: #3c64a4;\">SPONSOREN<\/span><\/strong>[\/vc_column_text][\/vc_column_inner][\/vc_row_inner][vc_row_inner type=&#8221;boxed&#8221;][vc_column_inner width=&#8221;1\/4&#8243;][vc_single_image image=&#8221;77&#8243; img_size=&#8221;full&#8221; alignment=&#8221;center&#8221;][\/vc_column_inner][vc_column_inner width=&#8221;1\/4&#8243;][vc_single_image image=&#8221;4972&#8243; img_size=&#8221;full&#8221; alignment=&#8221;center&#8221;][\/vc_column_inner][vc_column_inner width=&#8221;1\/4&#8243;][vc_single_image image=&#8221;4989&#8243; img_size=&#8221;full&#8221; alignment=&#8221;center&#8221;][\/vc_column_inner][vc_column_inner width=&#8221;1\/4&#8243;][vc_single_image image=&#8221;8157&#8243;][\/vc_column_inner][\/vc_row_inner][\/vc_column][\/vc_row]<\/p>\n","protected":false},"excerpt":{"rendered":"<p>[vc_row css=&#8221;.vc_custom_1534252423179{background-image: url(https:\/\/www.europaforum2019.ee\/wp-content\/uploads\/2018\/08\/Vanalinn.jpg?id=445) !important;background-position: center !important;background-repeat: no-repeat !important;background-size: cover !important;}&#8221;][vc_column][vc_single_image image=&#8221;8491&#8243; img_size=&#8221;full&#8221; alignment=&#8221;right&#8221; onclick=&#8221;custom_link&#8221; el_class=&#8221;header-pilt&#8221; link=&#8221;https:\/\/www.europaforum2019.ee\/de\/program\/&#8221;][\/vc_column][\/vc_row][vc_row css=&#8221;.vc_custom_1528978886787{padding-bottom: 2em !important;}&#8221;][vc_column width=&#8221;1\/2&#8243;][vc_video link=&#8221;https:\/\/www.youtube.com\/watch?v=YrFj24Y7VgU&#8221; align=&#8221;right&#8221;][\/vc_column][vc_column width=&#8221;1\/2&#8243;][vc_video link=&#8221;https:\/\/www.youtube.com\/watch?v=FgEEH02B8kg&#8221;][\/vc_column][\/vc_row][vc_row css=&#8221;.vc_custom_1528978886787{padding-bottom: 2em !important;}&#8221;][vc_column][vc_row_inner type=&#8221;boxed&#8221;][vc_column_inner width=&#8221;1\/3&#8243;][vc_images_carousel images=&#8221;403,389,397,250,108&#8243; img_size=&#8221;full&#8221; onclick=&#8221;link_no&#8221; autoplay=&#8221;yes&#8221; hide_pagination_control=&#8221;yes&#8221; hide_prev_next_buttons=&#8221;yes&#8221; wrap=&#8221;yes&#8221; css_animation=&#8221;zoomIn&#8221; el_class=&#8221;slider&#8221;][vc_column_text] WILLKOMMEN IN ESTLAND [\/vc_column_text][vc_column_text]Estland feiert sein 100. Jubil\u00e4um ein Jahr vor dem Stattfinden unseres Forums. Obwohl es [&hellip;]<\/p>\n","protected":false},"author":1,"featured_media":0,"parent":0,"menu_order":0,"comment_status":"closed","ping_status":"closed","template":"page-full-width.php","meta":[],"categories":[36],"tags":[],"_links":{"self":[{"href":"https:\/\/www.europaforum2019.ee\/de\/wp-json\/wp\/v2\/pages\/1696"}],"collection":[{"href":"https:\/\/www.europaforum2019.ee\/de\/wp-json\/wp\/v2\/pages"}],"about":[{"href":"https:\/\/www.europaforum2019.ee\/de\/wp-json\/wp\/v2\/types\/page"}],"author":[{"embeddable":true,"href":"https:\/\/www.europaforum2019.ee\/de\/wp-json\/wp\/v2\/users\/1"}],"replies":[{"embeddable":true,"href":"https:\/\/www.europaforum2019.ee\/de\/wp-json\/wp\/v2\/comments?post=1696"}],"version-history":[{"count":45,"href":"https:\/\/www.europaforum2019.ee\/de\/wp-json\/wp\/v2\/pages\/1696\/revisions"}],"predecessor-version":[{"id":8519,"href":"https:\/\/www.europaforum2019.ee\/de\/wp-json\/wp\/v2\/pages\/1696\/revisions\/8519"}],"wp:attachment":[{"href":"https:\/\/www.europaforum2019.ee\/de\/wp-json\/wp\/v2\/media?parent=1696"}],"wp:term":[{"taxonomy":"category","embeddable":true,"href":"https:\/\/www.europaforum2019.ee\/de\/wp-json\/wp\/v2\/categories?post=1696"},{"taxonomy":"post_tag","embeddable":true,"href":"https:\/\/www.europaforum2019.ee\/de\/wp-json\/wp\/v2\/tags?post=1696"}],"curies":[{"name":"wp","href":"https:\/\/api.w.org\/{rel}","templated":true}]}}